{"id":1552,"date":"2026-01-05T06:33:03","date_gmt":"2026-01-05T06:33:03","guid":{"rendered":"https:\/\/lyfilter.com\/?post_type=product&#038;p=1552"},"modified":"2026-01-05T06:33:03","modified_gmt":"2026-01-05T06:33:03","slug":"pp-spun-filter-cartridge-5-micron-polypropylene-filter-cartridge-10-inch-wholesale","status":"publish","type":"product","link":"https:\/\/lyfilter.com\/fr\/pp-spun-filter-cartridge-5-micron-polypropylene-filter-cartridge-10-inch-wholesale\/","title":{"rendered":"Cartouche filtrante PP 5 microns Cartouche filtrante en polypropyl\u00e8ne 10 pouces Vente en gros"},"content":{"rendered":"<div class=\"do-title\">Vue d'ensemble<\/div>\n<div id=\"car-parts-model\"><\/div>\n<div class=\"do-content\">\n<div class=\"do-overview\">\n<div class=\"do-entry do-entry-separate\">\n<div class=\"do-entry-title\">D\u00e9tails rapides<\/div>\n<div class=\"do-entry-list\">\n<dl id=\"1\" class=\"do-entry-item\">\n<dt class=\"do-entry-item\"><span class=\"attr-name J-attr-name\" title=\"Lieu d&#039;origine\">Lieu d'origine :<\/span><\/dt>\n<dd class=\"do-entry-item-val\">\n<div class=\"ellipsis\" title=\"Guangdong, Chine\">Guangdong, Chine<\/div>\n<\/dd>\n<\/dl>\n<dl id=\"2\" class=\"do-entry-item\">\n<dt class=\"do-entry-item\"><span class=\"attr-name J-attr-name\" title=\"Nom de la marque\">Nom de marque :<\/span><\/dt>\n<dd class=\"do-entry-item-val\">\n<div class=\"ellipsis\" title=\"Lvyuan \/ OEM\">Lvyuan \/ OEM<\/div>\n<\/dd>\n<\/dl>\n<dl id=\"3\" class=\"do-entry-item\">\n<dt class=\"do-entry-item\"><span class=\"attr-name J-attr-name\" title=\"Num\u00e9ro de mod\u00e8le\">Num\u00e9ro de mod\u00e8le :<\/span><\/dt>\n<dd class=\"do-entry-item-val\">\n<div class=\"ellipsis\" title=\"S\u00e9rie LY-PPF\">S\u00e9rie LY-PPF<\/div>\n<\/dd>\n<\/dl>\n<dl id=\"\" class=\"do-entry-item\">\n<dt class=\"do-entry-item\"><span class=\"attr-name J-attr-name\" title=\"Nom du produit\">Nom du produit :<\/span><\/dt>\n<dd class=\"do-entry-item-val\">\n<div class=\"ellipsis\" title=\"cartouche filtrante en pp\">cartouche filtrante en pp<\/div>\n<\/dd>\n<\/dl>\n<dl id=\"\" class=\"do-entry-item\">\n<dt class=\"do-entry-item\"><span class=\"attr-name J-attr-name\" title=\"Taux de micron\">Taux de micron :<\/span><\/dt>\n<dd class=\"do-entry-item-val\">\n<div class=\"ellipsis\" title=\"Cartouche de filtres de 1, 3, 5, 10 microns\">Cartouche de filtres de 1, 3, 5, 10 microns<\/div>\n<\/dd>\n<\/dl>\n<dl id=\"\" class=\"do-entry-item\">\n<dt class=\"do-entry-item\"><span class=\"attr-name J-attr-name\" title=\"Certification\">Certification :<\/span><\/dt>\n<dd class=\"do-entry-item-val\">\n<div class=\"ellipsis\" title=\"CE SGS\">CE SGS<\/div>\n<\/dd>\n<\/dl>\n<dl id=\"\" class=\"do-entry-item\">\n<dt class=\"do-entry-item\"><span class=\"attr-name J-attr-name\" title=\"application\">l'application :<\/span><\/dt>\n<dd class=\"do-entry-item-val\">\n<div class=\"ellipsis\" title=\"pi\u00e8ces pour filtres \u00e0 eau, osmose inverse\">pi\u00e8ces pour filtres \u00e0 eau, osmose inverse<\/div>\n<\/dd>\n<\/dl>\n<dl id=\"\" class=\"do-entry-item\">\n<dt class=\"do-entry-item\"><span class=\"attr-name J-attr-name\" title=\"Longueur\">Longueur :<\/span><\/dt>\n<dd class=\"do-entry-item-val\">\n<div class=\"ellipsis\" title=\"10 pouces\">10 pouces<\/div>\n<\/dd>\n<\/dl>\n<dl id=\"\" class=\"do-entry-item\">\n<dt class=\"do-entry-item\"><span class=\"attr-name J-attr-name\" title=\"M\u00e9dia filtrant\">M\u00e9dia filtrant :<\/span><\/dt>\n<dd class=\"do-entry-item-val\">\n<div class=\"ellipsis\" title=\"Membrane en polypropyl\u00e8ne PP\">Membrane en polypropyl\u00e8ne PP<\/div>\n<\/dd>\n<\/dl>\n<dl id=\"\" class=\"do-entry-item\">\n<dt class=\"do-entry-item\"><span class=\"attr-name J-attr-name\" title=\"Capuchon d&#039;extr\u00e9mit\u00e9\">Capuchon d'extr\u00e9mit\u00e9 :<\/span><\/dt>\n<dd class=\"do-entry-item-val\">\n<div class=\"ellipsis\" title=\"DOE\">DOE<\/div>\n<\/dd>\n<\/dl>\n<dl id=\"\" class=\"do-entry-item\">\n<dt class=\"do-entry-item\"><span class=\"attr-name J-attr-name\" title=\"Utilisation\">Utilisation :<\/span><\/dt>\n<dd class=\"do-entry-item-val\">\n<div class=\"ellipsis\" title=\"Filtre \u00e0 cartouche pour liquides\">Filtre \u00e0 cartouche pour liquides<\/div>\n<\/dd>\n<\/dl>\n<dl id=\"\" class=\"do-entry-item\">\n<dt class=\"do-entry-item\"><span class=\"attr-name J-attr-name\" title=\"Noyau interne\">Noyau interne :<\/span><\/dt>\n<dd class=\"do-entry-item-val\">\n<div class=\"ellipsis\" title=\"Aucun\">Aucun<\/div>\n<\/dd>\n<\/dl>\n<dl id=\"\" class=\"do-entry-item\">\n<dt class=\"do-entry-item\"><span class=\"attr-name J-attr-name\" title=\"Style\">Style :<\/span><\/dt>\n<dd class=\"do-entry-item-val\">\n<div class=\"ellipsis\" title=\"Plat\">Plat<\/div>\n<\/dd>\n<\/dl>\n<\/div>\n<\/div>\n<div class=\"do-entry do-entry-full\">\n<h3 class=\"do-entry-title\">Emballage et livraison<\/h3>\n<div class=\"do-entry-list\">\n<dl class=\"do-entry-item\">\n<dt class=\"do-entry-item-key\">Unit\u00e9s de vente :<\/dt>\n<dd class=\"do-entry-item-val\">Article unique<\/dd>\n<\/dl>\n<dl class=\"do-entry-item\">\n<dt class=\"do-entry-item-key\" title=\"Volume unique :\">Volume unique :<\/dt>\n<dd class=\"do-entry-item-val\">1155 cm\u00a0<sup>3<\/sup><\/dd>\n<\/dl>\n<dl class=\"do-entry-item\">\n<dt class=\"do-entry-item-key\" title=\"Poids brut unique :\">Poids brut unique :<\/dt>\n<dd class=\"do-entry-item-val\">120 000 kg<\/dd>\n<\/dl>\n<dl class=\"do-entry-item\">\n<dt class=\"do-entry-item-key\">Type d'emballage :<\/dt>\n<dd class=\"do-entry-item-val pkg-method\">Carton dur. Sac en poly\u00e9thyl\u00e8ne pour chaque pi\u00e8ce.<\/dd>\n<\/dl>\n<dl class=\"do-entry-item product-package-image\">\n<dt class=\"do-entry-item-key\" title=\"Exemple d&#039;image : \">Exemple d'image :<\/dt>\n<dd class=\"do-entry-item-val\">\n<div class=\"package-img-container\"><img decoding=\"async\" class=\"package-img-entry\" src=\"https:\/\/img.yfisher.com\/m6076\/1725728883sly\/jpg70-t3-scale100.webp\" alt=\"paquet-img\" data-lazy=\"2\" title=\"\"><\/div>\n<\/dd>\n<\/dl>\n<dl class=\"do-entry-item\">\n<dt class=\"do-entry-item-key\" title=\"D\u00e9lai d&#039;ex\u00e9cution\">D\u00e9lai d'ex\u00e9cution\u00a0<i class=\"next-icon next-icon-help next-icon-xs js-leadtimes-tips\"><\/i>:<\/dt>\n<dd class=\"do-entry-item-val\" title=\"D\u00e9lai d&#039;ex\u00e9cution\">\n<div class=\"table-responsive\">\n<table class=\"supply-ability-table ui2-table ui2-table-normal ui2-table-zebra ui2-table-hover\">\n<tbody>\n<tr>\n<td>Quantit\u00e9 (pi\u00e8ces)<\/td>\n<td>1 - 50000<\/td>\n<td>&gt;50000<\/td>\n<\/tr>\n<tr>\n<td>Est. Temps (jours)<\/td>\n<td>15<\/td>\n<td>A n\u00e9gocier<\/td>\n<\/tr>\n<\/tbody>\n<\/table>\n<\/div>\n<\/dd>\n<\/dl>\n<\/div>\n<\/div>\n<\/div>\n<\/div>","protected":false},"excerpt":{"rendered":"<p>Cette cartouche filtrante en pp vous aide \u00e0 pi\u00e9ger les particules fines avant qu'elles n'atteignent votre syst\u00e8me d'osmose inverse ou d'autres pi\u00e8ces du filtre \u00e0 eau. Choisissez un indice de 1, 3, 5 ou 10 microns pour obtenir la clart\u00e9 dont vous avez besoin.<\/p>","protected":false},"featured_media":1553,"comment_status":"open","ping_status":"closed","template":"","meta":{"_gspb_post_css":""},"product_brand":[],"product_cat":[23,17],"product_tag":[730,681,729,675,649,731],"class_list":{"0":"post-1552","1":"product","2":"type-product","3":"status-publish","4":"has-post-thumbnail","6":"product_cat-pp-filter-cartridge","7":"product_cat-sediment-filter","8":"product_tag-10-inch-filter-cartridge","9":"product_tag-liquid-cartridge-filter","10":"product_tag-polypropylene-filter-cartridge","11":"product_tag-pp-spun-filter-cartridge","12":"product_tag-reverse-osmosis-prefilter","13":"product_tag-water-filter-parts","15":"first","16":"instock","17":"shipping-taxable","18":"product-type-simple"},"_links":{"self":[{"href":"https:\/\/lyfilter.com\/fr\/wp-json\/wp\/v2\/product\/1552","targetHints":{"allow":["GET"]}}],"collection":[{"href":"https:\/\/lyfilter.com\/fr\/wp-json\/wp\/v2\/product"}],"about":[{"href":"https:\/\/lyfilter.com\/fr\/wp-json\/wp\/v2\/types\/product"}],"replies":[{"embeddable":true,"href":"https:\/\/lyfilter.com\/fr\/wp-json\/wp\/v2\/comments?post=1552"}],"wp:featuredmedia":[{"embeddable":true,"href":"https:\/\/lyfilter.com\/fr\/wp-json\/wp\/v2\/media\/1553"}],"wp:attachment":[{"href":"https:\/\/lyfilter.com\/fr\/wp-json\/wp\/v2\/media?parent=1552"}],"wp:term":[{"taxonomy":"product_brand","embeddable":true,"href":"https:\/\/lyfilter.com\/fr\/wp-json\/wp\/v2\/product_brand?post=1552"},{"taxonomy":"product_cat","embeddable":true,"href":"https:\/\/lyfilter.com\/fr\/wp-json\/wp\/v2\/product_cat?post=1552"},{"taxonomy":"product_tag","embeddable":true,"href":"https:\/\/lyfilter.com\/fr\/wp-json\/wp\/v2\/product_tag?post=1552"}],"curies":[{"name":"wp","href":"https:\/\/api.w.org\/{rel}","templated":true}]}}