{"id":1551,"date":"2026-01-05T06:51:53","date_gmt":"2026-01-05T06:51:53","guid":{"rendered":"https:\/\/lyfilter.com\/?post_type=product&#038;p=1551"},"modified":"2026-01-05T06:51:53","modified_gmt":"2026-01-05T06:51:53","slug":"household-ro-water-10-inch-granular-udf-activated-carbon-filter-cartridge-gac-for-pre-filtration","status":"publish","type":"product","link":"https:\/\/lyfilter.com\/fr\/household-ro-water-10-inch-granular-udf-activated-carbon-filter-cartridge-gac-for-pre-filtration\/","title":{"rendered":"Cartouche de charbon actif granulaire UDF de 10 pouces pour la pr\u00e9-filtration de l'eau RO domestique"},"content":{"rendered":"<table>\n<thead>\n<tr>\n<th>Objet<\/th>\n<th>D\u00e9tails<\/th>\n<\/tr>\n<\/thead>\n<tbody>\n<tr>\n<td>classification<\/td>\n<td>Agent auxiliaire chimique<\/td>\n<\/tr>\n<tr>\n<td>cas non.<\/td>\n<td>d\u00e9pend<\/td>\n<\/tr>\n<tr>\n<td>autres noms<\/td>\n<td>d\u00e9pend<\/td>\n<\/tr>\n<tr>\n<td>mf<\/td>\n<td>d\u00e9pend<\/td>\n<\/tr>\n<tr>\n<td>einecs no.<\/td>\n<td>d\u00e9pend<\/td>\n<\/tr>\n<tr>\n<td>puret\u00e9<\/td>\n<td>d\u00e9pend<\/td>\n<\/tr>\n<tr>\n<td>lieu d'origine<\/td>\n<td>Guangdong, Chine<\/td>\n<\/tr>\n<tr>\n<td>type<\/td>\n<td>Noir de carbone<\/td>\n<\/tr>\n<tr>\n<td>utilisation<\/td>\n<td>Agents auxiliaires de rev\u00eatement ; Produits chimiques \u00e9lectroniques ; Agents auxiliaires du cuir ; Produits chimiques du papier ; Additifs p\u00e9troliers ; Agents auxiliaires du plastique ; Agents auxiliaires du caoutchouc ; Tensioactifs ; Agents auxiliaires du textile ; Produits chimiques pour le traitement de l'eau ; Filtre \u00e0 cartouche liquide<\/td>\n<\/tr>\n<tr>\n<td>nom de marque<\/td>\n<td>Lvyuan \/ OEM<\/td>\n<\/tr>\n<tr>\n<td>num\u00e9ro de mod\u00e8le<\/td>\n<td>S\u00e9rie LY-PPF<\/td>\n<\/tr>\n<tr>\n<td>nom du produit<\/td>\n<td>cartouche filtrante ro<\/td>\n<\/tr>\n<tr>\n<td>taux de micron<\/td>\n<td>Cartouche de filtres de 1, 3, 5, 10 microns<\/td>\n<\/tr>\n<tr>\n<td>certification<\/td>\n<td>CE, SGS<\/td>\n<\/tr>\n<tr>\n<td>application<\/td>\n<td>pi\u00e8ces pour filtres \u00e0 eau, osmose inverse<\/td>\n<\/tr>\n<tr>\n<td>longueur<\/td>\n<td>5\u2033, 10\u2033, 20\u2033, 30\u2033, 40\u2033, 50\u2033 pouces<\/td>\n<\/tr>\n<tr>\n<td>m\u00e9dia filtrant<\/td>\n<td>Membrane en polypropyl\u00e8ne (PP)<\/td>\n<\/tr>\n<tr>\n<td>capuchon d'extr\u00e9mit\u00e9<\/td>\n<td>DOE ; 222+Fin ; 222+Flat ; 226+Fin ; 226+Flat<\/td>\n<\/tr>\n<tr>\n<td>mat\u00e9riau du joint\/de l'anneau<\/td>\n<td>Silicone \/ EPDM \/ Viton<\/td>\n<\/tr>\n<tr>\n<td>capacit\u00e9 d'approvisionnement<\/td>\n<td>5000 Pi\u00e8ces\/Pi\u00e8ces par Jour (filtre \u00e0 charbon actif udf)<\/td>\n<\/tr>\n<\/tbody>\n<\/table>","protected":false},"excerpt":{"rendered":"<p>Cette cartouche filtrante RO vous aide \u00e0 r\u00e9duire les particules fines pour une eau plus claire et plus fiable. Choisissez le taux de micron, la taille, l'embout et le joint qui conviennent \u00e0 votre bo\u00eetier.<\/p>","protected":false},"featured_media":1561,"comment_status":"open","ping_status":"closed","template":"","meta":{"_gspb_post_css":""},"product_brand":[],"product_cat":[23,17],"product_tag":[644,734,660,733,732,731],"class_list":{"0":"post-1551","1":"product","2":"type-product","3":"status-publish","4":"has-post-thumbnail","6":"product_cat-pp-filter-cartridge","7":"product_cat-sediment-filter","8":"product_tag-1-micron-filter-cartridge","9":"product_tag-doe-end-cap","10":"product_tag-pp-membrane-filter","11":"product_tag-reverse-osmosis-cartridge","12":"product_tag-ro-filter-cartridge","13":"product_tag-water-filter-parts","15":"first","16":"instock","17":"shipping-taxable","18":"product-type-simple"},"_links":{"self":[{"href":"https:\/\/lyfilter.com\/fr\/wp-json\/wp\/v2\/product\/1551","targetHints":{"allow":["GET"]}}],"collection":[{"href":"https:\/\/lyfilter.com\/fr\/wp-json\/wp\/v2\/product"}],"about":[{"href":"https:\/\/lyfilter.com\/fr\/wp-json\/wp\/v2\/types\/product"}],"replies":[{"embeddable":true,"href":"https:\/\/lyfilter.com\/fr\/wp-json\/wp\/v2\/comments?post=1551"}],"wp:featuredmedia":[{"embeddable":true,"href":"https:\/\/lyfilter.com\/fr\/wp-json\/wp\/v2\/media\/1561"}],"wp:attachment":[{"href":"https:\/\/lyfilter.com\/fr\/wp-json\/wp\/v2\/media?parent=1551"}],"wp:term":[{"taxonomy":"product_brand","embeddable":true,"href":"https:\/\/lyfilter.com\/fr\/wp-json\/wp\/v2\/product_brand?post=1551"},{"taxonomy":"product_cat","embeddable":true,"href":"https:\/\/lyfilter.com\/fr\/wp-json\/wp\/v2\/product_cat?post=1551"},{"taxonomy":"product_tag","embeddable":true,"href":"https:\/\/lyfilter.com\/fr\/wp-json\/wp\/v2\/product_tag?post=1551"}],"curies":[{"name":"wp","href":"https:\/\/api.w.org\/{rel}","templated":true}]}}