{"id":1532,"date":"2026-01-04T10:51:46","date_gmt":"2026-01-04T10:51:46","guid":{"rendered":"https:\/\/lyfilter.com\/?post_type=product&#038;p=1532"},"modified":"2026-01-04T10:51:47","modified_gmt":"2026-01-04T10:51:47","slug":"jumbo-pp-udf-cto-carbon-10-big-blue-cartridge-with-water-filter-housing","status":"publish","type":"product","link":"https:\/\/lyfilter.com\/fr\/jumbo-pp-udf-cto-carbon-10-big-blue-cartridge-with-water-filter-housing\/","title":{"rendered":"Jumbo PP UDF CTO carbon 10\u2033 big blue cartridge with water filter housing"},"content":{"rendered":"<table>\n<thead>\n<tr>\n<th>Section<\/th>\n<th>Objet<\/th>\n<th>D\u00e9tails<\/th>\n<\/tr>\n<\/thead>\n<tbody>\n<tr>\n<td>Vue d'ensemble<\/td>\n<td>Nom du produit<\/td>\n<td>10 grande cartouche bleue<\/td>\n<\/tr>\n<tr>\n<td>D\u00e9tails rapides<\/td>\n<td>Lieu d'origine<\/td>\n<td>Guangdong, Chine<\/td>\n<\/tr>\n<tr>\n<td>D\u00e9tails rapides<\/td>\n<td>Nom de la marque<\/td>\n<td>Lvyuan \/ OEM<\/td>\n<\/tr>\n<tr>\n<td>D\u00e9tails rapides<\/td>\n<td>Num\u00e9ro de mod\u00e8le<\/td>\n<td>S\u00e9rie LY-PPF<\/td>\n<\/tr>\n<tr>\n<td>D\u00e9tails rapides<\/td>\n<td>Taux de micron<\/td>\n<td>Cartouche de filtres de 1, 3, 5, 10, 20 microns<\/td>\n<\/tr>\n<tr>\n<td>D\u00e9tails rapides<\/td>\n<td>Certification<\/td>\n<td>CE, SGS<\/td>\n<\/tr>\n<tr>\n<td>D\u00e9tails rapides<\/td>\n<td>Application<\/td>\n<td>Pi\u00e8ces pour filtres \u00e0 eau, osmose inverse<\/td>\n<\/tr>\n<tr>\n<td>D\u00e9tails rapides<\/td>\n<td>Longueur<\/td>\n<td>5\u2033, 10\u2033, 20\u2033, 30\u2033, 40\u2033, 50\u2033 pouces<\/td>\n<\/tr>\n<tr>\n<td>D\u00e9tails rapides<\/td>\n<td>M\u00e9dia filtrant<\/td>\n<td>Membrane en polypropyl\u00e8ne (PP)<\/td>\n<\/tr>\n<tr>\n<td>D\u00e9tails rapides<\/td>\n<td>Capuchon d'extr\u00e9mit\u00e9<\/td>\n<td>DOE, 222+Fin, 222+Flat, 226+Fin, 226+Flat<\/td>\n<\/tr>\n<tr>\n<td>D\u00e9tails rapides<\/td>\n<td>Mat\u00e9riau du joint\/de l'anneau<\/td>\n<td>Silicone \/ EPDM \/ Viton<\/td>\n<\/tr>\n<tr>\n<td>D\u00e9tails rapides<\/td>\n<td>Utilisation<\/td>\n<td>Filtre \u00e0 cartouche pour liquides<\/td>\n<\/tr>\n<tr>\n<td>D\u00e9tails rapides<\/td>\n<td>Noyau interne<\/td>\n<td>PP ou Aucun<\/td>\n<\/tr>\n<tr>\n<td>Capacit\u00e9 d'approvisionnement<\/td>\n<td>Capacit\u00e9 journali\u00e8re<\/td>\n<td>5000 Pi\u00e8ces\/Pi\u00e8ces par Jour (10 grandes cartouches bleues)<\/td>\n<\/tr>\n<\/tbody>\n<\/table>","protected":false},"excerpt":{"rendered":"<p>Filtres \u00e0 cartouche Big Blue PP fiables qui contribuent \u00e0 maintenir un fonctionnement propre et constant de votre syst\u00e8me d'eau, avec plusieurs indices de micron, tailles et options de bouchons d'extr\u00e9mit\u00e9.<\/p>","protected":false},"featured_media":1534,"comment_status":"open","ping_status":"closed","template":"","meta":{"_gspb_post_css":""},"product_brand":[],"product_cat":[17,23],"product_tag":[721,720,681,722,648,353],"class_list":{"0":"post-1532","1":"product","2":"type-product","3":"status-publish","4":"has-post-thumbnail","6":"product_cat-sediment-filter","7":"product_cat-pp-filter-cartridge","8":"product_tag-1-20-micron-filtration","9":"product_tag-big-blue-cartridge","10":"product_tag-liquid-cartridge-filter","11":"product_tag-oem-water-filter","12":"product_tag-pp-filter-cartridge","13":"product_tag-reverse-osmosis-parts","15":"first","16":"instock","17":"shipping-taxable","18":"product-type-simple"},"_links":{"self":[{"href":"https:\/\/lyfilter.com\/fr\/wp-json\/wp\/v2\/product\/1532","targetHints":{"allow":["GET"]}}],"collection":[{"href":"https:\/\/lyfilter.com\/fr\/wp-json\/wp\/v2\/product"}],"about":[{"href":"https:\/\/lyfilter.com\/fr\/wp-json\/wp\/v2\/types\/product"}],"replies":[{"embeddable":true,"href":"https:\/\/lyfilter.com\/fr\/wp-json\/wp\/v2\/comments?post=1532"}],"wp:featuredmedia":[{"embeddable":true,"href":"https:\/\/lyfilter.com\/fr\/wp-json\/wp\/v2\/media\/1534"}],"wp:attachment":[{"href":"https:\/\/lyfilter.com\/fr\/wp-json\/wp\/v2\/media?parent=1532"}],"wp:term":[{"taxonomy":"product_brand","embeddable":true,"href":"https:\/\/lyfilter.com\/fr\/wp-json\/wp\/v2\/product_brand?post=1532"},{"taxonomy":"product_cat","embeddable":true,"href":"https:\/\/lyfilter.com\/fr\/wp-json\/wp\/v2\/product_cat?post=1532"},{"taxonomy":"product_tag","embeddable":true,"href":"https:\/\/lyfilter.com\/fr\/wp-json\/wp\/v2\/product_tag?post=1532"}],"curies":[{"name":"wp","href":"https:\/\/api.w.org\/{rel}","templated":true}]}}