{"id":1470,"date":"2026-01-04T09:43:17","date_gmt":"2026-01-04T09:43:17","guid":{"rendered":"https:\/\/lyfilter.com\/?post_type=product&#038;p=1470"},"modified":"2026-01-04T09:43:17","modified_gmt":"2026-01-04T09:43:17","slug":"double-layers-spun-filter-polypropylene-10-50-micron-pp-sediment-filter-cartridge-for-pre-ro-water-filter-replacement","status":"publish","type":"product","link":"https:\/\/lyfilter.com\/fr\/double-layers-spun-filter-polypropylene-10-50-micron-pp-sediment-filter-cartridge-for-pre-ro-water-filter-replacement\/","title":{"rendered":"Cartouche de filtre \u00e0 s\u00e9diments en polypropyl\u00e8ne fil\u00e9 \u00e0 double couche 10 &amp; 50 microns PP pour le remplacement du filtre \u00e0 eau pr\u00e9 RO"},"content":{"rendered":"<table>\n<thead>\n<tr>\n<th>vue d'ensemble<\/th>\n<th>Cartouche de filtre \u00e0 s\u00e9diments double couche en PP fil\u00e9 pour le remplacement des filtres \u00e0 eau pr\u00e9-RO.<\/th>\n<\/tr>\n<\/thead>\n<tbody>\n<tr>\n<td>secteurs d'activit\u00e9 concern\u00e9s<\/td>\n<td>Usine de fabrication ; Ateliers de r\u00e9paration de machines ; Usine de produits alimentaires et de boissons ; Fermes ; Restaurant ; Travaux de construction ; \u00c9nergie et mines ; Magasins de produits alimentaires et de boissons<\/td>\n<\/tr>\n<tr>\n<td>lieu d'origine<\/td>\n<td>Guangdong, Chine<\/td>\n<\/tr>\n<tr>\n<td>nom de marque<\/td>\n<td>LVYUAN \/ OEM<\/td>\n<\/tr>\n<tr>\n<td>mat\u00e9riel<\/td>\n<td>Polypropyl\u00e8ne<\/td>\n<\/tr>\n<tr>\n<td>nom du produit<\/td>\n<td>Filtre \u00e0 s\u00e9diments en polypropyl\u00e8ne fil\u00e9 10 &amp; 50 microns PP<\/td>\n<\/tr>\n<tr>\n<td>type de filtre<\/td>\n<td>Rainure ; Gaufrage ; Points ; Logo de l'entreprise<\/td>\n<\/tr>\n<tr>\n<td>pr\u00e9cision<\/td>\n<td>1-100 micron<\/td>\n<\/tr>\n<tr>\n<td>diam\u00e8tre ext\u00e9rieur<\/td>\n<td>10-200 mm<\/td>\n<\/tr>\n<tr>\n<td>diam\u00e8tre int\u00e9rieur<\/td>\n<td>OEM<\/td>\n<\/tr>\n<tr>\n<td>adaptateur de filtre<\/td>\n<td>Type plat ; Type 222 ; Type 226 ; Type 215<\/td>\n<\/tr>\n<tr>\n<td>taille<\/td>\n<td>OEM<\/td>\n<\/tr>\n<tr>\n<td>poids<\/td>\n<td>OEM<\/td>\n<\/tr>\n<tr>\n<td>pouvoir<\/td>\n<td>0<\/td>\n<\/tr>\n<tr>\n<td>garantie<\/td>\n<td>Indisponible<\/td>\n<\/tr>\n<tr>\n<td>temp\u00e9rature la plus \u00e9lev\u00e9e<\/td>\n<td>80\u2103<\/td>\n<\/tr>\n<tr>\n<td>perte de charge<\/td>\n<td>0,1 kgf\/c\u33a1<\/td>\n<\/tr>\n<tr>\n<td>le plus \u00e9lev\u00e9, confin\u00e9<\/td>\n<td>5 kgf\/c\u33a1<\/td>\n<\/tr>\n<tr>\n<td>perte de charge maximale<\/td>\n<td>3 kgf\/c\u33a1<\/td>\n<\/tr>\n<tr>\n<td>le service apr\u00e8s-vente est assur\u00e9<\/td>\n<td>Soutien en ligne<\/td>\n<\/tr>\n<tr>\n<td>unit\u00e9s de vente<\/td>\n<td>Article unique<\/td>\n<\/tr>\n<tr>\n<td>taille de l'emballage unique<\/td>\n<td>53 \u00d7 33 \u00d7 33 cm<\/td>\n<\/tr>\n<tr>\n<td>poids brut unique<\/td>\n<td>9.000 kg<\/td>\n<\/tr>\n<tr>\n<td>type de paquet<\/td>\n<td>Emball\u00e9 dans un carton en papier (cartouche filtrante \u00e0 double couche).<\/td>\n<\/tr>\n<\/tbody>\n<\/table>","protected":false},"excerpt":{"rendered":"<p>Une cartouche de s\u00e9diments fil\u00e9s en PP \u00e0 double couche qui aide \u00e0 prot\u00e9ger votre syst\u00e8me pr\u00e9-RO en retenant le sable et les particules fines. Choisissez le taux de micron et l'adaptateur qui conviennent \u00e0 votre bo\u00eetier.<\/p>","protected":false},"featured_media":1478,"comment_status":"open","ping_status":"closed","template":"","meta":{"_gspb_post_css":""},"product_brand":[],"product_cat":[17,23],"product_tag":[712,697,713,346,710,711],"class_list":{"0":"post-1470","1":"product","2":"type-product","3":"status-publish","4":"has-post-thumbnail","6":"product_cat-sediment-filter","7":"product_cat-pp-filter-cartridge","8":"product_tag-10-micron-pp-filter","9":"product_tag-222-226-filter-adaptor","10":"product_tag-50-micron-pp-filter","11":"product_tag-oem-size-filter","12":"product_tag-pp-spun-sediment-filter","13":"product_tag-pre-ro-replacement-cartridge","15":"first","16":"instock","17":"shipping-taxable","18":"product-type-simple"},"_links":{"self":[{"href":"https:\/\/lyfilter.com\/fr\/wp-json\/wp\/v2\/product\/1470","targetHints":{"allow":["GET"]}}],"collection":[{"href":"https:\/\/lyfilter.com\/fr\/wp-json\/wp\/v2\/product"}],"about":[{"href":"https:\/\/lyfilter.com\/fr\/wp-json\/wp\/v2\/types\/product"}],"replies":[{"embeddable":true,"href":"https:\/\/lyfilter.com\/fr\/wp-json\/wp\/v2\/comments?post=1470"}],"wp:featuredmedia":[{"embeddable":true,"href":"https:\/\/lyfilter.com\/fr\/wp-json\/wp\/v2\/media\/1478"}],"wp:attachment":[{"href":"https:\/\/lyfilter.com\/fr\/wp-json\/wp\/v2\/media?parent=1470"}],"wp:term":[{"taxonomy":"product_brand","embeddable":true,"href":"https:\/\/lyfilter.com\/fr\/wp-json\/wp\/v2\/product_brand?post=1470"},{"taxonomy":"product_cat","embeddable":true,"href":"https:\/\/lyfilter.com\/fr\/wp-json\/wp\/v2\/product_cat?post=1470"},{"taxonomy":"product_tag","embeddable":true,"href":"https:\/\/lyfilter.com\/fr\/wp-json\/wp\/v2\/product_tag?post=1470"}],"curies":[{"name":"wp","href":"https:\/\/api.w.org\/{rel}","templated":true}]}}