{"id":1456,"date":"2026-01-04T09:39:47","date_gmt":"2026-01-04T09:39:47","guid":{"rendered":"https:\/\/lyfilter.com\/?post_type=product&#038;p=1456"},"modified":"2026-01-04T09:39:47","modified_gmt":"2026-01-04T09:39:47","slug":"factory-customization-micro-depth-filters-cartridge-pp-spun-filter-for-air-dryer-or-water-purification","status":"publish","type":"product","link":"https:\/\/lyfilter.com\/fr\/factory-customization-micro-depth-filters-cartridge-pp-spun-filter-for-air-dryer-or-water-purification\/","title":{"rendered":"Personnalisation en usine des cartouches de microfiltres en profondeur Filtre PP fil\u00e9 pour le s\u00e9chage de l'air ou la purification de l'eau"},"content":{"rendered":"<table>\n<thead>\n<tr>\n<th>vue d'ensemble<\/th>\n<th>Cartouche filtrante en PP pour les pi\u00e8ces RO et la filtration des liquides.<\/th>\n<\/tr>\n<\/thead>\n<tbody>\n<tr>\n<td>condition<\/td>\n<td>Nouveau<\/td>\n<\/tr>\n<tr>\n<td>secteurs d'activit\u00e9 concern\u00e9s<\/td>\n<td>H\u00f4tels ; magasins de v\u00eatements ; magasins de mat\u00e9riaux de construction ; usines de fabrication ; ateliers de r\u00e9paration de machines ; usines de produits alimentaires et de boissons ; fermes ; restaurants ; usage domestique ; commerce de d\u00e9tail ; magasins d'alimentation ; imprimeries ; travaux de construction ; \u00e9nergie et mines ; magasins de produits alimentaires et de boissons ; soci\u00e9t\u00e9s de publicit\u00e9.<\/td>\n<\/tr>\n<tr>\n<td>lieu d'origine<\/td>\n<td>Guangdong, Chine<\/td>\n<\/tr>\n<tr>\n<td>nom de marque<\/td>\n<td>Lvyuan \/ OEM<\/td>\n<\/tr>\n<tr>\n<td>mat\u00e9riel<\/td>\n<td>polypropyl\u00e8ne<\/td>\n<\/tr>\n<tr>\n<td>nom du produit<\/td>\n<td>filtre en pp fil\u00e9<\/td>\n<\/tr>\n<tr>\n<td>m\u00e9dia filtrant<\/td>\n<td>Polypropyl\u00e8ne PP fil\u00e9<\/td>\n<\/tr>\n<tr>\n<td>taux de micron<\/td>\n<td>Cartouche de filtres 1\/3\/5\/10\/25\/50\/75\/100 microns<\/td>\n<\/tr>\n<tr>\n<td>application<\/td>\n<td>Pi\u00e8ces pour filtres \u00e0 eau ; Osmose inverse<\/td>\n<\/tr>\n<tr>\n<td>utilisation<\/td>\n<td>Filtre \u00e0 cartouche pour liquides<\/td>\n<\/tr>\n<tr>\n<td>longueur<\/td>\n<td>5\u2033, 10\u2033, 20\u2033, 30\u2033, 40\u2033, 50\u201d pouces<\/td>\n<\/tr>\n<tr>\n<td>capuchon d'extr\u00e9mit\u00e9<\/td>\n<td>DOE \/ 222Fin \/ 226Fin \/ 222Flat \/ 226Flat<\/td>\n<\/tr>\n<tr>\n<td>mat\u00e9riau du joint \/ joint torique<\/td>\n<td>Silicone \/ EPDM \/ Viton<\/td>\n<\/tr>\n<tr>\n<td>noyau interne<\/td>\n<td>PP ; acier inoxydable ; aucun<\/td>\n<\/tr>\n<tr>\n<td>taille<\/td>\n<td>standard ou personnalisation<\/td>\n<\/tr>\n<tr>\n<td>poids<\/td>\n<td>d\u00e9pend<\/td>\n<\/tr>\n<tr>\n<td>pouvoir<\/td>\n<td>0<\/td>\n<\/tr>\n<tr>\n<td>garantie<\/td>\n<td>Indisponible<\/td>\n<\/tr>\n<tr>\n<td>certification<\/td>\n<td>CE ; SGS<\/td>\n<\/tr>\n<tr>\n<td>le service apr\u00e8s-vente est assur\u00e9<\/td>\n<td>Soutien en ligne<\/td>\n<\/tr>\n<tr>\n<td>capacit\u00e9 d'approvisionnement<\/td>\n<td>5000 Pi\u00e8ces\/Pi\u00e8ces par Jour (filtre fil\u00e9)<\/td>\n<\/tr>\n<\/tbody>\n<\/table>","protected":false},"excerpt":{"rendered":"<p>Une cartouche fil\u00e9e en PP qui aide \u00e0 \u00e9liminer les s\u00e9diments et \u00e0 prot\u00e9ger votre syst\u00e8me de filtration RO ou liquide. Choisissez le taux de micron, la longueur et l'embout qui conviennent \u00e0 votre bo\u00eetier.<\/p>","protected":false},"featured_media":1464,"comment_status":"open","ping_status":"closed","template":"","meta":{"_gspb_post_css":""},"product_brand":[],"product_cat":[23,17],"product_tag":[708,299,683,681,675,296],"class_list":{"0":"post-1456","1":"product","2":"type-product","3":"status-publish","4":"has-post-thumbnail","6":"product_cat-pp-filter-cartridge","7":"product_cat-sediment-filter","8":"product_tag-1-to-100-micron","9":"product_tag-ce-sgs-certified","10":"product_tag-doe-222-226-end-caps","11":"product_tag-liquid-cartridge-filter","12":"product_tag-pp-spun-filter-cartridge","13":"product_tag-reverse-osmosis-filter-parts","15":"first","16":"instock","17":"shipping-taxable","18":"product-type-simple"},"_links":{"self":[{"href":"https:\/\/lyfilter.com\/fr\/wp-json\/wp\/v2\/product\/1456","targetHints":{"allow":["GET"]}}],"collection":[{"href":"https:\/\/lyfilter.com\/fr\/wp-json\/wp\/v2\/product"}],"about":[{"href":"https:\/\/lyfilter.com\/fr\/wp-json\/wp\/v2\/types\/product"}],"replies":[{"embeddable":true,"href":"https:\/\/lyfilter.com\/fr\/wp-json\/wp\/v2\/comments?post=1456"}],"wp:featuredmedia":[{"embeddable":true,"href":"https:\/\/lyfilter.com\/fr\/wp-json\/wp\/v2\/media\/1464"}],"wp:attachment":[{"href":"https:\/\/lyfilter.com\/fr\/wp-json\/wp\/v2\/media?parent=1456"}],"wp:term":[{"taxonomy":"product_brand","embeddable":true,"href":"https:\/\/lyfilter.com\/fr\/wp-json\/wp\/v2\/product_brand?post=1456"},{"taxonomy":"product_cat","embeddable":true,"href":"https:\/\/lyfilter.com\/fr\/wp-json\/wp\/v2\/product_cat?post=1456"},{"taxonomy":"product_tag","embeddable":true,"href":"https:\/\/lyfilter.com\/fr\/wp-json\/wp\/v2\/product_tag?post=1456"}],"curies":[{"name":"wp","href":"https:\/\/api.w.org\/{rel}","templated":true}]}}