{"id":1435,"date":"2026-01-04T09:11:33","date_gmt":"2026-01-04T09:11:33","guid":{"rendered":"https:\/\/lyfilter.com\/?post_type=product&#038;p=1435"},"modified":"2026-01-04T09:11:33","modified_gmt":"2026-01-04T09:11:33","slug":"5-10-siliphos-filter-niphos-ro-cartridge-filter","status":"publish","type":"product","link":"https:\/\/lyfilter.com\/fr\/5-10-siliphos-filter-niphos-ro-cartridge-filter\/","title":{"rendered":"Filtre Siliphos 5\u201d 10\u201d Filtre \u00e0 cartouche niphos ro"},"content":{"rendered":"<table>\n<thead>\n<tr>\n<th>vue d'ensemble<\/th>\n<th>Cartouche de Siliphos (LY-PHOS) pour la pr\u00e9-filtration RO domestique et la pr\u00e9vention du tartre.<\/th>\n<\/tr>\n<\/thead>\n<tbody>\n<tr>\n<td>lieu d'origine<\/td>\n<td>Guangdong, Chine<\/td>\n<\/tr>\n<tr>\n<td>nom de marque<\/td>\n<td>Lvyuan \/ OEM<\/td>\n<\/tr>\n<tr>\n<td>num\u00e9ro de mod\u00e8le<\/td>\n<td>LY-PHOS<\/td>\n<\/tr>\n<tr>\n<td>type<\/td>\n<td>Osmose inverse<\/td>\n<\/tr>\n<tr>\n<td>utiliser<\/td>\n<td>Pr\u00e9filtration domestique<\/td>\n<\/tr>\n<tr>\n<td>nom du produit<\/td>\n<td>cartouche filtrante siliphos<\/td>\n<\/tr>\n<tr>\n<td>application<\/td>\n<td>\u00e9l\u00e9ment de pr\u00e9-filtre<\/td>\n<\/tr>\n<tr>\n<td>fonction<\/td>\n<td>Pr\u00e9vention de l'entartrage ; \u00e9limination des impuret\u00e9s<\/td>\n<\/tr>\n<tr>\n<td>m\u00e9dia filtrant<\/td>\n<td>Power PHOS ; Siliphos ; Polyphosphate crytal ball<\/td>\n<\/tr>\n<tr>\n<td>longueur<\/td>\n<td>5\u201d ; 10\u201d pouces<\/td>\n<\/tr>\n<tr>\n<td>couleur<\/td>\n<td>Blanc ; transparent<\/td>\n<\/tr>\n<tr>\n<td>dur\u00e9e de vie du filtre<\/td>\n<td>3 \u00e0 6 mois<\/td>\n<\/tr>\n<tr>\n<td>installation<\/td>\n<td>Bo\u00eetier de pr\u00e9-filtre<\/td>\n<\/tr>\n<tr>\n<td>temp\u00e9rature de fonctionnement.<\/td>\n<td>4\u00b0C-80\u00b0C<\/td>\n<\/tr>\n<tr>\n<td>puissance (W)<\/td>\n<td>0<\/td>\n<\/tr>\n<tr>\n<td>tension (V)<\/td>\n<td>0<\/td>\n<\/tr>\n<tr>\n<td>certification<\/td>\n<td>ce ; CE ; SGS<\/td>\n<\/tr>\n<tr>\n<td>capacit\u00e9 d'approvisionnement<\/td>\n<td>5000 Pi\u00e8ces\/Pi\u00e8ces par Jour (cartouche filtrante en siliphos)<\/td>\n<\/tr>\n<\/tbody>\n<\/table>\n<div>\n<div id=\"s93cd\">\n<div id=\"ali-anchor-AliMaya-230qr\" data-section=\"AliMaya-230qr\" data-section-title=\"Product Description\">Description du produit<\/div>\n<\/div>\n<div>\n<div>\n<div id=\"tc98g\">\n<h3>Filtre Siliphos 5\u201d 10\u201d Filtre \u00e0 cartouche niphos ro<\/h3>\n<\/div>\n<div id=\"pk21z\">Fonction : pr\u00e9-filtration dans toute la maison, \u00e9limination des impuret\u00e9s et pr\u00e9vention du tartre.<\/div>\n<\/div>\n<\/div>\n<div>\n<div id=\"zsyme\">\n<div class=\"table-responsive\">\n<table class=\"aliDataTable\">\n<tbody>\n<tr>\n<td>\n<div>Nom du produit<\/div>\n<\/td>\n<td>\n<div>Cartouche de filtre \u00e0 eau anti-calcaire Siliphos Ball<\/div>\n<\/td>\n<\/tr>\n<tr>\n<td>\n<div>M\u00e9dia filtrant<\/div>\n<\/td>\n<td>\n<div>Power PHOS, Siliphos, Polyphosphate crytal ball<\/div>\n<\/td>\n<\/tr>\n<tr>\n<td>\n<div>Mat\u00e9riau du bo\u00eetier du filtre<\/div>\n<\/td>\n<td>\n<div>PP<\/div>\n<\/td>\n<\/tr>\n<tr>\n<td>\n<div>Longueur<\/div>\n<\/td>\n<td>\n<div>5, 10 pouces<\/div>\n<\/td>\n<\/tr>\n<tr>\n<td>\n<div>Couleur du bo\u00eetier du filtre<\/div>\n<\/td>\n<td>\n<div>blanc, transparent<\/div>\n<\/td>\n<\/tr>\n<tr>\n<td>\n<div>Fonction<\/div>\n<\/td>\n<td>\n<div>anti-corrosion et anti-calcaire<\/div>\n<\/td>\n<\/tr>\n<tr>\n<td>\n<div>Installation<\/div>\n<\/td>\n<td>\n<div>Sous l'\u00e9vier, maison Pr\u00e9filtration<\/div>\n<\/td>\n<\/tr>\n<tr>\n<td>\n<div>Fonctionnalit\u00e9<\/div>\n<\/td>\n<td>\n<div>Rechargeable, r\u00e9utilisable<\/div>\n<\/td>\n<\/tr>\n<\/tbody>\n<\/table>\n<\/div>\n<\/div>\n<\/div>\n<\/div>\n<div>\n<div id=\"957py\">\n<div id=\"ali-anchor-AliMaya-juk1c\" data-section=\"AliMaya-juk1c\" data-section-title=\"Product Show\">Pr\u00e9sentation du produit<\/div>\n<\/div>\n<div>\n<div id=\"4ncof\">\n<div><img decoding=\"async\" src=\"https:\/\/img.yfisher.com\/m6076\/1725727320zlw\/jpg70-t3-scale100.webp\" alt=\"5&#039;&#039; 10&#039;&#039; Filtre Siliphos filtre \u00e0 cartouche niphos ro 7\" data-lazy=\"2\" title=\"\"><\/div>\n<\/div>\n<\/div>\n<div>\n<div id=\"3n626\">\n<div><img decoding=\"async\" src=\"https:\/\/img.yfisher.com\/m6076\/1725727320oes\/jpg70-t3-scale100.webp\" alt=\"5&#039;&#039; 10&#039;&#039; Filtre Siliphos filtre \u00e0 cartouche niphos ro 9\" data-lazy=\"2\" title=\"\"><\/div>\n<\/div>\n<\/div>\n<div>\n<div id=\"lrl76\">\n<div><img decoding=\"async\" src=\"https:\/\/img.yfisher.com\/m6076\/1725727320w0l\/jpg70-t3-scale100.webp\" alt=\"5&#039;&#039; 10&#039;&#039; Filtre Siliphos filtre \u00e0 cartouche niphos ro 11\" data-lazy=\"2\" title=\"\"><\/div>\n<\/div>\n<\/div>\n<div>\n<div id=\"80vq1\">\n<div><img decoding=\"async\" src=\"https:\/\/img.yfisher.com\/m6076\/1725727320ygr\/jpg70-t3-scale100.webp\" alt=\"5&#039;&#039; 10&#039;&#039; Filtre Siliphos filtre \u00e0 cartouche niphos ro 13\" data-lazy=\"2\" title=\"\"><\/div>\n<\/div>\n<\/div>\n<div>\n<div id=\"269du\">\n<div><img decoding=\"async\" src=\"https:\/\/img.yfisher.com\/m6076\/1725727320cit\/jpg70-t3-scale100.webp\" alt=\"5&#039;&#039; 10&#039;&#039; Filtre Siliphos filtre \u00e0 cartouche niphos ro 15\" data-lazy=\"2\" title=\"\"><\/div>\n<\/div>\n<\/div>\n<div>\n<div id=\"p0zml\">\n<div><img decoding=\"async\" src=\"https:\/\/img.yfisher.com\/m6076\/1725727320t9d\/jpg70-t3-scale100.webp\" alt=\"5&#039;&#039; 10&#039;&#039; Filtre Siliphos Filtre \u00e0 cartouche niphos ro 17\" data-lazy=\"2\" title=\"\"><\/div>\n<\/div>\n<\/div>\n<\/div>\n<div>\n<div id=\"kpf9d\">\n<div id=\"ali-anchor-AliMaya-s4da1\" data-section=\"AliMaya-s4da1\" data-section-title=\"Related Products\">Produits apparent\u00e9s<\/div>\n<\/div>\n<div>\n<div id=\"eum11\">\n<div><img decoding=\"async\" src=\"https:\/\/img.yfisher.com\/m6076\/1725727320nvw\/jpg70-t3-scale100.webp\" alt=\"5&#039;&#039; 10&#039;&#039; Filtre Siliphos Filtre \u00e0 cartouche niphos ro 19\" data-lazy=\"2\" title=\"\"><\/div>\n<\/div>\n<div id=\"n5p0v\">\n<div><img decoding=\"async\" src=\"https:\/\/img.yfisher.com\/m6076\/1725727320egr\/jpg70-t3-scale100.webp\" alt=\"5&#039;&#039; 10&#039;&#039; Filtre Siliphos Filtre \u00e0 cartouche niphos ro 21\" data-lazy=\"2\" title=\"\"><\/div>\n<\/div>\n<div id=\"gac5y\">\n<div><img decoding=\"async\" src=\"https:\/\/img.yfisher.com\/m6076\/1725727320l12\/jpg70-t3-scale100.webp\" alt=\"5&#039;&#039; 10&#039;&#039; Filtre Siliphos filtre \u00e0 cartouche niphos ro 23\" data-lazy=\"2\" title=\"\"><\/div>\n<\/div>\n<\/div>\n<div>\n<div id=\"38zx0\">\n<div><img decoding=\"async\" src=\"https:\/\/img.yfisher.com\/m6076\/1725726953s1x\/jpg70-t3-scale100.webp\" alt=\"5&#039;&#039; 10&#039;&#039; Filtre Siliphos filtre \u00e0 cartouche niphos ro 25\" data-lazy=\"2\" title=\"\"><\/div>\n<\/div>\n<\/div>\n<\/div>","protected":false},"excerpt":{"rendered":"<p>Cartouche de pr\u00e9-filtre Siliphos con\u00e7ue pour les installations d'osmose inverse domestiques. Elle aide \u00e0 r\u00e9duire l'accumulation de tartre et \u00e0 pi\u00e9ger les impuret\u00e9s, et s'adapte facilement aux bo\u00eetiers de pr\u00e9-filtre courants.<\/p>","protected":false},"featured_media":1443,"comment_status":"open","ping_status":"closed","template":"","meta":{"_gspb_post_css":""},"product_brand":[],"product_cat":[23,17],"product_tag":[703,299,705,707,706,704],"class_list":{"0":"post-1435","1":"product","2":"type-product","3":"status-publish","4":"has-post-thumbnail","6":"product_cat-pp-filter-cartridge","7":"product_cat-sediment-filter","8":"product_tag-5-inch-10-inch-cartridge","9":"product_tag-ce-sgs-certified","10":"product_tag-household-ro-pre-filtration","11":"product_tag-polyphosphate-crystal-media","12":"product_tag-scale-prevention-cartridge","13":"product_tag-siliphos-filter-cartridge","15":"first","16":"instock","17":"shipping-taxable","18":"product-type-simple"},"_links":{"self":[{"href":"https:\/\/lyfilter.com\/fr\/wp-json\/wp\/v2\/product\/1435","targetHints":{"allow":["GET"]}}],"collection":[{"href":"https:\/\/lyfilter.com\/fr\/wp-json\/wp\/v2\/product"}],"about":[{"href":"https:\/\/lyfilter.com\/fr\/wp-json\/wp\/v2\/types\/product"}],"replies":[{"embeddable":true,"href":"https:\/\/lyfilter.com\/fr\/wp-json\/wp\/v2\/comments?post=1435"}],"wp:featuredmedia":[{"embeddable":true,"href":"https:\/\/lyfilter.com\/fr\/wp-json\/wp\/v2\/media\/1443"}],"wp:attachment":[{"href":"https:\/\/lyfilter.com\/fr\/wp-json\/wp\/v2\/media?parent=1435"}],"wp:term":[{"taxonomy":"product_brand","embeddable":true,"href":"https:\/\/lyfilter.com\/fr\/wp-json\/wp\/v2\/product_brand?post=1435"},{"taxonomy":"product_cat","embeddable":true,"href":"https:\/\/lyfilter.com\/fr\/wp-json\/wp\/v2\/product_cat?post=1435"},{"taxonomy":"product_tag","embeddable":true,"href":"https:\/\/lyfilter.com\/fr\/wp-json\/wp\/v2\/product_tag?post=1435"}],"curies":[{"name":"wp","href":"https:\/\/api.w.org\/{rel}","templated":true}]}}