{"id":1428,"date":"2026-01-04T09:09:08","date_gmt":"2026-01-04T09:09:08","guid":{"rendered":"https:\/\/lyfilter.com\/?post_type=product&#038;p=1428"},"modified":"2026-01-04T09:09:09","modified_gmt":"2026-01-04T09:09:09","slug":"doe-222-5-10-washable-pre-water-filter-nylon-ss-mesh-net-filter-cartridges-80-micron-for-sediment-sand-particle-removal","status":"publish","type":"product","link":"https:\/\/lyfilter.com\/fr\/doe-222-5-10-washable-pre-water-filter-nylon-ss-mesh-net-filter-cartridges-80-micron-for-sediment-sand-particle-removal\/","title":{"rendered":"DOE 222 5\u201d 10\u201d Filtre \u00e0 eau lavable Cartouches de filtre en nylon SS 80 microns pour l'\u00e9limination des s\u00e9diments et des particules de sable"},"content":{"rendered":"<table>\n<thead>\n<tr>\n<th>vue d'ensemble<\/th>\n<th>Cartouches en filet lavables (LY-NET) 80 microns pour la pr\u00e9filtration et l'\u00e9limination des s\u00e9diments\/sables.<\/th>\n<\/tr>\n<\/thead>\n<tbody>\n<tr>\n<td>type<\/td>\n<td>Pi\u00e8ces d\u00e9tach\u00e9es pour filtres \u00e0 eau<\/td>\n<\/tr>\n<tr>\n<td>application<\/td>\n<td>H\u00f4tel ; Commercial ; M\u00e9nage<\/td>\n<\/tr>\n<tr>\n<td>source d'\u00e9nergie<\/td>\n<td>Manuel<\/td>\n<\/tr>\n<tr>\n<td>lieu d'origine<\/td>\n<td>Guangdong, Chine<\/td>\n<\/tr>\n<tr>\n<td>nom de marque<\/td>\n<td>Lvyuan \/ OEM<\/td>\n<\/tr>\n<tr>\n<td>num\u00e9ro de mod\u00e8le<\/td>\n<td>LY-NET<\/td>\n<\/tr>\n<tr>\n<td>nom du produit<\/td>\n<td>cartouches de filet lavables 80 microns<\/td>\n<\/tr>\n<tr>\n<td>fonction<\/td>\n<td>Pr\u00e9vention de l'entartrage ; \u00e9limination des impuret\u00e9s<\/td>\n<\/tr>\n<tr>\n<td>application (utilisation)<\/td>\n<td>\u00e9l\u00e9ment de pr\u00e9-filtre<\/td>\n<\/tr>\n<tr>\n<td>m\u00e9dia filtrant<\/td>\n<td>Power PHOS ; Siliphos ; Polyphosphate crytal ball<\/td>\n<\/tr>\n<tr>\n<td>longueur<\/td>\n<td>5\u201d ; 10\u201d pouces<\/td>\n<\/tr>\n<tr>\n<td>couleur<\/td>\n<td>Blanc ; transparent<\/td>\n<\/tr>\n<tr>\n<td>dur\u00e9e de vie du filtre<\/td>\n<td>3 \u00e0 6 mois<\/td>\n<\/tr>\n<tr>\n<td>installation<\/td>\n<td>Bo\u00eetier de pr\u00e9-filtre<\/td>\n<\/tr>\n<tr>\n<td>temp\u00e9rature de fonctionnement.<\/td>\n<td>4\u00b0C-80\u00b0C<\/td>\n<\/tr>\n<tr>\n<td>certification<\/td>\n<td>CE ; SGS<\/td>\n<\/tr>\n<tr>\n<td>garantie<\/td>\n<td>aucun<\/td>\n<\/tr>\n<tr>\n<td>le service apr\u00e8s-vente est assur\u00e9<\/td>\n<td>aucun<\/td>\n<\/tr>\n<tr>\n<td>unit\u00e9s de vente<\/td>\n<td>Article unique<\/td>\n<\/tr>\n<tr>\n<td>taille de l'emballage unique<\/td>\n<td>55 \u00d7 8 \u00d7 8 cm<\/td>\n<\/tr>\n<tr>\n<td>poids brut unique<\/td>\n<td>0,500 kg<\/td>\n<\/tr>\n<tr>\n<td>type de paquet<\/td>\n<td>25 pcs\/CTN ; notes : le meilleur prix unitaire et les frais d'exp\u00e9dition d\u00e9pendent de la quantit\u00e9.<\/td>\n<\/tr>\n<\/tbody>\n<\/table>","protected":false},"excerpt":{"rendered":"<p>Une cartouche de pr\u00e9-filtre lavable qui retient le sable et les s\u00e9diments avant qu'ils n'atteignent votre syst\u00e8me principal. Elle est facile \u00e0 entretenir, aide \u00e0 r\u00e9duire le tartre et s'adapte aux bo\u00eetiers courants de 5\u2033 ou 10\u2033.<\/p>","protected":false},"featured_media":1436,"comment_status":"open","ping_status":"closed","template":"","meta":{"_gspb_post_css":""},"product_brand":[],"product_cat":[17,23],"product_tag":[703,701,299,702,366,700],"class_list":{"0":"post-1428","1":"product","2":"type-product","3":"status-publish","4":"has-post-thumbnail","6":"product_cat-sediment-filter","7":"product_cat-pp-filter-cartridge","8":"product_tag-5-inch-10-inch-cartridge","9":"product_tag-80-micron-pre-filter","10":"product_tag-ce-sgs-certified","11":"product_tag-nylon-ss-mesh-cartridge","12":"product_tag-scale-prevention-filter","13":"product_tag-washable-net-filter-cartridge","15":"first","16":"instock","17":"shipping-taxable","18":"product-type-simple"},"_links":{"self":[{"href":"https:\/\/lyfilter.com\/fr\/wp-json\/wp\/v2\/product\/1428","targetHints":{"allow":["GET"]}}],"collection":[{"href":"https:\/\/lyfilter.com\/fr\/wp-json\/wp\/v2\/product"}],"about":[{"href":"https:\/\/lyfilter.com\/fr\/wp-json\/wp\/v2\/types\/product"}],"replies":[{"embeddable":true,"href":"https:\/\/lyfilter.com\/fr\/wp-json\/wp\/v2\/comments?post=1428"}],"wp:featuredmedia":[{"embeddable":true,"href":"https:\/\/lyfilter.com\/fr\/wp-json\/wp\/v2\/media\/1436"}],"wp:attachment":[{"href":"https:\/\/lyfilter.com\/fr\/wp-json\/wp\/v2\/media?parent=1428"}],"wp:term":[{"taxonomy":"product_brand","embeddable":true,"href":"https:\/\/lyfilter.com\/fr\/wp-json\/wp\/v2\/product_brand?post=1428"},{"taxonomy":"product_cat","embeddable":true,"href":"https:\/\/lyfilter.com\/fr\/wp-json\/wp\/v2\/product_cat?post=1428"},{"taxonomy":"product_tag","embeddable":true,"href":"https:\/\/lyfilter.com\/fr\/wp-json\/wp\/v2\/product_tag?post=1428"}],"curies":[{"name":"wp","href":"https:\/\/api.w.org\/{rel}","templated":true}]}}