{"id":1414,"date":"2026-01-04T09:03:41","date_gmt":"2026-01-04T09:03:41","guid":{"rendered":"https:\/\/lyfilter.com\/?post_type=product&#038;p=1414"},"modified":"2026-01-04T09:03:41","modified_gmt":"2026-01-04T09:03:41","slug":"factory-customized-1-micron-polypropylene-sediment-filter-pp-woven-water-filter-cartridge","status":"publish","type":"product","link":"https:\/\/lyfilter.com\/fr\/factory-customized-1-micron-polypropylene-sediment-filter-pp-woven-water-filter-cartridge\/","title":{"rendered":"Filtre \u00e0 s\u00e9diments en polypropyl\u00e8ne 1 micron avec cartouche de filtration d'eau tiss\u00e9e en usine"},"content":{"rendered":"<table>\n<thead>\n<tr>\n<th>vue d'ensemble<\/th>\n<th>Cartouche filtrante en PP tiss\u00e9 pour la filtration de l'eau \u00e0 usage domestique et industriel.<\/th>\n<\/tr>\n<\/thead>\n<tbody>\n<tr>\n<td>condition<\/td>\n<td>Nouveau<\/td>\n<\/tr>\n<tr>\n<td>secteurs d'activit\u00e9 concern\u00e9s<\/td>\n<td>H\u00f4tels ; magasins de v\u00eatements ; magasins de mat\u00e9riaux de construction ; usines de fabrication ; ateliers de r\u00e9paration de machines ; usines de produits alimentaires et de boissons ; fermes ; restaurants ; usage domestique ; commerce de d\u00e9tail ; magasins d'alimentation ; imprimeries ; travaux de construction ; \u00e9nergie et mines ; magasins de produits alimentaires et de boissons<\/td>\n<\/tr>\n<tr>\n<td>lieu d'origine<\/td>\n<td>Guangdong, Chine<\/td>\n<\/tr>\n<tr>\n<td>nom de marque<\/td>\n<td>LVYUAN \/ OEM<\/td>\n<\/tr>\n<tr>\n<td>nom du produit<\/td>\n<td>Cartouche de filtre \u00e0 eau en pp tiss\u00e9<\/td>\n<\/tr>\n<tr>\n<td>type de filtre<\/td>\n<td>Rainure ; Gaufrage ; Points ; Logo de l'entreprise<\/td>\n<\/tr>\n<tr>\n<td>pr\u00e9cision<\/td>\n<td>1-100 micron<\/td>\n<\/tr>\n<tr>\n<td>diam\u00e8tre ext\u00e9rieur<\/td>\n<td>10-200 mm<\/td>\n<\/tr>\n<tr>\n<td>diam\u00e8tre int\u00e9rieur<\/td>\n<td>OEM<\/td>\n<\/tr>\n<tr>\n<td>adaptateur de filtre<\/td>\n<td>Type plat ; Type 222 ; Type 226 ; Type 215<\/td>\n<\/tr>\n<tr>\n<td>temp\u00e9rature la plus \u00e9lev\u00e9e<\/td>\n<td>80\u2103<\/td>\n<\/tr>\n<tr>\n<td>perte de charge<\/td>\n<td>0,1 kgf\/c\u33a1<\/td>\n<\/tr>\n<tr>\n<td>le plus \u00e9lev\u00e9, confin\u00e9<\/td>\n<td>5 kgf\/c\u33a1<\/td>\n<\/tr>\n<tr>\n<td>perte de charge maximale<\/td>\n<td>3 kgf\/c\u33a1<\/td>\n<\/tr>\n<tr>\n<td>composantes essentielles<\/td>\n<td>R\u00e9servoir sous pression<\/td>\n<\/tr>\n<tr>\n<td>type de marketing<\/td>\n<td>Produit ordinaire<\/td>\n<\/tr>\n<tr>\n<td>inspection de sortie vid\u00e9o<\/td>\n<td>Fourni<\/td>\n<\/tr>\n<tr>\n<td>rapport d'essai des machines<\/td>\n<td>Fourni<\/td>\n<\/tr>\n<tr>\n<td>lieu de service local<\/td>\n<td>aucun<\/td>\n<\/tr>\n<tr>\n<td>emplacement de la salle d'exposition<\/td>\n<td>aucun<\/td>\n<\/tr>\n<tr>\n<td>le service apr\u00e8s-vente est assur\u00e9<\/td>\n<td>Soutien en ligne<\/td>\n<\/tr>\n<tr>\n<td>service apr\u00e8s-vente<\/td>\n<td>Soutien en ligne<\/td>\n<\/tr>\n<tr>\n<td>garantie<\/td>\n<td>1 an<\/td>\n<\/tr>\n<tr>\n<td>garantie des composants de base<\/td>\n<td>1 an<\/td>\n<\/tr>\n<\/tbody>\n<\/table>","protected":false},"excerpt":{"rendered":"<p>Une cartouche en PP tiss\u00e9 qui aide \u00e0 r\u00e9duire les s\u00e9diments pour une eau plus propre dans les syst\u00e8mes industriels et \u00e0 usage quotidien. Choisissez le taux de micron, le diam\u00e8tre et l'adaptateur en fonction de votre installation.<\/p>","protected":false},"featured_media":1425,"comment_status":"open","ping_status":"closed","template":"","meta":{"_gspb_post_css":""},"product_brand":[],"product_cat":[23,17],"product_tag":[695,696,697,636,698,357],"class_list":{"0":"post-1414","1":"product","2":"type-product","3":"status-publish","4":"has-post-thumbnail","6":"product_cat-pp-filter-cartridge","7":"product_cat-sediment-filter","8":"product_tag-1-to-100-micron-filtration","9":"product_tag-10-to-200mm-outer-diameter","10":"product_tag-222-226-filter-adaptor","11":"product_tag-industrial-water-treatment","12":"product_tag-pp-woven-filter-cartridge","13":"product_tag-water-filter-cartridge","15":"first","16":"instock","17":"shipping-taxable","18":"product-type-simple"},"_links":{"self":[{"href":"https:\/\/lyfilter.com\/fr\/wp-json\/wp\/v2\/product\/1414","targetHints":{"allow":["GET"]}}],"collection":[{"href":"https:\/\/lyfilter.com\/fr\/wp-json\/wp\/v2\/product"}],"about":[{"href":"https:\/\/lyfilter.com\/fr\/wp-json\/wp\/v2\/types\/product"}],"replies":[{"embeddable":true,"href":"https:\/\/lyfilter.com\/fr\/wp-json\/wp\/v2\/comments?post=1414"}],"wp:featuredmedia":[{"embeddable":true,"href":"https:\/\/lyfilter.com\/fr\/wp-json\/wp\/v2\/media\/1425"}],"wp:attachment":[{"href":"https:\/\/lyfilter.com\/fr\/wp-json\/wp\/v2\/media?parent=1414"}],"wp:term":[{"taxonomy":"product_brand","embeddable":true,"href":"https:\/\/lyfilter.com\/fr\/wp-json\/wp\/v2\/product_brand?post=1414"},{"taxonomy":"product_cat","embeddable":true,"href":"https:\/\/lyfilter.com\/fr\/wp-json\/wp\/v2\/product_cat?post=1414"},{"taxonomy":"product_tag","embeddable":true,"href":"https:\/\/lyfilter.com\/fr\/wp-json\/wp\/v2\/product_tag?post=1414"}],"curies":[{"name":"wp","href":"https:\/\/api.w.org\/{rel}","templated":true}]}}