{"id":1398,"date":"2026-01-04T08:55:58","date_gmt":"2026-01-04T08:55:58","guid":{"rendered":"https:\/\/lyfilter.com\/?post_type=product&#038;p=1398"},"modified":"2026-01-04T08:55:59","modified_gmt":"2026-01-04T08:55:59","slug":"20-inch-water-filter-pp-udf-cto-cartridge-for-household-pre-filtration","status":"publish","type":"product","link":"https:\/\/lyfilter.com\/fr\/20-inch-water-filter-pp-udf-cto-cartridge-for-household-pre-filtration\/","title":{"rendered":"Filtre \u00e0 eau 20 pouces PP + UDF + CTO cartouche pour pr\u00e9-filtration domestique"},"content":{"rendered":"<table>\n<thead>\n<tr>\n<th>vue d'ensemble<\/th>\n<th>Cartouche de filtration d'eau de 20 pouces pour la filtration RO et liquide.<\/th>\n<\/tr>\n<\/thead>\n<tbody>\n<tr>\n<td>secteurs d'activit\u00e9 concern\u00e9s<\/td>\n<td>H\u00f4tels ; magasins de v\u00eatements ; magasins de mat\u00e9riaux de construction ; usines de fabrication ; ateliers de r\u00e9paration de machines ; usines de produits alimentaires et de boissons ; fermes ; restaurants ; usage domestique ; commerce de d\u00e9tail ; magasins d'alimentation ; imprimeries ; travaux de construction ; \u00e9nergie et mines ; magasins de produits alimentaires et de boissons ; soci\u00e9t\u00e9s de publicit\u00e9.<\/td>\n<\/tr>\n<tr>\n<td>lieu d'origine<\/td>\n<td>Guangdong, Chine<\/td>\n<\/tr>\n<tr>\n<td>nom de marque<\/td>\n<td>Lvyuan \/ OEM<\/td>\n<\/tr>\n<tr>\n<td>nom du produit<\/td>\n<td>Filtre \u00e0 eau 20 pouces<\/td>\n<\/tr>\n<tr>\n<td>mat\u00e9riel<\/td>\n<td>carton<\/td>\n<\/tr>\n<tr>\n<td>m\u00e9dia filtrant<\/td>\n<td>Membrane en polypropyl\u00e8ne PP<\/td>\n<\/tr>\n<tr>\n<td>taux de micron<\/td>\n<td>Cartouche de filtres de 1, 3, 5, 10 microns<\/td>\n<\/tr>\n<tr>\n<td>application<\/td>\n<td>Pi\u00e8ces pour filtres \u00e0 eau ; Osmose inverse<\/td>\n<\/tr>\n<tr>\n<td>utilisation<\/td>\n<td>Filtre \u00e0 cartouche pour liquides<\/td>\n<\/tr>\n<tr>\n<td>longueur<\/td>\n<td>5\u2033, 10\u2033, 20\u2033, 30\u2033, 40\u2033, 50\u201d pouces<\/td>\n<\/tr>\n<tr>\n<td>capuchon d'extr\u00e9mit\u00e9<\/td>\n<td>DOE ; 222+Fin ; 222+Flat ; 226+Fin ; 226+Flat<\/td>\n<\/tr>\n<tr>\n<td>mat\u00e9riau du joint \/ joint torique<\/td>\n<td>Silicone ; EPDM ; Viton<\/td>\n<\/tr>\n<tr>\n<td>noyau interne<\/td>\n<td>PP ou Aucun<\/td>\n<\/tr>\n<tr>\n<td>taille<\/td>\n<td>d\u00e9pend<\/td>\n<\/tr>\n<tr>\n<td>poids<\/td>\n<td>d\u00e9pend<\/td>\n<\/tr>\n<tr>\n<td>pouvoir<\/td>\n<td>0<\/td>\n<\/tr>\n<tr>\n<td>garantie<\/td>\n<td>Indisponible<\/td>\n<\/tr>\n<tr>\n<td>certification<\/td>\n<td>CE ; SGS<\/td>\n<\/tr>\n<tr>\n<td>le service apr\u00e8s-vente est assur\u00e9<\/td>\n<td>Soutien en ligne<\/td>\n<\/tr>\n<tr>\n<td>capacit\u00e9 d'approvisionnement<\/td>\n<td>5000 Pi\u00e8ces\/Pi\u00e8ces par Jour (Filtre \u00e0 eau 20 pouces)<\/td>\n<\/tr>\n<\/tbody>\n<\/table>","protected":false},"excerpt":{"rendered":"<p>Une cartouche de 20 pouces con\u00e7ue pour aider \u00e0 r\u00e9duire les s\u00e9diments dans les syst\u00e8mes de filtration RO et liquide. Choisissez le niveau de micron et l'embout dont vous avez besoin, et b\u00e9n\u00e9ficiez d'une assistance en ligne.<\/p>","protected":false},"featured_media":1408,"comment_status":"open","ping_status":"closed","template":"","meta":{"_gspb_post_css":""},"product_brand":[],"product_cat":[23,17],"product_tag":[692,691,299,683,660,296],"class_list":{"0":"post-1398","1":"product","2":"type-product","3":"status-publish","4":"has-post-thumbnail","6":"product_cat-pp-filter-cartridge","7":"product_cat-sediment-filter","8":"product_tag-1-3-5-10-micron","9":"product_tag-20-inch-water-filter-cartridge","10":"product_tag-ce-sgs-certified","11":"product_tag-doe-222-226-end-caps","12":"product_tag-pp-membrane-filter","13":"product_tag-reverse-osmosis-filter-parts","15":"first","16":"instock","17":"shipping-taxable","18":"product-type-simple"},"_links":{"self":[{"href":"https:\/\/lyfilter.com\/fr\/wp-json\/wp\/v2\/product\/1398","targetHints":{"allow":["GET"]}}],"collection":[{"href":"https:\/\/lyfilter.com\/fr\/wp-json\/wp\/v2\/product"}],"about":[{"href":"https:\/\/lyfilter.com\/fr\/wp-json\/wp\/v2\/types\/product"}],"replies":[{"embeddable":true,"href":"https:\/\/lyfilter.com\/fr\/wp-json\/wp\/v2\/comments?post=1398"}],"wp:featuredmedia":[{"embeddable":true,"href":"https:\/\/lyfilter.com\/fr\/wp-json\/wp\/v2\/media\/1408"}],"wp:attachment":[{"href":"https:\/\/lyfilter.com\/fr\/wp-json\/wp\/v2\/media?parent=1398"}],"wp:term":[{"taxonomy":"product_brand","embeddable":true,"href":"https:\/\/lyfilter.com\/fr\/wp-json\/wp\/v2\/product_brand?post=1398"},{"taxonomy":"product_cat","embeddable":true,"href":"https:\/\/lyfilter.com\/fr\/wp-json\/wp\/v2\/product_cat?post=1398"},{"taxonomy":"product_tag","embeddable":true,"href":"https:\/\/lyfilter.com\/fr\/wp-json\/wp\/v2\/product_tag?post=1398"}],"curies":[{"name":"wp","href":"https:\/\/api.w.org\/{rel}","templated":true}]}}