{"id":1391,"date":"2026-01-04T08:53:55","date_gmt":"2026-01-04T08:53:55","guid":{"rendered":"https:\/\/lyfilter.com\/?post_type=product&#038;p=1391"},"modified":"2026-01-04T08:53:55","modified_gmt":"2026-01-04T08:53:55","slug":"wholesales-pp-polypropylene-cartridge-filter-component-melt-blown-with-222-adaptor","status":"publish","type":"product","link":"https:\/\/lyfilter.com\/fr\/wholesales-pp-polypropylene-cartridge-filter-component-melt-blown-with-222-adaptor\/","title":{"rendered":"Grosses ventes de composants de filtre \u00e0 cartouche en polypropyl\u00e8ne PP souffl\u00e9 par fusion avec 222 adaptateurs"},"content":{"rendered":"<table>\n<thead>\n<tr>\n<th>vue d'ensemble<\/th>\n<th>Composant de filtre en PP souffl\u00e9 \u00e0 chaud (s\u00e9rie LY-PPF) pour la filtration des liquides et de l'osmose inverse.<\/th>\n<\/tr>\n<\/thead>\n<tbody>\n<tr>\n<td>lieu d'origine<\/td>\n<td>Guangdong, Chine<\/td>\n<\/tr>\n<tr>\n<td>nom de marque<\/td>\n<td>Lvyuan \/ OEM<\/td>\n<\/tr>\n<tr>\n<td>num\u00e9ro de mod\u00e8le<\/td>\n<td>S\u00e9rie LY-PPF<\/td>\n<\/tr>\n<tr>\n<td>nom du produit<\/td>\n<td>composant de filtre souffl\u00e9 par fusion<\/td>\n<\/tr>\n<tr>\n<td>m\u00e9dia filtrant<\/td>\n<td>Membrane en polypropyl\u00e8ne PP<\/td>\n<\/tr>\n<tr>\n<td>taux de micron<\/td>\n<td>1, 2, 3, 5, 10, 20, 50, 75, 100<\/td>\n<\/tr>\n<tr>\n<td>application<\/td>\n<td>Pi\u00e8ces pour filtres \u00e0 eau ; Osmose inverse<\/td>\n<\/tr>\n<tr>\n<td>utilisation<\/td>\n<td>Filtre \u00e0 cartouche pour liquides<\/td>\n<\/tr>\n<tr>\n<td>longueur<\/td>\n<td>5\u2033, 10\u2033, 20\u2033, 30\u2033, 40\u2033, 50\u201d pouces<\/td>\n<\/tr>\n<tr>\n<td>capuchon d'extr\u00e9mit\u00e9<\/td>\n<td>DOE ; 222+Fin ; 222+Flat ; 226+Fin ; 226+Flat<\/td>\n<\/tr>\n<tr>\n<td>mat\u00e9riau du joint \/ joint torique<\/td>\n<td>Silicone ; EPDM ; Viton<\/td>\n<\/tr>\n<tr>\n<td>noyau interne<\/td>\n<td>PP ou Aucun<\/td>\n<\/tr>\n<tr>\n<td>certification<\/td>\n<td>CE ; SGS<\/td>\n<\/tr>\n<tr>\n<td>capacit\u00e9 d'approvisionnement<\/td>\n<td>5000 Pi\u00e8ces\/Pi\u00e8ces par Jour (filtre souffl\u00e9 par fusion PP)<\/td>\n<\/tr>\n<\/tbody>\n<\/table>","protected":false},"excerpt":{"rendered":"<p>Ce composant de filtre en PP souffl\u00e9 par fusion aide \u00e0 pi\u00e9ger les s\u00e9diments pour que votre syst\u00e8me de filtration RO ou liquide fonctionne plus proprement et plus longtemps. Choisissez le taux de micron, la longueur et l'embout qui conviennent.<\/p>","protected":false},"featured_media":1405,"comment_status":"open","ping_status":"closed","template":"","meta":{"_gspb_post_css":""},"product_brand":[],"product_cat":[17,23],"product_tag":[690,299],"class_list":{"0":"post-1391","1":"product","2":"type-product","3":"status-publish","4":"has-post-thumbnail","6":"product_cat-sediment-filter","7":"product_cat-pp-filter-cartridge","8":"product_tag-caps","9":"product_tag-ce-sgs-certified","11":"first","12":"instock","13":"shipping-taxable","14":"product-type-simple"},"_links":{"self":[{"href":"https:\/\/lyfilter.com\/fr\/wp-json\/wp\/v2\/product\/1391","targetHints":{"allow":["GET"]}}],"collection":[{"href":"https:\/\/lyfilter.com\/fr\/wp-json\/wp\/v2\/product"}],"about":[{"href":"https:\/\/lyfilter.com\/fr\/wp-json\/wp\/v2\/types\/product"}],"replies":[{"embeddable":true,"href":"https:\/\/lyfilter.com\/fr\/wp-json\/wp\/v2\/comments?post=1391"}],"wp:featuredmedia":[{"embeddable":true,"href":"https:\/\/lyfilter.com\/fr\/wp-json\/wp\/v2\/media\/1405"}],"wp:attachment":[{"href":"https:\/\/lyfilter.com\/fr\/wp-json\/wp\/v2\/media?parent=1391"}],"wp:term":[{"taxonomy":"product_brand","embeddable":true,"href":"https:\/\/lyfilter.com\/fr\/wp-json\/wp\/v2\/product_brand?post=1391"},{"taxonomy":"product_cat","embeddable":true,"href":"https:\/\/lyfilter.com\/fr\/wp-json\/wp\/v2\/product_cat?post=1391"},{"taxonomy":"product_tag","embeddable":true,"href":"https:\/\/lyfilter.com\/fr\/wp-json\/wp\/v2\/product_tag?post=1391"}],"curies":[{"name":"wp","href":"https:\/\/api.w.org\/{rel}","templated":true}]}}