{"id":1378,"date":"2026-01-04T08:50:05","date_gmt":"2026-01-04T08:50:05","guid":{"rendered":"https:\/\/lyfilter.com\/?post_type=product&#038;p=1378"},"modified":"2026-01-04T08:50:06","modified_gmt":"2026-01-04T08:50:06","slug":"1-box-25pcs-high-flow-40-inch-5-micron-pp-sediment-filter-cartridge-melt-blown-cartridge-filter-water","status":"publish","type":"product","link":"https:\/\/lyfilter.com\/fr\/1-box-25pcs-high-flow-40-inch-5-micron-pp-sediment-filter-cartridge-melt-blown-cartridge-filter-water\/","title":{"rendered":"1 bo\u00eete\/25pcs Cartouche de filtre \u00e0 s\u00e9diments en pp de 40 pouces 5 microns \u00e0 haut d\u00e9bit \/ Cartouche de filtre \u00e0 eau souffl\u00e9e par fusion"},"content":{"rendered":"<table>\n<thead>\n<tr>\n<th>vue d'ensemble<\/th>\n<th>Cartouche filtrante en fibre PP \u00e0 haute efficacit\u00e9 pour le traitement de l'eau.<\/th>\n<\/tr>\n<\/thead>\n<tbody>\n<tr>\n<td>secteurs d'activit\u00e9 concern\u00e9s<\/td>\n<td>Usine de fabrication ; usine de produits alimentaires et de boissons ; usage domestique ; traitement de l'eau<\/td>\n<\/tr>\n<tr>\n<td>lieu d'origine<\/td>\n<td>Guangdong, Chine<\/td>\n<\/tr>\n<tr>\n<td>nom de marque<\/td>\n<td>Lvyuan ; OEM ; ODM<\/td>\n<\/tr>\n<tr>\n<td>mat\u00e9riel<\/td>\n<td>pp<\/td>\n<\/tr>\n<tr>\n<td>mati\u00e8re premi\u00e8re<\/td>\n<td>pp fibre<\/td>\n<\/tr>\n<tr>\n<td>taille<\/td>\n<td>1016<em>63<\/em>63 mm<\/td>\n<\/tr>\n<tr>\n<td>longueur<\/td>\n<td>40 pouces<\/td>\n<\/tr>\n<tr>\n<td>poids<\/td>\n<td>personnalis\u00e9<\/td>\n<\/tr>\n<tr>\n<td>pouvoir<\/td>\n<td>0<\/td>\n<\/tr>\n<tr>\n<td>garantie<\/td>\n<td>Indisponible<\/td>\n<\/tr>\n<tr>\n<td>caract\u00e9ristique<\/td>\n<td>Haute efficacit\u00e9<\/td>\n<\/tr>\n<tr>\n<td>taux d'\u00e9limination<\/td>\n<td>1 micron ; 5 microns<\/td>\n<\/tr>\n<tr>\n<td>utilisation<\/td>\n<td>traitement de l'eau<\/td>\n<\/tr>\n<tr>\n<td>application<\/td>\n<td>l'industrie<\/td>\n<\/tr>\n<tr>\n<td>couleur<\/td>\n<td>blanc<\/td>\n<\/tr>\n<tr>\n<td>apparence<\/td>\n<td>Brillant<\/td>\n<\/tr>\n<tr>\n<td>emballage \/ type d'emballage<\/td>\n<td>bo\u00eete en papier<\/td>\n<\/tr>\n<tr>\n<td>le service apr\u00e8s-vente est assur\u00e9<\/td>\n<td>Soutien en ligne<\/td>\n<\/tr>\n<tr>\n<td>unit\u00e9s de vente<\/td>\n<td>Article unique<\/td>\n<\/tr>\n<tr>\n<td>taille de l'emballage unique<\/td>\n<td>103 \u00d7 34 \u00d7 33 cm<\/td>\n<\/tr>\n<tr>\n<td>poids brut unique<\/td>\n<td>10.500 kg<\/td>\n<\/tr>\n<\/tbody>\n<\/table>","protected":false},"excerpt":{"rendered":"<p>Une cartouche en fibre PP 40\u2033 \u00e0 haute efficacit\u00e9 qui aide \u00e0 \u00e9liminer les s\u00e9diments fins pour une eau plus propre \u00e0 la maison ou dans les syst\u00e8mes industriels, avec une assistance en ligne lorsque vous en avez besoin.<\/p>","protected":false},"featured_media":1385,"comment_status":"open","ping_status":"closed","template":"","meta":{"_gspb_post_css":""},"product_brand":[],"product_cat":[23,17],"product_tag":[687,686,688,643,306,308],"class_list":{"0":"post-1378","1":"product","2":"type-product","3":"status-publish","4":"has-post-thumbnail","6":"product_cat-pp-filter-cartridge","7":"product_cat-sediment-filter","8":"product_tag-1-micron-filtration","9":"product_tag-40-inch-pp-filter-cartridge","10":"product_tag-5-micron-filtration","11":"product_tag-pp-fiber-water-filter","12":"product_tag-sgs-certified","13":"product_tag-water-treatment","15":"first","16":"instock","17":"shipping-taxable","18":"product-type-simple"},"_links":{"self":[{"href":"https:\/\/lyfilter.com\/fr\/wp-json\/wp\/v2\/product\/1378","targetHints":{"allow":["GET"]}}],"collection":[{"href":"https:\/\/lyfilter.com\/fr\/wp-json\/wp\/v2\/product"}],"about":[{"href":"https:\/\/lyfilter.com\/fr\/wp-json\/wp\/v2\/types\/product"}],"replies":[{"embeddable":true,"href":"https:\/\/lyfilter.com\/fr\/wp-json\/wp\/v2\/comments?post=1378"}],"wp:featuredmedia":[{"embeddable":true,"href":"https:\/\/lyfilter.com\/fr\/wp-json\/wp\/v2\/media\/1385"}],"wp:attachment":[{"href":"https:\/\/lyfilter.com\/fr\/wp-json\/wp\/v2\/media?parent=1378"}],"wp:term":[{"taxonomy":"product_brand","embeddable":true,"href":"https:\/\/lyfilter.com\/fr\/wp-json\/wp\/v2\/product_brand?post=1378"},{"taxonomy":"product_cat","embeddable":true,"href":"https:\/\/lyfilter.com\/fr\/wp-json\/wp\/v2\/product_cat?post=1378"},{"taxonomy":"product_tag","embeddable":true,"href":"https:\/\/lyfilter.com\/fr\/wp-json\/wp\/v2\/product_tag?post=1378"}],"curies":[{"name":"wp","href":"https:\/\/api.w.org\/{rel}","templated":true}]}}