{"id":1303,"date":"2026-01-04T08:17:45","date_gmt":"2026-01-04T08:17:45","guid":{"rendered":"https:\/\/lyfilter.com\/?post_type=product&#038;p=1303"},"modified":"2026-01-04T08:19:32","modified_gmt":"2026-01-04T08:19:32","slug":"pp-sediment-filters-for-purifier-water-universal-water-filter-cartridges-10-20-30-40-inch","status":"publish","type":"product","link":"https:\/\/lyfilter.com\/fr\/pp-sediment-filters-for-purifier-water-universal-water-filter-cartridges-10-20-30-40-inch\/","title":{"rendered":"Filtres \u00e0 s\u00e9diments en pp pour purificateur d'eau cartouches de filtre \u00e0 eau universelles 10 20 30 40 pouces"},"content":{"rendered":"<table>\n<thead>\n<tr>\n<th><\/th>\n<th><\/th>\n<\/tr>\n<\/thead>\n<tbody>\n<tr>\n<td>vue d'ensemble<\/td>\n<td>Cartouche filtrante en PP (fibre de pp) \u00e0 haute efficacit\u00e9 pour le traitement de l'eau dans les milieux industriels et domestiques.<\/td>\n<\/tr>\n<tr>\n<td>secteurs d'activit\u00e9 concern\u00e9s<\/td>\n<td>Usine de fabrication ; usine de produits alimentaires et de boissons ; usage domestique ; traitement de l'eau<\/td>\n<\/tr>\n<tr>\n<td>lieu d'origine<\/td>\n<td>Guangdong, Chine<\/td>\n<\/tr>\n<tr>\n<td>nom de marque<\/td>\n<td>Lvyuan ; OEM ; ODM<\/td>\n<\/tr>\n<tr>\n<td>mat\u00e9riel<\/td>\n<td>pp<\/td>\n<\/tr>\n<tr>\n<td>mati\u00e8re premi\u00e8re<\/td>\n<td>pp fibre<\/td>\n<\/tr>\n<tr>\n<td>taille<\/td>\n<td>personnalis\u00e9<\/td>\n<\/tr>\n<tr>\n<td>poids<\/td>\n<td>personnalis\u00e9<\/td>\n<\/tr>\n<tr>\n<td>pouvoir<\/td>\n<td>0<\/td>\n<\/tr>\n<tr>\n<td>caract\u00e9ristique<\/td>\n<td>Haute efficacit\u00e9<\/td>\n<\/tr>\n<tr>\n<td>longueur<\/td>\n<td>10 \/ 20 \/ 30 \/ 40 pouces ou sur mesure<\/td>\n<\/tr>\n<tr>\n<td>taux d'\u00e9limination<\/td>\n<td>1 micron ; 5 microns<\/td>\n<\/tr>\n<tr>\n<td>utilisation<\/td>\n<td>traitement de l'eau<\/td>\n<\/tr>\n<tr>\n<td>application<\/td>\n<td>l'industrie<\/td>\n<\/tr>\n<tr>\n<td>couleur<\/td>\n<td>blanc<\/td>\n<\/tr>\n<tr>\n<td>apparence<\/td>\n<td>gaufr\u00e9, brillant, etc.<\/td>\n<\/tr>\n<tr>\n<td>certification<\/td>\n<td>SGS<\/td>\n<\/tr>\n<tr>\n<td>garantie<\/td>\n<td>Indisponible<\/td>\n<\/tr>\n<tr>\n<td>le service apr\u00e8s-vente est assur\u00e9<\/td>\n<td>Soutien en ligne<\/td>\n<\/tr>\n<tr>\n<td>unit\u00e9s de vente<\/td>\n<td>Article unique<\/td>\n<\/tr>\n<tr>\n<td>taille de l'emballage unique<\/td>\n<td>34 \u00d7 34 \u00d7 54 cm<\/td>\n<\/tr>\n<tr>\n<td>poids brut unique<\/td>\n<td>5.800 kg<\/td>\n<\/tr>\n<tr>\n<td>emballage \/ type d'emballage<\/td>\n<td>bo\u00eete en papier<\/td>\n<\/tr>\n<\/tbody>\n<\/table>","protected":false},"excerpt":{"rendered":"<p>Obtenez une eau plus propre et de meilleur go\u00fbt gr\u00e2ce \u00e0 cette cartouche filtrante en fibre de PP \u00e0 haute efficacit\u00e9. Elle \u00e9limine les particules fines (1-5 microns) et est disponible en longueurs de 10-40 pouces ou en tailles personnalis\u00e9es pour le traitement de l'eau \u00e0 domicile ou dans l'industrie.<\/p>","protected":false},"featured_media":1312,"comment_status":"open","ping_status":"closed","template":"","meta":{"_gspb_post_css":""},"product_brand":[],"product_cat":[23,17],"product_tag":[678,679,677,638,306,308],"class_list":{"0":"post-1303","1":"product","2":"type-product","3":"status-publish","4":"has-post-thumbnail","6":"product_cat-pp-filter-cartridge","7":"product_cat-sediment-filter","8":"product_tag-1-micron","9":"product_tag-5-micron","10":"product_tag-high-efficiency-filtration","11":"product_tag-pp-fiber-filter-cartridge","12":"product_tag-sgs-certified","13":"product_tag-water-treatment","15":"first","16":"instock","17":"shipping-taxable","18":"product-type-simple"},"_links":{"self":[{"href":"https:\/\/lyfilter.com\/fr\/wp-json\/wp\/v2\/product\/1303","targetHints":{"allow":["GET"]}}],"collection":[{"href":"https:\/\/lyfilter.com\/fr\/wp-json\/wp\/v2\/product"}],"about":[{"href":"https:\/\/lyfilter.com\/fr\/wp-json\/wp\/v2\/types\/product"}],"replies":[{"embeddable":true,"href":"https:\/\/lyfilter.com\/fr\/wp-json\/wp\/v2\/comments?post=1303"}],"wp:featuredmedia":[{"embeddable":true,"href":"https:\/\/lyfilter.com\/fr\/wp-json\/wp\/v2\/media\/1312"}],"wp:attachment":[{"href":"https:\/\/lyfilter.com\/fr\/wp-json\/wp\/v2\/media?parent=1303"}],"wp:term":[{"taxonomy":"product_brand","embeddable":true,"href":"https:\/\/lyfilter.com\/fr\/wp-json\/wp\/v2\/product_brand?post=1303"},{"taxonomy":"product_cat","embeddable":true,"href":"https:\/\/lyfilter.com\/fr\/wp-json\/wp\/v2\/product_cat?post=1303"},{"taxonomy":"product_tag","embeddable":true,"href":"https:\/\/lyfilter.com\/fr\/wp-json\/wp\/v2\/product_tag?post=1303"}],"curies":[{"name":"wp","href":"https:\/\/api.w.org\/{rel}","templated":true}]}}