{"id":1289,"date":"2026-01-04T07:45:12","date_gmt":"2026-01-04T07:45:12","guid":{"rendered":"https:\/\/lyfilter.com\/?post_type=product&#038;p=1289"},"modified":"2026-01-04T07:45:12","modified_gmt":"2026-01-04T07:45:12","slug":"big-water-filter-rate-pp-filter-core-1-5-10-microns-water-sediment-filter-cartridge-with-222-226-227-fin-plastic","status":"publish","type":"product","link":"https:\/\/lyfilter.com\/fr\/big-water-filter-rate-pp-filter-core-1-5-10-microns-water-sediment-filter-cartridge-with-222-226-227-fin-plastic\/","title":{"rendered":"Cartouche de filtre \u00e0 s\u00e9diments en PP 1\/5\/10 microns avec 222 226 227 Fin en plastique"},"content":{"rendered":"<table>\n<thead>\n<tr>\n<th>Vue d'ensemble<\/th>\n<th>Cartouche de filtre \u00e0 s\u00e9diments en PP avec bouchon en plastique<\/th>\n<\/tr>\n<\/thead>\n<tbody>\n<tr>\n<td>Condition<\/td>\n<td>Nouveau<\/td>\n<\/tr>\n<tr>\n<td>Industries concern\u00e9es<\/td>\n<td>H\u00f4tels, magasins de v\u00eatements, magasins de mat\u00e9riaux de construction, usines de fabrication, ateliers de r\u00e9paration de machines, usines de produits alimentaires et de boissons, fermes, restaurants, usage domestique, commerce de d\u00e9tail, magasins d'alimentation, imprimeries, travaux de construction, \u00e9nergie et mines, magasins de produits alimentaires et de boissons, soci\u00e9t\u00e9s de publicit\u00e9.<\/td>\n<\/tr>\n<tr>\n<td>Service apr\u00e8s-vente<\/td>\n<td>Soutien en ligne<\/td>\n<\/tr>\n<tr>\n<td>Lieu de service local<\/td>\n<td>aucun<\/td>\n<\/tr>\n<tr>\n<td>Emplacement de la salle d'exposition<\/td>\n<td>aucun<\/td>\n<\/tr>\n<tr>\n<td>Vid\u00e9o de l'inspection de sortie<\/td>\n<td>Fourni<\/td>\n<\/tr>\n<tr>\n<td>Rapport d'essai des machines<\/td>\n<td>Fourni<\/td>\n<\/tr>\n<tr>\n<td>Type de marketing<\/td>\n<td>Produit ordinaire<\/td>\n<\/tr>\n<tr>\n<td>Garantie des composants de base<\/td>\n<td>1 an<\/td>\n<\/tr>\n<tr>\n<td>Composants essentiels<\/td>\n<td>R\u00e9servoir sous pression<\/td>\n<\/tr>\n<tr>\n<td>Lieu d'origine<\/td>\n<td>Guangdong, Chine<\/td>\n<\/tr>\n<tr>\n<td>Nom de la marque<\/td>\n<td>LVYUAN\/OEM<\/td>\n<\/tr>\n<tr>\n<td>Mat\u00e9riau<\/td>\n<td>Polypropyl\u00e8ne<\/td>\n<\/tr>\n<tr>\n<td>Poids<\/td>\n<td>OEM<\/td>\n<\/tr>\n<tr>\n<td>Taille<\/td>\n<td>OEM<\/td>\n<\/tr>\n<tr>\n<td>Puissance<\/td>\n<td>0<\/td>\n<\/tr>\n<tr>\n<td>Garantie<\/td>\n<td>Indisponible<\/td>\n<\/tr>\n<tr>\n<td>Nom du produit<\/td>\n<td>Cartouche de filtre \u00e0 s\u00e9diments en PP avec bouchon en plastique<\/td>\n<\/tr>\n<tr>\n<td>Type de filtre<\/td>\n<td>Rainure, Gaufrage, Points, Logo de l'entreprise<\/td>\n<\/tr>\n<tr>\n<td>Pr\u00e9cision<\/td>\n<td>1-100 micron<\/td>\n<\/tr>\n<tr>\n<td>Diam\u00e8tre ext\u00e9rieur<\/td>\n<td>10-200mm<\/td>\n<\/tr>\n<tr>\n<td>Diam\u00e8tre int\u00e9rieur<\/td>\n<td>OEM<\/td>\n<\/tr>\n<tr>\n<td>Adaptateur de filtre<\/td>\n<td>Type plat, Type 222, Type 226, Type 215, Type 227<\/td>\n<\/tr>\n<tr>\n<td>Temp\u00e9rature la plus \u00e9lev\u00e9e<\/td>\n<td>80\u2103<\/td>\n<\/tr>\n<tr>\n<td>Chute de pression de travail<\/td>\n<td>0,1kgf\/c\u33a1<\/td>\n<\/tr>\n<tr>\n<td>Le plus \u00e9lev\u00e9 est confin\u00e9<\/td>\n<td>5kgf\/c\u33a1<\/td>\n<\/tr>\n<tr>\n<td>Chute de pression maximale<\/td>\n<td>3kgf\/c\u33a1<\/td>\n<\/tr>\n<tr>\n<td>Unit\u00e9s de vente<\/td>\n<td>Article unique<\/td>\n<\/tr>\n<tr>\n<td>Taille de l'emballage unique<\/td>\n<td>53 \u00d7 33 \u00d7 33 cm<\/td>\n<\/tr>\n<tr>\n<td>Poids brut unique<\/td>\n<td>9.000 kg<\/td>\n<\/tr>\n<tr>\n<td>Type d'emballage<\/td>\n<td>Emball\u00e9 dans un carton en papier<\/td>\n<\/tr>\n<tr>\n<td>D\u00e9lai de livraison (1-100 pcs)<\/td>\n<td>3 jours<\/td>\n<\/tr>\n<tr>\n<td>D\u00e9lai de livraison (101-500 pcs)<\/td>\n<td>5 jours<\/td>\n<\/tr>\n<tr>\n<td>D\u00e9lai de livraison (501-5000 pcs)<\/td>\n<td>10 jours<\/td>\n<\/tr>\n<tr>\n<td>D\u00e9lai de livraison (&gt;5000 pcs)<\/td>\n<td>A n\u00e9gocier<\/td>\n<\/tr>\n<\/tbody>\n<\/table>","protected":false},"excerpt":{"rendered":"<p>Cette cartouche de s\u00e9diments en PP permet de r\u00e9duire les particules visibles et de prot\u00e9ger les \u00e9quipements en aval dans les habitations et les sites industriels. Choisissez le taux de micron, le diam\u00e8tre et l'adaptateur de bouchon d'extr\u00e9mit\u00e9 pour r\u00e9pondre \u00e0 vos besoins en mati\u00e8re de logement et de d\u00e9bit.<\/p>","protected":false},"featured_media":1290,"comment_status":"open","ping_status":"closed","template":"","meta":{"_gspb_post_css":""},"product_brand":[],"product_cat":[23,17],"product_tag":[671,672,674,670,673,669],"class_list":{"0":"post-1289","1":"product","2":"type-product","3":"status-publish","4":"has-post-thumbnail","6":"product_cat-pp-filter-cartridge","7":"product_cat-sediment-filter","8":"product_tag-1-100-micron-filter-cartridge","9":"product_tag-222-226-227-adaptor","10":"product_tag-oem-water-filter-cartridge","11":"product_tag-plastic-end-cap-filter-core","12":"product_tag-polypropylene-water-filter-core","13":"product_tag-pp-sediment-filter-cartridge","15":"first","16":"instock","17":"shipping-taxable","18":"product-type-simple"},"_links":{"self":[{"href":"https:\/\/lyfilter.com\/fr\/wp-json\/wp\/v2\/product\/1289","targetHints":{"allow":["GET"]}}],"collection":[{"href":"https:\/\/lyfilter.com\/fr\/wp-json\/wp\/v2\/product"}],"about":[{"href":"https:\/\/lyfilter.com\/fr\/wp-json\/wp\/v2\/types\/product"}],"replies":[{"embeddable":true,"href":"https:\/\/lyfilter.com\/fr\/wp-json\/wp\/v2\/comments?post=1289"}],"wp:featuredmedia":[{"embeddable":true,"href":"https:\/\/lyfilter.com\/fr\/wp-json\/wp\/v2\/media\/1290"}],"wp:attachment":[{"href":"https:\/\/lyfilter.com\/fr\/wp-json\/wp\/v2\/media?parent=1289"}],"wp:term":[{"taxonomy":"product_brand","embeddable":true,"href":"https:\/\/lyfilter.com\/fr\/wp-json\/wp\/v2\/product_brand?post=1289"},{"taxonomy":"product_cat","embeddable":true,"href":"https:\/\/lyfilter.com\/fr\/wp-json\/wp\/v2\/product_cat?post=1289"},{"taxonomy":"product_tag","embeddable":true,"href":"https:\/\/lyfilter.com\/fr\/wp-json\/wp\/v2\/product_tag?post=1289"}],"curies":[{"name":"wp","href":"https:\/\/api.w.org\/{rel}","templated":true}]}}