{"id":1288,"date":"2026-01-04T07:48:47","date_gmt":"2026-01-04T07:48:47","guid":{"rendered":"https:\/\/lyfilter.com\/?post_type=product&#038;p=1288"},"modified":"2026-01-04T07:48:47","modified_gmt":"2026-01-04T07:48:47","slug":"10um-porous-plastic-pp-bond-5-micron-spun-polypropylene-filter-cartridge-for-gas-air-water-purification-spare-parts","status":"publish","type":"product","link":"https:\/\/lyfilter.com\/fr\/10um-porous-plastic-pp-bond-5-micron-spun-polypropylene-filter-cartridge-for-gas-air-water-purification-spare-parts\/","title":{"rendered":"10um Plastique poreux PP bond 5 micron cartouche filtrante en polypropyl\u00e8ne pour gaz air eau purification pi\u00e8ces d\u00e9tach\u00e9es"},"content":{"rendered":"<table>\n<thead>\n<tr>\n<th>Vue d'ensemble<\/th>\n<th>Cartouche filtrante fil\u00e9e (PP fil\u00e9) pour la filtration de l'eau \/ pi\u00e8ces RO<\/th>\n<\/tr>\n<\/thead>\n<tbody>\n<tr>\n<td>Condition<\/td>\n<td>Nouveau<\/td>\n<\/tr>\n<tr>\n<td>Industries concern\u00e9es<\/td>\n<td>H\u00f4tels, magasins de v\u00eatements, magasins de mat\u00e9riaux de construction, usines de fabrication, ateliers de r\u00e9paration de machines, usines de produits alimentaires et de boissons, fermes, restaurants, usage domestique, commerce de d\u00e9tail, magasins d'alimentation, imprimeries, travaux de construction, \u00e9nergie et mines, magasins de produits alimentaires et de boissons, soci\u00e9t\u00e9s de publicit\u00e9.<\/td>\n<\/tr>\n<tr>\n<td>Lieu d'origine<\/td>\n<td>Guangdong, Chine<\/td>\n<\/tr>\n<tr>\n<td>Nom de la marque<\/td>\n<td>Lvyuan \/ OEM<\/td>\n<\/tr>\n<tr>\n<td>Mat\u00e9riau<\/td>\n<td>polypropyl\u00e8ne<\/td>\n<\/tr>\n<tr>\n<td>Poids<\/td>\n<td>d\u00e9pend<\/td>\n<\/tr>\n<tr>\n<td>Taille<\/td>\n<td>standard ou personnalisation<\/td>\n<\/tr>\n<tr>\n<td>Puissance<\/td>\n<td>0<\/td>\n<\/tr>\n<tr>\n<td>Garantie<\/td>\n<td>Indisponible<\/td>\n<\/tr>\n<tr>\n<td>Nom du produit<\/td>\n<td>cartouche filtrante fil\u00e9e<\/td>\n<\/tr>\n<tr>\n<td>Taux de micron<\/td>\n<td>Cartouche de filtres 1 \/ 3 \/ 5 \/ 10 \/ 25 \/ 50 \/ 75 \/ 100 microns<\/td>\n<\/tr>\n<tr>\n<td>Certification<\/td>\n<td>CE, SGS<\/td>\n<\/tr>\n<tr>\n<td>Application<\/td>\n<td>pi\u00e8ces pour filtres \u00e0 eau, osmose inverse<\/td>\n<\/tr>\n<tr>\n<td>Longueur<\/td>\n<td>5\u2033, 10\u2033, 20\u2033, 30\u2033, 40\u2033, 50\u201d pouces<\/td>\n<\/tr>\n<tr>\n<td>M\u00e9dia filtrant<\/td>\n<td>Polypropyl\u00e8ne PP fil\u00e9<\/td>\n<\/tr>\n<tr>\n<td>Capuchon d'extr\u00e9mit\u00e9<\/td>\n<td>DOE \/ 222Fin \/ 226Fin \/ 222Flat \/ 226Flat<\/td>\n<\/tr>\n<tr>\n<td>Mat\u00e9riau du joint\/de l'anneau<\/td>\n<td>Silicone \/ EPDM \/ Viton<\/td>\n<\/tr>\n<tr>\n<td>Utilisation<\/td>\n<td>Filtre \u00e0 cartouche pour liquides<\/td>\n<\/tr>\n<tr>\n<td>Noyau interne<\/td>\n<td>PP, acier inoxydable, aucun<\/td>\n<\/tr>\n<tr>\n<td>Service apr\u00e8s-vente<\/td>\n<td>Soutien en ligne<\/td>\n<\/tr>\n<tr>\n<td>Capacit\u00e9 d'approvisionnement<\/td>\n<td>5000 Piece\/Pieces par jour (filtre en fibre de verre)<\/td>\n<\/tr>\n<\/tbody>\n<\/table>","protected":false},"excerpt":{"rendered":"<p>Cette cartouche fil\u00e9e en PP permet d'\u00e9liminer les s\u00e9diments et les particules fines afin d'assurer le bon fonctionnement des syst\u00e8mes d'eau dans les habitations et les sites industriels. Choisissez le taux de micron, la longueur, le style de capuchon d'extr\u00e9mit\u00e9 et l'option de noyau pour s'adapter \u00e0 votre bo\u00eetier.<\/p>","protected":false},"featured_media":1297,"comment_status":"open","ping_status":"closed","template":"","meta":{"_gspb_post_css":""},"product_brand":[],"product_cat":[23,17],"product_tag":[671,650,675,649,655,676],"class_list":{"0":"post-1288","1":"product","2":"type-product","3":"status-publish","4":"has-post-thumbnail","6":"product_cat-pp-filter-cartridge","7":"product_cat-sediment-filter","8":"product_tag-1-100-micron-filter-cartridge","9":"product_tag-doe-222-226-end-cap","10":"product_tag-pp-spun-filter-cartridge","11":"product_tag-reverse-osmosis-prefilter","12":"product_tag-silicon-epdm-viton-o-ring","13":"product_tag-spun-bond-sediment-filter","15":"first","16":"instock","17":"shipping-taxable","18":"product-type-simple"},"_links":{"self":[{"href":"https:\/\/lyfilter.com\/fr\/wp-json\/wp\/v2\/product\/1288","targetHints":{"allow":["GET"]}}],"collection":[{"href":"https:\/\/lyfilter.com\/fr\/wp-json\/wp\/v2\/product"}],"about":[{"href":"https:\/\/lyfilter.com\/fr\/wp-json\/wp\/v2\/types\/product"}],"replies":[{"embeddable":true,"href":"https:\/\/lyfilter.com\/fr\/wp-json\/wp\/v2\/comments?post=1288"}],"wp:featuredmedia":[{"embeddable":true,"href":"https:\/\/lyfilter.com\/fr\/wp-json\/wp\/v2\/media\/1297"}],"wp:attachment":[{"href":"https:\/\/lyfilter.com\/fr\/wp-json\/wp\/v2\/media?parent=1288"}],"wp:term":[{"taxonomy":"product_brand","embeddable":true,"href":"https:\/\/lyfilter.com\/fr\/wp-json\/wp\/v2\/product_brand?post=1288"},{"taxonomy":"product_cat","embeddable":true,"href":"https:\/\/lyfilter.com\/fr\/wp-json\/wp\/v2\/product_cat?post=1288"},{"taxonomy":"product_tag","embeddable":true,"href":"https:\/\/lyfilter.com\/fr\/wp-json\/wp\/v2\/product_tag?post=1288"}],"curies":[{"name":"wp","href":"https:\/\/api.w.org\/{rel}","templated":true}]}}