{"id":1236,"date":"2026-01-04T06:54:16","date_gmt":"2026-01-04T06:54:16","guid":{"rendered":"https:\/\/lyfilter.com\/?post_type=product&#038;p=1236"},"modified":"2026-01-07T07:01:57","modified_gmt":"2026-01-07T07:01:57","slug":"water-associate-udf-activated-cto-compressed-carbon-pp-sediment-filter-cartridge-for-drinking-water-purifier-prefiltering-1-water-associate-udf-activated-cto-compressed-carbon-pp-sediment-filter-cartr","status":"publish","type":"product","link":"https:\/\/lyfilter.com\/fr\/water-associate-udf-activated-cto-compressed-carbon-pp-sediment-filter-cartridge-for-drinking-water-purifier-prefiltering-1-water-associate-udf-activated-cto-compressed-carbon-pp-sediment-filter-cartr\/","title":{"rendered":"Cartouche de filtre \u00e0 s\u00e9diments en charbon actif CTO comprim\u00e9 PP pour purificateur d'eau potable Pr\u00e9filtration"},"content":{"rendered":"<table>\n<thead>\n<tr>\n<th>Vue d'ensemble<\/th>\n<th>Cartouche filtrante au charbon UDF\/CTO pour l'eau potable (s\u00e9rie LY-PPF)<\/th>\n<\/tr>\n<\/thead>\n<tbody>\n<tr>\n<td>Lieu d'origine<\/td>\n<td>Guangdong, Chine<\/td>\n<\/tr>\n<tr>\n<td>Nom de la marque<\/td>\n<td>Lvyuan \/ OEM<\/td>\n<\/tr>\n<tr>\n<td>Num\u00e9ro de mod\u00e8le<\/td>\n<td>S\u00e9rie LY-PPF<\/td>\n<\/tr>\n<tr>\n<td>Nom du produit<\/td>\n<td>cartouche de filtre \u00e0 charbon udf cto pour l'eau potable<\/td>\n<\/tr>\n<tr>\n<td>Taux de micron<\/td>\n<td>1, 3, 5, 10 ~100<\/td>\n<\/tr>\n<tr>\n<td>Certification<\/td>\n<td>CE, SGS<\/td>\n<\/tr>\n<tr>\n<td>Application<\/td>\n<td>pi\u00e8ces pour filtres \u00e0 eau, osmose inverse<\/td>\n<\/tr>\n<tr>\n<td>Utilisation<\/td>\n<td>Filtre \u00e0 cartouche pour liquides<\/td>\n<\/tr>\n<tr>\n<td>Longueur<\/td>\n<td>5\u2033, 10\u2033, 20\u2033, 30\u2033, 40\u2033, 50\u201d pouces<\/td>\n<\/tr>\n<tr>\n<td>M\u00e9dia filtrant<\/td>\n<td>Cartouche de filtre souffl\u00e9 par fusion en pp<\/td>\n<\/tr>\n<tr>\n<td>Capuchon d'extr\u00e9mit\u00e9<\/td>\n<td>DOE, 222+Fin, 222+Flat, 226+Fin, 226+Flat<\/td>\n<\/tr>\n<tr>\n<td>Mat\u00e9riau du joint\/de l'anneau<\/td>\n<td>Silicone \/ EPDM \/ Viton<\/td>\n<\/tr>\n<tr>\n<td>Noyau interne<\/td>\n<td>PP ou Aucun<\/td>\n<\/tr>\n<tr>\n<td>Capacit\u00e9 d'approvisionnement<\/td>\n<td>5000 Piece\/Pieces par Jour (udf cto carbon filter cartridge for drinking water)<\/td>\n<\/tr>\n<\/tbody>\n<\/table>","protected":false},"excerpt":{"rendered":"<p>Cette cartouche UDF\/CTO est con\u00e7ue pour obtenir une eau potable au go\u00fbt plus pur et des syst\u00e8mes RO en r\u00e9duisant les particules ind\u00e9sirables et en aidant \u00e0 prot\u00e9ger les filtres en aval. Choisissez le taux de micron, la longueur, le style de l'embout et le mat\u00e9riau du joint torique pour l'adapter \u00e0 votre bo\u00eetier.<\/p>","protected":false},"featured_media":1244,"comment_status":"open","ping_status":"closed","template":"","meta":{"_gspb_post_css":""},"product_brand":[],"product_cat":[23,17],"product_tag":[653,650,654,649,655,652],"class_list":{"0":"post-1236","1":"product","2":"type-product","3":"status-publish","4":"has-post-thumbnail","6":"product_cat-pp-filter-cartridge","7":"product_cat-sediment-filter","8":"product_tag-cto-carbon-filter-cartridge","9":"product_tag-doe-222-226-end-cap","10":"product_tag-drinking-water-filter","11":"product_tag-reverse-osmosis-prefilter","12":"product_tag-silicon-epdm-viton-o-ring","13":"product_tag-udf-carbon-filter-cartridge","15":"first","16":"instock","17":"shipping-taxable","18":"product-type-simple"},"_links":{"self":[{"href":"https:\/\/lyfilter.com\/fr\/wp-json\/wp\/v2\/product\/1236","targetHints":{"allow":["GET"]}}],"collection":[{"href":"https:\/\/lyfilter.com\/fr\/wp-json\/wp\/v2\/product"}],"about":[{"href":"https:\/\/lyfilter.com\/fr\/wp-json\/wp\/v2\/types\/product"}],"replies":[{"embeddable":true,"href":"https:\/\/lyfilter.com\/fr\/wp-json\/wp\/v2\/comments?post=1236"}],"wp:featuredmedia":[{"embeddable":true,"href":"https:\/\/lyfilter.com\/fr\/wp-json\/wp\/v2\/media\/1244"}],"wp:attachment":[{"href":"https:\/\/lyfilter.com\/fr\/wp-json\/wp\/v2\/media?parent=1236"}],"wp:term":[{"taxonomy":"product_brand","embeddable":true,"href":"https:\/\/lyfilter.com\/fr\/wp-json\/wp\/v2\/product_brand?post=1236"},{"taxonomy":"product_cat","embeddable":true,"href":"https:\/\/lyfilter.com\/fr\/wp-json\/wp\/v2\/product_cat?post=1236"},{"taxonomy":"product_tag","embeddable":true,"href":"https:\/\/lyfilter.com\/fr\/wp-json\/wp\/v2\/product_tag?post=1236"}],"curies":[{"name":"wp","href":"https:\/\/api.w.org\/{rel}","templated":true}]}}