{"id":1223,"date":"2026-01-04T06:46:40","date_gmt":"2026-01-04T06:46:40","guid":{"rendered":"https:\/\/lyfilter.com\/?post_type=product&#038;p=1223"},"modified":"2026-01-04T06:46:40","modified_gmt":"2026-01-04T06:46:40","slug":"oem-customized-polypropylene-melt-blown-filter-with-pp-water-filter-media-1-5-10-100micron","status":"publish","type":"product","link":"https:\/\/lyfilter.com\/fr\/oem-customized-polypropylene-melt-blown-filter-with-pp-water-filter-media-1-5-10-100micron\/","title":{"rendered":"OEM personnalis\u00e9 Filtre en polypropyl\u00e8ne souffl\u00e9 par fusion avec m\u00e9dia filtrant en PP pour l'eau 1 5 10 100micron"},"content":{"rendered":"<table>\n<thead>\n<tr>\n<th>Vue d'ensemble<\/th>\n<th>Cartouche filtrante en polypropyl\u00e8ne fondu-souffl\u00e9 (s\u00e9rie LY-PPF)<\/th>\n<\/tr>\n<\/thead>\n<tbody>\n<tr>\n<td>Lieu d'origine<\/td>\n<td>Guangdong, Chine<\/td>\n<\/tr>\n<tr>\n<td>Nom de la marque<\/td>\n<td>Lvyuan \/ OEM<\/td>\n<\/tr>\n<tr>\n<td>Num\u00e9ro de mod\u00e8le<\/td>\n<td>S\u00e9rie LY-PPF<\/td>\n<\/tr>\n<tr>\n<td>Nom du produit<\/td>\n<td>filtre en polypropyl\u00e8ne souffl\u00e9 par fusion<\/td>\n<\/tr>\n<tr>\n<td>Taux de micron<\/td>\n<td>Cartouche de filtres de 1, 3, 5, 10~100 microns<\/td>\n<\/tr>\n<tr>\n<td>Certification<\/td>\n<td>CE, SGS<\/td>\n<\/tr>\n<tr>\n<td>Application<\/td>\n<td>pi\u00e8ces pour filtres \u00e0 eau, osmose inverse<\/td>\n<\/tr>\n<tr>\n<td>Utilisation<\/td>\n<td>Filtre \u00e0 cartouche pour liquides<\/td>\n<\/tr>\n<tr>\n<td>Longueur<\/td>\n<td>5\u2033, 10\u2033, 20\u2033, 30\u2033, 40\u2033, 50\u201d pouces<\/td>\n<\/tr>\n<tr>\n<td>M\u00e9dia filtrant<\/td>\n<td>Membrane en polypropyl\u00e8ne PP<\/td>\n<\/tr>\n<tr>\n<td>Capuchon d'extr\u00e9mit\u00e9<\/td>\n<td>DOE, 222+Fin, 222+Flat, 226+Fin, 226+Flat<\/td>\n<\/tr>\n<tr>\n<td>OEM Diam\u00e8tre ext\u00e9rieur<\/td>\n<td>Option de 15 mm \u00e0 200 mm<\/td>\n<\/tr>\n<tr>\n<td>Noyau interne<\/td>\n<td>PP ou Aucun<\/td>\n<\/tr>\n<tr>\n<td>Capacit\u00e9 d'approvisionnement<\/td>\n<td>5000 Pi\u00e8ces\/Pi\u00e8ces par Jour (m\u00e9dia filtrant pour l'eau en pp)<\/td>\n<\/tr>\n<\/tbody>\n<\/table>","protected":false},"excerpt":{"rendered":"<p>Cette cartouche en PP souffl\u00e9 aide \u00e0 prot\u00e9ger les syst\u00e8mes d'eau et les unit\u00e9s d'osmose inverse en retenant les particules fines. Choisissez le taux de micron, la longueur, le style de l'embout et le diam\u00e8tre qui conviennent \u00e0 votre bo\u00eetier, avec des options OEM disponibles.<\/p>","protected":false},"featured_media":1242,"comment_status":"open","ping_status":"closed","template":"","meta":{"_gspb_post_css":""},"product_brand":[],"product_cat":[23,17],"product_tag":[644,650,651,647,648,649],"class_list":{"0":"post-1223","1":"product","2":"type-product","3":"status-publish","4":"has-post-thumbnail","6":"product_cat-pp-filter-cartridge","7":"product_cat-sediment-filter","8":"product_tag-1-micron-filter-cartridge","9":"product_tag-doe-222-226-end-cap","10":"product_tag-oem-diameter-filter","11":"product_tag-polypropylene-melt-blown-filter","12":"product_tag-pp-filter-cartridge","13":"product_tag-reverse-osmosis-prefilter","15":"first","16":"instock","17":"shipping-taxable","18":"product-type-simple"},"_links":{"self":[{"href":"https:\/\/lyfilter.com\/fr\/wp-json\/wp\/v2\/product\/1223","targetHints":{"allow":["GET"]}}],"collection":[{"href":"https:\/\/lyfilter.com\/fr\/wp-json\/wp\/v2\/product"}],"about":[{"href":"https:\/\/lyfilter.com\/fr\/wp-json\/wp\/v2\/types\/product"}],"replies":[{"embeddable":true,"href":"https:\/\/lyfilter.com\/fr\/wp-json\/wp\/v2\/comments?post=1223"}],"wp:featuredmedia":[{"embeddable":true,"href":"https:\/\/lyfilter.com\/fr\/wp-json\/wp\/v2\/media\/1242"}],"wp:attachment":[{"href":"https:\/\/lyfilter.com\/fr\/wp-json\/wp\/v2\/media?parent=1223"}],"wp:term":[{"taxonomy":"product_brand","embeddable":true,"href":"https:\/\/lyfilter.com\/fr\/wp-json\/wp\/v2\/product_brand?post=1223"},{"taxonomy":"product_cat","embeddable":true,"href":"https:\/\/lyfilter.com\/fr\/wp-json\/wp\/v2\/product_cat?post=1223"},{"taxonomy":"product_tag","embeddable":true,"href":"https:\/\/lyfilter.com\/fr\/wp-json\/wp\/v2\/product_tag?post=1223"}],"curies":[{"name":"wp","href":"https:\/\/api.w.org\/{rel}","templated":true}]}}