{"id":911,"date":"2025-12-25T03:24:53","date_gmt":"2025-12-25T03:24:53","guid":{"rendered":"https:\/\/lyfilter.com\/?post_type=product&#038;p=911"},"modified":"2025-12-25T03:24:53","modified_gmt":"2025-12-25T03:24:53","slug":"10-20jumb-water-filter-cartridge-pp-melt-blown-sediment-water-filter-cartridge-5-micron","status":"publish","type":"product","link":"https:\/\/lyfilter.com\/es\/10-20jumb-water-filter-cartridge-pp-melt-blown-sediment-water-filter-cartridge-5-micron\/","title":{"rendered":"10 20\u2033Jumb cartucho de filtro de agua PP fundido soplado sedimento cartucho de filtro de agua 5 micras"},"content":{"rendered":"<div class=\"pro_aliData\">\n<div class=\"detail-box\">\n<div class=\"scc-wrapper detail-module module-productSpecification\" data-spm=\"pronpeci14\">\n<div id=\"J-rich-text-description\" class=\"richtext richtext-detail rich-text-description\">\n<div id=\"detail_decorate_root\" data-host=\"112311420\" data-id=\"detail_decorate_root\">\n<div id=\"_root\" class=\"engine-app\" data-reactroot=\"\">\n<div id=\"ali-anchor-AliMagic-7f7ca7\" class=\"magic-0\" data-section=\"AliMagic-7f7ca7\" data-section-title=\"Product Description\">Descripci\u00f3n del producto<\/div>\n<div class=\"icbu-pc-images magic-1\">\n<div>\n<div class=\"flex-layout-v\">\n<div class=\"flex-layout-h magic-1\">\n<div class=\"magic-2\"><img decoding=\"async\" class=\"magic-3\" src=\"https:\/\/img.yfisher.com\/m6076\/1725726990g0q\/jpg70-t3-scale100.webp\" alt=\"10 20Jumb Cartucho de Filtro de Agua PP Melt Blown Sedimento Cartucho de Filtro de Agua 5 micras 7\" data-lazy=\"2\" title=\"\"><\/div>\n<\/div>\n<\/div>\n<\/div>\n<\/div>\n<div class=\"detail-decorate-json-renderer-container\">\n<div class=\"magic-4\">\n<div class=\"magic-5\">\n<div class=\"magic-6\">\n<div class=\"magic-7\">\n<p class=\"magic-8\"><b>Descripci\u00f3n general<\/b><\/p>\n<p class=\"magic-8\"><span style=\"font-family: Arial, Helvetica;\">Lvyuan pp <a href=\"https:\/\/lyfilter.com\/es\/melt-blown-filter-cartridge.html\/\">cartucho filtrante fundido soplado<\/a> es un tipo de cartucho de filtro est\u00e1ndar y simple para la purificaci\u00f3n del agua. Est\u00e1 fusionado y entrelazado de fibra de polipropileno sin ning\u00fan tipo de colas qu\u00edmicas.<\/p>\n<p>Est\u00e1 hecho de 100% materia prima de polipropileno puro. este cartucho de filtro son radom para formar 3D micro poro que har\u00e1 que el cartucho de 3 capas con fibras finas en la superficie y fibra gruesa y filtraci\u00f3n profunda. Como la fibra y la densidad de alto grado de filtraci\u00f3n y la capacidad de retenci\u00f3n de contaminantes en el di\u00e1metro del cartucho de filtro, baja ca\u00edda de presi\u00f3n, el cambio gradual de filtraci\u00f3n profunda strcture con losse exterior e interior cerca, fuerte capacidad de retenci\u00f3n de contaminantes, puede eliminar los contaminantes de manera efectiva, tales como sustancias en suspensi\u00f3n, part\u00edculas y el \u00f3xido, proporcionando una filtraci\u00f3n eficiente y larga vida serivce.<\/span><\/p>\n<\/div>\n<\/div>\n<\/div>\n<\/div>\n<\/div>\n<div class=\"icbu-pc-images magic-1\">\n<div>\n<div class=\"flex-layout-v\">\n<div class=\"flex-layout-h magic-1\">\n<div class=\"magic-9\"><img decoding=\"async\" class=\"magic-10\" src=\"https:\/\/img.yfisher.com\/m6076\/17257276796e1\/jpg70-t3-scale100.webp\" alt=\"10 20Jumb Cartucho de Filtro de Agua PP Melt Blown Sedimento Cartucho de Filtro de Agua 5 micras 9\" data-lazy=\"2\" title=\"\"><\/div>\n<\/div>\n<\/div>\n<\/div>\n<\/div>\n<div class=\"detail-decorate-json-renderer-container\">\n<div class=\"magic-4\">\n<div class=\"magic-5\">\n<div class=\"magic-6\">\n<div class=\"magic-7\">\n<p class=\"magic-8\"><b>Caracter\u00edsticas:<\/b><\/p>\n<p>1. Alta capacidad de retenci\u00f3n de la suciedad y larga vida \u00fatil.<\/p>\n<p>2. Sello de acero de tama\u00f1o y logotipo personalizados.<\/p>\n<p>3. No provocar\u00eda la ca\u00edda de fibras.<\/p>\n<\/div>\n<\/div>\n<\/div>\n<\/div>\n<\/div>\n<div class=\"icbu-pc-images magic-1\">\n<div>\n<div class=\"flex-layout-v\">\n<div class=\"flex-layout-h magic-1\">\n<div class=\"magic-11\"><img decoding=\"async\" class=\"magic-12\" src=\"https:\/\/img.yfisher.com\/m6076\/172572699030m\/jpg70-t3-scale100.webp\" alt=\"10 20Jumb Cartucho de Filtro de Agua PP Melt Blown Sedimento Cartucho de Filtro de Agua 5 micras 11\" data-lazy=\"2\" title=\"\"><\/div>\n<\/div>\n<\/div>\n<\/div>\n<\/div>\n<div class=\"detail-decorate-json-renderer-container\">\n<div class=\"magic-4\">\n<div class=\"magic-5\">\n<div class=\"magic-6\">\n<div class=\"magic-7\">\n<p class=\"magic-8\"><b>\u00a0Lvyuan pp <a href=\"https:\/\/lyfilter.com\/es\/sediment-filter.html\/\">filtro de sedimentos<\/a> especificaci\u00f3n:<\/b><\/p>\n<\/div>\n<\/div>\n<\/div>\n<\/div>\n<\/div>\n<div class=\"ife-detail-decorate-table\">\n<div class=\"table-responsive\">\n<table class=\"all magic-13\">\n<tbody>\n<tr>\n<td>\n<div class=\"magic-14\">Material del medio filtrante<\/div>\n<\/td>\n<td>\n<div class=\"magic-15\">PP(polipropileno)<\/div>\n<\/td>\n<\/tr>\n<tr>\n<td>\n<div class=\"magic-14\">N\u00facleo intermedio\/Capuchones finales<\/div>\n<\/td>\n<td>\n<div class=\"magic-15\">PP\/ninguno<\/div>\n<\/td>\n<\/tr>\n<tr>\n<td>\n<div class=\"magic-14\">Material de la junta<\/div>\n<\/td>\n<td>\n<div class=\"magic-15\">Silicona, EPDM, NBR, VITON, TEFLON, etc.<\/div>\n<\/td>\n<\/tr>\n<tr>\n<td>\n<div class=\"magic-14\">Adaptadores<\/div>\n<\/td>\n<td>\n<div class=\"magic-15\">DOE, 222plana, 222aleta, 226plana, 226aleta o personalizada<\/div>\n<\/td>\n<\/tr>\n<tr>\n<td>\n<div class=\"magic-14\">Superficie<\/div>\n<\/td>\n<td>\n<div class=\"magic-15\">Brillante, Estriado, Gofrado, Agujereado, Superficie de piel de naranja<\/div>\n<\/td>\n<\/tr>\n<tr>\n<td>\n<div class=\"magic-14\">Di\u00e1metro interior<\/div>\n<\/td>\n<td>\n<div class=\"magic-15\">28 mm, 30 mm o personalizado<\/div>\n<\/td>\n<\/tr>\n<tr>\n<td>\n<div class=\"magic-14\">Di\u00e1metro exterior<\/div>\n<\/td>\n<td>\n<div class=\"magic-15\">63 mm, 65 mm o personalizado<\/div>\n<\/td>\n<\/tr>\n<tr>\n<td>\n<div class=\"magic-14\">Longitud<\/div>\n<\/td>\n<td>\n<div class=\"magic-15\">10 pulgadas, 20 pulgadas, 30 pulgadas, 40 pulgadas<\/div>\n<\/td>\n<\/tr>\n<tr>\n<td>\n<div class=\"magic-14\">Presi\u00f3n diferencial m\u00e1xima<\/div>\n<\/td>\n<td>\n<div class=\"magic-15\">3,5 bar a 20\u2103<\/div>\n<\/td>\n<\/tr>\n<tr>\n<td>\n<div class=\"magic-14\">Temperatura m\u00e1xima de funcionamiento<\/div>\n<\/td>\n<td>\n<div class=\"magic-15\">82\u2103<\/div>\n<\/td>\n<\/tr>\n<tr>\n<td>\n<div class=\"magic-14\">Presi\u00f3n diferencial de sustituci\u00f3n<\/div>\n<\/td>\n<td>\n<div class=\"magic-15\">1-1,5bar<\/div>\n<\/td>\n<\/tr>\n<\/tbody>\n<\/table>\n<\/div>\n<\/div>\n<div class=\"detail-decorate-json-renderer-container\">\n<div class=\"magic-4\">\n<div class=\"magic-5\">\n<div class=\"magic-6\">\n<div class=\"magic-7\">\n<p class=\"magic-8\"><b>Con 10 a\u00f1os de fabricaci\u00f3n en pp fundido soplado filtro, podemos aceptar especificaci\u00f3n personalizada, adaptadores personalizados, superficie personalizada, gramo personalizado.<\/b><\/p>\n<\/div>\n<\/div>\n<\/div>\n<\/div>\n<\/div>\n<div class=\"detail-decorate-json-renderer-container\">\n<div class=\"magic-4\">\n<div class=\"magic-16\">\n<div class=\"magic-17\">\n<div class=\"magic-17\">\n<div class=\"magic-18\"><img decoding=\"async\" class=\"magic-19\" src=\"https:\/\/img.yfisher.com\/m6076\/1725726990f1j\/jpg70-t3-scale100.webp\" alt=\"10 20Jumb Cartucho de Filtro de Agua PP Melt Blown Sedimento Cartucho de Filtro de Agua 5 micras 13\" data-id=\"img0\" data-lazy=\"2\" title=\"\"><\/div>\n<\/div>\n<\/div>\n<div class=\"magic-6\">\n<div class=\"magic-7\" data-id=\"paragraph0\">\n<p class=\"magic-8\">especificaci\u00f3n personalizada<\/p>\n<\/div>\n<\/div>\n<\/div>\n<div class=\"magic-16\">\n<div class=\"magic-17\">\n<div class=\"magic-17\">\n<div class=\"magic-18\"><img decoding=\"async\" class=\"magic-20\" src=\"https:\/\/img.yfisher.com\/m6076\/1725726990yl3\/jpg70-t3-scale100.webp\" alt=\"10 20Jumb Cartucho de Filtro de Agua PP Melt Blown Sedimento Cartucho de Filtro de Agua 5 micras 15\" data-id=\"img1\" data-lazy=\"2\" title=\"\"><\/div>\n<\/div>\n<\/div>\n<div class=\"magic-6\">\n<div class=\"magic-7\" data-id=\"paragraph1\">\n<p class=\"magic-8\">multiadaptador\/soe<\/p>\n<\/div>\n<\/div>\n<\/div>\n<div class=\"magic-16\">\n<div class=\"magic-17\">\n<div class=\"magic-17\">\n<div class=\"magic-18\"><img decoding=\"async\" class=\"magic-20\" src=\"https:\/\/img.yfisher.com\/m6076\/17257269907i1\/jpg70-t3-scale100.webp\" alt=\"10 20Jumb Cartucho de Filtro de Agua PP Melt Blown Sedimento Cartucho de Filtro de Agua 5 micras 17\" data-id=\"img2\" data-lazy=\"2\" title=\"\"><\/div>\n<\/div>\n<\/div>\n<div class=\"magic-6\">\n<div class=\"magic-7\" data-id=\"paragraph2\">\n<p class=\"magic-8\">5 tipos de superficie<\/p>\n<\/div>\n<\/div>\n<\/div>\n<\/div>\n<\/div>\n<div class=\"detail-decorate-json-renderer-container\">\n<div class=\"magic-4\">\n<div class=\"magic-5\">\n<div class=\"magic-6\">\n<div class=\"magic-7\">\n<p class=\"magic-8\"><b>Servicio de personalizaci\u00f3n:<\/b><\/p>\n<p>1. Acepta tama\u00f1o y longitud personalizados.               2. 2. Aceptamos adaptadores personalizados.<\/p>\n<p>3. Aceptar personalizar la apariencia.                        4. Acepta dos precisiones.<\/p>\n<p>5. Acepta gramos personalizados<\/p>\n<\/div>\n<\/div>\n<\/div>\n<\/div>\n<\/div>\n<div class=\"icbu-pc-images magic-1\">\n<div>\n<div class=\"flex-layout-v\">\n<div class=\"flex-layout-h magic-1\">\n<div class=\"magic-21\"><img decoding=\"async\" class=\"magic-22\" src=\"https:\/\/img.yfisher.com\/m6076\/172572699016s\/jpg70-t3-scale100.webp\" alt=\"10 20Jumb Cartucho de Filtro de Agua PP Melt Blown Sedimento Cartucho de Filtro de Agua 5 micras 19\" data-lazy=\"2\" title=\"\"><\/div>\n<\/div>\n<\/div>\n<\/div>\n<\/div>\n<div id=\"ali-anchor-AliMagic-645o81\" class=\"magic-0\" data-section=\"AliMagic-645o81\" data-section-title=\"Application\">Aplicaci\u00f3n<\/div>\n<div class=\"detail-decorate-json-renderer-container\">\n<div class=\"magic-4\">\n<div class=\"magic-5\">\n<div class=\"magic-6\">\n<div class=\"magic-7\">\n<p class=\"magic-8\">1. Pretratamiento del agua del grifo con \u00f3smosis inversa<\/p>\n<p>2. Agua industrial, filtraci\u00f3n de chapado<\/p>\n<p>3. 3. Alimentos y bebidas<\/p>\n<p>4. Prefiltraci\u00f3n de agua est\u00e9ril y agua ultrapura<\/p>\n<p>5. Agua qu\u00edmica y disolvente<\/p>\n<\/div>\n<\/div>\n<\/div>\n<\/div>\n<\/div>\n<div class=\"icbu-pc-images magic-1\">\n<div>\n<div class=\"flex-layout-v\">\n<div class=\"flex-layout-h magic-1\">\n<div class=\"magic-23\"><img decoding=\"async\" class=\"magic-24\" src=\"https:\/\/img.yfisher.com\/m6076\/1725726940dfq\/jpg70-t3-scale100.webp\" alt=\"10 20Jumb Cartucho de Filtro de Agua PP Melt Blown Sedimento Cartucho de Filtro de Agua 5 micras 21\" data-lazy=\"2\" title=\"\"><\/div>\n<\/div>\n<\/div>\n<\/div>\n<\/div>\n<div class=\"icbu-pc-images magic-1\">\n<div>\n<div class=\"flex-layout-v\">\n<div class=\"flex-layout-h magic-1\">\n<div class=\"magic-25\"><img decoding=\"async\" class=\"magic-26\" src=\"https:\/\/img.yfisher.com\/m6076\/17257269068bl\/jpg70-t3-scale100.webp\" alt=\"10 20Jumb Cartucho de Filtro de Agua PP Melt Blown Sedimento Cartucho de Filtro de Agua 5 micras 23\" data-lazy=\"2\" title=\"\"><\/div>\n<\/div>\n<\/div>\n<\/div>\n<\/div>\n<div id=\"ali-anchor-AliMagic-ckj1od\" class=\"magic-0\" data-section=\"AliMagic-ckj1od\" data-section-title=\"Related Products\">Productos relacionados<\/div>\n<div class=\"detail-decorate-json-renderer-container\">\n<div class=\"magic-4\">\n<div class=\"magic-5\">\n<div class=\"magic-6\">\n<div class=\"magic-7\">\n<p class=\"magic-8\"><b>Nuestros productos est\u00e1n de acuerdo con las normas internacionales y la exportaci\u00f3n a muchos pa\u00edses y regiones. tienen buena quailty y buen precio. ll\u00e1mame, +86 13574135485, vamos a hablar de los detalles.<\/b><\/p>\n<\/div>\n<\/div>\n<\/div>\n<\/div>\n<\/div>\n<div class=\"icbu-pc-images magic-1\">\n<div>\n<div class=\"flex-layout-v\">\n<div class=\"flex-layout-h magic-1\">\n<div class=\"magic-27\"><a href=\"https:\/\/lyfilter.com\/es\/10-20-jumb-water-filter-cartridge-pp-melt-blown-sediment-water-filter-cartridge-5-micron-3964.html\/\" target=\"_blank\" rel=\"noopener noreferrer\"><img decoding=\"async\" class=\"magic-28\" src=\"https:\/\/img.yfisher.com\/m6076\/1725726937976\/jpg70-t3-scale100.webp\" alt=\"10 20Jumb cartucho de filtro de agua PP fundido soplado cartucho de filtro de agua de sedimentos 5 micras 25\" data-id=\"child-image-0\" data-lazy=\"2\" title=\"\"><\/a><\/div>\n<div class=\"magic-29\"><a href=\"https:\/\/lyfilter.com\/es\/10-20-jumb-water-filter-cartridge-pp-melt-blown-sediment-water-filter-cartridge-5-micron-3964.html\/\" target=\"_blank\" rel=\"noopener noreferrer\"><img decoding=\"async\" class=\"magic-30\" src=\"https:\/\/img.yfisher.com\/m6076\/1725727682zah\/jpg70-t3-scale100.webp\" alt=\"10 20Jumb Cartucho de Filtro de Agua PP Melt Blown Sedimento Cartucho de Filtro de Agua 5 micras 27\" data-id=\"child-image-1\" data-lazy=\"2\" title=\"\"><\/a><\/div>\n<div class=\"magic-29\"><a href=\"https:\/\/lyfilter.com\/es\/10-20-jumb-water-filter-cartridge-pp-melt-blown-sediment-water-filter-cartridge-5-micron-3964.html\/\" target=\"_blank\" rel=\"noopener noreferrer\"><img decoding=\"async\" class=\"magic-31\" src=\"https:\/\/img.yfisher.com\/m6076\/1725726906402\/jpg70-t3-scale100.webp\" alt=\"10 20Jumb Cartucho de Filtro de Agua PP Melt Blown Sedimento Cartucho de Filtro de Agua 5 micras 29\" data-id=\"child-image-2\" data-lazy=\"2\" title=\"\"><\/a><\/div>\n<div class=\"magic-29\"><a href=\"https:\/\/lyfilter.com\/es\/10-20-jumb-water-filter-cartridge-pp-melt-blown-sediment-water-filter-cartridge-5-micron-3964.html\/\" target=\"_blank\" rel=\"noopener noreferrer\"><img decoding=\"async\" class=\"magic-32\" src=\"https:\/\/img.yfisher.com\/m6076\/1725726921em9\/jpg70-t3-scale100.webp\" alt=\"10 20Jumb Cartucho de Filtro de Agua PP Melt Blown Sedimento Cartucho de Filtro de Agua 5 micras 31\" data-id=\"child-image-3\" data-lazy=\"2\" title=\"\"><\/a><\/div>\n<\/div>\n<\/div>\n<\/div>\n<\/div>\n<div class=\"detail-decorate-json-renderer-container\">\n<div class=\"magic-4\">\n<div class=\"magic-5\">\n<div class=\"magic-6\">\n<div class=\"magic-7\">\n<p class=\"magic-8\">\u00a0 \u00a0Filtro de titanio Filtro de membrana de carbono sinterizado bobinado en hilo<\/p>\n<\/div>\n<\/div>\n<\/div>\n<\/div>\n<\/div>\n<div class=\"icbu-pc-images magic-1\">\n<div>\n<div class=\"flex-layout-v\">\n<div class=\"flex-layout-h magic-1\">\n<div class=\"magic-33\"><a href=\"https:\/\/lyfilter.com\/es\/10-20-jumb-water-filter-cartridge-pp-melt-blown-sediment-water-filter-cartridge-5-micron-3964.html\/\" target=\"_blank\" rel=\"noopener noreferrer\"><img decoding=\"async\" class=\"magic-34\" src=\"https:\/\/img.yfisher.com\/m6076\/17257268694mn\/jpg70-t3-scale100.webp\" alt=\"10 20Jumb Cartucho de Filtro de Agua PP Melt Blown Sedimento Cartucho de Filtro de Agua 5 micras 33\" data-lazy=\"2\" title=\"\"><\/a><\/div>\n<\/div>\n<\/div>\n<\/div>\n<\/div>\n<div id=\"ali-anchor-AliMagic-7trpwq\" class=\"magic-0\" data-section=\"AliMagic-7trpwq\" data-section-title=\"Certifications\">Certificaciones<\/div>\n<div class=\"icbu-pc-images magic-1\">\n<div>\n<div class=\"flex-layout-v\">\n<div class=\"flex-layout-h magic-1\">\n<div class=\"magic-35\"><img decoding=\"async\" class=\"magic-36\" src=\"https:\/\/img.yfisher.com\/m6076\/17257267814f6\/jpg70-t3-scale100.webp\" alt=\"10 20Jumb Cartucho de Filtro de Agua PP Melt Blown Sedimento Cartucho de Filtro de Agua 5 micras 35\" data-lazy=\"2\" title=\"\"><\/div>\n<\/div>\n<\/div>\n<\/div>\n<\/div>\n<div id=\"ali-anchor-AliMagic-6wrwll\" class=\"magic-0\" data-section=\"AliMagic-6wrwll\" data-section-title=\"About us\">Qui\u00e9nes somos<\/div>\n<div class=\"detail-decorate-json-renderer-container\">\n<div class=\"magic-4\">\n<div class=\"magic-5\">\n<div class=\"magic-6\">\n<div class=\"magic-7\">\n<p class=\"magic-8\">1. 10 a\u00f1os de experiencia como fabricante profesional.<\/p>\n<p>2. Ofrecemos servicio de personalizaci\u00f3n OEM y ODM, puede encontrar todo tipo de piezas de filtros de agua industriales en nuestra empresa.<\/p>\n<p>3. Todos los productos tienen garant\u00eda de calidad. Nuestra certificaci\u00f3n: CE ISO SGS<\/p>\n<p>4. Nuestros trabajadores son eficientes y nuestras ventas son profesionales, vamos a dar el servicio personalizado profesional.<\/p>\n<p>5. Nuestros productos se exportan a m\u00e1s de 100 pa\u00edses y regiones. Recibido una buena reputaci\u00f3n.<\/p>\n<p>6. Muchos cooperadores nos apoyan desde hace muchos a\u00f1os.<\/p>\n<p>7. Estamos decididos a proporcionar el mejor servicio y buena calidad a nuestros clientes globales, seremos una empresa cada vez m\u00e1s profesional en el futuro.<\/p>\n<\/div>\n<\/div>\n<\/div>\n<\/div>\n<\/div>\n<div class=\"icbu-pc-images magic-1\">\n<div>\n<div class=\"flex-layout-v\">\n<div class=\"flex-layout-h magic-1\">\n<div class=\"magic-37\"><img decoding=\"async\" class=\"magic-38\" src=\"https:\/\/img.yfisher.com\/m6076\/17257269408sg\/jpg70-t3-scale100.webp\" alt=\"10 20Jumb Cartucho de Filtro de Agua PP Melt Blown Sedimento Cartucho de Filtro de Agua 5 micras 37\" data-lazy=\"2\" title=\"\"><\/div>\n<\/div>\n<\/div>\n<\/div>\n<\/div>\n<div class=\"icbu-pc-images magic-1\">\n<div>\n<div class=\"flex-layout-v\">\n<div class=\"flex-layout-h magic-1\">\n<div class=\"magic-39\"><img decoding=\"async\" class=\"magic-40\" src=\"https:\/\/img.yfisher.com\/m6076\/17257267732f3\/jpg70-t3-scale100.webp\" alt=\"10 20Jumb Cartucho de Filtro de Agua PP Melt Blown Sedimento Cartucho de Filtro de Agua 5 micras 39\" data-lazy=\"2\" title=\"\"><\/div>\n<\/div>\n<\/div>\n<\/div>\n<\/div>\n<div id=\"ali-anchor-AliMagic-szch9a\" class=\"magic-0\" data-section=\"AliMagic-szch9a\" data-section-title=\"Our Service\">Nuestros servicios<\/div>\n<div class=\"detail-decorate-json-renderer-container\">\n<div class=\"magic-4\">\n<h3 class=\"magic-41\" data-id=\"title0\"><\/h3>\n<h3 class=\"magic-42\"><span style=\"font-size: medium;\">Construimos una relaci\u00f3n a largo plazo con nuestros clientes y nos ganamos su buena reputaci\u00f3n. Espero que te unas a nosotros y cooperar con nosotros.<\/span><\/h3>\n<div><\/div>\n<div class=\"magic-5\">\n<div class=\"magic-6\">\n<div class=\"magic-7\" data-id=\"paragraph0\">\n<p class=\"magic-8\"><span style=\"font-family: Arial, Helvetica;\">1. Acepte la longitud modificada para requisitos particulares, el paquete, el logotipo etc, como usted ofrece su dibujo y cuadro.<\/p>\n<p>2. Aceptar orden de compra de la muestra, aceptar cartucho de filtro MOQ = 10.carcasa del filtro MOQ = 1.<\/p>\n<p>3. Le responderemos en 24 horas.<\/p>\n<p>4. Recibido el pago, nos pondremos en contacto con usted en la primera vez y organizar la producci\u00f3n y hacerle saber el \u00faltimo proceso.<\/p>\n<p>5. Cualquier duda, p\u00f3ngase en contacto con nosotros, le ayudaremos a resolver el problema lo antes posible.<\/span><\/p>\n<\/div>\n<\/div>\n<\/div>\n<\/div>\n<\/div>\n<div id=\"ali-anchor-AliMagic-4pze9z\" class=\"magic-0\" data-section=\"AliMagic-4pze9z\" data-section-title=\"Packing &amp; Delivery\">Embalaje y entrega<\/div>\n<div class=\"detail-decorate-json-renderer-container\">\n<div class=\"magic-4\">\n<div class=\"magic-5\">\n<div class=\"magic-6\">\n<div class=\"magic-7\">\n<p class=\"magic-8\"><b>Nuestros trabajadores son eficientes y nuestras ventas son profesionales.  Cualquier solicitud ser\u00eda paciente y cuidadoso para responder y resolver.<br \/>\nNos esforzaremos al m\u00e1ximo para garantizar la producci\u00f3n y el env\u00edo a su pa\u00eds lo antes posible. <\/b><\/p>\n<p class=\"magic-8\"><span style=\"font-family: Arial, Helvetica;\"><b>Embalaje:<\/b><\/span><\/p>\n<p class=\"magic-8\"><span style=\"font-family: Arial, Helvetica;\"><b><br \/>\n<\/b>Los productos se embalan en cajas de cart\u00f3n\/madera de alta calidad, adecuadas para el transporte mar\u00edtimo de larga distancia, as\u00ed como para climas y con buena resistencia a la humedad y los golpes.<\/p>\n<p><b>Plazo de entrega:<\/b><\/p>\n<p>1. Si este tipo de productos est\u00e1 en stock, el producto ser\u00e1 enviado para usted 1-7 d\u00edas despu\u00e9s del pago.<\/span><\/p>\n<p class=\"magic-8\"><span style=\"font-family: Arial, Helvetica;\"><br \/>\n2. Si este tipo de productos no est\u00e1 en stock, los productos tardar\u00e1n unos 7-25 d\u00edas en producirse.<\/p>\n<p><b>Env\u00edo:<\/b><\/span><\/p>\n<p class=\"magic-8\"><span style=\"font-family: Arial, Helvetica;\"><b><br \/>\n<\/b>Mar\u00edtimo, ferroviario, a\u00e9reo (DHL\/UPS\/TNT\/FEDEX)<\/span><\/p>\n<\/div>\n<\/div>\n<\/div>\n<\/div>\n<\/div>\n<div class=\"icbu-pc-images magic-1\">\n<div>\n<div class=\"flex-layout-v\">\n<div class=\"flex-layout-h magic-1\">\n<div class=\"magic-43\"><img decoding=\"async\" class=\"magic-44\" src=\"https:\/\/img.yfisher.com\/m6076\/1725726773qyg\/jpg70-t3-scale100.webp\" alt=\"10 20Jumb Cartucho de Filtro de Agua PP Melt Blown Sedimento Cartucho de Filtro de Agua 5 micras 41\" data-lazy=\"2\" title=\"\"><\/div>\n<\/div>\n<\/div>\n<\/div>\n<\/div>\n<div id=\"ali-anchor-AliMagic-59czm4\" class=\"magic-0\" data-section=\"AliMagic-59czm4\" data-section-title=\"Contact us\">P\u00f3ngase en contacto con nosotros<\/div>\n<div class=\"detail-decorate-json-renderer-container\">\n<div class=\"magic-4\">\n<div class=\"magic-5\">\n<div class=\"magic-6\">\n<div class=\"magic-7\">\n<p class=\"magic-8\">Wechat\/skype\/whatsapp: +8613574135485 (respuesta r\u00e1pida)<\/p>\n<\/div>\n<\/div>\n<\/div>\n<\/div>\n<\/div>\n<div class=\"icbu-pc-images magic-1\">\n<div>\n<div class=\"flex-layout-v\">\n<div class=\"flex-layout-h magic-1\">\n<div class=\"magic-45\"><img decoding=\"async\" class=\"magic-46\" src=\"https:\/\/img.yfisher.com\/m6076\/1725726869dv4\/jpg70-t3-scale100.webp\" alt=\"10 20Jumb Cartucho de Filtro de Agua PP Melt Blown Sedimento Cartucho de Filtro de Agua 5 micras 43\" data-lazy=\"2\" title=\"\"><\/div>\n<\/div>\n<\/div>\n<\/div>\n<\/div>\n<\/div>\n<\/div>\n<\/div>\n<\/div>\n<div data-module=\"detailMarketPackage\"><\/div>\n<div data-module=\"productAuth\"><\/div>\n<\/div>\n<\/div>\n<div class=\"diffStatement\">Gracias a su alta eficiencia, el producto s\u00f3lo consume un poco de energ\u00eda. La gente dice que el coste de funcionamiento de este producto es m\u00e1s bajo de lo que esperaban. Puede proporcionar an\u00e1lisis y resultados precisos para aplicaciones sensibles de cromatograf\u00eda i\u00f3nica. Este producto ayuda a aumentar la eficiencia de los operadores. No s\u00f3lo aumenta la precisi\u00f3n general del trabajo, sino que tambi\u00e9n reduce los tiempos de operaci\u00f3n. Puede proporcionar an\u00e1lisis y resultados precisos para aplicaciones sensibles de cromatograf\u00eda i\u00f3nica.<\/div>","protected":false},"excerpt":{"rendered":"<table>\n<thead>\n<tr>\n<th>Campo<\/th>\n<th>Detalles<\/th>\n<\/tr>\n<\/thead>\n<tbody>\n<tr>\n<td>Industrias aplicables<\/td>\n<td>Plantas de fabricaci\u00f3n, f\u00e1bricas de alimentos y bebidas, uso dom\u00e9stico, tratamiento de aguas<\/td>\n<\/tr>\n<tr>\n<td>Lugar de origen<\/td>\n<td>Guangdong, China<\/td>\n<\/tr>\n<tr>\n<td>Marca<\/td>\n<td>Lvyuan, OEM, ODM<\/td>\n<\/tr>\n<tr>\n<td>Material<\/td>\n<td>PP<\/td>\n<\/tr>\n<tr>\n<td>Peso<\/td>\n<td>Personalizado<\/td>\n<\/tr>\n<tr>\n<td>Talla<\/td>\n<td>Personalizado, delgado, jumbo<\/td>\n<\/tr>\n<tr>\n<td>Potencia<\/td>\n<td>0<\/td>\n<\/tr>\n<tr>\n<td>Garant\u00eda<\/td>\n<td>No disponible<\/td>\n<\/tr>\n<tr>\n<td>Caracter\u00edstica<\/td>\n<td>Acero inoxidable de tama\u00f1o y logotipo personalizados<\/td>\n<\/tr>\n<tr>\n<td>Certificaci\u00f3n<\/td>\n<td>SGS<\/td>\n<\/tr>\n<tr>\n<td>Forma<\/td>\n<td>Cilindro<\/td>\n<\/tr>\n<tr>\n<td>Utilizaci\u00f3n<\/td>\n<td>Tratamiento del agua<\/td>\n<\/tr>\n<tr>\n<td>Aplicaci\u00f3n<\/td>\n<td>Industria<\/td>\n<\/tr>\n<tr>\n<td>Color<\/td>\n<td>Blanco<\/td>\n<\/tr>\n<tr>\n<td>Embalaje<\/td>\n<td>Caja de papel<\/td>\n<\/tr>\n<tr>\n<td>Materia prima<\/td>\n<td>Fibra PP<\/td>\n<\/tr>\n<tr>\n<td>Apariencia<\/td>\n<td>En relieve, brillante, etc.<\/td>\n<\/tr>\n<tr>\n<td>Servicio posventa<\/td>\n<td>Asistencia en l\u00ednea<\/td>\n<\/tr>\n<tr>\n<td>Capacidad de suministro<\/td>\n<td>5000 Piezas por semana<\/td>\n<\/tr>\n<\/tbody>\n<\/table>","protected":false},"featured_media":913,"comment_status":"open","ping_status":"closed","template":"","meta":{"_gspb_post_css":""},"product_brand":[],"product_cat":[23,17],"product_tag":[387,376,377,320,306,308],"class_list":{"0":"post-911","1":"product","2":"type-product","3":"status-publish","4":"has-post-thumbnail","6":"product_cat-pp-filter-cartridge","7":"product_cat-sediment-filter","8":"product_tag-custom-size","9":"product_tag-cylinder-cartridge","10":"product_tag-oem-odm","11":"product_tag-pp-fiber-filter","12":"product_tag-sgs-certified","13":"product_tag-water-treatment","15":"first","16":"instock","17":"shipping-taxable","18":"product-type-simple"},"_links":{"self":[{"href":"https:\/\/lyfilter.com\/es\/wp-json\/wp\/v2\/product\/911","targetHints":{"allow":["GET"]}}],"collection":[{"href":"https:\/\/lyfilter.com\/es\/wp-json\/wp\/v2\/product"}],"about":[{"href":"https:\/\/lyfilter.com\/es\/wp-json\/wp\/v2\/types\/product"}],"replies":[{"embeddable":true,"href":"https:\/\/lyfilter.com\/es\/wp-json\/wp\/v2\/comments?post=911"}],"wp:featuredmedia":[{"embeddable":true,"href":"https:\/\/lyfilter.com\/es\/wp-json\/wp\/v2\/media\/913"}],"wp:attachment":[{"href":"https:\/\/lyfilter.com\/es\/wp-json\/wp\/v2\/media?parent=911"}],"wp:term":[{"taxonomy":"product_brand","embeddable":true,"href":"https:\/\/lyfilter.com\/es\/wp-json\/wp\/v2\/product_brand?post=911"},{"taxonomy":"product_cat","embeddable":true,"href":"https:\/\/lyfilter.com\/es\/wp-json\/wp\/v2\/product_cat?post=911"},{"taxonomy":"product_tag","embeddable":true,"href":"https:\/\/lyfilter.com\/es\/wp-json\/wp\/v2\/product_tag?post=911"}],"curies":[{"name":"wp","href":"https:\/\/api.w.org\/{rel}","templated":true}]}}