{"id":905,"date":"2025-12-25T03:17:46","date_gmt":"2025-12-25T03:17:46","guid":{"rendered":"https:\/\/lyfilter.com\/?post_type=product&#038;p=905"},"modified":"2025-12-25T03:17:46","modified_gmt":"2025-12-25T03:17:46","slug":"melt-blown-pp-filter-cartridge-with-pp-filter-core-for-water-filtration","status":"publish","type":"product","link":"https:\/\/lyfilter.com\/es\/melt-blown-pp-filter-cartridge-with-pp-filter-core-for-water-filtration\/","title":{"rendered":"cartucho filtrante de pp fundido soplado con n\u00facleo filtrante de pp para filtraci\u00f3n de agua"},"content":{"rendered":"<div class=\"pro_aliData\">\n<div class=\"detail-box\">\n<div class=\"scc-wrapper detail-module module-productSpecification\" data-spm=\"pronpeci14\">\n<div id=\"J-rich-text-description\" class=\"richtext richtext-detail rich-text-description\">\n<div id=\"detail_decorate_root\" data-host=\"111234190\" data-id=\"detail_decorate_root\">\n<div id=\"_root\" class=\"engine-app\" data-reactroot=\"\">\n<div id=\"ali-anchor-AliMagic-nzusbc\" class=\"magic-0\" data-section=\"AliMagic-nzusbc\" data-section-title=\"Product Description\">Descripci\u00f3n del producto<\/div>\n<div class=\"icbu-pc-images magic-1\">\n<div>\n<div class=\"flex-layout-v\">\n<div class=\"flex-layout-h magic-1\">\n<div class=\"magic-2\"><img decoding=\"async\" class=\"magic-3\" src=\"https:\/\/img.yfisher.com\/m6076\/1725726990g0q\/jpg70-t3-scale100.webp\" alt=\"cartucho filtrante de pp fundido soplado con n\u00facleo filtrante de pp para filtraci\u00f3n de agua 7\" data-lazy=\"2\" title=\"\"><\/div>\n<\/div>\n<\/div>\n<\/div>\n<\/div>\n<div class=\"detail-decorate-json-renderer-container\">\n<div class=\"magic-4\">\n<div class=\"magic-5\">\n<div class=\"magic-6\">\n<div class=\"magic-7\">\n<p class=\"magic-8\"><b>Descripci\u00f3n general<\/b><\/p>\n<p class=\"magic-8\">Lvyuan pp <a href=\"https:\/\/lyfilter.com\/es\/melt-blown-filter-cartridge.html\/\">cartucho filtrante fundido soplado<\/a> es un tipo de cartucho de filtro est\u00e1ndar y simple para la purificaci\u00f3n del agua. Est\u00e1 fusionado y entrelazado de fibra de polipropileno sin ning\u00fan tipo de colas qu\u00edmicas.<\/p>\n<p class=\"magic-8\">\nEst\u00e1 hecho de 100% materia prima de polipropileno puro. este cartucho de filtro son radom para formar 3D micro poro que har\u00e1 que el cartucho de 3 capas con fibras finas en la superficie y fibra gruesa y filtraci\u00f3n profunda. A medida que la fibra y la densidad de alto grado de filtraci\u00f3n y la capacidad de retenci\u00f3n de contaminantes en el di\u00e1metro del cartucho de filtro, baja ca\u00edda de presi\u00f3n, el cambio gradual de filtraci\u00f3n profunda strcture con losse exterior e interior cerca, fuerte capacidad de retenci\u00f3n de contaminantes, puede eliminar los contaminantes de manera efectiva, tales como sustancias en suspensi\u00f3n, part\u00edculas y \u00f3xido, proporcionando una filtraci\u00f3n eficiente y larga vida serivce.<\/p>\n<\/div>\n<\/div>\n<\/div>\n<\/div>\n<\/div>\n<div class=\"icbu-pc-images magic-1\">\n<div>\n<div class=\"flex-layout-v\">\n<div class=\"flex-layout-h magic-1\">\n<div class=\"magic-9\"><img decoding=\"async\" class=\"magic-10\" src=\"https:\/\/img.yfisher.com\/m6076\/17257276796e1\/jpg70-t3-scale100.webp\" alt=\"cartucho filtrante de pp fundido soplado con n\u00facleo filtrante de pp para filtraci\u00f3n de agua 9\" data-lazy=\"2\" title=\"\"><\/div>\n<\/div>\n<\/div>\n<\/div>\n<\/div>\n<div class=\"detail-decorate-json-renderer-container\">\n<div class=\"magic-4\">\n<div class=\"magic-5\">\n<div class=\"magic-6\">\n<div class=\"magic-7\">\n<p class=\"magic-8\"><b><span style=\"font-family: Arial, Helvetica; font-size: medium;\">Caracter\u00edsticas:<\/span><\/b><\/p>\n<p>1. Alta capacidad de retenci\u00f3n de la suciedad y larga vida \u00fatil.<\/p>\n<p>2. Sello de acero de tama\u00f1o y logotipo personalizados.<\/p>\n<p>3. No provocar\u00eda la ca\u00edda de fibras.<\/p>\n<\/div>\n<\/div>\n<\/div>\n<\/div>\n<\/div>\n<div class=\"icbu-pc-images magic-1\">\n<div>\n<div class=\"flex-layout-v\">\n<div class=\"flex-layout-h magic-1\">\n<div class=\"magic-11\"><img decoding=\"async\" class=\"magic-12\" src=\"https:\/\/img.yfisher.com\/m6076\/172572699030m\/jpg70-t3-scale100.webp\" alt=\"cartucho filtrante de pp fundido soplado con n\u00facleo filtrante de pp para filtraci\u00f3n de agua 11\" data-lazy=\"2\" title=\"\"><\/div>\n<\/div>\n<\/div>\n<\/div>\n<\/div>\n<div class=\"detail-decorate-json-renderer-container\">\n<div class=\"magic-4\">\n<div class=\"magic-5\">\n<div class=\"magic-6\">\n<div class=\"magic-7\">\n<p class=\"magic-8\"><b>\u00a0Lvyuan pp fundido soplado cartucho de filtro de agua especificaci\u00f3n:<\/b><\/p>\n<\/div>\n<\/div>\n<\/div>\n<\/div>\n<\/div>\n<div class=\"ife-detail-decorate-table\">\n<div class=\"table-responsive\">\n<table class=\"all magic-13\">\n<tbody>\n<tr>\n<td>\n<div class=\"magic-14\">Material del medio filtrante<\/div>\n<\/td>\n<td>\n<div class=\"magic-15\">PP(polipropileno)<\/div>\n<\/td>\n<\/tr>\n<tr>\n<td>\n<div class=\"magic-14\">N\u00facleo intermedio\/Capuchones finales<\/div>\n<\/td>\n<td>\n<div class=\"magic-15\">PP\/ninguno<\/div>\n<\/td>\n<\/tr>\n<tr>\n<td>\n<div class=\"magic-14\">Material de la junta<\/div>\n<\/td>\n<td>\n<div class=\"magic-15\">Silicona, EPDM, NBR, VITON, TEFLON, etc.<\/div>\n<\/td>\n<\/tr>\n<tr>\n<td>\n<div class=\"magic-14\">Adaptadores<\/div>\n<\/td>\n<td>\n<div class=\"magic-15\">DOE, 222plana, 222aleta, 226plana, 226aleta o personalizada<\/div>\n<\/td>\n<\/tr>\n<tr>\n<td>\n<div class=\"magic-14\">Superficie<\/div>\n<\/td>\n<td>\n<div class=\"magic-15\">Brillante, Estriado, Gofrado, Agujereado, Superficie de piel de naranja<\/div>\n<\/td>\n<\/tr>\n<tr>\n<td>\n<div class=\"magic-14\">di\u00e1metro interior<\/div>\n<\/td>\n<td>\n<div class=\"magic-15\">28 mm, 30 mm o personalizado<\/div>\n<\/td>\n<\/tr>\n<tr>\n<td>\n<div class=\"magic-14\">di\u00e1metro exterior<\/div>\n<\/td>\n<td>\n<div class=\"magic-15\">63 mm, 65 mm o personalizado<\/div>\n<\/td>\n<\/tr>\n<tr>\n<td>\n<div class=\"magic-14\">longitud<\/div>\n<\/td>\n<td>\n<div class=\"magic-15\">10 pulgadas, 20 pulgadas, 30 pulgadas, 40 pulgadas<\/div>\n<\/td>\n<\/tr>\n<tr>\n<td>\n<div class=\"magic-14\">presi\u00f3n diferencial m\u00e1xima<\/div>\n<\/td>\n<td>\n<div class=\"magic-15\">3,5 bar a 20\u2103<\/div>\n<\/td>\n<\/tr>\n<\/tbody>\n<\/table>\n<\/div>\n<\/div>\n<div class=\"detail-decorate-json-renderer-container\">\n<div class=\"magic-4\">\n<div class=\"magic-5\">\n<div class=\"magic-6\">\n<div class=\"magic-7\">\n<p class=\"magic-8\"><b>\u00a0Con a\u00f1os de fabricaci\u00f3n pp fundido soplado, Podemos aceptar la especificaci\u00f3n personalizada, multi-adaptadores, dos tipos de medios de filtro.<\/b><\/p>\n<\/div>\n<\/div>\n<\/div>\n<\/div>\n<\/div>\n<div class=\"icbu-pc-images magic-1\">\n<div>\n<div class=\"flex-layout-v\">\n<div class=\"flex-layout-h magic-1\">\n<div class=\"magic-16\"><img decoding=\"async\" class=\"magic-17\" src=\"https:\/\/img.yfisher.com\/m6076\/1725727022zxt\/jpg70-t3-scale100.webp\" alt=\"cartucho filtrante de pp fundido soplado con n\u00facleo filtrante de pp para filtraci\u00f3n de agua 13\" data-lazy=\"2\" title=\"\"><\/div>\n<\/div>\n<\/div>\n<\/div>\n<\/div>\n<div class=\"detail-decorate-json-renderer-container\">\n<div class=\"magic-4\">\n<div class=\"magic-5\">\n<div class=\"magic-6\">\n<div class=\"magic-7\">\n<p class=\"magic-8\"><b>Servicio de personalizaci\u00f3n:<\/b><\/p>\n<p class=\"magic-8\">1. Acepta tama\u00f1o y longitud personalizados.                            2. 2. Aceptamos adaptadores personalizados.<\/p>\n<p>3. Aceptar personalizar la apariencia.                                    4. Acepta dos precisiones.<\/p>\n<p>5. Acepta gramos personalizados<\/p>\n<\/div>\n<\/div>\n<\/div>\n<\/div>\n<\/div>\n<div class=\"icbu-pc-images magic-1\">\n<div>\n<div class=\"flex-layout-v\">\n<div class=\"flex-layout-h magic-1\">\n<div class=\"magic-18\"><img decoding=\"async\" class=\"magic-19\" src=\"https:\/\/img.yfisher.com\/m6076\/172572699016s\/jpg70-t3-scale100.webp\" alt=\"cartucho filtrante de pp fundido soplado con n\u00facleo filtrante de pp para filtraci\u00f3n de agua 15\" data-lazy=\"2\" title=\"\"><\/div>\n<\/div>\n<\/div>\n<\/div>\n<\/div>\n<div class=\"icbu-pc-images magic-1\">\n<div>\n<div class=\"flex-layout-v\">\n<div class=\"flex-layout-h magic-1\">\n<div class=\"magic-20\"><img decoding=\"async\" class=\"magic-21\" src=\"https:\/\/img.yfisher.com\/m6076\/1725726990cd9\/jpg70-t3-scale100.webp\" alt=\"cartucho filtrante de pp fundido soplado con n\u00facleo filtrante de pp para filtraci\u00f3n de agua 17\" data-lazy=\"2\" title=\"\"><\/div>\n<\/div>\n<\/div>\n<\/div>\n<\/div>\n<div id=\"ali-anchor-AliMagic-pwy42l\" class=\"magic-0\" data-section=\"AliMagic-pwy42l\" data-section-title=\"Application\">Aplicaci\u00f3n<\/div>\n<div class=\"detail-decorate-json-renderer-container\">\n<div class=\"magic-4\">\n<div class=\"magic-5\">\n<div class=\"magic-6\">\n<div class=\"magic-7\">\n<p class=\"magic-8\">1. Pretratamiento del agua del grifo con \u00f3smosis inversa<\/p>\n<p>2. Agua industrial, filtraci\u00f3n de chapado<\/p>\n<p>3. 3. Alimentos y bebidas<\/p>\n<p>4. Prefiltraci\u00f3n de agua est\u00e9ril y agua ultrapura<\/p>\n<p>5. Agua qu\u00edmica y disolvente<\/p>\n<\/div>\n<\/div>\n<\/div>\n<\/div>\n<\/div>\n<div class=\"icbu-pc-images magic-1\">\n<div>\n<div class=\"flex-layout-v\">\n<div class=\"flex-layout-h magic-1\">\n<div class=\"magic-22\"><img decoding=\"async\" class=\"magic-23\" src=\"https:\/\/img.yfisher.com\/m6076\/1725726869o53\/jpg70-t3-scale100.webp\" alt=\"cartucho filtrante de pp fundido soplado con n\u00facleo filtrante de pp para filtraci\u00f3n de agua 19\" data-lazy=\"2\" title=\"\"><\/div>\n<\/div>\n<\/div>\n<\/div>\n<\/div>\n<div class=\"icbu-pc-images magic-1\">\n<div>\n<div class=\"flex-layout-v\">\n<div class=\"flex-layout-h magic-1\">\n<div class=\"magic-24\"><img decoding=\"async\" class=\"magic-25\" src=\"https:\/\/img.yfisher.com\/m6076\/1725726963xoc\/jpg70-t3-scale100.webp\" alt=\"cartucho filtrante de pp fundido soplado con n\u00facleo filtrante de pp para filtraci\u00f3n de agua 21\" data-lazy=\"2\" title=\"\"><\/div>\n<\/div>\n<\/div>\n<\/div>\n<\/div>\n<div id=\"ali-anchor-AliMagic-x6u3x0\" class=\"magic-0\" data-section=\"AliMagic-x6u3x0\" data-section-title=\"Related Products\">Productos relacionados<\/div>\n<div class=\"icbu-pc-images magic-1\">\n<div>\n<div class=\"flex-layout-v\">\n<div class=\"flex-layout-h magic-1\">\n<div class=\"magic-26\"><a href=\"https:\/\/lyfilter.com\/es\/melt-blown-pp-filter-cartridge-with-pp-filter-core-for-water-filtration-3963.html\/\" target=\"_blank\" rel=\"noopener noreferrer\"><img decoding=\"async\" class=\"magic-27\" src=\"https:\/\/img.yfisher.com\/m6076\/17257269064o0\/jpg70-t3-scale100.webp\" alt=\"cartucho filtrante de pp fundido soplado con n\u00facleo filtrante de pp para filtraci\u00f3n de agua 23\" data-id=\"child-image-0\" data-lazy=\"2\" title=\"\"><\/a><\/div>\n<div class=\"magic-28\"><a href=\"https:\/\/lyfilter.com\/es\/melt-blown-pp-filter-cartridge-with-pp-filter-core-for-water-filtration-3963.html\/\" target=\"_blank\" rel=\"noopener noreferrer\"><img decoding=\"async\" class=\"magic-29\" src=\"https:\/\/img.yfisher.com\/m6076\/1725726804kyf\/jpg70-t3-scale100.webp\" alt=\"cartucho filtrante de pp fundido soplado con n\u00facleo filtrante de pp para filtraci\u00f3n de agua 25\" data-id=\"child-image-1\" data-lazy=\"2\" title=\"\"><\/a><\/div>\n<div class=\"magic-28\"><a href=\"https:\/\/lyfilter.com\/es\/melt-blown-pp-filter-cartridge-with-pp-filter-core-for-water-filtration-3963.html\/\" target=\"_blank\" rel=\"noopener noreferrer\"><img decoding=\"async\" class=\"magic-30\" src=\"https:\/\/img.yfisher.com\/m6076\/1725726811o37\/jpg70-t3-scale100.webp\" alt=\"cartucho filtrante de pp fundido soplado con n\u00facleo filtrante de pp para filtraci\u00f3n de agua 27\" data-id=\"child-image-2\" data-lazy=\"2\" title=\"\"><\/a><\/div>\n<div class=\"magic-28\"><a href=\"https:\/\/lyfilter.com\/es\/melt-blown-pp-filter-cartridge-with-pp-filter-core-for-water-filtration-3963.html\/\" target=\"_blank\" rel=\"noopener noreferrer\"><img decoding=\"async\" class=\"magic-31\" src=\"https:\/\/img.yfisher.com\/m6076\/1725727679jt9\/jpg70-t3-scale100.webp\" alt=\"cartucho filtrante de pp fundido soplado con n\u00facleo filtrante de pp para filtraci\u00f3n de agua 29\" data-id=\"child-image-3\" data-lazy=\"1\" title=\"\"><\/a><\/div>\n<\/div>\n<\/div>\n<\/div>\n<\/div>\n<div class=\"detail-decorate-json-renderer-container\">\n<div class=\"magic-4\">\n<div class=\"magic-5\">\n<div class=\"magic-6\">\n<div class=\"magic-7\">\n<p class=\"magic-8\">\u00a0 \u00a0Membrana filtrante Tianium Filtro plisado Filtro bobinado Filtro de carbono<\/p>\n<\/div>\n<\/div>\n<\/div>\n<\/div>\n<\/div>\n<div class=\"icbu-pc-images magic-1\">\n<div>\n<div class=\"flex-layout-v\">\n<div class=\"flex-layout-h magic-1\">\n<div class=\"magic-26\"><a href=\"https:\/\/lyfilter.com\/es\/melt-blown-pp-filter-cartridge-with-pp-filter-core-for-water-filtration-3963.html\/\" target=\"_blank\" rel=\"noopener noreferrer\"><img decoding=\"async\" class=\"magic-32\" src=\"https:\/\/img.yfisher.com\/m6076\/1725727024tme\/jpg70-t3-scale100.webp\" alt=\"cartucho filtrante de pp fundido soplado con n\u00facleo filtrante de pp para filtraci\u00f3n de agua 31\" data-id=\"child-image-0\" data-lazy=\"1\" title=\"\"><\/a><\/div>\n<div class=\"magic-28\"><a href=\"https:\/\/lyfilter.com\/es\/melt-blown-pp-filter-cartridge-with-pp-filter-core-for-water-filtration-3963.html\/\" target=\"_blank\" rel=\"noopener noreferrer\"><img decoding=\"async\" class=\"magic-33\" src=\"https:\/\/img.yfisher.com\/m6076\/1725727679pje\/jpg70-t3-scale100.webp\" alt=\"cartucho filtrante de pp fundido soplado con n\u00facleo filtrante de pp para filtraci\u00f3n de agua 33\" data-id=\"child-image-1\" data-lazy=\"2\" title=\"\"><\/a><\/div>\n<div class=\"magic-28\"><a href=\"https:\/\/lyfilter.com\/es\/melt-blown-pp-filter-cartridge-with-pp-filter-core-for-water-filtration-3963.html\/\" target=\"_blank\" rel=\"noopener noreferrer\"><img decoding=\"async\" class=\"magic-34\" src=\"https:\/\/img.yfisher.com\/m6076\/1725726906nz7\/jpg70-t3-scale100.webp\" alt=\"cartucho filtrante de pp fundido soplado con n\u00facleo filtrante de pp para filtraci\u00f3n de agua 35\" data-id=\"child-image-2\" data-lazy=\"2\" title=\"\"><\/a><\/div>\n<div class=\"magic-28\"><a href=\"https:\/\/lyfilter.com\/es\/melt-blown-pp-filter-cartridge-with-pp-filter-core-for-water-filtration-3963.html\/\" target=\"_blank\" rel=\"noopener noreferrer\"><img decoding=\"async\" class=\"magic-35\" src=\"https:\/\/img.yfisher.com\/m6076\/1725726906vyz\/jpg70-t3-scale100.webp\" alt=\"cartucho filtrante de pp fundido soplado con n\u00facleo filtrante de pp para filtraci\u00f3n de agua 37\" data-id=\"child-image-3\" data-lazy=\"2\" title=\"\"><\/a><\/div>\n<\/div>\n<\/div>\n<\/div>\n<\/div>\n<div class=\"detail-decorate-json-renderer-container\">\n<div class=\"magic-4\">\n<div class=\"magic-5\">\n<div class=\"magic-6\">\n<div class=\"magic-7\">\n<p class=\"magic-8\">\u00a0carcasa de filtro de bolsa carcasa de filtro de cartucho simple carcasa de filtro de cartucho m\u00faltiple carcasa de filtro de vino<\/p>\n<\/div>\n<\/div>\n<\/div>\n<\/div>\n<\/div>\n<div class=\"icbu-pc-images magic-1\">\n<div>\n<div class=\"flex-layout-v\">\n<div class=\"flex-layout-h magic-1\">\n<div class=\"magic-36\"><a href=\"https:\/\/lyfilter.com\/es\/melt-blown-pp-filter-cartridge-with-pp-filter-core-for-water-filtration-3963.html\/\" target=\"_blank\" rel=\"noopener noreferrer\"><img decoding=\"async\" class=\"magic-37\" src=\"https:\/\/img.yfisher.com\/m6076\/17257268694mn\/jpg70-t3-scale100.webp\" alt=\"cartucho filtrante de pp fundido soplado con n\u00facleo filtrante de pp para filtraci\u00f3n de agua 39\" data-lazy=\"2\" title=\"\"><\/a><\/div>\n<\/div>\n<\/div>\n<\/div>\n<\/div>\n<div id=\"ali-anchor-AliMagic-wuidpp\" class=\"magic-0\" data-section=\"AliMagic-wuidpp\" data-section-title=\"Our Certifications\">Nuestras certificaciones<\/div>\n<div class=\"icbu-pc-images magic-1\">\n<div>\n<div class=\"flex-layout-v\">\n<div class=\"flex-layout-h magic-1\">\n<div class=\"magic-38\"><img decoding=\"async\" class=\"magic-39\" src=\"https:\/\/img.yfisher.com\/m6076\/17257267814f6\/jpg70-t3-scale100.webp\" alt=\"cartucho filtrante de pp fundido soplado con n\u00facleo filtrante de pp para filtraci\u00f3n de agua 41\" data-lazy=\"2\" title=\"\"><\/div>\n<\/div>\n<\/div>\n<\/div>\n<\/div>\n<div id=\"ali-anchor-AliMagic-3az86z\" class=\"magic-0\" data-section=\"AliMagic-3az86z\" data-section-title=\"About us\">Qui\u00e9nes somos<\/div>\n<div class=\"detail-decorate-json-renderer-container\">\n<div class=\"magic-4\">\n<div class=\"magic-5\">\n<div class=\"magic-6\">\n<div class=\"magic-7\">\n<p class=\"magic-8\">1. 10 a\u00f1os de experiencia como fabricante profesional.<\/p>\n<p>2. Ofrecemos servicio de personalizaci\u00f3n OEM y ODM, puede encontrar todo tipo de piezas de filtros de agua industriales en nuestra empresa.<\/p>\n<p>3. Todos los productos tienen garant\u00eda de calidad. Nuestra certificaci\u00f3n: CE ISO SGS<\/p>\n<p class=\"magic-8\">\n4. Nuestros trabajadores son eficientes y nuestras ventas son profesionales, vamos a dar el servicio personalizado profesional.<\/p>\n<p>5. Nuestros productos se exportan a m\u00e1s de 100 pa\u00edses y regiones. Recibido una buena reputaci\u00f3n.<\/p>\n<p>6. Muchos cooperadores nos apoyan desde hace muchos a\u00f1os.<\/p>\n<p>7. Estamos decididos a proporcionar el mejor servicio y buena calidad a nuestros clientes globales, seremos una empresa cada vez m\u00e1s profesional en el futuro.<\/p>\n<\/div>\n<\/div>\n<\/div>\n<\/div>\n<\/div>\n<div class=\"icbu-pc-images magic-1\">\n<div>\n<div class=\"flex-layout-v\">\n<div class=\"flex-layout-h magic-1\">\n<div class=\"magic-40\"><img decoding=\"async\" class=\"magic-41\" src=\"https:\/\/img.yfisher.com\/m6076\/1725726781v86\/jpg70-t3-scale100.webp\" alt=\"cartucho filtrante de pp fundido soplado con n\u00facleo filtrante de pp para filtraci\u00f3n de agua 43\" data-lazy=\"2\" title=\"\"><\/div>\n<\/div>\n<\/div>\n<\/div>\n<\/div>\n<div id=\"ali-anchor-AliMagic-muwlep\" class=\"magic-0\" data-section=\"AliMagic-muwlep\" data-section-title=\"Our Service\">Nuestros servicios<\/div>\n<div class=\"detail-decorate-json-renderer-container\">\n<div class=\"magic-4\">\n<div class=\"magic-5\">\n<div class=\"magic-6\">\n<div class=\"magic-7\">\n<p class=\"magic-8\"><b>Construimos una relaci\u00f3n a largo plazo con nuestros clientes y nos ganamos su buena reputaci\u00f3n. Proporcionar el mejor servicio como podemos.<\/b><\/p>\n<p>1. Acepte la longitud modificada para requisitos particulares, el paquete, el logotipo etc, como usted ofrece su dibujo y cuadro.<\/p>\n<p class=\"magic-8\">\n2. Acepte la orden de las compras de la muestra, acepte MOQ=10.<\/p>\n<p>3. Le responderemos en un plazo de 20 horas.<\/p>\n<p>4. Recibido el pago, nos pondremos en contacto con usted en la primera vez y organizar la producci\u00f3n y hacerle saber el \u00faltimo proceso.<\/p>\n<p>5. Cualquier duda, p\u00f3ngase en contacto con nosotros, le ayudaremos a resolver el problema lo antes posible.<\/p>\n<\/div>\n<\/div>\n<\/div>\n<\/div>\n<\/div>\n<div id=\"ali-anchor-AliMagic-mpbvmb\" class=\"magic-0\" data-section=\"AliMagic-mpbvmb\" data-section-title=\"Packing &amp; Delivery\">Embalaje y entrega<\/div>\n<div class=\"detail-decorate-json-renderer-container\">\n<div class=\"magic-4\">\n<div class=\"magic-5\">\n<div class=\"magic-6\">\n<div class=\"magic-7\">\n<p class=\"magic-8\"><b>Embalaje:<\/b><\/p>\n<p class=\"magic-8\">\nLos productos se embalan en cajas de cart\u00f3n\/madera de alta calidad, adecuadas para el transporte mar\u00edtimo de larga distancia, as\u00ed como para climas y con buena resistencia a la humedad y los golpes.<\/p>\n<p><b>Plazo de entrega:<\/b><\/p>\n<p>1. Si este tipo de productos est\u00e1 en stock, el producto ser\u00e1 enviado para usted 1-7 d\u00edas despu\u00e9s del pago.<\/p>\n<p>2. Si este tipo de productos no est\u00e1 en stock, los productos tardar\u00e1n unos 7-25 d\u00edas en producirse.<\/p>\n<p class=\"magic-8\">\n<b>Env\u00edo:<\/b><\/p>\n<p>Mar\u00edtimo, ferroviario, a\u00e9reo (DHL\/UPS\/TNT\/FEDEX)<\/p>\n<\/div>\n<\/div>\n<\/div>\n<\/div>\n<\/div>\n<div class=\"icbu-pc-images magic-1\">\n<div>\n<div class=\"flex-layout-v\">\n<div class=\"flex-layout-h magic-1\">\n<div class=\"magic-42\"><img decoding=\"async\" class=\"magic-43\" src=\"https:\/\/img.yfisher.com\/m6076\/1725726773qyg\/jpg70-t3-scale100.webp\" alt=\"cartucho filtrante de pp fundido soplado con n\u00facleo filtrante de pp para filtraci\u00f3n de agua 45\" data-lazy=\"2\" title=\"\"><\/div>\n<\/div>\n<\/div>\n<\/div>\n<\/div>\n<div id=\"ali-anchor-AliMagic-o4lh8d\" class=\"magic-0\" data-section=\"AliMagic-o4lh8d\" data-section-title=\"Contact us\">P\u00f3ngase en contacto con nosotros<\/div>\n<div class=\"detail-decorate-json-renderer-container\">\n<div class=\"magic-4\">\n<div class=\"magic-5\">\n<div class=\"magic-6\">\n<div class=\"magic-7\">\n<p class=\"magic-8\">\u00a0wechat\/skype\/whatsapp:+8613574135785 (contacto de respuesta r\u00e1pida)<\/p>\n<\/div>\n<\/div>\n<\/div>\n<\/div>\n<\/div>\n<div class=\"icbu-pc-images magic-1\">\n<div>\n<div class=\"flex-layout-v\">\n<div class=\"flex-layout-h magic-1\">\n<div class=\"magic-44\"><img decoding=\"async\" class=\"magic-45\" src=\"https:\/\/img.yfisher.com\/m6076\/1725726869dv4\/jpg70-t3-scale100.webp\" alt=\"cartucho filtrante de pp fundido soplado con n\u00facleo filtrante de pp para filtraci\u00f3n de agua 47\" data-lazy=\"2\" title=\"\"><\/div>\n<\/div>\n<\/div>\n<\/div>\n<\/div>\n<\/div>\n<\/div>\n<\/div>\n<\/div>\n<div data-module=\"detailMarketPackage\"><\/div>\n<div data-module=\"productAuth\"><\/div>\n<\/div>\n<\/div>\n<div class=\"diffStatement\">El uso de este producto ha aumentado mucho la productividad laboral y ha reducido la intensidad de trabajo de los obreros. De ah\u00ed que se considere un producto imprescindible para los fabricantes. Presenta una porosidad diferente en toda la profundidad de su medio filtrante. No requiere mucha intervenci\u00f3n humana, salvo para reparaciones y pruebas, y tambi\u00e9n se reduce la incidencia de accidentes y lesiones. La porosidad de su medio filtrante var\u00eda en profundidad.<\/div>","protected":false},"excerpt":{"rendered":"<table>\n<thead>\n<tr>\n<th>Campo<\/th>\n<th>Detalles<\/th>\n<\/tr>\n<\/thead>\n<tbody>\n<tr>\n<td>Industrias aplicables<\/td>\n<td>Plantas de fabricaci\u00f3n, f\u00e1bricas de alimentos y bebidas, uso dom\u00e9stico, tratamiento de aguas<\/td>\n<\/tr>\n<tr>\n<td>Lugar de origen<\/td>\n<td>Guangdong, China<\/td>\n<\/tr>\n<tr>\n<td>Marca<\/td>\n<td>Lvyuan, OEM, ODM<\/td>\n<\/tr>\n<tr>\n<td>Material<\/td>\n<td>PP<\/td>\n<\/tr>\n<tr>\n<td>Peso<\/td>\n<td>Personalizado<\/td>\n<\/tr>\n<tr>\n<td>Talla<\/td>\n<td>Personalizado<\/td>\n<\/tr>\n<tr>\n<td>Potencia<\/td>\n<td>0<\/td>\n<\/tr>\n<tr>\n<td>Garant\u00eda<\/td>\n<td>No disponible<\/td>\n<\/tr>\n<tr>\n<td>Caracter\u00edstica<\/td>\n<td>Acero inoxidable de tama\u00f1o y logotipo personalizados<\/td>\n<\/tr>\n<tr>\n<td>Certificaci\u00f3n<\/td>\n<td>SGS<\/td>\n<\/tr>\n<tr>\n<td>Forma<\/td>\n<td>Cilindro<\/td>\n<\/tr>\n<tr>\n<td>Utilizaci\u00f3n<\/td>\n<td>Tratamiento del agua<\/td>\n<\/tr>\n<tr>\n<td>Aplicaci\u00f3n<\/td>\n<td>Industria<\/td>\n<\/tr>\n<tr>\n<td>Color<\/td>\n<td>Blanco<\/td>\n<\/tr>\n<tr>\n<td>Embalaje<\/td>\n<td>Caja de papel<\/td>\n<\/tr>\n<tr>\n<td>Materia prima<\/td>\n<td>Fibra PP<\/td>\n<\/tr>\n<tr>\n<td>Apariencia<\/td>\n<td>En relieve, brillante, etc.<\/td>\n<\/tr>\n<tr>\n<td>Longitud<\/td>\n<td>5\/10\/20\/30\/40 pulgadas o personalizado<\/td>\n<\/tr>\n<tr>\n<td>Servicio posventa<\/td>\n<td>Asistencia en l\u00ednea<\/td>\n<\/tr>\n<tr>\n<td>Capacidad de suministro<\/td>\n<td>5000 Piezas por semana<\/td>\n<\/tr>\n<\/tbody>\n<\/table>","protected":false},"featured_media":906,"comment_status":"open","ping_status":"closed","template":"","meta":{"_gspb_post_css":""},"product_brand":[],"product_cat":[23,17],"product_tag":[386,385,324,320,306,340],"class_list":{"0":"post-905","1":"product","2":"type-product","3":"status-publish","4":"has-post-thumbnail","6":"product_cat-pp-filter-cartridge","7":"product_cat-sediment-filter","8":"product_tag-custom-length","9":"product_tag-cylinder-filter-cartridge","10":"product_tag-oem-odm-filter","11":"product_tag-pp-fiber-filter","12":"product_tag-sgs-certified","13":"product_tag-water-treatment-filter","15":"first","16":"instock","17":"shipping-taxable","18":"product-type-simple"},"_links":{"self":[{"href":"https:\/\/lyfilter.com\/es\/wp-json\/wp\/v2\/product\/905","targetHints":{"allow":["GET"]}}],"collection":[{"href":"https:\/\/lyfilter.com\/es\/wp-json\/wp\/v2\/product"}],"about":[{"href":"https:\/\/lyfilter.com\/es\/wp-json\/wp\/v2\/types\/product"}],"replies":[{"embeddable":true,"href":"https:\/\/lyfilter.com\/es\/wp-json\/wp\/v2\/comments?post=905"}],"wp:featuredmedia":[{"embeddable":true,"href":"https:\/\/lyfilter.com\/es\/wp-json\/wp\/v2\/media\/906"}],"wp:attachment":[{"href":"https:\/\/lyfilter.com\/es\/wp-json\/wp\/v2\/media?parent=905"}],"wp:term":[{"taxonomy":"product_brand","embeddable":true,"href":"https:\/\/lyfilter.com\/es\/wp-json\/wp\/v2\/product_brand?post=905"},{"taxonomy":"product_cat","embeddable":true,"href":"https:\/\/lyfilter.com\/es\/wp-json\/wp\/v2\/product_cat?post=905"},{"taxonomy":"product_tag","embeddable":true,"href":"https:\/\/lyfilter.com\/es\/wp-json\/wp\/v2\/product_tag?post=905"}],"curies":[{"name":"wp","href":"https:\/\/api.w.org\/{rel}","templated":true}]}}