{"id":856,"date":"2025-12-24T09:45:25","date_gmt":"2025-12-24T09:45:25","guid":{"rendered":"https:\/\/lyfilter.com\/?post_type=product&#038;p=856"},"modified":"2025-12-24T09:45:26","modified_gmt":"2025-12-24T09:45:26","slug":"5-10-inch-plastic-frame-80-100-200-micron-washable-mesh-net-filter-cartridge-for-pre-water-filter-element-filtration","status":"publish","type":"product","link":"https:\/\/lyfilter.com\/es\/5-10-inch-plastic-frame-80-100-200-micron-washable-mesh-net-filter-cartridge-for-pre-water-filter-element-filtration\/","title":{"rendered":"5 10 pulgadas Marco de pl\u00e1stico 80 100 200 micras Lavable cartucho de filtro de red de malla para el pre filtro de agua elemento de filtraci\u00f3n"},"content":{"rendered":"<div class=\"pro_aliData\">\n<div class=\"detail-box\">\n<div class=\"scc-wrapper detail-module module-productPackagingAndQuickDetail\" data-spm=\"prilinga1e\">\n<div class=\"widget-detail-overview\">\n<div class=\"do-content\">\n<div class=\"do-overview\">\n<div class=\"do-entry do-entry-full\">\n<h3 class=\"do-entry-title\">Embalaje y entrega<\/h3>\n<div class=\"do-entry-list\">\n<dl class=\"do-entry-item\">\n<dt class=\"do-entry-item-key\">Unidades de venta:<\/dt>\n<dd class=\"do-entry-item-val\">Art\u00edculo \u00fanico<\/dd>\n<\/dl>\n<dl class=\"do-entry-item\">\n<dt class=\"do-entry-item-key\" title=\"Tama\u00f1o de envase individual:\">Tama\u00f1o de envase individual:<\/dt>\n<dd class=\"do-entry-item-val\">55X8X8 cm<\/dd>\n<\/dl>\n<dl class=\"do-entry-item\">\n<dt class=\"do-entry-item-key\" title=\"Peso bruto \u00fanico:\">Peso bruto \u00fanico:<\/dt>\n<dd class=\"do-entry-item-val\">0,500 kg<\/dd>\n<\/dl>\n<dl class=\"do-entry-item\">\n<dt class=\"do-entry-item-key\">Tipo de envase:<\/dt>\n<dd class=\"do-entry-item-val pkg-method\">5 10 pulgadas Marco de pl\u00e1stico 80 100 200 micras Cartucho filtrante de malla lavable para pre\u00a0<a href=\"https:\/\/lyfilter.com\/es\/products.html\/\">elemento filtrante de agua<\/a>\u00a0filtraci\u00f3n El mejor precio unitario y el coste de env\u00edo est\u00e1n sujetos a cambios de cantidad. por favor, no dude en enviarnos una consulta para obtener los mejores precios. Paquete 25pc\/CTN<\/dd>\n<\/dl>\n<dl class=\"do-entry-item\">\n<dt class=\"do-entry-item-key\" title=\"Plazos de entrega\">Plazos de entrega\u00a0<i class=\"next-icon next-icon-help next-icon-xs js-leadtimes-tips\"><\/i>:<\/dt>\n<dd class=\"do-entry-item-val\" title=\"Plazos de entrega\">\n<div class=\"table-responsive\">\n<table class=\"supply-ability-table ui2-table ui2-table-normal ui2-table-zebra ui2-table-hover\">\n<tbody>\n<tr>\n<td>Cantidad(Piezas)<\/td>\n<td>1 - 10000<\/td>\n<td>&gt;10000<\/td>\n<\/tr>\n<tr>\n<td>Est. Tiempo (d\u00edas)<\/td>\n<td>15<\/td>\n<td>A negociar<\/td>\n<\/tr>\n<\/tbody>\n<\/table>\n<\/div>\n<\/dd>\n<\/dl>\n<\/div>\n<\/div>\n<\/div>\n<\/div>\n<\/div>\n<\/div>\n<div class=\"scc-wrapper detail-module module-detailVideo\" data-spm=\"detailvideo\"><\/div>\n<div class=\"scc-wrapper detail-module module-productSpecification\" data-spm=\"pronpeci14\">\n<div id=\"J-rich-text-description\" class=\"richtext richtext-detail rich-text-description\">\n<div id=\"detail_decorate_root\" data-host=\"111218246\" data-magic-global=\"%7B%22bizId%22%3A17381045746%2C%22pageId%22%3A5071907925%2C%22siteId%22%3A5005126472%7D\" data-id=\"detail_decorate_root\">\n<div id=\"ali-anchor-AliMagic-wcaxb4\" class=\"magic-0\" data-section=\"AliMagic-wcaxb4\" data-section-title=\"Product Description\">Descripci\u00f3n del producto<\/div>\n<div class=\"detail-decorate-json-renderer-container\">\n<div class=\"magic-1\">\n<h3 class=\"magic-2\" data-id=\"title0\"><\/h3>\n<h3 class=\"magic-3\">5 10 pulgadas Marco de pl\u00e1stico 80 100 200 micras Lavable cartucho de filtro de red de malla para el pre filtro de agua elemento de filtraci\u00f3n<\/h3>\n<div class=\"magic-4\">\n<div class=\"magic-5\">\n<div class=\"magic-6\" data-id=\"paragraph0\">\n<div>El cartucho filtrante lavable est\u00e1 fabricado con polipropileno puro no t\u00f3xico 100% con red de nailon lavable incorporada o red de malla de acero inoxidable. Se puede utilizar como pre filtro de agua.<\/div>\n<div><\/div>\n<div>Caracter\u00edsticas:<\/div>\n<div><\/div>\n<p>1. Eliminaci\u00f3n de sedimentos, arena y part\u00edculas en suspensi\u00f3n; 2. Alta eficacia, f\u00e1cil de limpiar y lavar a contracorriente; 3. Se adapta a todas las carcasas est\u00e1ndar de configuraci\u00f3n DOE y 222; 4. Baja ca\u00edda de presi\u00f3n; 5. Alta capacidad de retenci\u00f3n de suciedad; 6. Larga vida \u00fatil. 7. Temperatura m\u00e1xima de funcionamiento: 55 \u2103; 8. Presi\u00f3n diferencial m\u00e1xima 0,8 bar (11,6 Psi), 9. Se recomienda limpiar\/sustituir el cartucho al menos una vez cada 12 meses.<\/p><\/div>\n<\/div>\n<\/div>\n<\/div>\n<\/div>\n<div class=\"icbu-pc-images magic-7\">\n<div>\n<div class=\"flex-layout-v\">\n<div class=\"flex-layout-h magic-7\">\n<div class=\"magic-8\"><img decoding=\"async\" class=\"magic-9\" src=\"https:\/\/img.yfisher.com\/m6076\/1725727431f27\/jpg70-t3-scale100.webp\" alt=\"5 10 pulgadas Marco de pl\u00e1stico 80 100 200 micras Cartucho filtrante de malla lavable para pre filtro de agua elemento de filtraci\u00f3n 7\" data-id=\"child-image-0\" data-lazy=\"2\" title=\"\"><\/div>\n<div class=\"magic-10\"><img decoding=\"async\" class=\"magic-9\" src=\"https:\/\/img.yfisher.com\/m6076\/1725727431fv4\/jpg70-t3-scale100.webp\" alt=\"5 10 pulgadas Marco de pl\u00e1stico 80 100 200 micras Cartucho filtrante de malla lavable para prefiltro de agua elemento filtrante 9\" data-id=\"child-image-1\" data-lazy=\"2\" title=\"\"><\/div>\n<\/div>\n<\/div>\n<\/div>\n<\/div>\n<div class=\"icbu-pc-images magic-7\">\n<div>\n<div class=\"flex-layout-v\">\n<div class=\"flex-layout-h magic-7\">\n<div class=\"magic-11\"><img decoding=\"async\" class=\"magic-12\" src=\"https:\/\/img.yfisher.com\/m6076\/1725727320ygr\/jpg70-t3-scale100.webp\" alt=\"5 10 pulgadas Marco de pl\u00e1stico 80 100 200 micras Lavable cartucho de filtro de red de malla para el pre filtro de agua elemento de filtraci\u00f3n 11\" data-lazy=\"2\" title=\"\"><\/div>\n<\/div>\n<\/div>\n<\/div>\n<\/div>\n<div class=\"ife-detail-decorate-table\">\n<div class=\"table-responsive\">\n<table class=\"all magic-13\">\n<tbody>\n<tr>\n<td colspan=\"1\" rowspan=\"1\">\n<div class=\"magic-14\">Nombre del producto<\/div>\n<\/td>\n<td colspan=\"1\" rowspan=\"1\">\n<div class=\"magic-15\">5 10 pulgadas Marco de pl\u00e1stico 80 100 200 micras Lavable cartucho de filtro de red de malla para el pre filtro de agua elemento de filtraci\u00f3n<\/div>\n<\/td>\n<\/tr>\n<tr>\n<td colspan=\"1\" rowspan=\"1\">\n<div class=\"magic-14\">Puede rellenarse<\/div>\n<\/td>\n<td colspan=\"1\" rowspan=\"1\">\n<div class=\"magic-15\">Power PHOS, Siliphos, Polyphosphate crytal ball<\/div>\n<\/td>\n<\/tr>\n<tr>\n<td colspan=\"1\" rowspan=\"1\">\n<div class=\"magic-16\"><span style=\"color: #000000;\" data-spm-anchor-id=\"a2700.siteadmin.0.i42.4c773333dtqLo6\">Material neto<\/span><\/div>\n<\/td>\n<td colspan=\"1\" rowspan=\"1\">\n<div class=\"magic-17\">Malla de nailon o acero inoxidable<\/div>\n<\/td>\n<\/tr>\n<tr>\n<td colspan=\"1\" rowspan=\"1\">\n<div class=\"magic-14\">Material de la carcasa del filtro<\/div>\n<\/td>\n<td colspan=\"1\" rowspan=\"1\">\n<div class=\"magic-15\">PP<\/div>\n<\/td>\n<\/tr>\n<tr>\n<td colspan=\"1\" rowspan=\"1\">\n<div class=\"magic-14\">Longitud<\/div>\n<\/td>\n<td colspan=\"1\" rowspan=\"1\">\n<div class=\"magic-15\">5, 10 pulgadas<\/div>\n<\/td>\n<\/tr>\n<tr>\n<td colspan=\"1\" rowspan=\"1\">\n<div class=\"magic-14\">Color de la carcasa del filtro<\/div>\n<\/td>\n<td colspan=\"1\" rowspan=\"1\">\n<div class=\"magic-15\">blanco, transparente<\/div>\n<\/td>\n<\/tr>\n<tr>\n<td colspan=\"1\" rowspan=\"1\">\n<div class=\"magic-14\">Funci\u00f3n<\/div>\n<\/td>\n<td colspan=\"1\" rowspan=\"1\">\n<div class=\"magic-15\">anticorrosi\u00f3n y antical<\/div>\n<\/td>\n<\/tr>\n<tr>\n<td colspan=\"1\" rowspan=\"1\">\n<div class=\"magic-14\">Instalaci\u00f3n<\/div>\n<\/td>\n<td colspan=\"1\" rowspan=\"1\">\n<div class=\"magic-15\">Bajo fregadero, prefiltraci\u00f3n dom\u00e9stica<\/div>\n<\/td>\n<\/tr>\n<tr>\n<td colspan=\"1\" rowspan=\"1\">\n<div class=\"magic-14\">Caracter\u00edstica<\/div>\n<\/td>\n<td colspan=\"1\" rowspan=\"1\">\n<div class=\"magic-15\">Rellenable, reutilizable<\/div>\n<\/td>\n<\/tr>\n<\/tbody>\n<\/table>\n<\/div>\n<\/div>\n<div id=\"ali-anchor-AliMagic-ku05x9\" class=\"magic-0\" data-section=\"AliMagic-ku05x9\" data-section-title=\"Product Show\">Productos<\/div>\n<div class=\"icbu-pc-images magic-7\">\n<div>\n<div class=\"flex-layout-v\">\n<div class=\"flex-layout-h magic-7\">\n<div class=\"magic-11\"><img decoding=\"async\" class=\"magic-12\" src=\"https:\/\/img.yfisher.com\/m6076\/1725727320oes\/jpg70-t3-scale100.webp\" alt=\"5 10 pulgadas Marco de pl\u00e1stico 80 100 200 micras Cartucho filtrante de malla lavable para prefiltro de agua elemento filtrante 13\" data-lazy=\"2\" title=\"\"><\/div>\n<\/div>\n<\/div>\n<\/div>\n<\/div>\n<div class=\"icbu-pc-images magic-7\">\n<div>\n<div class=\"flex-layout-v\">\n<div class=\"flex-layout-h magic-7\">\n<div class=\"magic-11\"><img decoding=\"async\" class=\"magic-12\" src=\"https:\/\/img.yfisher.com\/m6076\/1725727320zlw\/jpg70-t3-scale100.webp\" alt=\"5 10 pulgadas Marco de pl\u00e1stico 80 100 200 micras Cartucho filtrante de malla lavable para prefiltro de agua elemento filtrante 15\" data-lazy=\"2\" title=\"\"><\/div>\n<\/div>\n<\/div>\n<\/div>\n<\/div>\n<div class=\"icbu-pc-images magic-7\">\n<div>\n<div class=\"flex-layout-v\">\n<div class=\"flex-layout-h magic-7\">\n<div class=\"magic-18\"><img decoding=\"async\" class=\"magic-19\" src=\"https:\/\/img.yfisher.com\/m6076\/1725727320t9d\/jpg70-t3-scale100.webp\" alt=\"5 10 pulgadas Marco de pl\u00e1stico 80 100 200 micras Cartucho filtrante de malla lavable para prefiltro de agua elemento filtrante 17\" data-lazy=\"2\" title=\"\"><\/div>\n<\/div>\n<\/div>\n<\/div>\n<\/div>\n<div id=\"ali-anchor-AliMagic-zn1rbz\" class=\"magic-0\" data-section=\"AliMagic-zn1rbz\" data-section-title=\"Our Company\">Nuestra empresa<\/div>\n<div class=\"detail-decorate-json-renderer-container\">\n<div class=\"magic-1\">\n<div class=\"magic-4\">\n<div class=\"magic-5\">\n<div class=\"magic-6\">\n<p class=\"magic-20\">Guangzhou Lvyuan Water Purification Equipment Co.,Ltd se encuentra en el distrito de Panyu, ciudad de Guangzhou. Somos una empresa integral. Nuestras l\u00edneas de producci\u00f3n competitivas incluyen:<br \/>\n1. Todo tipo de cartuchos filtrantes<br \/>\n2. Carcasas de filtros de cartucho y carcasas de filtros de bolsa<br \/>\n3. Equipos y purificadores de agua RO, UF y MBR<br \/>\n4. Muchos tipos de equipos de tratamiento de agua<br \/>\n5. Muchos tipos de purificadores de agua y equipos, ablandadores de agua, y m\u00e1s.<br \/>\nNos dedicamos al desarrollo de la filtraci\u00f3n desde hace m\u00e1s de 10 a\u00f1os. Podemos suministrar soporte t\u00e9cnico avanzado y soluciones para todos nuestros clientes.<\/p>\n<\/div>\n<\/div>\n<\/div>\n<\/div>\n<\/div>\n<div class=\"icbu-pc-images magic-7\">\n<div>\n<div class=\"flex-layout-v\">\n<div class=\"flex-layout-h magic-7\">\n<div class=\"magic-21\"><img decoding=\"async\" class=\"magic-22\" src=\"https:\/\/img.yfisher.com\/m6076\/1725286988dit\/jpg70-t3-scale100.webp\" alt=\"5 10 pulgadas Marco de pl\u00e1stico 80 100 200 micras Cartucho filtrante de malla lavable para prefiltro de agua elemento filtrante 19\" data-lazy=\"2\" title=\"\"><\/div>\n<\/div>\n<\/div>\n<\/div>\n<\/div>\n<div class=\"icbu-pc-images magic-7\">\n<div>\n<div class=\"flex-layout-v\">\n<div class=\"flex-layout-h magic-7\">\n<div class=\"magic-23\"><img decoding=\"async\" class=\"magic-24\" src=\"https:\/\/img.yfisher.com\/m6076\/1725726960zy4\/jpg70-t3-scale100.webp\" alt=\"5 10 pulgadas Marco de pl\u00e1stico 80 100 200 micras Cartucho filtrante de malla lavable para prefiltro de agua elemento filtrante 21\" data-lazy=\"2\" title=\"\"><\/div>\n<\/div>\n<\/div>\n<\/div>\n<\/div>\n<div id=\"ali-anchor-AliMagic-iytxe9\" class=\"magic-0\" data-section=\"AliMagic-iytxe9\" data-section-title=\"Packing &amp; Delivery\">Embalaje y entrega<\/div>\n<div class=\"icbu-pc-images magic-7\">\n<div>\n<div class=\"flex-layout-v\">\n<div class=\"flex-layout-h magic-7\">\n<div class=\"magic-25\"><img decoding=\"async\" class=\"magic-26\" src=\"https:\/\/img.yfisher.com\/m6076\/1725726953i81\/jpg70-t3-scale100.webp\" alt=\"5 10 pulgadas Marco de pl\u00e1stico 80 100 200 micras Lavable cartucho de filtro de red de malla para el pre filtro de agua elemento de filtraci\u00f3n 23\" data-id=\"child-image-0\" data-lazy=\"2\" title=\"\"><\/div>\n<div class=\"magic-27\"><img class=\"magic-28\" alt=\"5 10 pulgadas Marco de pl\u00e1stico 80 100 200 micras Cartucho filtrante de malla lavable para prefiltro de agua elemento filtrante 25\" data-id=\"child-image-1\" data-lazy=\"0\" \/><\/div>\n<div class=\"magic-27\"><img decoding=\"async\" class=\"magic-29\" src=\"https:\/\/img.yfisher.com\/m6076\/172572695459i\/jpg70-t3-scale100.webp\" alt=\"5 10 pulgadas Marco de pl\u00e1stico 80 100 200 micras Cartucho filtrante de malla lavable para prefiltro de agua elemento filtrante 27\" data-id=\"child-image-2\" data-lazy=\"2\" title=\"\"><\/div>\n<\/div>\n<\/div>\n<\/div>\n<\/div>\n<div class=\"icbu-pc-detailSellerRecommend magic-30 J_module\" data-magic=\" \" data-magic-status=\"done\">\n<div class=\"icbu-pc-detailSellerRecommend\" data-reactroot=\"\"><\/div>\n<\/div>\n<div id=\"ali-anchor-AliMagic-aynhhf\" class=\"magic-0\" data-section=\"AliMagic-aynhhf\" data-section-title=\"Contact\">P\u00f3ngase en contacto con<\/div>\n<div class=\"icbu-pc-images magic-7\">\n<div>\n<div class=\"flex-layout-v\">\n<div class=\"flex-layout-h magic-7\">\n<div class=\"magic-31\"><img decoding=\"async\" class=\"magic-32\" src=\"https:\/\/img.yfisher.com\/m6076\/1725727157evo\/jpg70-t3-scale100.webp\" alt=\"5 10 pulgadas Marco de pl\u00e1stico 80 100 200 micras Cartucho filtrante de malla lavable para pre filtro de agua elemento de filtraci\u00f3n 29\" data-lazy=\"2\" title=\"\"><\/div>\n<\/div>\n<\/div>\n<\/div>\n<\/div>\n<div id=\"7663915323\" class=\"J_module\"><\/div>\n<\/div>\n<\/div>\n<\/div>\n<div data-module=\"detailMarketPackage\"><\/div>\n<div data-module=\"productAuth\"><\/div>\n<\/div>\n<\/div>\n<div class=\"diffStatement\">Guangzhou Lvyuan Water Purification Equipment Co., Ltd. es una empresa de alta tecnolog\u00eda que integra investigaci\u00f3n y desarrollo, producci\u00f3n, comercializaci\u00f3n y servicio de\u00a0<a href=\"https:\/\/lyfilter.com\/es\/products.html\/\">cartuchos de filtro de agua<\/a>\u00a0juntos. Ofrece una excelente filtraci\u00f3n y una buena estabilidad t\u00e9rmica. Guangzhou Lvyuan Water Purification Equipment Co., Ltd. utiliza cartones s\u00f3lidos para embalar los cartuchos filtrantes de agua con el fin de asegurarse de que son lo suficientemente seguros. Ofrece excelente filtraci\u00f3n y buena estabilidad t\u00e9rmica.<\/div>","protected":false},"excerpt":{"rendered":"<table>\n<thead>\n<tr>\n<th><strong>Campo<\/strong><\/th>\n<th><strong>Valor<\/strong><\/th>\n<\/tr>\n<\/thead>\n<tbody>\n<tr>\n<td>Tipo<\/td>\n<td>Piezas de filtros de agua<\/td>\n<\/tr>\n<tr>\n<td>Nombre del producto<\/td>\n<td>Cartucho de red lavable<\/td>\n<\/tr>\n<tr>\n<td>N\u00famero de modelo<\/td>\n<td>LY-NET<\/td>\n<\/tr>\n<tr>\n<td>Marca<\/td>\n<td>Lvyuan \/ OEM<\/td>\n<\/tr>\n<tr>\n<td>Lugar de origen<\/td>\n<td>Guangdong, China<\/td>\n<\/tr>\n<tr>\n<td>Aplicaci\u00f3n<\/td>\n<td>Hosteler\u00eda, comercio, hogar<\/td>\n<\/tr>\n<tr>\n<td>Fuente de energ\u00eda<\/td>\n<td>Manual<\/td>\n<\/tr>\n<tr>\n<td>Servicio posventa<\/td>\n<td>Ninguno<\/td>\n<\/tr>\n<tr>\n<td>Garant\u00eda<\/td>\n<td>Ninguno<\/td>\n<\/tr>\n<tr>\n<td>Certificaci\u00f3n<\/td>\n<td>CE<\/td>\n<\/tr>\n<tr>\n<td>Aplicaci\u00f3n (uso)<\/td>\n<td>Elemento prefiltro<\/td>\n<\/tr>\n<tr>\n<td>Longitud<\/td>\n<td>5\u2033, 10\u2033 pulgadas<\/td>\n<\/tr>\n<tr>\n<td>Funci\u00f3n<\/td>\n<td>Prevenci\u00f3n de incrustaciones, eliminaci\u00f3n de impurezas<\/td>\n<\/tr>\n<tr>\n<td>Medio filtrante<\/td>\n<td>Power PHOS, Siliphos, Polifosfato bola de cristal<\/td>\n<\/tr>\n<tr>\n<td>Color<\/td>\n<td>Blanco, Transparente<\/td>\n<\/tr>\n<tr>\n<td>Vida \u00fatil del filtro<\/td>\n<td>De 3 a 6 meses<\/td>\n<\/tr>\n<tr>\n<td>Instalaci\u00f3n<\/td>\n<td>Carcasa del prefiltro<\/td>\n<\/tr>\n<tr>\n<td>Temp. de funcionamiento.<\/td>\n<td>4\u00b0C-80\u00b0C<\/td>\n<\/tr>\n<\/tbody>\n<\/table>","protected":false},"featured_media":862,"comment_status":"open","ping_status":"closed","template":"","meta":{"_gspb_post_css":""},"product_brand":[],"product_cat":[23,17],"product_tag":[369,368,365,367,366,364],"class_list":{"0":"post-856","1":"product","2":"type-product","3":"status-publish","4":"has-post-thumbnail","6":"product_cat-pp-filter-cartridge","7":"product_cat-sediment-filter","8":"product_tag-ce-certified-cartridge","9":"product_tag-hotel-water-filter-parts","10":"product_tag-ly-net-pre-filter","11":"product_tag-polyphosphate-media","12":"product_tag-scale-prevention-filter","13":"product_tag-washable-net-cartridge","15":"first","16":"instock","17":"shipping-taxable","18":"product-type-simple"},"_links":{"self":[{"href":"https:\/\/lyfilter.com\/es\/wp-json\/wp\/v2\/product\/856","targetHints":{"allow":["GET"]}}],"collection":[{"href":"https:\/\/lyfilter.com\/es\/wp-json\/wp\/v2\/product"}],"about":[{"href":"https:\/\/lyfilter.com\/es\/wp-json\/wp\/v2\/types\/product"}],"replies":[{"embeddable":true,"href":"https:\/\/lyfilter.com\/es\/wp-json\/wp\/v2\/comments?post=856"}],"wp:featuredmedia":[{"embeddable":true,"href":"https:\/\/lyfilter.com\/es\/wp-json\/wp\/v2\/media\/862"}],"wp:attachment":[{"href":"https:\/\/lyfilter.com\/es\/wp-json\/wp\/v2\/media?parent=856"}],"wp:term":[{"taxonomy":"product_brand","embeddable":true,"href":"https:\/\/lyfilter.com\/es\/wp-json\/wp\/v2\/product_brand?post=856"},{"taxonomy":"product_cat","embeddable":true,"href":"https:\/\/lyfilter.com\/es\/wp-json\/wp\/v2\/product_cat?post=856"},{"taxonomy":"product_tag","embeddable":true,"href":"https:\/\/lyfilter.com\/es\/wp-json\/wp\/v2\/product_tag?post=856"}],"curies":[{"name":"wp","href":"https:\/\/api.w.org\/{rel}","templated":true}]}}