{"id":849,"date":"2025-12-24T09:41:32","date_gmt":"2025-12-24T09:41:32","guid":{"rendered":"https:\/\/lyfilter.com\/?post_type=product&#038;p=849"},"modified":"2025-12-24T09:41:32","modified_gmt":"2025-12-24T09:41:32","slug":"high-filtration-10-20-inch-big-blue-wine-sediment-filter-pp-water-filter-element","status":"publish","type":"product","link":"https:\/\/lyfilter.com\/es\/high-filtration-10-20-inch-big-blue-wine-sediment-filter-pp-water-filter-element\/","title":{"rendered":"Filtraci\u00f3n alta 10 20 pulgadas filtro grande azul del sedimento del vino\/elemento del filtro del agua de PP"},"content":{"rendered":"<div class=\"pro_aliData\">\n<div class=\"detail-box\">\n<div class=\"scc-wrapper detail-module module-productPackagingAndQuickDetail\" data-spm=\"prilinga1e\">\n<div class=\"widget-detail-overview\">\n<div class=\"do-content\">\n<div class=\"do-overview\">\n<div class=\"do-entry do-entry-full\">\n<h3 class=\"do-entry-title\">Embalaje y entrega<\/h3>\n<div class=\"do-entry-list\">\n<dl class=\"do-entry-item\">\n<dt class=\"do-entry-item-key\">Unidades de venta:<\/dt>\n<dd class=\"do-entry-item-val\">Art\u00edculo \u00fanico<\/dd>\n<\/dl>\n<dl class=\"do-entry-item\">\n<dt class=\"do-entry-item-key\" title=\"Tama\u00f1o de envase individual:\">Tama\u00f1o de envase individual:<\/dt>\n<dd class=\"do-entry-item-val\">30X5X5 cm<\/dd>\n<\/dl>\n<dl class=\"do-entry-item\">\n<dt class=\"do-entry-item-key\" title=\"Peso bruto \u00fanico:\">Peso bruto \u00fanico:<\/dt>\n<dd class=\"do-entry-item-val\">1.000 kg<\/dd>\n<\/dl>\n<dl class=\"do-entry-item\">\n<dt class=\"do-entry-item-key\">Tipo de envase:<\/dt>\n<dd class=\"do-entry-item-val pkg-method\">Filtraci\u00f3n alta 10 20 pulgadas filtro grande azul del sedimento del vino\/elemento del filtro del agua de PP 10\u201d 50PCS\/CTN 20\u201d 25PCS\/CTN 30\u201d 25PCS\/CTN 40\u201d 25PCS\/CTN<\/dd>\n<\/dl>\n<dl class=\"do-entry-item\">\n<dt class=\"do-entry-item-key\" title=\"Plazos de entrega\">Plazos de entrega\u00a0<i class=\"next-icon next-icon-help next-icon-xs js-leadtimes-tips\"><\/i>:<\/dt>\n<dd class=\"do-entry-item-val\" title=\"Plazos de entrega\">\n<div class=\"table-responsive\">\n<table class=\"supply-ability-table ui2-table ui2-table-normal ui2-table-zebra ui2-table-hover\">\n<tbody>\n<tr>\n<td>Cantidad(Piezas)<\/td>\n<td>1 - 500<\/td>\n<td>501 - 5000<\/td>\n<td>5001 - 10000<\/td>\n<td>&gt;10000<\/td>\n<\/tr>\n<tr>\n<td>Est. Tiempo (d\u00edas)<\/td>\n<td>3<\/td>\n<td>7<\/td>\n<td>10<\/td>\n<td>A negociar<\/td>\n<\/tr>\n<\/tbody>\n<\/table>\n<\/div>\n<\/dd>\n<\/dl>\n<\/div>\n<\/div>\n<\/div>\n<\/div>\n<\/div>\n<\/div>\n<div class=\"scc-wrapper detail-module module-detailVideo\" data-spm=\"detailvideo\"><\/div>\n<div class=\"scc-wrapper detail-module module-productSpecification\" data-spm=\"pronpeci14\">\n<div id=\"J-rich-text-description\" class=\"richtext richtext-detail rich-text-description\">\n<p>Introducci\u00f3n:<\/p>\n<p>El cartucho filtrante PP fundido-soplado (PPF) est\u00e1 fabricado con material de polipropileno.<\/p>\n<p>Puede eliminar eficazmente sustancias en suspensi\u00f3n, part\u00edculas y \u00f3xido.<\/p>\n<p>Este tipo de cartucho se utiliza para el cartucho de filtro frontal para proteger a los dem\u00e1s.<\/p>\n<p>&nbsp;<\/p>\n<p>&nbsp;<\/p>\n<p>&nbsp;<\/p>\n<p>&nbsp;<\/p>\n<p>Par\u00e1metros:<\/p>\n<div class=\"table-responsive\">\n<table class=\"aliDataTable\">\n<tbody>\n<tr align=\"left\">\n<td valign=\"top\">Producto<\/td>\n<td valign=\"top\">Filtraci\u00f3n alta 10 20 pulgadas filtro grande azul del sedimento del vino\/elemento del filtro del agua de PP<\/td>\n<\/tr>\n<tr align=\"left\">\n<td valign=\"top\">Material<\/td>\n<td valign=\"top\">PP, polipropileno<\/td>\n<\/tr>\n<tr align=\"left\">\n<td valign=\"top\">Estilo<\/td>\n<td valign=\"top\">Ranura, Puntos de presi\u00f3n, Plano, Entrecruzamiento<\/td>\n<\/tr>\n<tr align=\"left\">\n<td valign=\"top\">Filtraci\u00f3n de precisi\u00f3n<\/td>\n<td valign=\"top\">1~100 micras<\/td>\n<\/tr>\n<tr align=\"left\">\n<td valign=\"top\">Di\u00e1metro exterior<\/td>\n<td valign=\"top\">60~65mm<\/td>\n<\/tr>\n<tr align=\"left\">\n<td valign=\"top\">Di\u00e1metro interior<\/td>\n<td valign=\"top\">28 mm o 30 mm<\/td>\n<\/tr>\n<tr align=\"left\">\n<td valign=\"top\">Interfaz<\/td>\n<td valign=\"top\">Plano, inserto, atornillado<\/td>\n<\/tr>\n<tr align=\"left\">\n<td valign=\"top\">Tipo de tapa<\/td>\n<td valign=\"top\">222plana, 222aleta, 226plana, 226aleta, 215plana, 215aleta<\/td>\n<\/tr>\n<tr align=\"left\">\n<td valign=\"top\">Longitud<\/td>\n<td valign=\"top\">5\u201d,10\u201d,20\u201d,30\u201d,40\u201d,50\u2033,60\u2033<\/td>\n<\/tr>\n<tr align=\"left\">\n<td valign=\"top\">Presi\u00f3n diferencial m\u00e1xima<\/td>\n<td valign=\"top\">3 kgf\/cm\u00b2<\/td>\n<\/tr>\n<tr align=\"left\">\n<td valign=\"top\">Temperatura m\u00e1xima de funcionamiento<\/td>\n<td valign=\"top\">80\u00b0c<\/td>\n<\/tr>\n<tr align=\"left\">\n<td valign=\"top\">Presi\u00f3n diferencial de funcionamiento<\/td>\n<td valign=\"top\">0,1kgf\/cm2<\/td>\n<\/tr>\n<tr align=\"left\">\n<td valign=\"top\">Marca<\/td>\n<td valign=\"top\">Lvyuan\/OEM<\/td>\n<\/tr>\n<tr align=\"left\">\n<td valign=\"top\">Peso com\u00fan<\/td>\n<td valign=\"top\">100- 120g\/10\u2033 (Se puede personalizar)<\/td>\n<\/tr>\n<\/tbody>\n<\/table>\n<\/div>\n<p>&nbsp;<\/p>\n<p>&nbsp;<\/p>\n<p>&nbsp;<\/p>\n<p>&nbsp;<\/p>\n<p>Caracter\u00edsticas :<\/p>\n<p>1. Mover eficazmente sustancias en suspensi\u00f3n, part\u00edculas y \u00f3xido.<\/p>\n<p>2. Prefiltraci\u00f3n de agua<\/p>\n<p>3. Amplia compatibilidad qu\u00edmica<\/p>\n<p>4. A prueba de presi\u00f3n<\/p>\n<p>5. Alta resistencia qu\u00edmica.<\/p>\n<p>6. Disponemos de todo tipo de adaptadores<\/p>\n<p>7. Alta capacidad de retenci\u00f3n de contaminantes y larga vida \u00fatil.<\/p>\n<p>&nbsp;<\/p>\n<p>&nbsp;<\/p>\n<p>&nbsp;<\/p>\n<p>&nbsp;<\/p>\n<p>Alcance:<\/p>\n<p>Prefiltraci\u00f3n o sistema RO, disolvente, industria qu\u00edmica, industria petrolera,<\/p>\n<p>tratamiento de agua potable, industrias electr\u00f3nica y energ\u00e9tica, galvanoplastia,<\/p>\n<p>comida y bebida, vino, ect.<\/p>\n<p>&nbsp;<\/p>\n<p>&nbsp;<\/p>\n<p>&nbsp;<\/p>\n<p>Detalle de embalaje: 10\u2033:50PCS\/CTN; 20\u2033:25PCS\/CTN; 30\u2033:25PC\/CTN;40\u2033:25PCS\/CTN<\/p>\n<p>Detalle de entrega: Dentro de 7 d\u00edas despu\u00e9s de recibir el dep\u00f3sito 30%.<\/p>\n<p>&nbsp;<\/p>\n<p>&nbsp;<\/p>\n<p>&nbsp;<\/p>\n<p>&nbsp;<\/p>\n<p>&nbsp;<\/p>\n<p>Muestra de productos:<\/p>\n<p><img decoding=\"async\" src=\"https:\/\/img.yfisher.com\/m6076\/1725727044j1x\/jpg70-t3-scale100.webp\" alt=\"Alta filtraci\u00f3n 10 20 pulgadas gran vino azul filtro de sedimentos \/ elemento de filtro de agua PP 7\" data-alt=\"High filtration 10 20 inch big blue wine sediment filter\/PP water filter element\" data-=\"\" data-lazy=\"2\" title=\"\"><\/p>\n<p><img decoding=\"async\" src=\"https:\/\/img.yfisher.com\/m6076\/1725727044jk0\/jpg70-t3-scale100.webp\" alt=\"Alta filtraci\u00f3n 10 20 pulgadas grande azul vino sedimento filtro\/PP agua elemento filtrante 9\" data-alt=\"High filtration 10 20 inch big blue wine sediment filter\/PP water filter element\" data-=\"\" data-lazy=\"2\" title=\"\"><\/p>\n<p><img decoding=\"async\" src=\"https:\/\/img.yfisher.com\/m6076\/1725727044tl5\/jpg70-t3-scale100.webp\" alt=\"Filtraci\u00f3n alta 10 20 pulgadas filtro grande azul del sedimento del vino\/elemento del filtro del agua del PP 11\" data-alt=\"High filtration 10 20 inch big blue wine sediment filter\/PP water filter element\" data-=\"\" data-lazy=\"2\" title=\"\"><\/p>\n<p><img decoding=\"async\" src=\"https:\/\/img.yfisher.com\/m6076\/1725727044ad0\/jpg70-t3-scale100.webp\" alt=\"Alta filtraci\u00f3n 10 20 pulgadas gran vino azul filtro de sedimentos \/ elemento de filtro de agua PP 13\" data-alt=\"High filtration 10 20 inch big blue wine sediment filter\/PP water filter element\" data-=\"\" data-lazy=\"2\" title=\"\"><\/p>\n<p><img decoding=\"async\" src=\"https:\/\/img.yfisher.com\/m6076\/1725727044yry\/jpg70-t3-scale100.webp\" alt=\"Alta filtraci\u00f3n 10 20 pulgadas gran vino azul filtro de sedimentos \/ elemento de filtro de agua PP 15\" data-alt=\"High filtration 10 20 inch big blue wine sediment filter\/PP water filter element\" data-=\"\" data-lazy=\"2\" title=\"\"><\/p>\n<p><img decoding=\"async\" src=\"https:\/\/img.yfisher.com\/m6076\/17257270441yf\/jpg70-t3-scale100.webp\" alt=\"Filtraci\u00f3n alta 10 20 pulgadas filtro grande azul del sedimento del vino\/elemento del filtro del agua del PP 17\" data-alt=\"High filtration 10 20 inch big blue wine sediment filter\/PP water filter element\" data-=\"\" data-lazy=\"2\" title=\"\"><\/p>\n<p><img decoding=\"async\" src=\"https:\/\/img.yfisher.com\/m6076\/17257270449f1\/jpg70-t3-scale100.webp\" alt=\"Alta filtraci\u00f3n 10 20 pulgadas gran vino azul filtro de sedimentos \/ elemento de filtro de agua PP 19\" data-alt=\"High filtration 10 20 inch big blue wine sediment filter\/PP water filter element\" data-=\"\" data-lazy=\"2\" title=\"\"><\/p>\n<p><img decoding=\"async\" src=\"https:\/\/img.yfisher.com\/m6076\/1725727044bwm\/jpg70-t3-scale100.webp\" alt=\"Alta filtraci\u00f3n 10 20 pulgadas gran vino azul filtro de sedimentos \/ elemento de filtro de agua PP 21\" data-alt=\"High filtration 10 20 inch big blue wine sediment filter\/PP water filter element\" data-=\"\" data-lazy=\"2\" title=\"\"><\/p>\n<p>&nbsp;<\/p>\n<p>&nbsp;<\/p>\n<p>&nbsp;<\/p>\n<p>&nbsp;<\/p>\n<p>&nbsp;<\/p>\n<p>&nbsp;<\/p>\n<p>No dude en ponerse en contacto con nosotros para obtener m\u00e1s informaci\u00f3n o presupuestos.<\/p>\n<p>si est\u00e1 interesado en nuestros productos o en nuestra empresa. : )<\/p>\n<p>&nbsp;<\/p>\n<p>&nbsp;<\/p>\n<p>&nbsp;<\/p>\n<p>&nbsp;<\/p>\n<p><strong>Mi informaci\u00f3n de contacto -----<\/strong><\/p>\n<p><img decoding=\"async\" src=\"https:\/\/img.yfisher.com\/m6076\/1725727044sd3\/jpg70-t3-scale100.webp\" alt=\"Filtraci\u00f3n alta 10 20 pulgadas filtro grande azul del sedimento del vino\/elemento filtrante del agua del PP 23\" data-alt=\"High filtration 10 20 inch big blue wine sediment filter\/PP water filter element\" data-=\"\" data-lazy=\"2\" title=\"\"><\/p>\n<\/div>\n<\/div>\n<div data-module=\"detailMarketPackage\"><\/div>\n<div data-module=\"productAuth\"><\/div>\n<\/div>\n<\/div>\n<div class=\"diffStatement\">Es un producto de moda en este campo y popular entre muchos clientes. La capa de soporte interior est\u00e1 estrechamente conectada al material del filtro, haci\u00e9ndolo de fuerte resistencia al impacto. Lvyuan Water Purification Equipment ha construido una alta reputaci\u00f3n entre los clientes por grandes esfuerzos en\u00a0<a href=\"https:\/\/lyfilter.com\/es\/products.html\/\">cartuchos de filtro de agua<\/a>\u00a0y promoci\u00f3n pesada. La capa de soporte interior est\u00e1 estrechamente unida al material filtrante, lo que le confiere una gran resistencia a los impactos.<\/div>","protected":false},"excerpt":{"rendered":"<table>\n<thead>\n<tr>\n<th><strong>Campo<\/strong><\/th>\n<th><strong>Valor<\/strong><\/th>\n<\/tr>\n<\/thead>\n<tbody>\n<tr>\n<td>Industrias aplicables<\/td>\n<td>Hoteles, tiendas de ropa, tiendas de materiales de construcci\u00f3n, plantas de fabricaci\u00f3n, talleres de reparaci\u00f3n de maquinaria, f\u00e1bricas de alimentos y bebidas, granjas, restaurantes, uso dom\u00e9stico, comercio minorista, tiendas de alimentaci\u00f3n, imprentas, obras de construcci\u00f3n, energ\u00eda y miner\u00eda, tiendas de alimentos y bebidas, empresas de publicidad<\/td>\n<\/tr>\n<tr>\n<td>Lugar de origen<\/td>\n<td>China<\/td>\n<\/tr>\n<tr>\n<td>Marca<\/td>\n<td>Personalizado<\/td>\n<\/tr>\n<tr>\n<td>Material<\/td>\n<td>Personalizado, PP, Polipropileno<\/td>\n<\/tr>\n<tr>\n<td>Peso<\/td>\n<td>Personalizado<\/td>\n<\/tr>\n<tr>\n<td>Talla<\/td>\n<td>Personalizado<\/td>\n<\/tr>\n<tr>\n<td>Potencia<\/td>\n<td>0<\/td>\n<\/tr>\n<tr>\n<td>Garant\u00eda<\/td>\n<td>1 a\u00f1o<\/td>\n<\/tr>\n<tr>\n<td>Servicio posventa<\/td>\n<td>Asistencia en l\u00ednea<\/td>\n<\/tr>\n<tr>\n<td>Nombre del producto<\/td>\n<td>10\/20 pulgadas Big Blue filtro de sedimentos de vino \/ PP elemento filtrante de agua<\/td>\n<\/tr>\n<tr>\n<td>Tipo de filtro<\/td>\n<td>Ranurado, Gofrado, Puntos, Logotipo de la empresa<\/td>\n<\/tr>\n<tr>\n<td>Longitud<\/td>\n<td>10 \/ 20 pulgadas<\/td>\n<\/tr>\n<tr>\n<td>Di\u00e1metro exterior<\/td>\n<td>60-65 mm<\/td>\n<\/tr>\n<tr>\n<td>Micron<\/td>\n<td>1-100 micras<\/td>\n<\/tr>\n<tr>\n<td>Di\u00e1metro interior<\/td>\n<td>28 mm \/ 30 mm<\/td>\n<\/tr>\n<tr>\n<td>Interfaz de filtro<\/td>\n<td>Tipo plano, Tipo 222, Tipo 226, Tipo 215<\/td>\n<\/tr>\n<tr>\n<td>Temperatura m\u00e1xima<\/td>\n<td>80\u2103<\/td>\n<\/tr>\n<tr>\n<td>Ca\u00edda de presi\u00f3n de trabajo<\/td>\n<td>0,1 kgf\/c\u33a1<\/td>\n<\/tr>\n<\/tbody>\n<\/table>","protected":false},"featured_media":855,"comment_status":"open","ping_status":"closed","template":"","meta":{"_gspb_post_css":""},"product_brand":[],"product_cat":[23,17],"product_tag":[327,362,359,360,363,361],"class_list":{"0":"post-849","1":"product","2":"type-product","3":"status-publish","4":"has-post-thumbnail","6":"product_cat-pp-filter-cartridge","7":"product_cat-sediment-filter","8":"product_tag-1-100-micron-filter","9":"product_tag-10-20-inch-cartridge","10":"product_tag-big-blue-sediment-filter","11":"product_tag-pp-water-filter-element","12":"product_tag-type-222-226-interface","13":"product_tag-wine-sediment-filtration","15":"first","16":"instock","17":"shipping-taxable","18":"product-type-simple"},"_links":{"self":[{"href":"https:\/\/lyfilter.com\/es\/wp-json\/wp\/v2\/product\/849","targetHints":{"allow":["GET"]}}],"collection":[{"href":"https:\/\/lyfilter.com\/es\/wp-json\/wp\/v2\/product"}],"about":[{"href":"https:\/\/lyfilter.com\/es\/wp-json\/wp\/v2\/types\/product"}],"replies":[{"embeddable":true,"href":"https:\/\/lyfilter.com\/es\/wp-json\/wp\/v2\/comments?post=849"}],"wp:featuredmedia":[{"embeddable":true,"href":"https:\/\/lyfilter.com\/es\/wp-json\/wp\/v2\/media\/855"}],"wp:attachment":[{"href":"https:\/\/lyfilter.com\/es\/wp-json\/wp\/v2\/media?parent=849"}],"wp:term":[{"taxonomy":"product_brand","embeddable":true,"href":"https:\/\/lyfilter.com\/es\/wp-json\/wp\/v2\/product_brand?post=849"},{"taxonomy":"product_cat","embeddable":true,"href":"https:\/\/lyfilter.com\/es\/wp-json\/wp\/v2\/product_cat?post=849"},{"taxonomy":"product_tag","embeddable":true,"href":"https:\/\/lyfilter.com\/es\/wp-json\/wp\/v2\/product_tag?post=849"}],"curies":[{"name":"wp","href":"https:\/\/api.w.org\/{rel}","templated":true}]}}