{"id":824,"date":"2025-12-24T09:23:08","date_gmt":"2025-12-24T09:23:08","guid":{"rendered":"https:\/\/lyfilter.com\/?post_type=product&#038;p=824"},"modified":"2025-12-24T09:23:08","modified_gmt":"2025-12-24T09:23:08","slug":"shower-water-filter-cartridge-pp-melt-blown-cartridge-filter-5-10-20-30-40-inch-customized-size-and-micron-rate","status":"publish","type":"product","link":"https:\/\/lyfilter.com\/es\/shower-water-filter-cartridge-pp-melt-blown-cartridge-filter-5-10-20-30-40-inch-customized-size-and-micron-rate\/","title":{"rendered":"cartucho de filtro de agua de ducha PP fundido soplado cartucho de filtro 5 10 20 30 40 pulgadas de tama\u00f1o personalizado y la tasa de micras"},"content":{"rendered":"<table>\n<thead>\n<tr>\n<th><strong>Campo<\/strong><\/th>\n<th><strong>Valor<\/strong><\/th>\n<\/tr>\n<\/thead>\n<tbody>\n<tr>\n<td>Industrias aplicables<\/td>\n<td>Planta de fabricaci\u00f3n, F\u00e1brica de alimentos y bebidas, Uso dom\u00e9stico, Tratamiento del agua<\/td>\n<\/tr>\n<tr>\n<td>Lugar de origen<\/td>\n<td>Guangdong, China<\/td>\n<\/tr>\n<tr>\n<td>Marca<\/td>\n<td>Lvyuan, OEM, ODM<\/td>\n<\/tr>\n<tr>\n<td>Material<\/td>\n<td>PP<\/td>\n<\/tr>\n<tr>\n<td>Materia prima<\/td>\n<td>Fibra PP<\/td>\n<\/tr>\n<tr>\n<td>Peso<\/td>\n<td>Personalizado<\/td>\n<\/tr>\n<tr>\n<td>Talla<\/td>\n<td>Personalizado<\/td>\n<\/tr>\n<tr>\n<td>Longitud<\/td>\n<td>5\/10\/20\/30\/40 pulgadas o personalizado<\/td>\n<\/tr>\n<tr>\n<td>Potencia<\/td>\n<td>0<\/td>\n<\/tr>\n<tr>\n<td>Garant\u00eda<\/td>\n<td>No disponible<\/td>\n<\/tr>\n<tr>\n<td>Caracter\u00edstica<\/td>\n<td>Acero inoxidable de tama\u00f1o y logotipo personalizados<\/td>\n<\/tr>\n<tr>\n<td>Certificaci\u00f3n<\/td>\n<td>SGS<\/td>\n<\/tr>\n<tr>\n<td>Forma<\/td>\n<td>Cilindro<\/td>\n<\/tr>\n<tr>\n<td>Utilizaci\u00f3n<\/td>\n<td>Tratamiento del agua<\/td>\n<\/tr>\n<tr>\n<td>Aplicaci\u00f3n<\/td>\n<td>Industria<\/td>\n<\/tr>\n<tr>\n<td>Color<\/td>\n<td>Blanco<\/td>\n<\/tr>\n<tr>\n<td>Apariencia<\/td>\n<td>En relieve, brillante, etc.<\/td>\n<\/tr>\n<tr>\n<td>Embalaje<\/td>\n<td>Caja de papel<\/td>\n<\/tr>\n<tr>\n<td>Servicio posventa<\/td>\n<td>Asistencia en l\u00ednea<\/td>\n<\/tr>\n<tr>\n<td>Capacidad de suministro<\/td>\n<td>5000 Piezas por semana<\/td>\n<\/tr>\n<tr>\n<td>Descripci\u00f3n del v\u00eddeo<\/td>\n<td>(No proporcionado)<\/td>\n<\/tr>\n<\/tbody>\n<\/table>","protected":false},"excerpt":{"rendered":"<table>\n<thead>\n<tr>\n<th><strong>Campo<\/strong><\/th>\n<th><strong>Valor<\/strong><\/th>\n<\/tr>\n<\/thead>\n<tbody>\n<tr>\n<td>Industrias aplicables<\/td>\n<td>Planta de fabricaci\u00f3n, F\u00e1brica de alimentos y bebidas, Uso dom\u00e9stico, Tratamiento del agua<\/td>\n<\/tr>\n<tr>\n<td>Lugar de origen<\/td>\n<td>Guangdong, China<\/td>\n<\/tr>\n<tr>\n<td>Marca<\/td>\n<td>Lvyuan, OEM, ODM<\/td>\n<\/tr>\n<tr>\n<td>Material<\/td>\n<td>PP<\/td>\n<\/tr>\n<tr>\n<td>Materia prima<\/td>\n<td>Fibra PP<\/td>\n<\/tr>\n<tr>\n<td>Peso<\/td>\n<td>Personalizado<\/td>\n<\/tr>\n<tr>\n<td>Talla<\/td>\n<td>Personalizado<\/td>\n<\/tr>\n<tr>\n<td>Longitud<\/td>\n<td>5\/10\/20\/30\/40 pulgadas o personalizado<\/td>\n<\/tr>\n<tr>\n<td>Potencia<\/td>\n<td>0<\/td>\n<\/tr>\n<tr>\n<td>Garant\u00eda<\/td>\n<td>No disponible<\/td>\n<\/tr>\n<tr>\n<td>Caracter\u00edstica<\/td>\n<td>Acero inoxidable de tama\u00f1o y logotipo personalizados<\/td>\n<\/tr>\n<tr>\n<td>Certificaci\u00f3n<\/td>\n<td>SGS<\/td>\n<\/tr>\n<tr>\n<td>Forma<\/td>\n<td>Cilindro<\/td>\n<\/tr>\n<tr>\n<td>Utilizaci\u00f3n<\/td>\n<td>Tratamiento del agua<\/td>\n<\/tr>\n<tr>\n<td>Aplicaci\u00f3n<\/td>\n<td>Industria<\/td>\n<\/tr>\n<tr>\n<td>Color<\/td>\n<td>Blanco<\/td>\n<\/tr>\n<tr>\n<td>Apariencia<\/td>\n<td>En relieve, brillante, etc.<\/td>\n<\/tr>\n<tr>\n<td>Embalaje<\/td>\n<td>Caja de papel<\/td>\n<\/tr>\n<tr>\n<td>Servicio posventa<\/td>\n<td>Asistencia en l\u00ednea<\/td>\n<\/tr>\n<tr>\n<td>Capacidad de suministro<\/td>\n<td>5000 Piezas por semana<\/td>\n<\/tr>\n<tr>\n<td>Descripci\u00f3n del v\u00eddeo<\/td>\n<td>(No proporcionado)<\/td>\n<\/tr>\n<\/tbody>\n<\/table>","protected":false},"featured_media":825,"comment_status":"open","ping_status":"closed","template":"","meta":{"_gspb_post_css":""},"product_brand":[],"product_cat":[15],"product_tag":[348,322,349,320,306,321],"class_list":{"0":"post-824","1":"product","2":"type-product","3":"status-publish","4":"has-post-thumbnail","6":"product_cat-stainless-steel-filter-housing","7":"product_tag-5-40-inch-filter","8":"product_tag-customized-cylinder-filter","9":"product_tag-oem-odm-branding","10":"product_tag-pp-fiber-filter","11":"product_tag-sgs-certified","12":"product_tag-water-treatment-cartridge","14":"first","15":"instock","16":"shipping-taxable","17":"product-type-simple"},"_links":{"self":[{"href":"https:\/\/lyfilter.com\/es\/wp-json\/wp\/v2\/product\/824","targetHints":{"allow":["GET"]}}],"collection":[{"href":"https:\/\/lyfilter.com\/es\/wp-json\/wp\/v2\/product"}],"about":[{"href":"https:\/\/lyfilter.com\/es\/wp-json\/wp\/v2\/types\/product"}],"replies":[{"embeddable":true,"href":"https:\/\/lyfilter.com\/es\/wp-json\/wp\/v2\/comments?post=824"}],"wp:featuredmedia":[{"embeddable":true,"href":"https:\/\/lyfilter.com\/es\/wp-json\/wp\/v2\/media\/825"}],"wp:attachment":[{"href":"https:\/\/lyfilter.com\/es\/wp-json\/wp\/v2\/media?parent=824"}],"wp:term":[{"taxonomy":"product_brand","embeddable":true,"href":"https:\/\/lyfilter.com\/es\/wp-json\/wp\/v2\/product_brand?post=824"},{"taxonomy":"product_cat","embeddable":true,"href":"https:\/\/lyfilter.com\/es\/wp-json\/wp\/v2\/product_cat?post=824"},{"taxonomy":"product_tag","embeddable":true,"href":"https:\/\/lyfilter.com\/es\/wp-json\/wp\/v2\/product_tag?post=824"}],"curies":[{"name":"wp","href":"https:\/\/api.w.org\/{rel}","templated":true}]}}