{"id":753,"date":"2025-12-24T08:08:03","date_gmt":"2025-12-24T08:08:03","guid":{"rendered":"https:\/\/lyfilter.com\/?post_type=product&#038;p=753"},"modified":"2025-12-24T08:21:21","modified_gmt":"2025-12-24T08:21:21","slug":"factory-custom-specification-1-micron-pp-melt-blown-sediment-filter-for-housing-water-replaced-cartridge-filter","status":"publish","type":"product","link":"https:\/\/lyfilter.com\/es\/factory-custom-specification-1-micron-pp-melt-blown-sediment-filter-for-housing-water-replaced-cartridge-filter\/","title":{"rendered":"F\u00e1brica de especificaci\u00f3n personalizada 1 micra pp fundido soplado filtro de sedimentos para el agua de la vivienda reemplazado filtro de cartucho"},"content":{"rendered":"<div class=\"pro_aliData\">\n<div class=\"detail-box\">\n<div class=\"scc-wrapper detail-module module-productPackagingAndQuickDetail\" data-spm=\"prilinga1e\">\n<div class=\"widget-detail-overview\">\n<div class=\"do-content\">\n<div class=\"do-overview\">\n<div class=\"do-entry do-entry-full\">\n<h3 class=\"do-entry-title\">Embalaje y entrega<\/h3>\n<div class=\"do-entry-list\">\n<dl class=\"do-entry-item\">\n<dt class=\"do-entry-item-key\">Unidades de venta:<\/dt>\n<dd class=\"do-entry-item-val\">Art\u00edculo \u00fanico<\/dd>\n<\/dl>\n<dl class=\"do-entry-item\">\n<dt class=\"do-entry-item-key\" title=\"Tama\u00f1o de envase individual:\">Tama\u00f1o de envase individual:<\/dt>\n<dd class=\"do-entry-item-val\">53X33X33 cm<\/dd>\n<\/dl>\n<dl class=\"do-entry-item\">\n<dt class=\"do-entry-item-key\" title=\"Peso bruto \u00fanico:\">Peso bruto \u00fanico:<\/dt>\n<dd class=\"do-entry-item-val\">9.000 kg<\/dd>\n<\/dl>\n<dl class=\"do-entry-item\">\n<dt class=\"do-entry-item-key\">Tipo de envase:<\/dt>\n<dd class=\"do-entry-item-val pkg-method\">F\u00e1brica de especificaci\u00f3n personalizada 1 micra pp fundido soplado filtro de sedimentos para el agua de la vivienda reemplazado filtro de cartucho: Embalado en cart\u00f3n de papel.<\/dd>\n<\/dl>\n<dl class=\"do-entry-item\">\n<dt class=\"do-entry-item-key\" title=\"Plazos de entrega\">Plazos de entrega\u00a0<i class=\"next-icon next-icon-help next-icon-xs js-leadtimes-tips\"><\/i>:<\/dt>\n<dd class=\"do-entry-item-val\" title=\"Plazos de entrega\">\n<div class=\"table-responsive\">\n<table class=\"supply-ability-table ui2-table ui2-table-normal ui2-table-zebra ui2-table-hover\">\n<tbody>\n<tr>\n<td>Cantidad(Piezas)<\/td>\n<td>1 - 100<\/td>\n<td>101 - 500<\/td>\n<td>501 - 5000<\/td>\n<td>&gt;5000<\/td>\n<\/tr>\n<tr>\n<td>Est. Tiempo (d\u00edas)<\/td>\n<td>2<\/td>\n<td>3<\/td>\n<td>7<\/td>\n<td>A negociar<\/td>\n<\/tr>\n<\/tbody>\n<\/table>\n<\/div>\n<\/dd>\n<\/dl>\n<\/div>\n<\/div>\n<\/div>\n<\/div>\n<\/div>\n<\/div>\n<div class=\"scc-wrapper detail-module module-detailVideo\" data-spm=\"detailvideo\"><\/div>\n<div class=\"scc-wrapper detail-module module-productSpecification\" data-spm=\"pronpeci14\">\n<div id=\"J-rich-text-description\" class=\"richtext richtext-detail rich-text-description\">\n<div id=\"detail_decorate_root\" data-host=\"111518424\" data-magic-global=\"%7B%22bizId%22%3A17381045746%2C%22pageId%22%3A5025821535%2C%22siteId%22%3A5005126472%7D\" data-id=\"detail_decorate_root\">\n<div id=\"ali-anchor-AliMagic-3ufv0m\" class=\"magic-0\" data-section=\"AliMagic-3ufv0m\" data-section-title=\"Product Description\">Descripci\u00f3n del producto<\/div>\n<div class=\"icbu-pc-images magic-1\">\n<div>\n<div class=\"flex-layout-v\">\n<div class=\"flex-layout-h magic-1\">\n<div class=\"magic-2\"><img decoding=\"async\" class=\"magic-3\" src=\"https:\/\/img.yfisher.com\/m6076\/172572676906t\/jpg70-t3-scale100.webp\" alt=\"F\u00e1brica de especificaci\u00f3n personalizada 1 micra pp fundido soplado filtro de sedimentos para el agua de la vivienda reemplazado filtro de cartucho 7\" data-lazy=\"2\" title=\"\"><\/div>\n<\/div>\n<\/div>\n<\/div>\n<\/div>\n<div class=\"icbu-pc-images magic-1\">\n<div>\n<div class=\"flex-layout-h\">\n<div class=\"flex-layout-v magic-4\">\n<div class=\"magic-5\"><img decoding=\"async\" class=\"magic-6\" src=\"https:\/\/img.yfisher.com\/m6076\/1725726769ezm\/png70-t3-scale100.webp\" alt=\"F\u00e1brica de especificaci\u00f3n personalizada 1 micra pp fundido soplado filtro de sedimentos para el agua de la vivienda reemplazado filtro de cartucho 9\" data-id=\"child-image-0\" data-lazy=\"2\" title=\"\"><\/div>\n<\/div>\n<div class=\"text-wrapper magic-7\">\n<div class=\"text-wrapper-right text-theme-light text-align-left\">\n<div class=\"text-title\" data-id=\"right-title\">\n<h3 class=\"magic-8\"><span class=\"magic-9\">\u00a0<\/span><\/h3>\n<h3 class=\"magic-8\"><span class=\"magic-9\">\u00a0<\/span><\/h3>\n<h3 class=\"magic-8\"><span class=\"magic-9\">Varios tama\u00f1os para el filtro de PP hilado fundido soplado<\/span><\/h3>\n<\/div>\n<div class=\"text-content\" data-id=\"right-content\">\n<p class=\"magic-10\"><span class=\"magic-11\">El cartucho filtrante PP meltblown (PPF) es\u00a0<\/span><\/p>\n<p class=\"magic-10\"><span class=\"magic-11\">de material de polipropileno.\u00a0<\/span><\/p>\n<p class=\"magic-10\"><span class=\"magic-11\">Puede eliminar sustancias en suspensi\u00f3n,\u00a0<\/span><\/p>\n<p class=\"magic-10\"><span class=\"magic-11\">part\u00edculas y \u00f3xido de forma eficaz.\u00a0<\/span><\/p>\n<p class=\"magic-10\"><span class=\"magic-11\">Este tipo de cartucho se utiliza para la parte delantera\u00a0<\/span><\/p>\n<p class=\"magic-10\"><span class=\"magic-11\">cartucho filtrante para proteger\u00a0<\/span><\/p>\n<p class=\"magic-10\"><span class=\"magic-11\">otros.<\/span><\/p>\n<\/div>\n<\/div>\n<\/div>\n<\/div>\n<\/div>\n<\/div>\n<div class=\"icbu-pc-images magic-1\">\n<div>\n<div class=\"flex-layout-h\">\n<div class=\"text-wrapper magic-12\">\n<div class=\"text-wrapper-left text-theme-light text-align-left\">\n<div class=\"text-title\" data-id=\"left-title\">\n<h3 class=\"magic-8\"><span class=\"magic-9\">\u00a0<\/span><\/h3>\n<h3 class=\"magic-8\"><span class=\"magic-9\">\u00a0<\/span><\/h3>\n<h3 class=\"magic-8\"><span class=\"magic-9\">Cartucho filtrante de PP fundido soplado de dimensiones OEM<\/span><\/h3>\n<\/div>\n<div class=\"text-content\" data-id=\"left-content\">\n<p class=\"magic-10\"><span class=\"magic-11\">PP de Lvyuan <a href=\"https:\/\/lyfilter.com\/es\/melt-blown-filter-cartridge.html\/\">cartucho filtrante fundido soplado<\/a>s es un tipo de cartuchos de filtro est\u00e1ndar y simple para la purificaci\u00f3n del agua. Es la fusi\u00f3n y entrelazado de fibra de polipropileno sin ning\u00fan tipo de glues.it qu\u00edmica est\u00e1 hecha de 100% polipropileno puro PP materias primas.\u00a0<\/span><\/p>\n<\/div>\n<\/div>\n<\/div>\n<div class=\"flex-layout-v magic-4\">\n<div class=\"magic-5\"><img decoding=\"async\" class=\"magic-6\" src=\"https:\/\/img.yfisher.com\/m6076\/1725726769nrd\/png70-t3-scale100.webp\" alt=\"F\u00e1brica de especificaci\u00f3n personalizada 1 micra pp fundido soplado filtro de sedimentos para el agua de la vivienda reemplazado filtro de cartucho 11\" data-id=\"child-image-0\" data-lazy=\"2\" title=\"\"><\/div>\n<\/div>\n<\/div>\n<\/div>\n<\/div>\n<div class=\"icbu-pc-images magic-1\">\n<div>\n<div class=\"flex-layout-h\">\n<div class=\"flex-layout-v magic-4\">\n<div class=\"magic-5\"><img decoding=\"async\" class=\"magic-6\" src=\"https:\/\/img.yfisher.com\/m6076\/1725726769ek9\/png70-t3-scale100.webp\" alt=\"F\u00e1brica de especificaci\u00f3n personalizada 1 micra pp fundido soplado filtro de sedimentos para el agua de la vivienda reemplazado filtro de cartucho 13\" data-id=\"child-image-0\" data-lazy=\"2\" title=\"\"><\/div>\n<\/div>\n<div class=\"text-wrapper magic-7\">\n<div class=\"text-wrapper-right text-theme-light text-align-left\">\n<div class=\"text-title\" data-id=\"right-title\">\n<h3 class=\"magic-8\"><span class=\"magic-9\">\u00a0<\/span><\/h3>\n<h3 class=\"magic-8\"><span class=\"magic-9\">\u00a0<\/span><\/h3>\n<h3 class=\"magic-8\"><span class=\"magic-9\">Filtro de agua PP de doble micra personalizado<\/span><\/h3>\n<\/div>\n<div class=\"text-content\" data-id=\"right-content\">\n<p class=\"magic-10\"><span class=\"magic-11\">Micras personalizables, 2 capas micras PP <a href=\"https:\/\/lyfilter.com\/es\/products.html\/\">cartuchos de filtro de agua<\/a> para hacer una fuerte capacidad de retenci\u00f3n de contaminantes, puede eliminar eficazmente los contaminantes, tales como sustancias en suspensi\u00f3n, part\u00edculas y \u00f3xido, proporcionando una filtraci\u00f3n eficaz y una larga vida \u00fatil.\u00a0<\/span><\/p>\n<\/div>\n<\/div>\n<\/div>\n<\/div>\n<\/div>\n<\/div>\n<div class=\"icbu-pc-images magic-1\">\n<div>\n<div class=\"flex-layout-h\">\n<div class=\"text-wrapper magic-12\">\n<div class=\"text-wrapper-left text-theme-light text-align-left\">\n<div class=\"text-title\" data-id=\"left-title\">\n<h3 class=\"magic-8\"><span class=\"magic-9\">\u00a0<\/span><\/h3>\n<h3 class=\"magic-8\"><span class=\"magic-9\">\u00a0<\/span><\/h3>\n<h3 class=\"magic-8\"><span class=\"magic-9\">\u00a0<\/span><\/h3>\n<h3 class=\"magic-8\"><span class=\"magic-9\">Cartucho filtrante de PP con material compuesto<\/span><\/h3>\n<\/div>\n<div class=\"text-content\" data-id=\"left-content\">\n<p class=\"magic-10\"><span class=\"magic-11\"><a href=\"https:\/\/lyfilter.com\/es\/pp-filter-cartridge.html\/\">Cartucho filtrante de PP<\/a> con filtro compuesto, se puede personalizar diferentes tama\u00f1os y materiales de filtraci\u00f3n para satisfacer diferentes demandas.\u00a0<\/span><\/p>\n<\/div>\n<\/div>\n<\/div>\n<div class=\"flex-layout-v magic-4\">\n<div class=\"magic-5\"><img decoding=\"async\" class=\"magic-6\" src=\"https:\/\/img.yfisher.com\/m6076\/17257267697zl\/png70-t3-scale100.webp\" alt=\"F\u00e1brica de especificaci\u00f3n personalizada 1 micra pp fundido soplado filtro de sedimentos para el agua de la vivienda reemplazado filtro de cartucho 15\" data-id=\"child-image-0\" data-lazy=\"2\" title=\"\"><\/div>\n<\/div>\n<\/div>\n<\/div>\n<\/div>\n<div class=\"icbu-pc-images magic-1\">\n<div>\n<div class=\"flex-layout-h\">\n<div class=\"flex-layout-v magic-4\">\n<div class=\"magic-5\"><img decoding=\"async\" class=\"magic-6\" src=\"https:\/\/img.yfisher.com\/m6076\/1725726769o3n\/png70-t3-scale100.webp\" alt=\"F\u00e1brica de especificaci\u00f3n personalizada 1 micra pp fundido soplado filtro de sedimentos para el agua de la vivienda reemplazado filtro de cartucho 17\" data-id=\"child-image-0\" data-lazy=\"2\" title=\"\"><\/div>\n<\/div>\n<div class=\"text-wrapper magic-7\">\n<div class=\"text-wrapper-right text-theme-light text-align-left\">\n<div class=\"text-title\" data-id=\"right-title\">\n<h3 class=\"magic-8\"><span class=\"magic-9\">\u00a0<\/span><\/h3>\n<h3 class=\"magic-8\"><span class=\"magic-9\">\u00a0<\/span><\/h3>\n<h3 class=\"magic-8\"><span class=\"magic-9\">\u00a0<\/span><\/h3>\n<h3 class=\"magic-8\"><span class=\"magic-9\">\u00a0<\/span><\/h3>\n<h3 class=\"magic-8\"><span class=\"magic-9\">Adaptadores OEM para elemento filtrante de agua de PP<\/span><\/h3>\n<\/div>\n<div class=\"text-content\" data-id=\"right-content\">\n<p class=\"magic-10\"><span class=\"magic-11\">Hay disponibles diferentes adaptadores de filtro.<\/span><\/p>\n<p class=\"magic-10\"><span class=\"magic-11\">Silicona, EPDM, NBR, Viton opcionales.\u00a0<\/span><\/p>\n<\/div>\n<\/div>\n<\/div>\n<\/div>\n<\/div>\n<\/div>\n<div class=\"ife-detail-decorate-table\">\n<div class=\"table-responsive\">\n<table class=\"all magic-13\">\n<tbody>\n<tr>\n<td colspan=\"1\" rowspan=\"1\">\n<div class=\"magic-14\">Nombre del producto<\/div>\n<\/td>\n<td colspan=\"3\" rowspan=\"1\">\n<div class=\"magic-15\">F\u00e1brica de especificaci\u00f3n personalizada 1 micra pp fundido soplado filtro de sedimentos para la vivienda cartucho de agua reemplazado filtro de cartucho<\/div>\n<\/td>\n<\/tr>\n<tr>\n<td colspan=\"1\" rowspan=\"1\">\n<div class=\"magic-14\">Material<\/div>\n<\/td>\n<td colspan=\"3\" rowspan=\"1\">\n<div class=\"magic-15\">100% Material de polipropileno puro<\/div>\n<\/td>\n<\/tr>\n<tr>\n<td colspan=\"1\" rowspan=\"1\">\n<div class=\"magic-14\">Superficie<\/div>\n<\/td>\n<td colspan=\"3\" rowspan=\"1\">\n<div class=\"magic-15\">Ranura, Puntos de presi\u00f3n, Plano, Entrecruzamiento<\/div>\n<\/td>\n<\/tr>\n<tr>\n<td colspan=\"1\" rowspan=\"1\">\n<div class=\"magic-14\">Micras<\/div>\n<\/td>\n<td colspan=\"3\" rowspan=\"1\">\n<div class=\"magic-18\">1 ~100 micras<\/div>\n<\/td>\n<\/tr>\n<tr>\n<td colspan=\"1\" rowspan=\"1\">\n<div class=\"magic-14\">Di\u00e1metro exterior<\/div>\n<\/td>\n<td colspan=\"3\" rowspan=\"1\">\n<div class=\"magic-18\">OEM<\/div>\n<\/td>\n<\/tr>\n<tr>\n<td colspan=\"1\" rowspan=\"1\">\n<div class=\"magic-14\">Di\u00e1metro interior<\/div>\n<\/td>\n<td colspan=\"3\" rowspan=\"1\">\n<div class=\"magic-18\">OEM<\/div>\n<\/td>\n<\/tr>\n<tr>\n<td colspan=\"1\" rowspan=\"1\">\n<div class=\"magic-14\">Interfaz<\/div>\n<\/td>\n<td colspan=\"3\" rowspan=\"1\">\n<div class=\"magic-18\">Plano, inserto, atornillado<\/div>\n<\/td>\n<\/tr>\n<tr>\n<td colspan=\"1\" rowspan=\"1\">\n<div class=\"magic-14\">Tapa<\/div>\n<\/td>\n<td colspan=\"3\" rowspan=\"1\">\n<div class=\"magic-18\">222\/Plana, 222\/Aler\u00f3n, 226\/Plana, 226\/Aler\u00f3n, 215\/Plana, 215\/Aler\u00f3n<\/div>\n<\/td>\n<\/tr>\n<tr>\n<td colspan=\"1\" rowspan=\"1\">\n<div class=\"magic-14\">Longitud<\/div>\n<\/td>\n<td colspan=\"3\" rowspan=\"1\">\n<div class=\"magic-18\">OEM<\/div>\n<\/td>\n<\/tr>\n<tr>\n<td colspan=\"1\" rowspan=\"1\">\n<div class=\"magic-14\">Presi\u00f3n diferencial m\u00e1xima<\/div>\n<\/td>\n<td colspan=\"3\" rowspan=\"1\">\n<div class=\"magic-18\">3 kgf\/cm\u00b2<\/div>\n<\/td>\n<\/tr>\n<tr>\n<td colspan=\"1\" rowspan=\"1\">\n<div class=\"magic-14\">Temperatura m\u00e1xima de funcionamiento<\/div>\n<\/td>\n<td colspan=\"3\" rowspan=\"1\">\n<div class=\"magic-18\">80\u00b0c<\/div>\n<\/td>\n<\/tr>\n<tr>\n<td colspan=\"1\" rowspan=\"1\">\n<div class=\"magic-14\">Presi\u00f3n diferencial de funcionamiento<\/div>\n<\/td>\n<td colspan=\"3\" rowspan=\"1\">\n<div class=\"magic-18\">0,1kgf\/cm2<\/div>\n<\/td>\n<\/tr>\n<tr>\n<td colspan=\"1\" rowspan=\"1\">\n<div class=\"magic-14\">Marca\/logotipo<\/div>\n<\/td>\n<td colspan=\"3\" rowspan=\"1\">\n<div class=\"magic-18\">OEM<\/div>\n<\/td>\n<\/tr>\n<\/tbody>\n<\/table>\n<\/div>\n<\/div>\n<\/div>\n<\/div>\n<\/div>\n<\/div>\n<\/div>","protected":false},"excerpt":{"rendered":"<p>Packaging &amp; Delivery Selling Units: Single item Single package size: 53X33X33 cm Single gross weight: 9.000 kg Package Type: Factory custom specification 1 micron pp melt blown sediment filter for housing water replaced cartridge filter: Packed in paper carton. Lead Time\u00a0: Quantity(Pieces) 1 &#8211; 100 101 &#8211; 500 501 &#8211; 5000 &gt;5000 Est. Time(days) 2 [&hellip;]<\/p>\n","protected":false},"featured_media":759,"comment_status":"open","ping_status":"closed","template":"","meta":{"_gspb_post_css":""},"product_brand":[],"product_cat":[23,17],"product_tag":[],"class_list":{"0":"post-753","1":"product","2":"type-product","3":"status-publish","4":"has-post-thumbnail","6":"product_cat-pp-filter-cartridge","7":"product_cat-sediment-filter","9":"first","10":"instock","11":"shipping-taxable","12":"product-type-simple"},"_links":{"self":[{"href":"https:\/\/lyfilter.com\/es\/wp-json\/wp\/v2\/product\/753","targetHints":{"allow":["GET"]}}],"collection":[{"href":"https:\/\/lyfilter.com\/es\/wp-json\/wp\/v2\/product"}],"about":[{"href":"https:\/\/lyfilter.com\/es\/wp-json\/wp\/v2\/types\/product"}],"replies":[{"embeddable":true,"href":"https:\/\/lyfilter.com\/es\/wp-json\/wp\/v2\/comments?post=753"}],"wp:featuredmedia":[{"embeddable":true,"href":"https:\/\/lyfilter.com\/es\/wp-json\/wp\/v2\/media\/759"}],"wp:attachment":[{"href":"https:\/\/lyfilter.com\/es\/wp-json\/wp\/v2\/media?parent=753"}],"wp:term":[{"taxonomy":"product_brand","embeddable":true,"href":"https:\/\/lyfilter.com\/es\/wp-json\/wp\/v2\/product_brand?post=753"},{"taxonomy":"product_cat","embeddable":true,"href":"https:\/\/lyfilter.com\/es\/wp-json\/wp\/v2\/product_cat?post=753"},{"taxonomy":"product_tag","embeddable":true,"href":"https:\/\/lyfilter.com\/es\/wp-json\/wp\/v2\/product_tag?post=753"}],"curies":[{"name":"wp","href":"https:\/\/api.w.org\/{rel}","templated":true}]}}