{"id":739,"date":"2025-12-24T07:54:47","date_gmt":"2025-12-24T07:54:47","guid":{"rendered":"https:\/\/lyfilter.com\/?post_type=product&#038;p=739"},"modified":"2026-04-24T23:40:07","modified_gmt":"2026-04-24T23:40:07","slug":"1-micron-pp-water-filter-cartridge-10-filter-water-element","status":"publish","type":"product","link":"https:\/\/lyfilter.com\/es\/1-micron-pp-water-filter-cartridge-10-filter-water-element\/","title":{"rendered":"cartucho filtrante de agua pp de 1 micra elemento filtrante de agua de 10"},"content":{"rendered":"<div class=\"pro_aliData\">\n<div class=\"detail-box\">\n<div class=\"scc-wrapper detail-module module-productSpecification\" data-spm=\"pronpeci14\">\n<div id=\"J-rich-text-description\" class=\"richtext richtext-detail rich-text-description\">\n<div id=\"detail_decorate_root\" data-host=\"1123108243\" data-id=\"detail_decorate_root\">\n<div id=\"_root\" class=\"engine-app\" data-reactroot=\"\">\n<div id=\"ali-anchor-AliMagic-ygspww\" class=\"magic-0\" data-section=\"AliMagic-ygspww\" data-section-title=\"Product Description\">Descripci\u00f3n del producto<\/div>\n<div class=\"icbu-pc-images magic-1\">\n<div>\n<div class=\"flex-layout-v\">\n<div class=\"flex-layout-h magic-1\">\n<div class=\"magic-2\"><img decoding=\"async\" class=\"magic-3\" src=\"https:\/\/img.yfisher.com\/m6076\/1725726990g0q\/jpg70-t3-scale100.webp\" alt=\"cartucho filtrante de agua pp de 1 micra elemento filtrante de agua de 10&#039;&#039; 7\" data-lazy=\"2\" title=\"\"><\/div>\n<\/div>\n<\/div>\n<\/div>\n<\/div>\n<div class=\"detail-decorate-json-renderer-container\">\n<div class=\"magic-4\">\n<div class=\"magic-5\">\n<div class=\"magic-6\">\n<div class=\"magic-7\">\n<p class=\"magic-8\"><b>Descripci\u00f3n general<\/b><\/p>\n<p class=\"magic-8\"><span style=\"font-family: Arial, Helvetica;\">Lvyuan pp fundido soplado serie de cartuchos de filtro es una especie de cartucho de filtro est\u00e1ndar y simple para la purificaci\u00f3n del agua. Es fusi\u00f3n y entrelazado de la fibra del polipropileno sin ningunos pegamentos qu\u00edmicos.<\/span><\/p>\n<p>Est\u00e1 hecho de 100% materia prima de polipropileno puro. este cartucho de filtro son radom para formar 3D micro poro que har\u00e1 que el cartucho de 3 capas con fibras finas en la superficie y fibra gruesa y filtraci\u00f3n profunda. Como la fibra y la densidad de alto grado de filtraci\u00f3n y la capacidad de retenci\u00f3n de contaminantes en el di\u00e1metro del cartucho de filtro, baja ca\u00edda de presi\u00f3n, el cambio gradual de filtraci\u00f3n profunda strcture con losse exterior e interior cerca, fuerte capacidad de retenci\u00f3n de contaminantes, puede eliminar los contaminantes de manera efectiva, tales como sustancias en suspensi\u00f3n, part\u00edculas y el \u00f3xido, proporcionando una filtraci\u00f3n eficiente y larga vida serivce.<\/p>\n<\/div>\n<\/div>\n<\/div>\n<\/div>\n<\/div>\n<div class=\"icbu-pc-images magic-1\">\n<div>\n<div class=\"flex-layout-v\">\n<div class=\"flex-layout-h magic-1\">\n<div class=\"magic-9\"><img decoding=\"async\" class=\"magic-10\" src=\"https:\/\/img.yfisher.com\/m6076\/1725727005qte\/jpg70-t3-scale100.webp\" alt=\"cartucho filtrante de agua pp de 1 micra elemento filtrante de agua de 10&#039;&#039; 9\" data-lazy=\"1\" title=\"\"><\/div>\n<\/div>\n<\/div>\n<\/div>\n<\/div>\n<div class=\"detail-decorate-json-renderer-container\">\n<div class=\"magic-4\">\n<div class=\"magic-5\">\n<div class=\"magic-6\">\n<div class=\"magic-7\">\n<p class=\"magic-8\"><b>Caracter\u00edsticas:<\/b><\/p>\n<p>1. Alta capacidad de retenci\u00f3n de la suciedad y larga vida \u00fatil.<\/p>\n<p>2. Sello de acero de tama\u00f1o y logotipo personalizados.<\/p>\n<p>3. No provocar\u00eda la ca\u00edda de fibras.<\/p>\n<\/div>\n<\/div>\n<\/div>\n<\/div>\n<\/div>\n<div class=\"icbu-pc-images magic-1\">\n<div>\n<div class=\"flex-layout-v\">\n<div class=\"flex-layout-h magic-1\">\n<div class=\"magic-11\"><img decoding=\"async\" class=\"magic-12\" src=\"https:\/\/img.yfisher.com\/m6076\/172572699030m\/jpg70-t3-scale100.webp\" alt=\"cartucho filtrante de agua pp de 1 micra elemento filtrante de agua de 10&#039;&#039; 11\" data-lazy=\"2\" title=\"\"><\/div>\n<\/div>\n<\/div>\n<\/div>\n<\/div>\n<div class=\"detail-decorate-json-renderer-container\">\n<div class=\"magic-4\">\n<div class=\"magic-5\">\n<div class=\"magic-6\">\n<div class=\"magic-7\">\n<p class=\"magic-8\"><b>\u00a0Lvyuan pp filtro de sedimentos especificaci\u00f3n:<\/b><\/p>\n<\/div>\n<\/div>\n<\/div>\n<\/div>\n<\/div>\n<div class=\"ife-detail-decorate-table\">\n<div class=\"table-responsive\">\n<table class=\"all magic-13\">\n<tbody>\n<tr>\n<td>\n<div class=\"magic-14\">Material del medio filtrante<\/div>\n<\/td>\n<td>\n<div class=\"magic-15\">PP(polipropileno)<\/div>\n<\/td>\n<\/tr>\n<tr>\n<td>\n<div class=\"magic-14\">N\u00facleo intermedio\/Capuchones finales<\/div>\n<\/td>\n<td>\n<div class=\"magic-15\">PP\/ninguno<\/div>\n<\/td>\n<\/tr>\n<tr>\n<td>\n<div class=\"magic-14\">Material de la junta<\/div>\n<\/td>\n<td>\n<div class=\"magic-15\">Silicona, EPDM, NBR, VITON, TEFLON, etc.<\/div>\n<\/td>\n<\/tr>\n<tr>\n<td>\n<div class=\"magic-14\">Adaptadores<\/div>\n<\/td>\n<td>\n<div class=\"magic-15\">DOE, 222plana, 222aleta, 226plana, 226aleta o personalizada<\/div>\n<\/td>\n<\/tr>\n<tr>\n<td>\n<div class=\"magic-14\">Superficie<\/div>\n<\/td>\n<td>\n<div class=\"magic-15\">Brillante, Estriado, Gofrado, Agujereado, Superficie de piel de naranja<\/div>\n<\/td>\n<\/tr>\n<tr>\n<td>\n<div class=\"magic-14\">Di\u00e1metro interior<\/div>\n<\/td>\n<td>\n<div class=\"magic-15\">28 mm, 30 mm o personalizado<\/div>\n<\/td>\n<\/tr>\n<tr>\n<td>\n<div class=\"magic-14\">Di\u00e1metro exterior<\/div>\n<\/td>\n<td>\n<div class=\"magic-15\">63 mm, 65 mm o personalizado<\/div>\n<\/td>\n<\/tr>\n<tr>\n<td>\n<div class=\"magic-14\">Longitud<\/div>\n<\/td>\n<td>\n<div class=\"magic-15\">10 pulgadas, 20 pulgadas, 30 pulgadas, 40 pulgadas<\/div>\n<\/td>\n<\/tr>\n<tr>\n<td>\n<div class=\"magic-14\">Presi\u00f3n diferencial m\u00e1xima<\/div>\n<\/td>\n<td>\n<div class=\"magic-15\">3,5 bar a 20\u2103<\/div>\n<\/td>\n<\/tr>\n<tr>\n<td>\n<div class=\"magic-14\">Temperatura m\u00e1xima de funcionamiento<\/div>\n<\/td>\n<td>\n<div class=\"magic-15\">82\u2103<\/div>\n<\/td>\n<\/tr>\n<tr>\n<td>\n<div class=\"magic-14\">Presi\u00f3n diferencial de sustituci\u00f3n<\/div>\n<\/td>\n<td>\n<div class=\"magic-15\">1-1,5bar<\/div>\n<\/td>\n<\/tr>\n<\/tbody>\n<\/table>\n<\/div>\n<\/div>\n<div class=\"detail-decorate-json-renderer-container\">\n<div class=\"magic-4\">\n<div class=\"magic-5\">\n<div class=\"magic-6\">\n<div class=\"magic-7\">\n<p class=\"magic-8\"><b>Con 10 a\u00f1os de fabricaci\u00f3n en pp fundido soplado filtro, podemos aceptar especificaci\u00f3n personalizada, adaptadores personalizados, superficie personalizada, gramo personalizado.<\/b><\/p>\n<\/div>\n<\/div>\n<\/div>\n<\/div>\n<\/div>\n<div class=\"detail-decorate-json-renderer-container\">\n<div class=\"magic-4\">\n<div class=\"magic-16\">\n<div class=\"magic-17\">\n<div class=\"magic-17\">\n<div class=\"magic-18\"><img decoding=\"async\" class=\"magic-19\" src=\"https:\/\/img.yfisher.com\/m6076\/1725726990f1j\/jpg70-t3-scale100.webp\" alt=\"cartucho filtrante de agua pp de 1 micra elemento filtrante de agua de 10&#039;&#039; 13\" data-lazy=\"2\" title=\"\"><\/div>\n<\/div>\n<\/div>\n<div class=\"magic-6\">\n<div class=\"magic-20\">\n<p class=\"magic-8\">especificaci\u00f3n personalizada<\/p>\n<\/div>\n<\/div>\n<\/div>\n<div class=\"magic-16\">\n<div class=\"magic-17\">\n<div class=\"magic-17\">\n<div class=\"magic-18\"><img decoding=\"async\" class=\"magic-21\" src=\"https:\/\/img.yfisher.com\/m6076\/1725726990yl3\/jpg70-t3-scale100.webp\" alt=\"1 micra pp cartucho de filtro de agua 10&#039;&#039; elemento de filtro de agua 15\" data-lazy=\"2\" title=\"\"><\/div>\n<\/div>\n<\/div>\n<div class=\"magic-6\">\n<div class=\"magic-20\">\n<p class=\"magic-8\">multiadaptador\/soe<\/p>\n<\/div>\n<\/div>\n<\/div>\n<div class=\"magic-16\">\n<div class=\"magic-17\">\n<div class=\"magic-17\">\n<div class=\"magic-18\"><img decoding=\"async\" class=\"magic-21\" src=\"https:\/\/img.yfisher.com\/m6076\/17257269907i1\/jpg70-t3-scale100.webp\" alt=\"cartucho de filtro de agua pp de 1 micra elemento filtrante de agua de 10&#039;&#039; 17\" data-lazy=\"2\" title=\"\"><\/div>\n<\/div>\n<\/div>\n<div class=\"magic-6\">\n<div class=\"magic-20\">\n<p class=\"magic-8\">5 tipos de superficie<\/p>\n<\/div>\n<\/div>\n<\/div>\n<\/div>\n<\/div>\n<div class=\"detail-decorate-json-renderer-container\">\n<div class=\"magic-4\">\n<div class=\"magic-5\">\n<div class=\"magic-6\">\n<div class=\"magic-7\">\n<p class=\"magic-8\"><b>Servicio de personalizaci\u00f3n:<\/b><\/p>\n<p>1. Acepta tama\u00f1o y longitud personalizados.               2. 2. Aceptamos adaptadores personalizados.<\/p>\n<p>3. Aceptar personalizar la apariencia.                        4. Acepta dos precisiones.<\/p>\n<p>5. Acepta gramos personalizados<\/p>\n<\/div>\n<\/div>\n<\/div>\n<\/div>\n<\/div>\n<div class=\"icbu-pc-images magic-1\">\n<div>\n<div class=\"flex-layout-v\">\n<div class=\"flex-layout-h magic-1\">\n<div class=\"magic-22\"><img decoding=\"async\" class=\"magic-23\" src=\"https:\/\/img.yfisher.com\/m6076\/172572699016s\/jpg70-t3-scale100.webp\" alt=\"cartucho filtrante de agua pp de 1 micra elemento filtrante de agua de 10&#039;&#039; 19\" data-lazy=\"2\" title=\"\"><\/div>\n<\/div>\n<\/div>\n<\/div>\n<\/div>\n<div class=\"icbu-pc-images magic-1\">\n<div>\n<div class=\"flex-layout-v\">\n<div class=\"flex-layout-h magic-1\">\n<div class=\"magic-24\"><img decoding=\"async\" class=\"magic-25\" src=\"https:\/\/img.yfisher.com\/m6076\/1725726990cd9\/jpg70-t3-scale100.webp\" alt=\"cartucho de filtro de agua pp de 1 micra elemento filtrante de agua de 10&#039;&#039; 21\" data-lazy=\"2\" title=\"\"><\/div>\n<\/div>\n<\/div>\n<\/div>\n<\/div>\n<div id=\"ali-anchor-AliMagic-y371t1\" class=\"magic-0\" data-section=\"AliMagic-y371t1\" data-section-title=\"Related Products\">Productos relacionados<\/div>\n<div class=\"detail-decorate-json-renderer-container\">\n<div class=\"magic-4\">\n<div class=\"magic-5\">\n<div class=\"magic-6\">\n<div class=\"magic-7\">\n<p class=\"magic-8\"><b>Nuestros productos est\u00e1n de acuerdo con las normas internacionales y la exportaci\u00f3n a muchos pa\u00edses y regiones. tienen buena quailty y buen precio. ll\u00e1mame, +86 13574135485, vamos a hablar de los detalles.<\/b><\/p>\n<\/div>\n<\/div>\n<\/div>\n<\/div>\n<\/div>\n<div class=\"icbu-pc-images magic-1\">\n<div>\n<div class=\"flex-layout-v\">\n<div class=\"flex-layout-h magic-1\">\n<div class=\"magic-26\"><a href=\"https:\/\/lyfilter.com\/es\/1-micron-pp-water-filter-cartridge-10-filter-water-element-3725.html\/\" target=\"_blank\" rel=\"noopener noreferrer\"><img decoding=\"async\" class=\"magic-27\" src=\"https:\/\/img.yfisher.com\/m6076\/1725726990f89\/jpg70-t3-scale100.webp\" alt=\"cartucho de filtro de agua pp de 1 micra elemento filtrante de agua de 10&#039;&#039; 23\" data-lazy=\"2\" title=\"\"><\/a><\/div>\n<div class=\"magic-28\"><a href=\"https:\/\/lyfilter.com\/es\/1-micron-pp-water-filter-cartridge-10-filter-water-element-3725.html\/\" target=\"_blank\" rel=\"noopener noreferrer\"><img decoding=\"async\" class=\"magic-27\" src=\"https:\/\/img.yfisher.com\/m6076\/1725726963owy\/jpg70-t3-scale100.webp\" alt=\"1 micra pp cartucho de filtro de agua 10&#039;&#039; elemento filtrante de agua 25\" data-lazy=\"2\" title=\"\"><\/a><\/div>\n<div class=\"magic-28\"><a href=\"https:\/\/lyfilter.com\/es\/1-micron-pp-water-filter-cartridge-10-filter-water-element-3725.html\/\" target=\"_blank\" rel=\"noopener noreferrer\"><img decoding=\"async\" class=\"magic-29\" src=\"https:\/\/img.yfisher.com\/m6076\/1725726990fwc\/jpg70-t3-scale100.webp\" alt=\"cartucho de filtro de agua pp de 1 micra elemento filtrante de agua de 10&#039;&#039; 27\" data-lazy=\"2\" title=\"\"><\/a><\/div>\n<\/div>\n<\/div>\n<\/div>\n<\/div>\n<div class=\"detail-decorate-json-renderer-container\">\n<div class=\"magic-4\">\n<div class=\"magic-5\">\n<div class=\"magic-6\">\n<div class=\"magic-7\">\n<p class=\"magic-8\">\u00a0 \u00a0 \u00a0Carcasa de filtro de un cartucho Carcasa de filtro de varios cartuchos Carcasa de filtro de UPVC<\/p>\n<\/div>\n<\/div>\n<\/div>\n<\/div>\n<\/div>\n<div class=\"icbu-pc-images magic-1\">\n<div>\n<div class=\"flex-layout-v\">\n<div class=\"flex-layout-h magic-1\">\n<div class=\"magic-30\"><a href=\"https:\/\/lyfilter.com\/es\/1-micron-pp-water-filter-cartridge-10-filter-water-element-3725.html\/\" target=\"_blank\" rel=\"noopener noreferrer\"><img decoding=\"async\" class=\"magic-31\" src=\"https:\/\/img.yfisher.com\/m6076\/1725726990atz\/jpg70-t3-scale100.webp\" alt=\"cartucho de filtro de agua pp de 1 micra elemento filtrante de agua de 10&#039;&#039; 29\" data-lazy=\"2\" title=\"\"><\/a><\/div>\n<div class=\"magic-32\"><a href=\"https:\/\/lyfilter.com\/es\/1-micron-pp-water-filter-cartridge-10-filter-water-element-3725.html\/\" target=\"_blank\" rel=\"noopener noreferrer\"><img decoding=\"async\" class=\"magic-33\" src=\"https:\/\/img.yfisher.com\/m6076\/1725726804kyf\/jpg70-t3-scale100.webp\" alt=\"cartucho de filtro de agua pp de 1 micra elemento filtrante de agua de 10&#039;&#039; 31\" data-lazy=\"2\" title=\"\"><\/a><\/div>\n<div class=\"magic-32\"><a href=\"https:\/\/lyfilter.com\/es\/1-micron-pp-water-filter-cartridge-10-filter-water-element-3725.html\/\" target=\"_blank\" rel=\"noopener noreferrer\"><img decoding=\"async\" class=\"magic-34\" src=\"https:\/\/img.yfisher.com\/m6076\/1725726869yfm\/jpg70-t3-scale100.webp\" alt=\"1 micra pp cartucho de filtro de agua 10&#039;&#039; elemento filtrante de agua 33\" data-lazy=\"2\" title=\"\"><\/a><\/div>\n<div class=\"magic-32\"><a href=\"https:\/\/lyfilter.com\/es\/1-micron-pp-water-filter-cartridge-10-filter-water-element-3725.html\/\" target=\"_blank\" rel=\"noopener noreferrer\"><img decoding=\"async\" class=\"magic-35\" src=\"https:\/\/img.yfisher.com\/m6076\/1725726990oyc\/jpg70-t3-scale100.webp\" alt=\"1 micra pp cartucho de filtro de agua 10&#039;&#039; elemento filtrante de agua 35\" data-lazy=\"2\" title=\"\"><\/a><\/div>\n<\/div>\n<\/div>\n<\/div>\n<\/div>\n<div class=\"detail-decorate-json-renderer-container\">\n<div class=\"magic-4\">\n<div class=\"magic-5\">\n<div class=\"magic-6\">\n<div class=\"magic-7\">\n<p class=\"magic-8\">\u00a0 \u00a0 \u00a0 \u00a0 \u00a0 \u00a0 \u00a0Filtro de titanio Filtro plisado de membrana Filtro de agua de alto caudal Filtro de carb\u00f3n sinterizado<\/p>\n<\/div>\n<\/div>\n<\/div>\n<\/div>\n<\/div>\n<div class=\"icbu-pc-images magic-1\">\n<div>\n<div class=\"flex-layout-v\">\n<div class=\"flex-layout-h magic-1\">\n<div class=\"magic-36\"><a href=\"https:\/\/lyfilter.com\/es\/1-micron-pp-water-filter-cartridge-10-filter-water-element-3725.html\/\" target=\"_blank\" rel=\"noopener noreferrer\"><img decoding=\"async\" class=\"magic-37\" src=\"https:\/\/img.yfisher.com\/m6076\/17257268694mn\/jpg70-t3-scale100.webp\" alt=\"cartucho de filtro de agua pp de 1 micra elemento filtrante de agua de 10&#039;&#039; 37\" data-lazy=\"2\" title=\"\"><\/a><\/div>\n<\/div>\n<\/div>\n<\/div>\n<\/div>\n<div id=\"ali-anchor-AliMagic-qiev8k\" class=\"magic-0\" data-section=\"AliMagic-qiev8k\" data-section-title=\"Application\">Aplicaci\u00f3n<\/div>\n<div class=\"detail-decorate-json-renderer-container\">\n<div class=\"magic-4\">\n<div class=\"magic-5\">\n<div class=\"magic-6\">\n<div class=\"magic-7\">\n<p class=\"magic-8\">1. Pretratamiento del agua del grifo con \u00f3smosis inversa<\/p>\n<p>2. Agua industrial, filtraci\u00f3n de chapado<\/p>\n<p>3. 3. Alimentos y bebidas<\/p>\n<p>4. Prefiltraci\u00f3n de agua est\u00e9ril y agua ultrapura<\/p>\n<p>5. Agua qu\u00edmica y disolvente<\/p>\n<\/div>\n<\/div>\n<\/div>\n<\/div>\n<\/div>\n<div class=\"icbu-pc-images magic-1\">\n<div>\n<div class=\"flex-layout-v\">\n<div class=\"flex-layout-h magic-1\">\n<div class=\"magic-38\"><img decoding=\"async\" class=\"magic-39\" src=\"https:\/\/img.yfisher.com\/m6076\/1725726940dfq\/jpg70-t3-scale100.webp\" alt=\"1 micra pp cartucho de filtro de agua 10&#039;&#039; elemento filtrante de agua 39\" data-lazy=\"2\" title=\"\"><\/div>\n<\/div>\n<\/div>\n<\/div>\n<\/div>\n<div class=\"icbu-pc-images magic-1\">\n<div>\n<div class=\"flex-layout-v\">\n<div class=\"flex-layout-h magic-1\">\n<div class=\"magic-40\"><img decoding=\"async\" class=\"magic-41\" src=\"https:\/\/img.yfisher.com\/m6076\/17257269068bl\/jpg70-t3-scale100.webp\" alt=\"1 micra pp cartucho de filtro de agua 10&#039;&#039; elemento filtrante de agua 41\" data-lazy=\"2\" title=\"\"><\/div>\n<\/div>\n<\/div>\n<\/div>\n<\/div>\n<div id=\"ali-anchor-AliMagic-tdt5ii\" class=\"magic-0\" data-section=\"AliMagic-tdt5ii\" data-section-title=\"Certifications\">Certificaciones<\/div>\n<div class=\"icbu-pc-images magic-1\">\n<div>\n<div class=\"flex-layout-v\">\n<div class=\"flex-layout-h magic-1\">\n<div class=\"magic-42\"><img decoding=\"async\" class=\"magic-43\" src=\"https:\/\/img.yfisher.com\/m6076\/17257267814f6\/jpg70-t3-scale100.webp\" alt=\"cartucho de filtro de agua pp de 1 micra elemento filtrante de agua de 10&#039;&#039; 43\" data-lazy=\"2\" title=\"\"><\/div>\n<\/div>\n<\/div>\n<\/div>\n<\/div>\n<div id=\"ali-anchor-AliMagic-1qegh7\" class=\"magic-0\" data-section=\"AliMagic-1qegh7\" data-section-title=\"About us\">Qui\u00e9nes somos<\/div>\n<div class=\"detail-decorate-json-renderer-container\">\n<div class=\"magic-4\">\n<div class=\"magic-5\">\n<div class=\"magic-6\">\n<div class=\"magic-7\">\n<p class=\"magic-8\">1. 10 a\u00f1os de experiencia como fabricante profesional.<\/p>\n<p>2. Ofrecemos servicio de personalizaci\u00f3n OEM y ODM, puede encontrar todo tipo de piezas de filtros de agua industriales en nuestra empresa.<\/p>\n<p>3. Todos los productos tienen garant\u00eda de calidad. Nuestra certificaci\u00f3n: CE ISO SGS<\/p>\n<p>4. Nuestros trabajadores son eficientes y nuestras ventas son profesionales, vamos a dar el servicio personalizado profesional.<\/p>\n<p>5. Nuestros productos se exportan a m\u00e1s de 100 pa\u00edses y regiones. Recibido una buena reputaci\u00f3n.<\/p>\n<p>6. Muchos cooperadores nos apoyan desde hace muchos a\u00f1os.<\/p>\n<p>7. Estamos decididos a proporcionar el mejor servicio y buena calidad a nuestros clientes globales, seremos una empresa cada vez m\u00e1s profesional en el futuro.<\/p>\n<\/div>\n<\/div>\n<\/div>\n<\/div>\n<\/div>\n<div class=\"icbu-pc-images magic-1\">\n<div>\n<div class=\"flex-layout-v\">\n<div class=\"flex-layout-h magic-1\">\n<div class=\"magic-44\"><img decoding=\"async\" class=\"magic-45\" src=\"https:\/\/img.yfisher.com\/m6076\/1725726781v86\/jpg70-t3-scale100.webp\" alt=\"cartucho de filtro de agua pp de 1 micra elemento filtrante de agua de 10&#039;&#039; 45\" data-lazy=\"2\" title=\"\"><\/div>\n<\/div>\n<\/div>\n<\/div>\n<\/div>\n<div id=\"ali-anchor-AliMagic-jcqty8\" class=\"magic-0\" data-section=\"AliMagic-jcqty8\" data-section-title=\"Our Service\">Nuestros servicios<\/div>\n<div class=\"detail-decorate-json-renderer-container\">\n<div class=\"magic-4\">\n<h3 class=\"magic-46\"><\/h3>\n<h3 class=\"magic-47\"><span style=\"font-size: medium;\">Construimos una relaci\u00f3n a largo plazo con nuestros clientes y nos ganamos su buena reputaci\u00f3n. Espero que te unas a nosotros y cooperar con nosotros.<\/span><\/h3>\n<div><\/div>\n<div class=\"magic-5\">\n<div class=\"magic-6\">\n<div class=\"magic-7\">\n<p class=\"magic-8\"><span style=\"font-family: Arial, Helvetica;\">1. Acepte la longitud modificada para requisitos particulares, el paquete, el logotipo etc, como usted ofrece su dibujo y cuadro.<\/span><\/p>\n<p>2. Aceptar orden de compra de la muestra, aceptar cartucho de filtro MOQ = 10.carcasa del filtro MOQ = 1.<\/p>\n<p>3. Le responderemos en 24 horas.<\/p>\n<p>4. Recibido el pago, nos pondremos en contacto con usted en la primera vez y organizar la producci\u00f3n y hacerle saber el \u00faltimo proceso.<\/p>\n<p>5. Cualquier duda, p\u00f3ngase en contacto con nosotros, le ayudaremos a resolver el problema lo antes posible.<\/p>\n<\/div>\n<\/div>\n<\/div>\n<\/div>\n<\/div>\n<div id=\"ali-anchor-AliMagic-3uqflx\" class=\"magic-0\" data-section=\"AliMagic-3uqflx\" data-section-title=\"Packing &amp; Delivery\">Embalaje y entrega<\/div>\n<div class=\"detail-decorate-json-renderer-container\">\n<div class=\"magic-4\">\n<div class=\"magic-5\">\n<div class=\"magic-6\">\n<div class=\"magic-7\">\n<p class=\"magic-8\"><b>Nuestros trabajadores son eficientes y nuestras ventas son profesionales.  Cualquier solicitud ser\u00eda paciente y cuidadoso para responder y resolver.<br \/>\nNos esforzaremos al m\u00e1ximo para garantizar la producci\u00f3n y el env\u00edo a su pa\u00eds lo antes posible. <\/b><\/p>\n<p class=\"magic-8\"><span style=\"font-family: Arial, Helvetica;\"><b>Embalaje:<\/b><\/span><\/p>\n<p class=\"magic-8\"><span style=\"font-family: Arial, Helvetica;\"><b><br \/>\n<\/b>Los productos se embalan en cajas de cart\u00f3n\/madera de alta calidad, adecuadas para el transporte mar\u00edtimo de larga distancia, as\u00ed como para climas y con buena resistencia a la humedad y los golpes.<\/span><\/p>\n<p><b>Plazo de entrega:<\/b><\/p>\n<p>1. Si este tipo de productos est\u00e1 en stock, el producto ser\u00e1 enviado para usted 1-7 d\u00edas despu\u00e9s del pago.<\/p>\n<p class=\"magic-8\"><span style=\"font-family: Arial, Helvetica;\"><br \/>\n2. Si este tipo de productos no est\u00e1 en stock, los productos tardar\u00e1n unos 7-25 d\u00edas en producirse.<\/span><\/p>\n<p><b>Env\u00edo:<\/b><\/p>\n<p class=\"magic-8\"><span style=\"font-family: Arial, Helvetica;\"><b><br \/>\n<\/b>Mar\u00edtimo, ferroviario, a\u00e9reo (DHL\/UPS\/TNT\/FEDEX)<\/span><\/p>\n<\/div>\n<\/div>\n<\/div>\n<\/div>\n<\/div>\n<div class=\"icbu-pc-images magic-1\">\n<div>\n<div class=\"flex-layout-v\">\n<div class=\"flex-layout-h magic-1\">\n<div class=\"magic-48\"><img decoding=\"async\" class=\"magic-49\" src=\"https:\/\/img.yfisher.com\/m6076\/1725726773qyg\/jpg70-t3-scale100.webp\" alt=\"cartucho de filtro de agua pp de 1 micra elemento filtrante de agua de 10&#039;&#039; 47\" data-lazy=\"2\" title=\"\"><\/div>\n<\/div>\n<\/div>\n<\/div>\n<\/div>\n<div id=\"ali-anchor-AliMagic-1ue21a\" class=\"magic-0\" data-section=\"AliMagic-1ue21a\" data-section-title=\"Contact us\">P\u00f3ngase en contacto con nosotros<\/div>\n<div class=\"detail-decorate-json-renderer-container\">\n<div class=\"magic-4\">\n<div class=\"magic-5\">\n<div class=\"magic-6\">\n<div class=\"magic-7\">\n<p class=\"magic-8\">Wechat\/skype\/whatsapp: +8613574135485 (respuesta r\u00e1pida)<\/p>\n<\/div>\n<\/div>\n<\/div>\n<\/div>\n<\/div>\n<div class=\"icbu-pc-images magic-1\">\n<div>\n<div class=\"flex-layout-v\">\n<div class=\"flex-layout-h magic-1\">\n<div class=\"magic-50\"><img decoding=\"async\" class=\"magic-51\" src=\"https:\/\/img.yfisher.com\/m6076\/1725726869dv4\/jpg70-t3-scale100.webp\" alt=\"cartucho de filtro de agua pp de 1 micra elemento filtrante de agua de 10&#039;&#039; 49\" data-lazy=\"2\" title=\"\"><\/div>\n<\/div>\n<\/div>\n<\/div>\n<\/div>\n<\/div>\n<\/div>\n<\/div>\n<\/div>\n<div data-module=\"detailMarketPackage\"><\/div>\n<div data-module=\"productAuth\"><\/div>\n<\/div>\n<\/div>\n<div class=\"diffStatement\">Nuestros cartuchos filtrantes de agua son de exquisita calidad y gozan de gran reconocimiento entre los clientes. Se caracteriza por un alto flujo y una precisi\u00f3n de filtrado estable. Guangzhou Lvyuan Water Purification Equipment Co., Ltd. tiene un equipo de talentos conocedores y una l\u00ednea de producci\u00f3n estable y confiable. Se caracteriza por un alto caudal y una precisi\u00f3n de filtrado estable.<\/div>","protected":false},"excerpt":{"rendered":"<table>\n<thead>\n<tr>\n<th><strong>Campo<\/strong><\/th>\n<th><strong>Valor<\/strong><\/th>\n<\/tr>\n<\/thead>\n<tbody>\n<tr>\n<td>Industrias aplicables<\/td>\n<td>Planta de fabricaci\u00f3n, F\u00e1brica de alimentos y bebidas, Uso dom\u00e9stico, Tratamiento del agua<\/td>\n<\/tr>\n<tr>\n<td>Lugar de origen<\/td>\n<td>Guangdong, China<\/td>\n<\/tr>\n<tr>\n<td>Marca<\/td>\n<td>Lvyuan, OEM, ODM<\/td>\n<\/tr>\n<tr>\n<td>Material<\/td>\n<td>PP<\/td>\n<\/tr>\n<tr>\n<td>Materia prima<\/td>\n<td>Fibra PP<\/td>\n<\/tr>\n<tr>\n<td>Peso<\/td>\n<td>Personalizado<\/td>\n<\/tr>\n<tr>\n<td>Talla<\/td>\n<td>Personalizado, Delgado, Jumbo<\/td>\n<\/tr>\n<tr>\n<td>Forma<\/td>\n<td>Cilindro<\/td>\n<\/tr>\n<tr>\n<td>Color<\/td>\n<td>Blanco<\/td>\n<\/tr>\n<tr>\n<td>Apariencia<\/td>\n<td>En relieve, brillante, etc.<\/td>\n<\/tr>\n<tr>\n<td>Caracter\u00edstica<\/td>\n<td>Acero inoxidable de tama\u00f1o y logotipo personalizados<\/td>\n<\/tr>\n<tr>\n<td>Certificaci\u00f3n<\/td>\n<td>SGS<\/td>\n<\/tr>\n<tr>\n<td>Utilizaci\u00f3n<\/td>\n<td>Tratamiento del agua<\/td>\n<\/tr>\n<tr>\n<td>Aplicaci\u00f3n<\/td>\n<td>Industria<\/td>\n<\/tr>\n<tr>\n<td>Embalaje<\/td>\n<td>Caja de papel<\/td>\n<\/tr>\n<tr>\n<td>Potencia<\/td>\n<td>0<\/td>\n<\/tr>\n<tr>\n<td>Garant\u00eda<\/td>\n<td>No disponible<\/td>\n<\/tr>\n<tr>\n<td>Servicio posventa<\/td>\n<td>Asistencia en l\u00ednea<\/td>\n<\/tr>\n<tr>\n<td>Capacidad de suministro<\/td>\n<td>5000 Piezas por semana<\/td>\n<\/tr>\n<\/tbody>\n<\/table>","protected":false},"featured_media":745,"comment_status":"open","ping_status":"closed","template":"","meta":{"_gspb_post_css":""},"product_brand":[],"product_cat":[23,17],"product_tag":[322,324,320,306,323,321],"class_list":{"0":"post-739","1":"product","2":"type-product","3":"status-publish","4":"has-post-thumbnail","6":"product_cat-pp-filter-cartridge","7":"product_cat-sediment-filter","8":"product_tag-customized-cylinder-filter","9":"product_tag-oem-odm-filter","10":"product_tag-pp-fiber-filter","11":"product_tag-sgs-certified","12":"product_tag-slim-jumbo-sizes","13":"product_tag-water-treatment-cartridge","15":"first","16":"instock","17":"shipping-taxable","18":"product-type-simple"},"_links":{"self":[{"href":"https:\/\/lyfilter.com\/es\/wp-json\/wp\/v2\/product\/739","targetHints":{"allow":["GET"]}}],"collection":[{"href":"https:\/\/lyfilter.com\/es\/wp-json\/wp\/v2\/product"}],"about":[{"href":"https:\/\/lyfilter.com\/es\/wp-json\/wp\/v2\/types\/product"}],"replies":[{"embeddable":true,"href":"https:\/\/lyfilter.com\/es\/wp-json\/wp\/v2\/comments?post=739"}],"wp:featuredmedia":[{"embeddable":true,"href":"https:\/\/lyfilter.com\/es\/wp-json\/wp\/v2\/media\/745"}],"wp:attachment":[{"href":"https:\/\/lyfilter.com\/es\/wp-json\/wp\/v2\/media?parent=739"}],"wp:term":[{"taxonomy":"product_brand","embeddable":true,"href":"https:\/\/lyfilter.com\/es\/wp-json\/wp\/v2\/product_brand?post=739"},{"taxonomy":"product_cat","embeddable":true,"href":"https:\/\/lyfilter.com\/es\/wp-json\/wp\/v2\/product_cat?post=739"},{"taxonomy":"product_tag","embeddable":true,"href":"https:\/\/lyfilter.com\/es\/wp-json\/wp\/v2\/product_tag?post=739"}],"curies":[{"name":"wp","href":"https:\/\/api.w.org\/{rel}","templated":true}]}}