{"id":733,"date":"2025-12-24T07:43:29","date_gmt":"2025-12-24T07:43:29","guid":{"rendered":"https:\/\/lyfilter.com\/?post_type=product&#038;p=733"},"modified":"2025-12-24T08:17:00","modified_gmt":"2025-12-24T08:17:00","slug":"deep-sediment-water-filtration-1-5-10-25-microns-10-inch-pp-groove-filter-cartridge-for-household-industrial-water-prefilter","status":"publish","type":"product","link":"https:\/\/lyfilter.com\/es\/deep-sediment-water-filtration-1-5-10-25-microns-10-inch-pp-groove-filter-cartridge-for-household-industrial-water-prefilter\/","title":{"rendered":"Filtraci\u00f3n de agua de sedimentos profundos 1\/5\/10\/25 micras 10 pulgadas pp cartucho de filtro de ranura para el hogar prefiltro de agua industrial"},"content":{"rendered":"<div class=\"pro_aliData\">\n<div class=\"detail-box\">\n<div class=\"scc-wrapper detail-module module-productPackagingAndQuickDetail\" data-spm=\"prilinga1e\">\n<div class=\"widget-detail-overview\">\n<div class=\"do-content\">\n<div class=\"do-overview\">\n<div class=\"do-entry do-entry-full\">\n<h3 class=\"do-entry-title\">Embalaje y entrega<\/h3>\n<div class=\"do-entry-list\">\n<dl class=\"do-entry-item\">\n<dt class=\"do-entry-item-key\">Unidades de venta:<\/dt>\n<dd class=\"do-entry-item-val\">Art\u00edculo \u00fanico<\/dd>\n<\/dl>\n<dl class=\"do-entry-item\">\n<dt class=\"do-entry-item-key\" title=\"Tama\u00f1o de envase individual:\">Tama\u00f1o de envase individual:<\/dt>\n<dd class=\"do-entry-item-val\">26X3X3 cm<\/dd>\n<\/dl>\n<dl class=\"do-entry-item\">\n<dt class=\"do-entry-item-key\" title=\"Peso bruto \u00fanico:\">Peso bruto \u00fanico:<\/dt>\n<dd class=\"do-entry-item-val\">1.000 kg<\/dd>\n<\/dl>\n<dl class=\"do-entry-item\">\n<dt class=\"do-entry-item-key\">Tipo de envase:<\/dt>\n<dd class=\"do-entry-item-val pkg-method\">Filtraci\u00f3n de agua de sedimentos profundos 1\/5\/10\/25 micras 10 pulgadas pp cartucho de filtro de ranura para el hogar prefiltro de agua industrial: Embalado en cart\u00f3n de papel.<\/dd>\n<\/dl>\n<dl class=\"do-entry-item\">\n<dt class=\"do-entry-item-key\" title=\"Plazos de entrega\">Plazos de entrega\u00a0<i class=\"next-icon next-icon-help next-icon-xs js-leadtimes-tips\"><\/i>:<\/dt>\n<dd class=\"do-entry-item-val\" title=\"Plazos de entrega\">\n<div class=\"table-responsive\">\n<table class=\"supply-ability-table ui2-table ui2-table-normal ui2-table-zebra ui2-table-hover\">\n<tbody>\n<tr>\n<td>Cantidad(Piezas)<\/td>\n<td>1 - 100<\/td>\n<td>101 - 500<\/td>\n<td>501 - 5000<\/td>\n<td>&gt;5000<\/td>\n<\/tr>\n<tr>\n<td>Est. Tiempo (d\u00edas)<\/td>\n<td>3<\/td>\n<td>5<\/td>\n<td>10<\/td>\n<td>A negociar<\/td>\n<\/tr>\n<\/tbody>\n<\/table>\n<\/div>\n<\/dd>\n<\/dl>\n<\/div>\n<\/div>\n<\/div>\n<\/div>\n<\/div>\n<\/div>\n<div class=\"scc-wrapper detail-module module-detailVideo\" data-spm=\"detailvideo\"><\/div>\n<div class=\"scc-wrapper detail-module module-productSpecification\" data-spm=\"pronpeci14\">\n<div id=\"J-rich-text-description\" class=\"richtext richtext-detail rich-text-description\">\n<div id=\"detail_decorate_root\" data-host=\"111218246\" data-id=\"detail_decorate_root\">\n<div id=\"_root\" class=\"engine-app\" data-reactroot=\"\">\n<div id=\"ali-anchor-AliMagic-au9aqo\" class=\"magic-0\" data-section=\"AliMagic-au9aqo\" data-section-title=\"Product Description\">Descripci\u00f3n del producto<\/div>\n<div class=\"icbu-pc-images magic-1\">\n<div>\n<div class=\"flex-layout-v\">\n<div class=\"flex-layout-h magic-1\">\n<div class=\"magic-2\"><img decoding=\"async\" class=\"magic-3\" src=\"https:\/\/img.yfisher.com\/m6076\/172572676906t\/jpg70-t3-scale100.webp\" alt=\"Filtraci\u00f3n de agua de sedimentos profundos 1\/5\/10\/25 micras 10 pulgadas pp cartucho de filtro de ranura para el hogar prefiltro de agua industrial 7\" data-lazy=\"2\" title=\"\"><\/div>\n<\/div>\n<\/div>\n<\/div>\n<\/div>\n<div class=\"icbu-pc-images magic-1\">\n<div>\n<div class=\"flex-layout-h\">\n<div class=\"flex-layout-v magic-4\">\n<div class=\"magic-5\"><img decoding=\"async\" class=\"magic-6\" src=\"https:\/\/img.yfisher.com\/m6076\/1725726769ezm\/png70-t3-scale100.webp\" alt=\"Filtraci\u00f3n de agua de sedimentos profundos 1\/5\/10\/25 micras 10 pulgadas pp cartucho de filtro de ranura para el hogar prefiltro de agua industrial 9\" data-id=\"child-image-0\" data-lazy=\"2\" title=\"\"><\/div>\n<\/div>\n<div class=\"text-wrapper magic-7\">\n<div class=\"text-wrapper-right text-theme-light text-align-left\">\n<div class=\"text-title\" data-id=\"right-title\">\n<h3 class=\"magic-8\"><span class=\"magic-9\">Varios tama\u00f1os para el filtro de PP hilado fundido soplado<\/span><\/h3>\n<\/div>\n<div class=\"text-content\" data-id=\"right-content\">\n<p class=\"magic-10\"><span class=\"magic-9\">El cartucho filtrante PP meltblown (PPF) es\u00a0<\/span><\/p>\n<p class=\"magic-10\"><span class=\"magic-9\">de material de polipropileno.\u00a0<\/span><\/p>\n<p class=\"magic-10\"><span class=\"magic-9\">Puede eliminar sustancias en suspensi\u00f3n,\u00a0<\/span><\/p>\n<p class=\"magic-10\"><span class=\"magic-9\">part\u00edculas y \u00f3xido de forma eficaz.\u00a0<\/span><\/p>\n<p class=\"magic-10\"><span class=\"magic-9\">Este tipo de cartucho se utiliza para la parte delantera\u00a0<\/span><\/p>\n<p class=\"magic-10\"><span class=\"magic-9\">cartucho filtrante para proteger\u00a0<\/span><\/p>\n<p class=\"magic-10\"><span class=\"magic-9\">otros.<\/span><\/p>\n<\/div>\n<\/div>\n<\/div>\n<\/div>\n<\/div>\n<\/div>\n<div class=\"icbu-pc-images magic-1\">\n<div class=\"flex-layout-h\">\n<div class=\"text-wrapper magic-11\">\n<div class=\"text-wrapper-left text-theme-light text-align-left\">\n<div class=\"text-title\" data-id=\"left-title\">\n<h3 class=\"magic-8\"><span class=\"magic-9\">Cartucho filtrante de PP fundido soplado de dimensiones OEM<\/span><\/h3>\n<\/div>\n<div class=\"text-content\" data-id=\"left-content\">\n<p class=\"magic-10\"><span class=\"magic-9\">La serie de cartuchos filtrantes soplados de PP de Lvyuan es un tipo de cartuchos filtrantes est\u00e1ndar y simples para la purificaci\u00f3n de agua. Se est\u00e1 fusionando y entrelazado de fibra de polipropileno sin ning\u00fan glues.it qu\u00edmica est\u00e1 hecha de 100% polipropileno puro PP materias primas.\u00a0<\/span><\/p>\n<p class=\"magic-10\"><span class=\"magic-9\"><b><span style=\"color: #71a3a1;\">Sra. Vickie Yung<br \/>\nM\u00f3vil\/Whatsapp: +86 15975359293<br \/>\nSkype: vickie9293<\/span><\/b><br \/>\n<\/span><\/p>\n<\/div>\n<\/div>\n<\/div>\n<div class=\"flex-layout-v magic-4\">\n<div class=\"magic-5\"><img decoding=\"async\" class=\"magic-6\" src=\"https:\/\/img.yfisher.com\/m6076\/1725726769nrd\/png70-t3-scale100.webp\" alt=\"Filtraci\u00f3n de agua de sedimentos profundos 1\/5\/10\/25 micras 10 pulgadas pp cartucho de filtro de ranura para el hogar prefiltro de agua industrial 11\" data-id=\"child-image-0\" data-lazy=\"2\" title=\"\"><\/div>\n<\/div>\n<\/div>\n<\/div>\n<div class=\"icbu-pc-images magic-1\">\n<div>\n<div class=\"flex-layout-h\">\n<div class=\"flex-layout-v magic-4\">\n<div class=\"magic-5\"><img decoding=\"async\" class=\"magic-6\" src=\"https:\/\/img.yfisher.com\/m6076\/1725726769ek9\/png70-t3-scale100.webp\" alt=\"Filtraci\u00f3n de agua de sedimentos profundos 1\/5\/10\/25 micras 10 pulgadas pp cartucho de filtro de ranura para el hogar prefiltro de agua industrial 13\" data-id=\"child-image-0\" data-lazy=\"2\" title=\"\"><\/div>\n<\/div>\n<div class=\"text-wrapper magic-7\">\n<div class=\"text-wrapper-right text-theme-light text-align-left\">\n<div class=\"text-title\" data-id=\"right-title\">\n<h3 class=\"magic-8\"><span class=\"magic-9\">Filtro de agua PP de doble micra personalizado<\/span><\/h3>\n<\/div>\n<div class=\"text-content\" data-id=\"right-content\">\n<p class=\"magic-10\"><span class=\"magic-9\">Micras se pueden personalizar, 2 capas de micras PP cartuchos de filtro de agua para hacer fuertes contaminantes capacidad de retenci\u00f3n, puede eliminar eficazmente los contaminantes, tales como sustancias en suspensi\u00f3n, part\u00edculas y \u00f3xido, proporcionando una filtraci\u00f3n eficaz y larga vida \u00fatil.\u00a0<\/span><\/p>\n<\/div>\n<\/div>\n<\/div>\n<\/div>\n<\/div>\n<\/div>\n<div class=\"icbu-pc-images magic-1\">\n<div>\n<div class=\"flex-layout-h\">\n<div class=\"text-wrapper magic-11\">\n<div class=\"text-wrapper-left text-theme-light text-align-left\">\n<div class=\"text-title\" data-id=\"left-title\">\n<h3 class=\"magic-8\"><span class=\"magic-9\">Cartucho filtrante de PP con material compuesto<\/span><\/h3>\n<\/div>\n<div class=\"text-content\" data-id=\"left-content\">\n<p class=\"magic-10\"><span class=\"magic-9\">PP cartucho de filtro con filtro compuesto, se puede personalizar diferentes tama\u00f1os y materiales de filtraci\u00f3n para satisfacer las diferentes demandas.\u00a0<\/span><\/p>\n<\/div>\n<\/div>\n<\/div>\n<div class=\"flex-layout-v magic-4\">\n<div class=\"magic-5\"><img decoding=\"async\" class=\"magic-6\" src=\"https:\/\/img.yfisher.com\/m6076\/17257267697zl\/png70-t3-scale100.webp\" alt=\"Filtraci\u00f3n de agua de sedimentos profundos 1\/5\/10\/25 micras 10 pulgadas pp cartucho de filtro de ranura para el hogar prefiltro de agua industrial 15\" data-id=\"child-image-0\" data-lazy=\"2\" title=\"\"><\/div>\n<\/div>\n<\/div>\n<\/div>\n<\/div>\n<div class=\"icbu-pc-images magic-1\">\n<div>\n<div class=\"flex-layout-h\">\n<div class=\"flex-layout-v magic-4\">\n<div class=\"magic-5\"><img decoding=\"async\" class=\"magic-6\" src=\"https:\/\/img.yfisher.com\/m6076\/1725726769o3n\/png70-t3-scale100.webp\" alt=\"Filtraci\u00f3n de agua de sedimentos profundos 1\/5\/10\/25 micras 10 pulgadas pp cartucho de filtro de ranura para el hogar prefiltro de agua industrial 17\" data-id=\"child-image-0\" data-lazy=\"2\" title=\"\"><\/div>\n<\/div>\n<div class=\"text-wrapper magic-7\">\n<div class=\"text-wrapper-right text-theme-light text-align-left\">\n<div class=\"text-title\" data-id=\"right-title\">\n<h3 class=\"magic-8\"><span class=\"magic-9\">Adaptadores OEM para elemento filtrante de agua de PP<\/span><\/h3>\n<\/div>\n<div class=\"text-content\" data-id=\"right-content\">\n<p class=\"magic-10\"><span class=\"magic-9\">Hay disponibles diferentes adaptadores de filtro.<\/span><\/p>\n<p class=\"magic-10\"><span class=\"magic-9\">Silicona, EPDM, NBR, Viton opcionales.\u00a0<\/span><\/p>\n<\/div>\n<\/div>\n<\/div>\n<\/div>\n<\/div>\n<\/div>\n<div class=\"ife-detail-decorate-table\">\n<div class=\"table-responsive\">\n<table class=\"all magic-12\">\n<tbody>\n<tr>\n<td colspan=\"1\" rowspan=\"1\">\n<div class=\"magic-13\">Nombre del producto<\/div>\n<\/td>\n<td colspan=\"3\" rowspan=\"1\">\n<div class=\"magic-14\">Filtraci\u00f3n de agua de sedimentos profundos 1\/5\/10\/25 micras 10 pulgadas pp cartucho de filtro de ranura para el hogar prefiltro de agua industrial<\/div>\n<\/td>\n<\/tr>\n<tr>\n<td colspan=\"1\" rowspan=\"1\">\n<div class=\"magic-13\">Material<\/div>\n<\/td>\n<td colspan=\"3\" rowspan=\"1\">\n<div class=\"magic-14\">100% Material de polipropileno puro<\/div>\n<\/td>\n<\/tr>\n<tr>\n<td colspan=\"1\" rowspan=\"1\">\n<div class=\"magic-13\">Superficie<\/div>\n<\/td>\n<td colspan=\"3\" rowspan=\"1\">\n<div class=\"magic-14\">Ranura, Puntos de presi\u00f3n, Plano, Entrecruzamiento<\/div>\n<\/td>\n<\/tr>\n<tr>\n<td colspan=\"1\" rowspan=\"1\">\n<div class=\"magic-13\">Micras<\/div>\n<\/td>\n<td colspan=\"3\" rowspan=\"1\">\n<div class=\"magic-17\">1 ~100 micras<\/div>\n<\/td>\n<\/tr>\n<tr>\n<td colspan=\"1\" rowspan=\"1\">\n<div class=\"magic-13\">Di\u00e1metro exterior<\/div>\n<\/td>\n<td colspan=\"3\" rowspan=\"1\">\n<div class=\"magic-17\">OEM<\/div>\n<\/td>\n<\/tr>\n<tr>\n<td colspan=\"1\" rowspan=\"1\">\n<div class=\"magic-13\">Di\u00e1metro interior<\/div>\n<\/td>\n<td colspan=\"3\" rowspan=\"1\">\n<div class=\"magic-17\">OEM<\/div>\n<\/td>\n<\/tr>\n<tr>\n<td colspan=\"1\" rowspan=\"1\">\n<div class=\"magic-13\">Interfaz<\/div>\n<\/td>\n<td colspan=\"3\" rowspan=\"1\">\n<div class=\"magic-17\">Plano, inserto, atornillado<\/div>\n<\/td>\n<\/tr>\n<tr>\n<td colspan=\"1\" rowspan=\"1\">\n<div class=\"magic-13\">Tapa<\/div>\n<\/td>\n<td colspan=\"3\" rowspan=\"1\">\n<div class=\"magic-17\">222\/Plana, 222\/Aler\u00f3n, 226\/Plana, 226\/Aler\u00f3n, 215\/Plana, 215\/Aler\u00f3n<\/div>\n<\/td>\n<\/tr>\n<tr>\n<td colspan=\"1\" rowspan=\"1\">\n<div class=\"magic-13\">Longitud<\/div>\n<\/td>\n<td colspan=\"3\" rowspan=\"1\">\n<div class=\"magic-17\">OEM<\/div>\n<\/td>\n<\/tr>\n<tr>\n<td colspan=\"1\" rowspan=\"1\">\n<div class=\"magic-13\">Presi\u00f3n diferencial m\u00e1xima<\/div>\n<\/td>\n<td colspan=\"3\" rowspan=\"1\">\n<div class=\"magic-17\">3 kgf\/cm\u00b2<\/div>\n<\/td>\n<\/tr>\n<tr>\n<td colspan=\"1\" rowspan=\"1\">\n<div class=\"magic-13\">Temperatura m\u00e1xima de funcionamiento<\/div>\n<\/td>\n<td colspan=\"3\" rowspan=\"1\">\n<div class=\"magic-17\">80\u00b0c<\/div>\n<\/td>\n<\/tr>\n<tr>\n<td colspan=\"1\" rowspan=\"1\">\n<div class=\"magic-13\">Presi\u00f3n diferencial de funcionamiento<\/div>\n<\/td>\n<td colspan=\"3\" rowspan=\"1\">\n<div class=\"magic-17\">0,1kgf\/cm2<\/div>\n<\/td>\n<\/tr>\n<tr>\n<td colspan=\"1\" rowspan=\"1\">\n<div class=\"magic-13\">Marca\/logotipo<\/div>\n<\/td>\n<td colspan=\"3\" rowspan=\"1\">\n<div class=\"magic-17\">OEM<\/div>\n<\/td>\n<\/tr>\n<\/tbody>\n<\/table>\n<\/div>\n<\/div>\n<\/div>\n<\/div>\n<\/div>\n<\/div>\n<\/div>\n<\/div>","protected":false},"excerpt":{"rendered":"<table>\n<thead>\n<tr>\n<th><strong>Atributo<\/strong><\/th>\n<th><strong>Detalles<\/strong><\/th>\n<\/tr>\n<\/thead>\n<tbody>\n<tr>\n<td><strong>Condici\u00f3n<\/strong><\/td>\n<td>Nuevo<\/td>\n<\/tr>\n<tr>\n<td><strong>Industrias aplicables<\/strong><\/td>\n<td>Hoteles, tiendas de ropa, tiendas de materiales de construcci\u00f3n, plantas de fabricaci\u00f3n, talleres de reparaci\u00f3n de maquinaria, f\u00e1bricas de alimentos y bebidas, granjas, restaurantes, uso dom\u00e9stico, comercio minorista, tiendas de alimentaci\u00f3n, imprentas, obras de construcci\u00f3n, energ\u00eda y miner\u00eda, tiendas de alimentos y bebidas, empresas de publicidad<\/td>\n<\/tr>\n<tr>\n<td><strong>Lugar de origen<\/strong><\/td>\n<td>China<\/td>\n<\/tr>\n<tr>\n<td><strong>Marca<\/strong><\/td>\n<td>LVYUAN\/OEM<\/td>\n<\/tr>\n<tr>\n<td><strong>Material<\/strong><\/td>\n<td>Polipropileno<\/td>\n<\/tr>\n<tr>\n<td><strong>Peso<\/strong><\/td>\n<td>OEM<\/td>\n<\/tr>\n<tr>\n<td><strong>Talla<\/strong><\/td>\n<td>OEM<\/td>\n<\/tr>\n<tr>\n<td><strong>Potencia<\/strong><\/td>\n<td>0<\/td>\n<\/tr>\n<tr>\n<td><strong>Garant\u00eda<\/strong><\/td>\n<td>No disponible<\/td>\n<\/tr>\n<tr>\n<td><strong>Nombre del producto<\/strong><\/td>\n<td>25 Micras 10 Pulgadas PP Ranura Cartucho de filtro para prefiltro de agua<\/td>\n<\/tr>\n<tr>\n<td><strong>Tipo de filtro<\/strong><\/td>\n<td>Ranura, relieve, puntos, logotipo de empresa<\/td>\n<\/tr>\n<tr>\n<td><strong>Di\u00e1metro exterior<\/strong><\/td>\n<td>10-200 mm<\/td>\n<\/tr>\n<tr>\n<td><strong>Precisi\u00f3n<\/strong><\/td>\n<td>1-100 micras<\/td>\n<\/tr>\n<tr>\n<td><strong>Di\u00e1metro interior<\/strong><\/td>\n<td>OEM<\/td>\n<\/tr>\n<tr>\n<td><strong>Adaptador de filtro<\/strong><\/td>\n<td>Tipo plano, Tipo 222, Tipo 226, Tipo 215<\/td>\n<\/tr>\n<tr>\n<td><strong>Temperatura m\u00e1xima<\/strong><\/td>\n<td>80\u2103<\/td>\n<\/tr>\n<tr>\n<td><strong>Ca\u00edda de presi\u00f3n de trabajo<\/strong><\/td>\n<td>0,1kgf\/c\u33a1<\/td>\n<\/tr>\n<tr>\n<td><strong>Confinado m\u00e1s alto<\/strong><\/td>\n<td>5kgf\/c\u33a1<\/td>\n<\/tr>\n<tr>\n<td><strong>Ca\u00edda de presi\u00f3n m\u00e1xima<\/strong><\/td>\n<td>3kgf\/c\u33a1<\/td>\n<\/tr>\n<tr>\n<td><strong>Servicio posventa<\/strong><\/td>\n<td>Asistencia en l\u00ednea<\/td>\n<\/tr>\n<\/tbody>\n<\/table>","protected":false},"featured_media":736,"comment_status":"open","ping_status":"closed","template":"","meta":{"_gspb_post_css":""},"product_brand":[],"product_cat":[23,17],"product_tag":[316,318,317,319,314,315],"class_list":{"0":"post-733","1":"product","2":"type-product","3":"status-publish","4":"has-post-thumbnail","6":"product_cat-pp-filter-cartridge","7":"product_cat-sediment-filter","8":"product_tag-10-inch-filter","9":"product_tag-filtration-system","10":"product_tag-online-support","11":"product_tag-polypropylene-filter","12":"product_tag-pp-groove-filter","13":"product_tag-water-prefilter","15":"first","16":"instock","17":"shipping-taxable","18":"product-type-simple"},"_links":{"self":[{"href":"https:\/\/lyfilter.com\/es\/wp-json\/wp\/v2\/product\/733","targetHints":{"allow":["GET"]}}],"collection":[{"href":"https:\/\/lyfilter.com\/es\/wp-json\/wp\/v2\/product"}],"about":[{"href":"https:\/\/lyfilter.com\/es\/wp-json\/wp\/v2\/types\/product"}],"replies":[{"embeddable":true,"href":"https:\/\/lyfilter.com\/es\/wp-json\/wp\/v2\/comments?post=733"}],"wp:featuredmedia":[{"embeddable":true,"href":"https:\/\/lyfilter.com\/es\/wp-json\/wp\/v2\/media\/736"}],"wp:attachment":[{"href":"https:\/\/lyfilter.com\/es\/wp-json\/wp\/v2\/media?parent=733"}],"wp:term":[{"taxonomy":"product_brand","embeddable":true,"href":"https:\/\/lyfilter.com\/es\/wp-json\/wp\/v2\/product_brand?post=733"},{"taxonomy":"product_cat","embeddable":true,"href":"https:\/\/lyfilter.com\/es\/wp-json\/wp\/v2\/product_cat?post=733"},{"taxonomy":"product_tag","embeddable":true,"href":"https:\/\/lyfilter.com\/es\/wp-json\/wp\/v2\/product_tag?post=733"}],"curies":[{"name":"wp","href":"https:\/\/api.w.org\/{rel}","templated":true}]}}