{"id":701,"date":"2025-12-24T07:12:48","date_gmt":"2025-12-24T07:12:48","guid":{"rendered":"https:\/\/lyfilter.com\/?post_type=product&#038;p=701"},"modified":"2025-12-24T08:15:51","modified_gmt":"2025-12-24T08:15:51","slug":"big-diameter-spun-meltblown-pp-cartridge-swro-high-flow-cartridge-filter-with-self-core-design-for-sea-water-ro-pre-filtration","status":"publish","type":"product","link":"https:\/\/lyfilter.com\/es\/big-diameter-spun-meltblown-pp-cartridge-swro-high-flow-cartridge-filter-with-self-core-design-for-sea-water-ro-pre-filtration\/","title":{"rendered":"Gran di\u00e1metro Spun Meltblown PP Cartucho SWRO Filtro de cartucho de alto flujo con dise\u00f1o de auto-n\u00facleo para el agua de mar RO Pre-filtraci\u00f3n"},"content":{"rendered":"<div class=\"pro_aliData\">\n<div class=\"detail-box\">\n<div class=\"scc-wrapper detail-module module-productPackagingAndQuickDetail\" data-spm=\"prilinga1e\">\n<div class=\"widget-detail-overview\">\n<div class=\"do-content\">\n<div class=\"do-overview\">\n<div class=\"do-entry do-entry-full\">\n<h3 class=\"do-entry-title\">Embalaje y entrega<\/h3>\n<div class=\"do-entry-list\">\n<dl class=\"do-entry-item\">\n<dt class=\"do-entry-item-key\">Unidades de venta:<\/dt>\n<dd class=\"do-entry-item-val\">Art\u00edculo \u00fanico<\/dd>\n<\/dl>\n<dl class=\"do-entry-item\">\n<dt class=\"do-entry-item-key\" title=\"Tama\u00f1o de envase individual:\">Tama\u00f1o de envase individual:<\/dt>\n<dd class=\"do-entry-item-val\">103X18X18 cm<\/dd>\n<\/dl>\n<dl class=\"do-entry-item\">\n<dt class=\"do-entry-item-key\" title=\"Peso bruto \u00fanico:\">Peso bruto \u00fanico:<\/dt>\n<dd class=\"do-entry-item-val\">3.000 kg<\/dd>\n<\/dl>\n<dl class=\"do-entry-item\">\n<dt class=\"do-entry-item-key\">Tipo de envase:<\/dt>\n<dd class=\"do-entry-item-val pkg-method\">Personalizar Spun Meltblown PP Cartucho SWRO Filtro de cartucho de alto flujo con dise\u00f1o de auto-n\u00facleo para el agua de mar RO Pre-Filtraci\u00f3n La cotizaci\u00f3n es s\u00f3lo para referencia, por favor env\u00edenos el requisito de especificaci\u00f3n, y le actualizaremos el mejor precio. Paquete de 10 pulgadas: 50PCS\/CTN 400*400*685mm 20 pulgadas: 25PCS\/CTN 400*400*685mm 30 pulgadas: 25PCS\/CTN 835*435*425mm 40 pulgadas: 25PCS\/CTN 1100*395*400mm<\/dd>\n<\/dl>\n<dl class=\"do-entry-item\">\n<dt class=\"do-entry-item-key\" title=\"Plazos de entrega\">Plazos de entrega\u00a0<i class=\"next-icon next-icon-help next-icon-xs js-leadtimes-tips\"><\/i>:<\/dt>\n<dd class=\"do-entry-item-val\" title=\"Plazos de entrega\">\n<div class=\"table-responsive\">\n<table class=\"supply-ability-table ui2-table ui2-table-normal ui2-table-zebra ui2-table-hover\">\n<tbody>\n<tr>\n<td>Cantidad(Piezas)<\/td>\n<td>1 - 2000<\/td>\n<td>&gt;2000<\/td>\n<\/tr>\n<tr>\n<td>Est. Tiempo (d\u00edas)<\/td>\n<td>15<\/td>\n<td>A negociar<\/td>\n<\/tr>\n<\/tbody>\n<\/table>\n<\/div>\n<\/dd>\n<\/dl>\n<\/div>\n<\/div>\n<\/div>\n<\/div>\n<\/div>\n<\/div>\n<div class=\"scc-wrapper detail-module module-detailVideo\" data-spm=\"detailvideo\"><\/div>\n<div class=\"scc-wrapper detail-module module-productSpecification\" data-spm=\"pronpeci14\">\n<div id=\"J-rich-text-description\" class=\"richtext richtext-detail rich-text-description\">\n<div id=\"detail_decorate_root\" data-host=\"111525417\" data-magic-global=\"%7B%22bizId%22%3A17381045746%2C%22pageId%22%3A5074159773%2C%22siteId%22%3A5005126472%7D\" data-id=\"detail_decorate_root\">\n<div class=\"detail-decorate-json-renderer-container\">\n<div class=\"magic-0\">\n<h3 class=\"magic-1\" data-id=\"title0\">Personalizar Spun Meltblown PP Cartucho SWRO Filtro de cartucho de alto flujo con dise\u00f1o de auto-n\u00facleo para el agua de mar RO Pre-Filtraci\u00f3n<\/h3>\n<div class=\"magic-2\">\n<div class=\"magic-3\">\n<div class=\"magic-4\" data-id=\"paragraph0\"><\/div>\n<\/div>\n<\/div>\n<\/div>\n<\/div>\n<div id=\"ali-anchor-AliMagic-cy7ln6\" class=\"magic-5\" data-section=\"AliMagic-cy7ln6\" data-section-title=\"Product Description\">Descripci\u00f3n del producto<\/div>\n<div class=\"icbu-pc-images magic-6\">\n<div>\n<div class=\"flex-layout-v\">\n<div class=\"flex-layout-h magic-6\">\n<div class=\"magic-7\"><img decoding=\"async\" class=\"magic-8\" src=\"https:\/\/img.yfisher.com\/m6076\/17257267895xg\/jpg70-t3-scale100.webp\" alt=\"Gran di\u00e1metro Spun Meltblown PP Cartucho SWRO Filtro de cartucho de alto flujo con dise\u00f1o de auto-n\u00facleo para el agua de mar RO Pre-filtraci\u00f3n 7\" data-lazy=\"2\" title=\"\"><\/div>\n<\/div>\n<\/div>\n<\/div>\n<\/div>\n<div class=\"detail-decorate-json-renderer-container\">\n<div class=\"magic-0\">\n<h3 class=\"magic-9\" data-id=\"title0\"><\/h3>\n<h3 class=\"magic-10\">10 20 30 40 pulgadas cartucho de filtro de agua de \u00f3smosis inversa para PP fundido soplado cartuchos de sedimentos a granel 1 5 10 25 50 100 um micras<\/h3>\n<div class=\"magic-2\">\n<div class=\"magic-3\">\n<div class=\"magic-4\" data-id=\"paragraph0\">\n<p class=\"magic-11\">Polipropileno fundido cartucho de filtro soplado o PP hilado filtro de agua, filtro de PP, PP cartucho de filtro es el m\u00e1s ampliamente utilizado productos consumibles de filtraci\u00f3n en los sistemas de tratamiento de agua dom\u00e9sticos e industriales. Los cartuchos filtrantes de PP est\u00e1n hechos de fibra de polipropileno puro 100%, proporcionando una amplia compatibilidad qu\u00edmica.<\/p>\n<p>El cartucho filtrante de sedimentos Melt Blown tiene una gran capacidad de retenci\u00f3n de contaminantes. Puede eliminar eficazmente sustancias en suspensi\u00f3n, part\u00edculas y \u00f3xido, proporcionando una filtraci\u00f3n eficaz y una larga vida \u00fatil. Desempe\u00f1a un papel importante en el proceso de tratamiento de agua de prefiltraci\u00f3n.<\/p>\n<p>Podemos fabricar cartuchos filtrantes de PP o Nylon en todas las dimensiones (longitud, di\u00e1metro exterior, di\u00e1metro interior) con 1 capa a m\u00e1s de 3 capas y multi-capas. Filtros especiales de PP \/ Nylon con diversas especificaciones como ranura, piel de naranja, punto de presi\u00f3n, acabado de la superficie plana y en relieve o equipados con diferentes tapas DOE o SOE tambi\u00e9n est\u00e1n disponibles.<\/p>\n<p><b>Todas las dimensiones pueden fabricarse a medida. Con el fin de calcular los precios para usted, por favor amablemente asesorar a su requisito de especificaci\u00f3n y cantidad.<\/b><\/p>\n<\/div>\n<\/div>\n<\/div>\n<\/div>\n<\/div>\n<div class=\"detail-decorate-json-renderer-container\">\n<div class=\"magic-0\">\n<div class=\"magic-12\">\n<div class=\"magic-13\">\n<div class=\"magic-13\">\n<div class=\"magic-14\"><img decoding=\"async\" class=\"magic-15\" src=\"https:\/\/img.yfisher.com\/m6076\/1725726789a4e\/jpg70-t3-scale100.webp\" alt=\"Gran di\u00e1metro Spun Meltblown PP Cartucho SWRO Filtro de cartucho de alto flujo con dise\u00f1o de auto-n\u00facleo para el agua de mar RO Pre-filtraci\u00f3n 9\" data-id=\"img0\" data-lazy=\"2\" title=\"\"><\/div>\n<\/div>\n<\/div>\n<div class=\"magic-3\">\n<div class=\"magic-4\" data-id=\"paragraph0\">\n<p class=\"magic-11\">Superficie ranurada Cartucho filtrante de sedimentos de PP<\/p>\n<\/div>\n<\/div>\n<\/div>\n<div class=\"magic-12\">\n<div class=\"magic-13\">\n<div class=\"magic-13\">\n<div class=\"magic-14\"><img decoding=\"async\" class=\"magic-15\" src=\"https:\/\/img.yfisher.com\/m6076\/1725726789l27\/jpg70-t3-scale100.webp\" alt=\"Gran di\u00e1metro Spun Meltblown PP Cartucho SWRO Filtro de cartucho de alto flujo con dise\u00f1o de auto-n\u00facleo para el agua de mar RO Pre-filtraci\u00f3n 11\" data-id=\"img1\" data-lazy=\"2\" title=\"\"><\/div>\n<\/div>\n<\/div>\n<div class=\"magic-3\">\n<div class=\"magic-4\" data-id=\"paragraph1\">\n<p class=\"magic-11\">Cartucho filtrante de sedimentos de PP de superficie plana<\/p>\n<\/div>\n<\/div>\n<\/div>\n<div class=\"magic-12\">\n<div class=\"magic-13\">\n<div class=\"magic-13\">\n<div class=\"magic-14\"><img decoding=\"async\" class=\"magic-16\" src=\"https:\/\/img.yfisher.com\/m6076\/1725726789w2b\/jpg70-t3-scale100.webp\" alt=\"Gran di\u00e1metro Spun Meltblown PP Cartucho SWRO Filtro de cartucho de alto flujo con dise\u00f1o de auto-n\u00facleo para el agua de mar RO Pre-filtraci\u00f3n 13\" data-id=\"img2\" data-lazy=\"2\" title=\"\"><\/div>\n<\/div>\n<\/div>\n<div class=\"magic-3\">\n<div class=\"magic-4\" data-id=\"paragraph2\">\n<p class=\"magic-11\">Cartucho filtrante de PP con superficie de piel de naranja<\/p>\n<\/div>\n<\/div>\n<\/div>\n<\/div>\n<\/div>\n<div class=\"detail-decorate-json-renderer-container\">\n<div class=\"magic-0\">\n<div class=\"magic-12\">\n<div class=\"magic-13\">\n<div class=\"magic-13\">\n<div class=\"magic-14\"><img decoding=\"async\" class=\"magic-17\" src=\"https:\/\/img.yfisher.com\/m6076\/1725726789ojg\/jpg70-t3-scale100.webp\" alt=\"Gran di\u00e1metro Spun Meltblown PP Cartucho SWRO Filtro de cartucho de alto flujo con dise\u00f1o de auto-n\u00facleo para el agua de mar RO Pre-filtraci\u00f3n 15\" data-id=\"img0\" data-lazy=\"2\" title=\"\"><\/div>\n<\/div>\n<\/div>\n<div class=\"magic-3\">\n<div class=\"magic-4\" data-id=\"paragraph0\">\n<p class=\"magic-11\">Superficie de gofrado Cartucho de sedimentos de PP<\/p>\n<\/div>\n<\/div>\n<\/div>\n<div class=\"magic-12\">\n<div class=\"magic-13\">\n<div class=\"magic-13\">\n<div class=\"magic-14\"><img decoding=\"async\" class=\"magic-15\" src=\"https:\/\/img.yfisher.com\/m6076\/1725726789ez8\/jpg70-t3-scale100.webp\" alt=\"Gran di\u00e1metro Spun Meltblown PP Cartucho SWRO Filtro de cartucho de alto flujo con dise\u00f1o de auto-n\u00facleo para el agua de mar RO Pre-filtraci\u00f3n 17\" data-id=\"img1\" data-lazy=\"2\" title=\"\"><\/div>\n<\/div>\n<\/div>\n<div class=\"magic-3\">\n<div class=\"magic-4\" data-id=\"paragraph1\">\n<p class=\"magic-11\">Superficie del punto de presi\u00f3n Cartucho de sedimentos de PP<\/p>\n<\/div>\n<\/div>\n<\/div>\n<div class=\"magic-12\">\n<div class=\"magic-13\">\n<div class=\"magic-13\">\n<div class=\"magic-14\"><img decoding=\"async\" class=\"magic-17\" src=\"https:\/\/img.yfisher.com\/m6076\/1725726789p6k\/jpg70-t3-scale100.webp\" alt=\"Gran di\u00e1metro Spun Meltblown PP Cartucho SWRO Filtro de cartucho de alto flujo con dise\u00f1o de auto-n\u00facleo para el agua de mar RO Pre-filtraci\u00f3n 19\" data-id=\"img2\" data-lazy=\"2\" title=\"\"><\/div>\n<\/div>\n<\/div>\n<div class=\"magic-3\">\n<div class=\"magic-4\" data-id=\"paragraph2\">\n<p class=\"magic-11\">215 222 226 Tapa plana\/fin filtro PP, c\u00f3digo 0 3 6 7 8 9 disponible.<\/p>\n<\/div>\n<\/div>\n<\/div>\n<\/div>\n<\/div>\n<div class=\"detail-decorate-json-renderer-container\">\n<div class=\"magic-0\">\n<div class=\"magic-12\">\n<div class=\"magic-13\">\n<div class=\"magic-13\">\n<div class=\"magic-14\"><img decoding=\"async\" class=\"magic-17\" src=\"https:\/\/img.yfisher.com\/m6076\/1725726789ylx\/jpg70-t3-scale100.webp\" alt=\"Gran di\u00e1metro Spun Meltblown PP Cartucho SWRO Filtro de cartucho de alto flujo con dise\u00f1o de auto-n\u00facleo para el agua de mar RO Pre-filtraci\u00f3n 21\" data-id=\"img0\" data-lazy=\"2\" title=\"\"><\/div>\n<\/div>\n<\/div>\n<div class=\"magic-3\">\n<div class=\"magic-4\" data-id=\"paragraph0\">\n<p class=\"magic-11\">Cartucho soplado 10\u00d74,5\u201d 20\u00d74,5\u201d Full-Flow BB Jumbo Melt<\/p>\n<\/div>\n<\/div>\n<\/div>\n<div class=\"magic-12\">\n<div class=\"magic-13\">\n<div class=\"magic-13\">\n<div class=\"magic-14\"><img class=\"magic-18\" alt=\"Gran di\u00e1metro Spun Meltblown PP Cartucho SWRO Filtro de cartucho de alto flujo con dise\u00f1o de auto-n\u00facleo para el agua de mar RO Pre-filtraci\u00f3n 23\" data-id=\"img1\" data-lazy=\"0\" \/><\/div>\n<\/div>\n<\/div>\n<div class=\"magic-3\">\n<div class=\"magic-4\" data-id=\"paragraph1\">\n<p class=\"magic-11\">PP fundido soplado cartucho de filtro con 1 2 3 capas para la opci\u00f3n<\/p>\n<\/div>\n<\/div>\n<\/div>\n<div class=\"magic-12\">\n<div class=\"magic-13\">\n<div class=\"magic-13\">\n<div class=\"magic-14\"><img class=\"magic-19\" alt=\"Gran di\u00e1metro Spun Meltblown PP Cartucho SWRO Filtro de cartucho de alto flujo con dise\u00f1o de auto-n\u00facleo para el agua de mar RO Pre-filtraci\u00f3n 25\" data-id=\"img2\" data-lazy=\"0\" \/><\/div>\n<\/div>\n<\/div>\n<div class=\"magic-3\">\n<div class=\"magic-4\" data-id=\"paragraph2\">\n<p class=\"magic-11\">Personalizar el n\u00facleo de PP o de acero inoxidable shell \/ n\u00facleo pp cartucho de filtro<\/p>\n<\/div>\n<\/div>\n<\/div>\n<\/div>\n<\/div>\n<div class=\"detail-decorate-json-renderer-container\">\n<div class=\"magic-0\">\n<div class=\"magic-12\">\n<div class=\"magic-13\">\n<div class=\"magic-13\">\n<div class=\"magic-14\"><img decoding=\"async\" class=\"magic-20\" src=\"https:\/\/img.yfisher.com\/m6076\/1725726789z0e\/jpg70-t3-scale100.webp\" alt=\"Gran di\u00e1metro Spun Meltblown PP Cartucho SWRO Filtro de cartucho de alto flujo con dise\u00f1o de auto-n\u00facleo para el agua de mar RO Pre-filtraci\u00f3n 27\" data-id=\"img0\" data-lazy=\"2\" title=\"\"><\/div>\n<\/div>\n<\/div>\n<div class=\"magic-3\">\n<div class=\"magic-4\" data-id=\"paragraph0\">\n<p class=\"magic-11\">Carcasa de PP Cartucho filtrante de polipropileno fundido soplado<\/p>\n<\/div>\n<\/div>\n<\/div>\n<div class=\"magic-12\">\n<div class=\"magic-13\">\n<div class=\"magic-13\">\n<div class=\"magic-14\"><img decoding=\"async\" class=\"magic-21\" src=\"https:\/\/img.yfisher.com\/m6076\/1725726790iyg\/jpg70-t3-scale100.webp\" alt=\"Gran di\u00e1metro Spun Meltblown PP Cartucho SWRO Filtro de cartucho de alto flujo con dise\u00f1o de auto-n\u00facleo para el agua de mar RO Pre-filtraci\u00f3n 29\" data-id=\"img1\" data-lazy=\"2\" title=\"\"><\/div>\n<\/div>\n<\/div>\n<div class=\"magic-3\">\n<div class=\"magic-4\" data-id=\"paragraph1\">\n<p class=\"magic-11\">OEM Varios tama\u00f1o PP \/ Nylon fundido soplado cartucho de filtro para el agua \/ filtraci\u00f3n de aire<\/p>\n<\/div>\n<\/div>\n<\/div>\n<div class=\"magic-12\">\n<div class=\"magic-13\">\n<div class=\"magic-13\">\n<div class=\"magic-14\"><img decoding=\"async\" class=\"magic-17\" src=\"https:\/\/img.yfisher.com\/m6076\/17257267909q6\/jpg70-t3-scale100.webp\" alt=\"Gran di\u00e1metro Spun Meltblown PP Cartucho SWRO Filtro de cartucho de alto flujo con dise\u00f1o de auto-n\u00facleo para el agua de mar RO Pre-filtraci\u00f3n 31\" data-id=\"img2\" data-lazy=\"2\" title=\"\"><\/div>\n<\/div>\n<\/div>\n<div class=\"magic-3\">\n<div class=\"magic-4\" data-id=\"paragraph2\">\n<p class=\"magic-11\">Cartucho filtrante de PP fundido soplado de gran caudal con longitud y di\u00e1metros OEM<\/p>\n<\/div>\n<\/div>\n<\/div>\n<\/div>\n<\/div>\n<div id=\"ali-anchor-AliMagic-vmkxor\" class=\"magic-5\" data-section=\"AliMagic-vmkxor\" data-section-title=\"Specification\">Especificaci\u00f3n<\/div>\n<div class=\"ife-detail-decorate-table\">\n<div class=\"table-responsive\">\n<table class=\"all magic-22\">\n<tbody>\n<tr>\n<td>\n<div class=\"magic-23\">Nombre del producto<\/div>\n<\/td>\n<td>\n<div class=\"magic-24\">Cartucho filtrante de sedimentos PP Melt Blown<\/div>\n<\/td>\n<\/tr>\n<tr>\n<td>\n<div class=\"magic-23\">Longitud<\/div>\n<\/td>\n<td>\n<div class=\"magic-24\">5, 10, 20, 30, 40\u2033, 50\u201d, 60\u201d pulgadas o personalizado<\/div>\n<\/td>\n<\/tr>\n<tr>\n<td>\n<div class=\"magic-23\">Tasa de micras<\/div>\n<\/td>\n<td>\n<div class=\"magic-24\">1, 3 ,5 ,10 ,20 ,25 ,30 ,50 ,75, 100 micras<\/div>\n<\/td>\n<\/tr>\n<tr>\n<td>\n<div class=\"magic-23\">Tapa<\/div>\n<\/td>\n<td>\n<div class=\"magic-24\">DOE\/SOE, 222+Fin, 222+Flat, 226+Fin, 226+Flat, 215+Flat\/Fin<\/div>\n<\/td>\n<\/tr>\n<tr>\n<td>\n<div class=\"magic-23\">Di\u00e1metro interior<\/div>\n<\/td>\n<td>\n<div class=\"magic-24\">28~30mm, o OEM<\/div>\n<\/td>\n<\/tr>\n<tr>\n<td>\n<div class=\"magic-23\">Di\u00e1metro exterior<\/div>\n<\/td>\n<td>\n<div class=\"magic-24\">60~65mm, Jumbo 110~115mm, u OEM<\/div>\n<\/td>\n<\/tr>\n<tr>\n<td>\n<div class=\"magic-23\">Material de la junta\/anillo<\/div>\n<\/td>\n<td>\n<div class=\"magic-24\">Silicio\/EPDM\/NBR\/Vit\u00f3n<\/div>\n<\/td>\n<\/tr>\n<tr>\n<td>\n<div class=\"magic-23\">Material<\/div>\n<\/td>\n<td>\n<div class=\"magic-24\">100% Polipropileno puro o Nylon<\/div>\n<\/td>\n<\/tr>\n<tr>\n<td>\n<div class=\"magic-23\">Superficie<\/div>\n<\/td>\n<td>\n<div class=\"magic-24\">Ranura, Puntos de presi\u00f3n, Plano, Entrecruzamiento, Piel de naranja<\/div>\n<\/td>\n<\/tr>\n<tr>\n<td>\n<div class=\"magic-23\">N\u00facleo interno<\/div>\n<\/td>\n<td>\n<div class=\"magic-24\">Ninguno, PP o acero inoxidable<\/div>\n<\/td>\n<\/tr>\n<tr>\n<td>\n<div class=\"magic-23\">Interfaz<\/div>\n<\/td>\n<td>\n<div class=\"magic-24\">Plano o inserto<\/div>\n<\/td>\n<\/tr>\n<tr>\n<td>\n<div class=\"magic-23\">M\u00e1x. Diferencia de presi\u00f3n de funcionamiento:<\/div>\n<\/td>\n<td>\n<div class=\"magic-24\">- 80\u00b0C: 1,2kg\/cm2<br \/>\n- 60\u00b0C: 2,1 kg\/cm2<br \/>\n- 20\u00b0C: 4,2kg\/cm2<\/div>\n<\/td>\n<\/tr>\n<tr>\n<td>\n<div class=\"magic-23\">M\u00e1x. Temperatura de funcionamiento<\/div>\n<\/td>\n<td>\n<div class=\"magic-24\">80\u00b0C<\/div>\n<\/td>\n<\/tr>\n<tr>\n<td>\n<div class=\"magic-23\">Cambio recomendado Diferencia de presi\u00f3n<\/div>\n<\/td>\n<td>\n<div class=\"magic-24\">2,1 bar (kg\/cm2)<\/div>\n<\/td>\n<\/tr>\n<tr>\n<td>\n<div class=\"magic-23\">Peso com\u00fan<\/div>\n<\/td>\n<td>\n<div class=\"magic-24\">100- 120g\/10\u2033 (Se puede personalizar)<\/div>\n<\/td>\n<\/tr>\n<\/tbody>\n<\/table>\n<\/div>\n<\/div>\n<div id=\"ali-anchor-AliMagic-wx3ija\" class=\"magic-5\" data-section=\"AliMagic-wx3ija\" data-section-title=\"Application\">Aplicaci\u00f3n<\/div>\n<div class=\"icbu-pc-images magic-6\">\n<div>\n<div class=\"flex-layout-v\">\n<div class=\"flex-layout-h magic-6\">\n<div class=\"magic-25\"><img decoding=\"async\" class=\"magic-26\" src=\"https:\/\/img.yfisher.com\/m6076\/1725726790j45\/jpg70-t3-scale100.webp\" alt=\"Gran di\u00e1metro Spun Meltblown PP Cartucho SWRO Filtro de cartucho de alto flujo con dise\u00f1o de auto-n\u00facleo para el agua de mar RO Pre-filtraci\u00f3n 33\" data-lazy=\"2\" title=\"\"><\/div>\n<\/div>\n<\/div>\n<\/div>\n<\/div>\n<div class=\"detail-decorate-json-renderer-container\">\n<div class=\"magic-0\">\n<div class=\"magic-2\">\n<div class=\"magic-3\">\n<div class=\"magic-4\">\n<p class=\"magic-11\">1. Tratamiento del agua potable<br \/>\n2. Tratamiento de aguas industriales, como la electr\u00f3nica, la energ\u00eda, la galvanoplastia y la industria petrolera.<br \/>\n3. Prefiltraci\u00f3n del sistema RO\/DI<br \/>\n4. 4. Alimentos y bebidas<br \/>\n5. Desalinizaci\u00f3n del agua de mar<br \/>\n6. Qu\u00edmico, disolvente, vino, etc.<\/p>\n<\/div>\n<\/div>\n<\/div>\n<\/div>\n<\/div>\n<div id=\"ali-anchor-AliMagic-37ol3s\" class=\"magic-5\" data-section=\"AliMagic-37ol3s\" data-section-title=\"Related Products\">Productos relacionados<\/div>\n<div class=\"icbu-pc-images magic-6\">\n<div>\n<div class=\"flex-layout-v\">\n<div class=\"flex-layout-h magic-6\">\n<div class=\"magic-27\"><img decoding=\"async\" class=\"magic-28\" src=\"https:\/\/img.yfisher.com\/m6076\/1725286991npi\/jpg70-t3-scale100.webp\" alt=\"Gran di\u00e1metro Spun Meltblown PP Cartucho SWRO Filtro de cartucho de alto flujo con dise\u00f1o de auto-n\u00facleo para el agua de mar RO Pre-filtraci\u00f3n 35\" data-lazy=\"2\" title=\"\"><\/div>\n<\/div>\n<\/div>\n<\/div>\n<\/div>\n<div id=\"ali-anchor-AliMagic-ipngng\" class=\"magic-5\" data-section=\"AliMagic-ipngng\" data-section-title=\"Our Company\">Nuestra empresa<\/div>\n<div class=\"icbu-pc-images magic-6\">\n<div>\n<div class=\"flex-layout-v\">\n<div class=\"flex-layout-h magic-6\">\n<div class=\"magic-29\"><img decoding=\"async\" class=\"magic-30\" src=\"https:\/\/img.yfisher.com\/m6076\/17252869910zy\/jpg70-t3-scale100.webp\" alt=\"Gran di\u00e1metro Spun Meltblown PP Cartucho SWRO Filtro de cartucho de alto flujo con dise\u00f1o de auto-n\u00facleo para el agua de mar RO Pre-filtraci\u00f3n 37\" data-lazy=\"2\" title=\"\"><\/div>\n<\/div>\n<\/div>\n<\/div>\n<\/div>\n<div class=\"icbu-pc-images magic-6\">\n<div>\n<div class=\"flex-layout-v\">\n<div class=\"flex-layout-h magic-6\">\n<div class=\"magic-31\"><img decoding=\"async\" class=\"magic-32\" src=\"https:\/\/img.yfisher.com\/m6076\/1725726784cdv\/jpg70-t3-scale100.webp\" alt=\"Gran di\u00e1metro Spun Meltblown PP Cartucho SWRO Filtro de cartucho de alto flujo con dise\u00f1o de auto-n\u00facleo para el agua de mar RO Pre-filtraci\u00f3n 39\" data-lazy=\"2\" title=\"\"><\/div>\n<\/div>\n<\/div>\n<\/div>\n<\/div>\n<div class=\"icbu-pc-images magic-6\">\n<div>\n<div class=\"flex-layout-v\">\n<div class=\"flex-layout-h magic-6\">\n<div class=\"magic-33\"><img decoding=\"async\" class=\"magic-34\" src=\"https:\/\/img.yfisher.com\/m6076\/172528699264c\/jpg70-t3-scale100.webp\" alt=\"Gran di\u00e1metro Spun Meltblown PP Cartucho SWRO Filtro de cartucho de alto flujo con dise\u00f1o de auto-n\u00facleo para el agua de mar RO Pre-filtraci\u00f3n 41\" data-lazy=\"2\" title=\"\"><\/div>\n<\/div>\n<\/div>\n<\/div>\n<\/div>\n<div id=\"ali-anchor-AliMagic-sg0gq4\" class=\"magic-5\" data-section=\"AliMagic-sg0gq4\" data-section-title=\"Certification\">Certificaci\u00f3n<\/div>\n<div class=\"icbu-pc-images magic-6\">\n<div>\n<div class=\"flex-layout-v\">\n<div class=\"flex-layout-h magic-6\">\n<div class=\"magic-35\"><img decoding=\"async\" class=\"magic-36\" src=\"https:\/\/img.yfisher.com\/m6076\/1725286992mhb\/jpg70-t3-scale100.webp\" alt=\"Gran di\u00e1metro Spun Meltblown PP Cartucho SWRO Filtro de cartucho de alto flujo con dise\u00f1o de auto-n\u00facleo para el agua de mar RO Pre-filtraci\u00f3n 43\" data-lazy=\"2\" title=\"\"><\/div>\n<\/div>\n<\/div>\n<\/div>\n<\/div>\n<div id=\"ali-anchor-AliMagic-pba5yx\" class=\"magic-5\" data-section=\"AliMagic-pba5yx\" data-section-title=\"Contact\">P\u00f3ngase en contacto con<\/div>\n<div class=\"icbu-pc-images magic-6\">\n<div>\n<div class=\"flex-layout-v\">\n<div class=\"flex-layout-h magic-6\">\n<div class=\"magic-37\"><img decoding=\"async\" class=\"magic-38\" src=\"https:\/\/img.yfisher.com\/m6076\/1725286992iz8\/jpg70-t3-scale100.webp\" alt=\"Gran di\u00e1metro Spun Meltblown PP Cartucho SWRO Filtro de cartucho de alto flujo con dise\u00f1o de auto-n\u00facleo para el agua de mar RO Pre-filtraci\u00f3n 45\" data-lazy=\"2\" title=\"\"><\/div>\n<\/div>\n<\/div>\n<\/div>\n<\/div>\n<\/div>\n<\/div>\n<\/div>\n<div data-module=\"detailMarketPackage\"><\/div>\n<div data-module=\"productAuth\"><\/div>\n<\/div>\n<\/div>\n<div class=\"diffStatement\">Con la mejora continua del producto, sin duda se conseguir\u00e1 una mayor aplicaci\u00f3n. No impartir\u00e1 sabor, olor ni color al producto filtrado. Este producto es ampliamente conocido y bien aceptado en la industria. No da sabor, olor ni color al producto filtrado.<\/div>","protected":false},"excerpt":{"rendered":"<table>\n<thead>\n<tr>\n<th>Art\u00edculo<\/th>\n<th>Detalles<\/th>\n<\/tr>\n<\/thead>\n<tbody>\n<tr>\n<td>Condici\u00f3n<\/td>\n<td>Nuevo<\/td>\n<\/tr>\n<tr>\n<td>Industrias aplicables<\/td>\n<td>Hoteles, tiendas de ropa, tiendas de materiales de construcci\u00f3n, plantas de fabricaci\u00f3n, talleres de reparaci\u00f3n de maquinaria, f\u00e1bricas de alimentos y bebidas, granjas, restaurantes, uso dom\u00e9stico, comercio minorista, tiendas de alimentaci\u00f3n, imprentas, obras de construcci\u00f3n, energ\u00eda y miner\u00eda, tiendas de alimentos y bebidas, empresas de publicidad<\/td>\n<\/tr>\n<tr>\n<td>Servicio post garant\u00eda<\/td>\n<td>Asistencia en l\u00ednea<\/td>\n<\/tr>\n<tr>\n<td>Ubicaci\u00f3n del servicio local<\/td>\n<td>Ninguno<\/td>\n<\/tr>\n<tr>\n<td>Ubicaci\u00f3n de la sala de exposiciones<\/td>\n<td>Ninguno<\/td>\n<\/tr>\n<tr>\n<td>Lugar de origen<\/td>\n<td>Guangdong, China<\/td>\n<\/tr>\n<tr>\n<td>Marca<\/td>\n<td>Lvyuan \/ OEM<\/td>\n<\/tr>\n<tr>\n<td>Material<\/td>\n<td>Polipropileno<\/td>\n<\/tr>\n<tr>\n<td>Peso<\/td>\n<td>Depende<\/td>\n<\/tr>\n<tr>\n<td>Talla<\/td>\n<td>Est\u00e1ndar o personalizado<\/td>\n<\/tr>\n<tr>\n<td>Potencia<\/td>\n<td>0<\/td>\n<\/tr>\n<tr>\n<td>Garant\u00eda<\/td>\n<td>No disponible<\/td>\n<\/tr>\n<tr>\n<td>Nombre del producto<\/td>\n<td>Filtro de cartucho de polipropileno PP<\/td>\n<\/tr>\n<tr>\n<td>Tasa de micras<\/td>\n<td>Cartucho filtrante 1\/3\/5\/10\/25\/50\/75\/100 micras<\/td>\n<\/tr>\n<tr>\n<td>Certificaci\u00f3n<\/td>\n<td>CE, SGS<\/td>\n<\/tr>\n<tr>\n<td>Aplicaci\u00f3n<\/td>\n<td>Piezas de filtros de agua, \u00f3smosis inversa<\/td>\n<\/tr>\n<tr>\n<td>Longitud<\/td>\n<td>5\u2033, 10\u2033, 20\u2033, 30\u2033, 40\u2033, 50\u2033 pulgadas<\/td>\n<\/tr>\n<tr>\n<td>Medio filtrante<\/td>\n<td>Polipropileno PP hilado<\/td>\n<\/tr>\n<tr>\n<td>Tapa<\/td>\n<td>DOE \/ 222Fin \/ 226Fin \/ 222Flat \/ 226Flat<\/td>\n<\/tr>\n<tr>\n<td>Junta\/anillo Material<\/td>\n<td>Silicona \/ EPDM \/ Viton<\/td>\n<\/tr>\n<tr>\n<td>Utilizaci\u00f3n<\/td>\n<td>Filtro de cartucho para l\u00edquidos<\/td>\n<\/tr>\n<tr>\n<td>N\u00facleo interior<\/td>\n<td>PP, acero inoxidable, ninguno<\/td>\n<\/tr>\n<\/tbody>\n<\/table>","protected":false},"featured_media":703,"comment_status":"open","ping_status":"closed","template":"","meta":{"_gspb_post_css":""},"product_brand":[],"product_cat":[23,17],"product_tag":[297,299,298,294,295,296],"class_list":{"0":"post-701","1":"product","2":"type-product","3":"status-publish","4":"has-post-thumbnail","6":"product_cat-pp-filter-cartridge","7":"product_cat-sediment-filter","8":"product_tag-1-100-micron-cartridge","9":"product_tag-ce-sgs-certified","10":"product_tag-lvyuan-oem","11":"product_tag-polypropylene-pp-cartridge-filter","12":"product_tag-pp-spun-filter","13":"product_tag-reverse-osmosis-filter-parts","15":"first","16":"instock","17":"shipping-taxable","18":"product-type-simple"},"_links":{"self":[{"href":"https:\/\/lyfilter.com\/es\/wp-json\/wp\/v2\/product\/701","targetHints":{"allow":["GET"]}}],"collection":[{"href":"https:\/\/lyfilter.com\/es\/wp-json\/wp\/v2\/product"}],"about":[{"href":"https:\/\/lyfilter.com\/es\/wp-json\/wp\/v2\/types\/product"}],"replies":[{"embeddable":true,"href":"https:\/\/lyfilter.com\/es\/wp-json\/wp\/v2\/comments?post=701"}],"wp:featuredmedia":[{"embeddable":true,"href":"https:\/\/lyfilter.com\/es\/wp-json\/wp\/v2\/media\/703"}],"wp:attachment":[{"href":"https:\/\/lyfilter.com\/es\/wp-json\/wp\/v2\/media?parent=701"}],"wp:term":[{"taxonomy":"product_brand","embeddable":true,"href":"https:\/\/lyfilter.com\/es\/wp-json\/wp\/v2\/product_brand?post=701"},{"taxonomy":"product_cat","embeddable":true,"href":"https:\/\/lyfilter.com\/es\/wp-json\/wp\/v2\/product_cat?post=701"},{"taxonomy":"product_tag","embeddable":true,"href":"https:\/\/lyfilter.com\/es\/wp-json\/wp\/v2\/product_tag?post=701"}],"curies":[{"name":"wp","href":"https:\/\/api.w.org\/{rel}","templated":true}]}}