{"id":680,"date":"2025-12-24T06:21:24","date_gmt":"2025-12-24T06:21:24","guid":{"rendered":"https:\/\/lyfilter.com\/?post_type=product&#038;p=680"},"modified":"2025-12-24T06:21:24","modified_gmt":"2025-12-24T06:21:24","slug":"factory-price-porous-pe-frit-disc-with-custom-size","status":"publish","type":"product","link":"https:\/\/lyfilter.com\/es\/factory-price-porous-pe-frit-disc-with-custom-size\/","title":{"rendered":"Precio de f\u00e1brica Disco de frita de PE poroso con tama\u00f1o personalizado"},"content":{"rendered":"<div class=\"d-tem11-graphic tem11-graphic mockup\" data-detail=\"wrap\">\n<div class=\"tab_row\">\n<div class=\"img\"><img decoding=\"async\" src=\"https:\/\/img.yfisher.com\/m6076\/1725726704dwx\/jpg70-t3-scale100.webp\" alt=\"Precio de f\u00e1brica Disco de frita de PE poroso con tama\u00f1o personalizado 2\" data-lazy=\"2\" title=\"\"><\/div>\n<div class=\"text_box\">\n<div class=\"txt\">\n<div class=\"title\">Lvyuan produce una amplia gama de\u00a0<a href=\"https:\/\/lyfilter.com\/es\/sintered-porous-plastic.html\/\">pl\u00e1stico poroso sinterizado<\/a>\u00a0productos de filtro, incluyendo PE poroso, HDPE, PTFE, PVDF, PA, Nylon 6, con formas de tubo, varilla, vela, hoja, etc. Con diversas tasas de filtraci\u00f3n, formas y caracter\u00edsticas, los cartuchos de filtro de pl\u00e1stico poroso sinterizado son ampliamente utilizados en el tratamiento de aguas, ingenier\u00eda qu\u00edmica, tratamiento m\u00e9dico, automoci\u00f3n, protecci\u00f3n del medio ambiente y otras industrias, tales como separador de agua de aceite y silenciador, probador de conducci\u00f3n en estado de ebriedad, tap\u00f3n ciego para el tratamiento medial, dispositivo de filtro de jarabe y grasa, rebanadas anti-explosi\u00f3n para la bater\u00eda industrial, rebanadas a prueba de \u00e1cido para la bater\u00eda del autom\u00f3vil, tratamiento de aguas residuales, sistema de filtro de purificaci\u00f3n de agua y m\u00e1s.<\/div>\n<\/div>\n<\/div>\n<\/div>\n<\/div>\n<div class=\"er-fangkuang1\">\n<p>Los filtros pl\u00e1sticos porosos sinterizados de Lvyuan pueden cumplir los requisitos de diversos clientes. Formas moldeadas por encargo est\u00e1n disponibles.<\/p>\n<p>PE y HDPE\u00a0<a href=\"https:\/\/lyfilter.com\/es\/sintered-filter-cartridge.html\/\">Cartucho filtrante sinterizado<\/a>\uff1a<br \/>\nLos productos de polietileno (PE) poroso sinterizado son los pl\u00e1sticos m\u00e1s utilizados\u00a0<a href=\"https:\/\/lyfilter.com\/es\/products.html\/\">elemento filtrante<\/a>\u00a0en el mundo. Los pl\u00e1sticos de PE poroso son termopl\u00e1sticos fuertes y ligeros con una gran resistencia qu\u00edmica (\u00e1cidos y \u00e1lcalis) y un amplio rango de micras de 1 a 200um. Hay polietileno de peso molecular ultraalto (UHMWPE) y polietileno de alta densidad (HDPE) disponibles en tubos, l\u00e1minas, varillas y formas moldeadas para diferentes aplicaciones.<\/p>\n<p>Cartucho filtrante sinterizado de PTFE:<br \/>\nLos elementos filtrantes microporosos de PTFE se fabrican sinterizando gr\u00e1nulos de PTFE (politetrafluoroetileno) puro, sin utilizar otras sustancias en su construcci\u00f3n. Estos elementos filtrantes suelen ofrecerse cuando s\u00f3lo puede utilizarse PTFE puro desechable 100%. La ventaja del PTFE es una temperatura m\u00e1xima m\u00e1s alta, hasta 200\u2103, y una resistencia qu\u00edmica algo mejor. Estos elementos filtrantes deben limpiarse con ultrasonidos para obtener los mejores resultados.<\/p>\n<p>Cartucho filtrante sinterizado de PVDF:<br \/>\nLos productos de PVDF (fluoruro de polivinilideno) poroso sinterizado son una buena elecci\u00f3n cuando se exponen a condiciones t\u00e9rmicas, ultravioletas, de ozono y qu\u00edmicas adversas. Los productos de PVDF poroso son extremadamente duros y tienen un tama\u00f1o medio de poro de 25 micras. Puede trabajar a temperaturas comprendidas entre -62 y 149\u2103.<\/p>\n<p>Cartucho filtrante sinterizado de PA\/Nylon:<br \/>\nEl nailon, nombre comercial de las poliamidas (PA), es un pol\u00edmero semicristalino que contiene grupos amina y carbonilo. Hay numerosas versiones. El nailon\/PA tiene una gran solidez y resistencia t\u00e9rmica, con una temperatura de reblandecimiento de 190\u2103. Temperatura de trabajo de -40\u2103 a 121\u2103, los productos porosos sinterizados de PA\/Nylon tienen una resistencia a la tracci\u00f3n muy alta, buena resistencia a la abrasi\u00f3n y a los productos qu\u00edmicos, y bajo coeficiente de fricci\u00f3n.<\/p>\n<\/div>\n<div class=\"er-fangkuang1\">\n<p>\u00a0 Caracter\u00edsticas del producto<\/p>\n<div class=\"description\">\n<ul>\n<li><span class=\"font-color\">\u25ea \u00a0\u00a0<\/span>Alta porosidad (60%) para garantizar un mayor caudal por unidad de superficie;<\/li>\n<li><span class=\"font-color\">\u25ea\u00a0 \u00a0<\/span>Superficie exterior lisa, las impurezas no se adhieren f\u00e1cilmente, el lavado posterior es f\u00e1cil y minucioso;<\/li>\n<li><span class=\"font-color\">\u25ea\u00a0 \u00a0<\/span>Capacidad antiincrustante: el peque\u00f1o tama\u00f1o del filtro impide que las impurezas queden retenidas en el cuerpo del filtro;<\/li>\n<li><span class=\"font-color\">\u25ea\u00a0 \u00a0<\/span>Resistencia a los \u00e1cidos fuertes, corrosi\u00f3n alcalina, resistencia a los disolventes org\u00e1nicos;<\/li>\n<li><span class=\"font-color\">\u25ea\u00a0 \u00a0<\/span>Excelentes propiedades mec\u00e1nicas;<\/li>\n<li><span class=\"font-color\">\u25ea\u00a0 \u00a0<\/span>No hay liberaci\u00f3n de part\u00edculas.<\/li>\n<li><span class=\"font-color\">\u25ea\u00a0 \u00a0<\/span>Gama de productos y amplio campo de aplicaci\u00f3n<\/li>\n<\/ul>\n<\/div>\n<\/div>\n<div class=\"d-tem04-title text-left d-interval manS\" data-detail=\"wrap\">\n<h2 class=\"heading\">Par\u00e1metros del producto<\/h2>\n<\/div>\n<div class=\"table-responsive\">\n<table class=\"table table-bordered table-hover\">\n<tbody>\n<tr class=\"firstRow\">\n<td colspan=\"2\"><strong>Dimensiones del cartucho Fiter<\/strong><\/td>\n<\/tr>\n<tr>\n<td width=\"284\">Tama\u00f1o normal (mm)<\/td>\n<td width=\"660\">31x12x1000, 31x20x1000, 38x20x1000, 38x18x1000, 38x20x1200, 38x20x1300, 38x20x150, 38x20x400, 38x20x250, 38x20x200, 38x20x180, 38x20x150, 50x20x1000, 50x31x1000, 50x38x1000, 65x31x1000, 65x38x1000, 64x44x1000, 78x62x750mm, etc.<\/td>\n<\/tr>\n<tr>\n<td width=\"193\">Otras dimensiones<\/td>\n<td width=\"659\">Personalizado a petici\u00f3n del cliente.<\/td>\n<\/tr>\n<tr>\n<td colspan=\"2\"><strong>Material de construcci\u00f3n<\/strong><\/td>\n<\/tr>\n<tr>\n<td width=\"193\">Opci\u00f3n de medio filtrante<\/td>\n<td width=\"659\">PE, HDPE, PTFE, PVDF, PA\/Nylon, etc.<\/td>\n<\/tr>\n<tr>\n<td width=\"193\">Tipo de conector<\/td>\n<td width=\"659\">Plano, Tipo inserci\u00f3n, Tipo rosca, Aleta<\/td>\n<\/tr>\n<tr>\n<td width=\"193\">Tapas<\/td>\n<td width=\"659\">PP, M36, M30, M25, M22, M14, M12, o seg\u00fan pedido.<\/td>\n<\/tr>\n<tr>\n<td colspan=\"2\"><strong>Rendimiento<\/strong><\/td>\n<\/tr>\n<tr>\n<td width=\"193\">Tasa de eliminaci\u00f3n<\/td>\n<td width=\"659\">0,3, 0,45, 1, 3, 5, 10,20, 30, 40, 50 \u03bcm<\/td>\n<\/tr>\n<tr>\n<td width=\"193\">Temperatura m\u00e1xima de funcionamiento<\/td>\n<td width=\"659\">\u2266 82 \u2103<\/td>\n<\/tr>\n<tr>\n<td width=\"193\">Presi\u00f3n m\u00e1xima de funcionamiento<\/td>\n<td width=\"659\">6,0bar<\/td>\n<\/tr>\n<\/tbody>\n<\/table>\n<\/div>","protected":false},"excerpt":{"rendered":"<table>\n<thead>\n<tr>\n<th>Art\u00edculo<\/th>\n<th>Detalles<\/th>\n<\/tr>\n<\/thead>\n<tbody>\n<tr>\n<td>Puerto de inicio<\/td>\n<td>Guangzhou<\/td>\n<\/tr>\n<tr>\n<td>Capacidad de producci\u00f3n<\/td>\n<td>10.000 unidades\/Mes<\/td>\n<\/tr>\n<tr>\n<td>Lugar de origen<\/td>\n<td>Guangdong, China<\/td>\n<\/tr>\n<tr>\n<td>Pago<\/td>\n<td>L\/C, D\/P, Alibaba Trade Assurance, PayPal<\/td>\n<\/tr>\n<tr>\n<td>Modelo<\/td>\n<td>LY-HFPL-7<\/td>\n<\/tr>\n<tr>\n<td>Plazo de entrega<\/td>\n<td>En un plazo de 7 d\u00edas laborables<\/td>\n<\/tr>\n<tr>\n<td>Certificaci\u00f3n<\/td>\n<td>ISO 9001<\/td>\n<\/tr>\n<tr>\n<td>Marca<\/td>\n<td>OEM\/Lvyuan<\/td>\n<\/tr>\n<\/tbody>\n<\/table>","protected":false},"featured_media":681,"comment_status":"open","ping_status":"closed","template":"","meta":{"_gspb_post_css":""},"product_brand":[],"product_cat":[17,22],"product_tag":[279,261,289,260,278,282],"class_list":{"0":"post-680","1":"product","2":"type-product","3":"status-publish","4":"has-post-thumbnail","6":"product_cat-sediment-filter","7":"product_cat-sintered-filter-cartridge","8":"product_tag-alibaba-trade-assurance","9":"product_tag-guangdong-china","10":"product_tag-guangzhou-shipping","11":"product_tag-iso-9001","12":"product_tag-ly-hfpl-7","13":"product_tag-oem-lvyuan","15":"first","16":"instock","17":"shipping-taxable","18":"product-type-simple"},"_links":{"self":[{"href":"https:\/\/lyfilter.com\/es\/wp-json\/wp\/v2\/product\/680","targetHints":{"allow":["GET"]}}],"collection":[{"href":"https:\/\/lyfilter.com\/es\/wp-json\/wp\/v2\/product"}],"about":[{"href":"https:\/\/lyfilter.com\/es\/wp-json\/wp\/v2\/types\/product"}],"replies":[{"embeddable":true,"href":"https:\/\/lyfilter.com\/es\/wp-json\/wp\/v2\/comments?post=680"}],"wp:featuredmedia":[{"embeddable":true,"href":"https:\/\/lyfilter.com\/es\/wp-json\/wp\/v2\/media\/681"}],"wp:attachment":[{"href":"https:\/\/lyfilter.com\/es\/wp-json\/wp\/v2\/media?parent=680"}],"wp:term":[{"taxonomy":"product_brand","embeddable":true,"href":"https:\/\/lyfilter.com\/es\/wp-json\/wp\/v2\/product_brand?post=680"},{"taxonomy":"product_cat","embeddable":true,"href":"https:\/\/lyfilter.com\/es\/wp-json\/wp\/v2\/product_cat?post=680"},{"taxonomy":"product_tag","embeddable":true,"href":"https:\/\/lyfilter.com\/es\/wp-json\/wp\/v2\/product_tag?post=680"}],"curies":[{"name":"wp","href":"https:\/\/api.w.org\/{rel}","templated":true}]}}