{"id":661,"date":"2025-12-24T06:06:07","date_gmt":"2025-12-24T06:06:07","guid":{"rendered":"https:\/\/lyfilter.com\/?post_type=product&#038;p=661"},"modified":"2026-04-16T11:50:33","modified_gmt":"2026-04-16T11:50:33","slug":"10-inch-1-micron-stainless-steel-ss316-metal-porous-sintered-filter-cartridge-for-liquid-filtration","status":"publish","type":"product","link":"https:\/\/lyfilter.com\/es\/10-inch-1-micron-stainless-steel-ss316-metal-porous-sintered-filter-cartridge-for-liquid-filtration\/","title":{"rendered":"10 pulgadas 1 micra de acero inoxidable SS316 metal poroso sinterizado cartucho de filtro para la filtraci\u00f3n de l\u00edquidos"},"content":{"rendered":"<div class=\"d-tem11-graphic tem11-graphic mockup\" data-detail=\"wrap\">\n<div class=\"tab_row\">\n<div class=\"img\"><img decoding=\"async\" title=\"Cartucho filtrante de metal sinterizado\" src=\"https:\/\/img.yfisher.com\/m6076\/1725286980bjf\/jpg70-t3-scale100.webp\" alt=\"Cartucho filtrante de metal sinterizado\" border=\"0\" vspace=\"0\" data-lazy=\"2\" \/><\/div>\n<div class=\"text_box\">\n<div class=\"txt\">\n<div class=\"title\">\n<p><strong>El cartucho de filtro de metal sinterizado se hace por moldeo de polvo de acero inoxidable a trav\u00e9s de la sinterizaci\u00f3n a alta temperatura, tambi\u00e9n adopta una tecnolog\u00eda \u00fanica y la t\u00e9cnica de producci\u00f3n de control estricto (incluyen la distribuci\u00f3n de grano de energ\u00eda, moldeo y sinterizaci\u00f3n).\u00a0<\/strong><\/p>\n<p><strong>Los filtros sinterizados de acero inoxidable se caracterizan por la alta resistencia de la maquinaria, las altas condiciones se pueden ajustar con el fin de producir el filtro sinterizado de metal poroso con un alcance de precisi\u00f3n m\u00e1s amplio. Resistencia a altas temperaturas y buena permeabilidad al aire.<\/strong><\/p>\n<p><strong>Cartucho de filtro de metal de Lvyuan Filter con excelente resistencia de maquinaria, aplicable a la alta temperatura, alta presi\u00f3n y fuerte corrosividad.<\/strong><\/p>\n<\/div>\n<\/div>\n<\/div>\n<\/div>\n<\/div>\n<div class=\"er-fangkuang1\">\n<p>\u25c6\u25c6 Principales casos de aplicaci\u00f3n<\/p>\n<p>1. Filtraci\u00f3n y recuperaci\u00f3n del catalizador.<\/p>\n<p>2. Filtraci\u00f3n de gases calientes en la industria petroqu\u00edmica<\/p>\n<p>3. Purificaci\u00f3n de gases de combusti\u00f3n a alta temperatura de la industria metal\u00fargica<\/p>\n<p>4. Recuperaci\u00f3n de polvo de lecho s\u00f3lido emulado y gas<\/p>\n<p>5. Purificaci\u00f3n de polvos y gases finales de la generaci\u00f3n de energ\u00eda el\u00e9ctrica t\u00e9rmica y nuclear.<\/p>\n<p>&nbsp;<\/p>\n<\/div>\n<div class=\"er-fangkuang1\">\n<p>\u00a0 Caracter\u00edsticas del producto<\/p>\n<div class=\"description\">\n<ul>\n<li><span class=\"font-color\">\u25ea Alta porosidad y buena permeabilidad al aire, sin migraci\u00f3n de medios.<\/span><\/li>\n<li><span class=\"font-color\">\u25ea\u00a0 \u00a0<\/span>Gran capacidad de retenci\u00f3n de la suciedad.<\/li>\n<li><span class=\"font-color\">\u25ea\u00a0 \u00a0<\/span>Alta resistencia a la presi\u00f3n, capacidad de aguante y baja ca\u00edda de presi\u00f3n.<\/li>\n<li><span class=\"font-color\">\u25ea\u00a0 \u00a0<\/span>Resistencia a altas temperaturas, especialmente aplicable a la filtraci\u00f3n de gas caliente.<\/li>\n<li><span class=\"font-color\">\u25ea\u00a0 \u00a0<\/span>Varios micrajes disponibles de 1 \u03bcm a 200 \u03bcm nominal.<\/li>\n<li><span class=\"font-color\">\u25ea\u00a0 \u00a0<\/span>Gran resistencia a la corrosi\u00f3n para una amplia compatibilidad qu\u00edmica.<\/li>\n<li><span class=\"font-color\">\u25ea<\/span>\u00a0\u00a0Fabricado \u00edntegramente en SS316 o SS316L, limpiable y reutilizable<\/li>\n<li><span class=\"font-color\">\u25ea\u00a0 \u00a0<\/span>Se admiten dimensiones personalizadas.<\/li>\n<\/ul>\n<\/div>\n<\/div>\n<div class=\"d-tem04-title text-left d-interval manS\" data-detail=\"wrap\">\n<h2 class=\"heading\">Par\u00e1metros del producto<\/h2>\n<\/div>\n<p>Los cartuchos filtrantes sinterizados de Lvyuan Filter se fabrican mediante un proceso de fusi\u00f3n de m\u00faltiples capas de fibras met\u00e1licas o polim\u00e9ricas bajo calor y presi\u00f3n intensos, estos cartuchos filtrantes sinterizados ofrecen una durabilidad y rendimiento excepcionales. Con una estructura porosa, los cartuchos filtrantes SS sinterizados sobresalen en la captura de part\u00edculas finas, manteniendo altas velocidades de flujo.<\/p>\n<div class=\"table-responsive\">\n<table class=\"table table-bordered table-hover\">\n<tbody>\n<tr class=\"firstRow\">\n<td colspan=\"2\"><strong>Dimensiones del cartucho Fiter<\/strong><\/td>\n<\/tr>\n<tr>\n<td>Longitud<\/td>\n<td>5\u2019 (125 mm), 10\u2019 (250 mm), 20\u2019 (500 mm), 30\u2019 (750 mm), 40\u2019 (1000 mm)<\/td>\n<\/tr>\n<tr>\n<td>Di\u00e1metro<\/td>\n<td>\u00d860, 65, 70, 80 mm<\/td>\n<\/tr>\n<tr>\n<td>Otras dimensiones<\/td>\n<td>Personalizado a petici\u00f3n del cliente.<\/td>\n<\/tr>\n<tr>\n<td colspan=\"2\"><strong>Material de construcci\u00f3n<\/strong><\/td>\n<\/tr>\n<tr>\n<td>Medio filtrante<\/td>\n<td>SUS316\uff0c Acero inoxidable 316L<\/td>\n<\/tr>\n<tr>\n<td>Tipo de conector<\/td>\n<td>Plano, Tipo inserci\u00f3n, Tipo rosca, Aleta<\/td>\n<\/tr>\n<tr>\n<td>Tapas<\/td>\n<td>DOE, SOE, 215, 222, 226, M20, M30, M42, 1\u2019\u2019 NPT\/BSP o seg\u00fan pedido.<\/td>\n<\/tr>\n<tr>\n<td>Material de sellado<\/td>\n<td>Silicona, NBR, EPDM, Buna, Tefl\u00f3n, etc.<\/td>\n<\/tr>\n<tr>\n<td colspan=\"2\"><strong>Rendimiento<\/strong><\/td>\n<\/tr>\n<tr>\n<td>Tasa de eliminaci\u00f3n<\/td>\n<td>0,2-200 \u03bcm, etc.<\/td>\n<\/tr>\n<tr>\n<td>Temperatura de funcionamiento<\/td>\n<td>\u2265 -270\u00baC, \u2264500\u00baC<\/td>\n<\/tr>\n<tr>\n<td>M\u00e9todo de limpieza<\/td>\n<td>retrolavado, ultrasonidos u otro tipo de limpieza no abrasiva<\/td>\n<\/tr>\n<tr>\n<td>Presi\u00f3n diferencial m\u00e1xima de funcionamiento<\/td>\n<td>4,0 bar<\/td>\n<\/tr>\n<\/tbody>\n<\/table>\n<\/div>\n<div class=\"d-tem04-title text-left d-interval manS\" data-detail=\"wrap\">\n<h2 class=\"heading\">Detalles del producto<\/h2>\n<\/div>\n<div class=\"d-tem05-technology mockup\" data-detail=\"wrap\">\n<div class=\"items\">\n<div class=\"item tab_row bg-color-before\">\n<div class=\"img d-font-size-fix\"><img decoding=\"async\" title=\"Filtro poroso de acero inoxidable\" src=\"https:\/\/img.yfisher.com\/m6076\/1725286980kcb\/jpg70-t3-scale100.webp\" alt=\"Filtro poroso de acero inoxidable\" border=\"0\" vspace=\"0\" data-lazy=\"1\" \/><\/div>\n<div class=\"text_box\">\n<div class=\"txt font-color d-font-size-fix\">\n<div class=\"numbox\">parte.1<\/div>\n<div class=\"title\">\n<p>El tama\u00f1o de grano del polvo y las condiciones t\u00e9cnicas pueden ajustarse para producir el filtro de acero inoxidable poroso con un mayor margen de precisi\u00f3n.<\/p>\n<\/div>\n<\/div>\n<\/div>\n<\/div>\n<div class=\"item tab_row bg-color-before\">\n<div class=\"img d-font-size-fix\"><img decoding=\"async\" title=\"Cartucho filtrante de acero inoxidable\" src=\"https:\/\/img.yfisher.com\/m6076\/1725286980nty\/jpg70-t3-scale100.webp\" alt=\"Cartucho filtrante de acero inoxidable\" border=\"0\" vspace=\"0\" data-lazy=\"1\" \/><\/div>\n<div class=\"text_box\">\n<div class=\"txt font-color d-font-size-fix\">\n<div class=\"numbox\">parte.2<\/div>\n<div class=\"title\">Su forma estable, su alta resistencia a los golpes y su capacidad de carga alterna son superiores a las de otros metales.<\/div>\n<\/div>\n<\/div>\n<\/div>\n<div class=\"item tab_row bg-color-before\">\n<div class=\"img d-font-size-fix\"><img decoding=\"async\" title=\"Cartucho filtrante met\u00e1lico\" src=\"https:\/\/img.yfisher.com\/m6076\/17252869809sj\/jpg70-t3-scale100.webp\" alt=\"Cartucho filtrante met\u00e1lico\" border=\"0\" vspace=\"0\" data-lazy=\"1\" \/><\/div>\n<div class=\"text_box\">\n<div class=\"txt font-color d-font-size-fix\">\n<div class=\"numbox\">parte.3<\/div>\n<div class=\"title\">Se puede fabricar como diferentes productos de cartucho de filtro de metal con diferentes formas y precisi\u00f3n. Tambi\u00e9n puede ser emparejado con varias interfaces por proceso de soldadura.<\/div>\n<\/div>\n<\/div>\n<\/div>\n<\/div>\n<\/div>","protected":false},"excerpt":{"rendered":"<table>\n<thead>\n<tr>\n<th>Puerto de salida:<\/th>\n<th>Guangzhou<\/th>\n<\/tr>\n<\/thead>\n<tbody>\n<tr>\n<td>Capacidad de producci\u00f3n:<\/td>\n<td>400 unidades\/Mes<\/td>\n<\/tr>\n<tr>\n<td>Lugar de origen:<\/td>\n<td>Guangdong, China<\/td>\n<\/tr>\n<tr>\n<td>Pago:<\/td>\n<td>D\/P, T\/T, Western Union, MoneyGram, Alibaba Trade Assurance, paypal<\/td>\n<\/tr>\n<tr>\n<td>MOQ:<\/td>\n<td>1 unidad<\/td>\n<\/tr>\n<tr>\n<td>Plazo de entrega:<\/td>\n<td>En un plazo de 7 d\u00edas laborables<\/td>\n<\/tr>\n<tr>\n<td>Certificaci\u00f3n:<\/td>\n<td>ISO 9001<\/td>\n<\/tr>\n<tr>\n<td>Marca:<\/td>\n<td>OEM\/Lvyuan<\/td>\n<\/tr>\n<\/tbody>\n<\/table>","protected":false},"featured_media":664,"comment_status":"open","ping_status":"closed","template":"","meta":{"_gspb_post_css":""},"product_brand":[],"product_cat":[17,22],"product_tag":[263,261,266,260,265,259],"class_list":{"0":"post-661","1":"product","2":"type-product","3":"status-publish","4":"has-post-thumbnail","6":"product_cat-sediment-filter","7":"product_cat-sintered-filter-cartridge","8":"product_tag-fast-delivery","9":"product_tag-guangdong-china","10":"product_tag-guangzhou","11":"product_tag-iso-9001","12":"product_tag-lvyuan","13":"product_tag-oem","15":"first","16":"instock","17":"shipping-taxable","18":"product-type-simple"},"_links":{"self":[{"href":"https:\/\/lyfilter.com\/es\/wp-json\/wp\/v2\/product\/661","targetHints":{"allow":["GET"]}}],"collection":[{"href":"https:\/\/lyfilter.com\/es\/wp-json\/wp\/v2\/product"}],"about":[{"href":"https:\/\/lyfilter.com\/es\/wp-json\/wp\/v2\/types\/product"}],"replies":[{"embeddable":true,"href":"https:\/\/lyfilter.com\/es\/wp-json\/wp\/v2\/comments?post=661"}],"wp:featuredmedia":[{"embeddable":true,"href":"https:\/\/lyfilter.com\/es\/wp-json\/wp\/v2\/media\/664"}],"wp:attachment":[{"href":"https:\/\/lyfilter.com\/es\/wp-json\/wp\/v2\/media?parent=661"}],"wp:term":[{"taxonomy":"product_brand","embeddable":true,"href":"https:\/\/lyfilter.com\/es\/wp-json\/wp\/v2\/product_brand?post=661"},{"taxonomy":"product_cat","embeddable":true,"href":"https:\/\/lyfilter.com\/es\/wp-json\/wp\/v2\/product_cat?post=661"},{"taxonomy":"product_tag","embeddable":true,"href":"https:\/\/lyfilter.com\/es\/wp-json\/wp\/v2\/product_tag?post=661"}],"curies":[{"name":"wp","href":"https:\/\/api.w.org\/{rel}","templated":true}]}}