{"id":647,"date":"2025-12-24T03:37:00","date_gmt":"2025-12-24T03:37:00","guid":{"rendered":"https:\/\/lyfilter.com\/?post_type=product&#038;p=647"},"modified":"2025-12-24T06:31:18","modified_gmt":"2025-12-24T06:31:18","slug":"sintered-metal-filters-suppliers-porous-titanium-rod-filter-cartridge-titanium-water-filter","status":"publish","type":"product","link":"https:\/\/lyfilter.com\/es\/sintered-metal-filters-suppliers-porous-titanium-rod-filter-cartridge-titanium-water-filter\/","title":{"rendered":"Filtros de metal sinterizado proveedores titanio poroso cartucho de filtro de varilla de titanio filtro de agua"},"content":{"rendered":"<div class=\"d-tem11-graphic tem11-graphic mockup\" data-detail=\"wrap\">\n<div class=\"tab_row\">\n<div class=\"img\"><img decoding=\"async\" title=\"\" src=\"https:\/\/img.yfisher.com\/m6076\/1725726659fo8\/jpg70-t3-scale100.webp\" alt=\"Filtros de metal sinterizado proveedores cartucho de filtro de varilla de titanio poroso 5\" data-lazy=\"2\"><\/div>\n<div class=\"text_box\">\n<div class=\"txt\">\n<div class=\"title\">Cartucho de filtro de agua de titanio sinterizado se basa en polvo de titanio puro (99,7% o superior) como materia prima principal, hecha a trav\u00e9s de proceso de sinterizaci\u00f3n a alta temperatura. La estructura uniforme, la densidad de poros peque\u00f1os es alta, la resistencia a la filtraci\u00f3n, buena permeabilidad. Tambi\u00e9n tiene la alta precisi\u00f3n de filtraci\u00f3n, corrosi\u00f3n \u00e1cida y alcalina, caracter\u00edstica resistente a altas temperaturas. Se puede utilizar para la separaci\u00f3n y purificaci\u00f3n de l\u00edquidos s\u00f3lidos y gases. El rendimiento de servicio es excelente, pero el filtro de succi\u00f3n y filtro de prensa, no formar\u00e1 la contaminaci\u00f3n secundaria, operaci\u00f3n simple, puede ser la regeneraci\u00f3n en l\u00ednea, f\u00e1cil de limpiar, y larga vida \u00fatil.<\/div>\n<\/div>\n<\/div>\n<\/div>\n<\/div>\n<div class=\"er-fangkuang1\">\n<p>\u00a0 Caracter\u00edsticas del producto<\/p>\n<div class=\"description\">\n<ul>\n<li style=\"list-style-type: none;\">\n<ul>\n<li><\/li>\n<li><span class=\"font-color\">\u25ea \u00a0\u00a0<\/span>Estructura uniforme, distribuci\u00f3n estrecha del tama\u00f1o de los poros y gran eficacia de separaci\u00f3n.<\/li>\n<li><span class=\"font-color\">\u25ea\u00a0 \u00a0<\/span>Alta porosidad, la resistencia de filtraci\u00f3n es menor, y la eficacia de penetraci\u00f3n es alta.<\/li>\n<li><span class=\"font-color\">\u25ea\u00a0 \u00a0<\/span>Resistente a altas temperaturas, se puede utilizar normalmente por debajo de 280 grados.<\/li>\n<li><span class=\"font-color\">\u25ea\u00a0 \u00a0<\/span>Buena estabilidad qu\u00edmica, resistencia a la corrosi\u00f3n \u00e1cida y alcalina y resistencia a la oxidaci\u00f3n.<\/li>\n<\/ul>\n<\/li>\n<\/ul>\n<p><span class=\"font-color\">\u25ea\u00a0 \u00a0<\/span>No se desprenden part\u00edculas, no se produce contaminaci\u00f3n secundaria del concentrado y cumple con los requisitos de higiene alimentaria y las GMP farmac\u00e9uticas.<\/p>\n<ul>\n<li><span class=\"font-color\">\u25ea\u00a0 \u00a0<\/span>Buen rendimiento mec\u00e1nico, puede tener la filtraci\u00f3n de succi\u00f3n y prensa-filtraci\u00f3n, operaci\u00f3n simple.<\/li>\n<li><span class=\"font-color\">\u25ea\u00a0 \u00a0<\/span>Baja presi\u00f3n diferencial, el \u00e1rea de la cubierta es peque\u00f1a, y gran caudal de agua;od rendimiento mec\u00e1nico, puede tener la filtraci\u00f3n de succi\u00f3n y prensa-filtraci\u00f3n, operaci\u00f3n simple.<\/li>\n<li><span class=\"font-color\">\u25ea\u00a0 \u00a0<\/span>Gran capacidad antimicrobiana, sin microbios.<\/li>\n<li><span class=\"font-color\">\u25ea\u00a0 \u00a0<\/span>La tecnolog\u00eda de los productos acabados es buena, la sobrelongitud de la longitud total puede alcanzar los 1000 mm.<\/li>\n<li><span class=\"font-color\">\u25ea\u00a0 \u00a0<\/span>Puede regenerarse en l\u00ednea, es f\u00e1cil de limpiar y tiene una larga vida \u00fatil.<\/li>\n<\/ul>\n<\/div>\n<\/div>\n<div class=\"d-tem04-title text-left d-interval manS\" data-detail=\"wrap\">\n<h2 class=\"heading\">Par\u00e1metros del producto<\/h2>\n<\/div>\n<div class=\"table-responsive\">\n<table class=\"table table-bordered table-hover\">\n<tbody>\n<tr class=\"firstRow\">\n<td colspan=\"2\"><strong>Dimensiones del cartucho Fiter<\/strong><\/td>\n<\/tr>\n<tr>\n<td>Longitud<\/td>\n<td>5\u2019\u2019 (125mm), 10\u2019\u2019 (250mm), 20\u2019\u2019 (500mm), 30\u2019\u2019 (750mm), 40\u2019\u2019 (1000mm\uff09<\/td>\n<\/tr>\n<tr>\n<td>Di\u00e1metro<\/td>\n<td>\u00d822, 30, 50, 60, 70, 80, 100, 120mm<\/td>\n<\/tr>\n<tr>\n<td>Otras dimensiones<\/td>\n<td>Personalizado a petici\u00f3n del cliente.<\/td>\n<\/tr>\n<tr>\n<td colspan=\"2\"><strong>Material de construcci\u00f3n<\/strong><\/td>\n<\/tr>\n<tr>\n<td>Medio filtrante<\/td>\n<td>Titanio<\/td>\n<\/tr>\n<tr>\n<td>Tipo de conector<\/td>\n<td>Plano, Tipo inserci\u00f3n, Tipo rosca, Aleta<\/td>\n<\/tr>\n<tr>\n<td>Tapas<\/td>\n<td>DOE, 215, 222, 226, M20, M30, M42 o a petici\u00f3n.<\/td>\n<\/tr>\n<tr>\n<td>Material de sellado<\/td>\n<td>Silicona, NBR, EPDM, caucho fluorado, etc.<\/td>\n<\/tr>\n<tr>\n<td colspan=\"2\"><strong>Rendimiento<\/strong><\/td>\n<\/tr>\n<tr>\n<td>Tasa de eliminaci\u00f3n<\/td>\n<td>0,1, 0,45, 1, 3, 5, 10,20, 30, 40, 50, 100um<\/td>\n<\/tr>\n<tr>\n<td>Porosidad<\/td>\n<td>28-50%<\/td>\n<\/tr>\n<tr>\n<td>Tolerancia t\u00e9rmica<\/td>\n<td>\u2266 300\u2103 h\u00famedo<\/td>\n<\/tr>\n<tr>\n<td>Permeabilidad<\/td>\n<td>0,02-20L\/cm2 min Pa<\/td>\n<\/tr>\n<tr>\n<td>Presi\u00f3n diferencial m\u00e1xima de funcionamiento<\/td>\n<td>6,0 bar<\/td>\n<\/tr>\n<tr>\n<td>Caudal (L\/H)<\/td>\n<td>180, 200, 250, 280, 300, 350, 500, 800, 1000, 1500, 1600<\/td>\n<\/tr>\n<\/tbody>\n<\/table>\n<\/div>\n<p>\u25c6\u25c6Tabla de referencia del caudal de agua pura: el valor inicial del cartucho de titanio sinterizado de 10\u201d (P=0,2 MPa, 1cP, 25\u2103).<\/p>\n<div class=\"table-responsive\">\n<table class=\"table table-bordered table-hover\">\n<tbody>\n<tr class=\"firstRow\">\n<td>Tasa de micras (\u03bcm)<\/td>\n<td>0.2<\/td>\n<td>0.45<\/td>\n<td>1<\/td>\n<td>2<\/td>\n<td>3<\/td>\n<td>5<\/td>\n<td>10<\/td>\n<td>20<\/td>\n<td>30<\/td>\n<\/tr>\n<tr>\n<td>Caudal (L\/H)<\/td>\n<td>180<\/td>\n<td>200<\/td>\n<td>250<\/td>\n<td>280<\/td>\n<td>300<\/td>\n<td>350<\/td>\n<td>500<\/td>\n<td>800<\/td>\n<td>1000<\/td>\n<\/tr>\n<\/tbody>\n<\/table>\n<\/div>","protected":false},"excerpt":{"rendered":"<table>\n<thead>\n<tr>\n<th>Puerto de salida:<\/th>\n<th>Guangzhou<\/th>\n<\/tr>\n<\/thead>\n<tbody>\n<tr>\n<td>Capacidad de producci\u00f3n:<\/td>\n<td>400 unidades\/Mes<\/td>\n<\/tr>\n<tr>\n<td>Lugar de origen:<\/td>\n<td>Guangdong, China<\/td>\n<\/tr>\n<tr>\n<td>Pago:<\/td>\n<td>T\/T, Alibaba Trade Assurance, paypal<\/td>\n<\/tr>\n<tr>\n<td>MOQ:<\/td>\n<td>10 unidades<\/td>\n<\/tr>\n<tr>\n<td>Modelo:<\/td>\n<td>LY-TIC<\/td>\n<\/tr>\n<tr>\n<td>Plazo de entrega:<\/td>\n<td>De 7 a 15 d\u00edas laborables<\/td>\n<\/tr>\n<tr>\n<td>Certificaci\u00f3n:<\/td>\n<td>SGS, ISO 9001<\/td>\n<\/tr>\n<tr>\n<td>Marca:<\/td>\n<td>OEM\/Lvyuan<\/td>\n<\/tr>\n<\/tbody>\n<\/table>","protected":false},"featured_media":651,"comment_status":"open","ping_status":"closed","template":"","meta":{"_gspb_post_css":""},"product_brand":[],"product_cat":[17,22],"product_tag":[266,260,265,277,259,269],"class_list":{"0":"post-647","1":"product","2":"type-product","3":"status-publish","4":"has-post-thumbnail","6":"product_cat-sediment-filter","7":"product_cat-sintered-filter-cartridge","8":"product_tag-guangzhou","9":"product_tag-iso-9001","10":"product_tag-lvyuan","11":"product_tag-ly-tic","12":"product_tag-oem","13":"product_tag-sgs","15":"first","16":"instock","17":"shipping-taxable","18":"product-type-simple"},"_links":{"self":[{"href":"https:\/\/lyfilter.com\/es\/wp-json\/wp\/v2\/product\/647","targetHints":{"allow":["GET"]}}],"collection":[{"href":"https:\/\/lyfilter.com\/es\/wp-json\/wp\/v2\/product"}],"about":[{"href":"https:\/\/lyfilter.com\/es\/wp-json\/wp\/v2\/types\/product"}],"replies":[{"embeddable":true,"href":"https:\/\/lyfilter.com\/es\/wp-json\/wp\/v2\/comments?post=647"}],"wp:featuredmedia":[{"embeddable":true,"href":"https:\/\/lyfilter.com\/es\/wp-json\/wp\/v2\/media\/651"}],"wp:attachment":[{"href":"https:\/\/lyfilter.com\/es\/wp-json\/wp\/v2\/media?parent=647"}],"wp:term":[{"taxonomy":"product_brand","embeddable":true,"href":"https:\/\/lyfilter.com\/es\/wp-json\/wp\/v2\/product_brand?post=647"},{"taxonomy":"product_cat","embeddable":true,"href":"https:\/\/lyfilter.com\/es\/wp-json\/wp\/v2\/product_cat?post=647"},{"taxonomy":"product_tag","embeddable":true,"href":"https:\/\/lyfilter.com\/es\/wp-json\/wp\/v2\/product_tag?post=647"}],"curies":[{"name":"wp","href":"https:\/\/api.w.org\/{rel}","templated":true}]}}