{"id":643,"date":"2025-12-24T03:34:26","date_gmt":"2025-12-24T03:34:26","guid":{"rendered":"https:\/\/lyfilter.com\/?post_type=product&#038;p=643"},"modified":"2025-12-24T06:38:59","modified_gmt":"2025-12-24T06:38:59","slug":"ss-sintered-filter-cartridge-metal-mesh-filter-suppliers","status":"publish","type":"product","link":"https:\/\/lyfilter.com\/es\/ss-sintered-filter-cartridge-metal-mesh-filter-suppliers\/","title":{"rendered":"SS sinterizado cartucho de filtro de malla met\u00e1lica Proveedores"},"content":{"rendered":"<div class=\"d-tem11-graphic tem11-graphic mockup\" data-detail=\"wrap\">\n<div class=\"tab_row\">\n<div class=\"img\"><\/div>\n<div class=\"text_box\">\n<div class=\"txt\">\n<div class=\"title\">\n<p>El elemento filtrante de acero inoxidable puede obtener una gran \u00e1rea de filtraci\u00f3n y un alto caudal. Se extiende la vida del cartucho y tienen m\u00e1s capacidad de retenci\u00f3n de suciedad.<\/p>\n<p>Adem\u00e1s, los cartuchos filtrantes de acero inoxidable est\u00e1n dise\u00f1ados para aplicaciones limpiables y reutilizables, eliminando as\u00ed el cambio frecuente de cartucho, por lo que puede reducir significativamente el coste de eliminaci\u00f3n.<\/p>\n<p>Los cartuchos de filtro de acero inoxidable no est\u00e1ndar se pueden personalizar f\u00e1cilmente con varias dimensiones, tapa de extremo, patr\u00f3n de jaula exterior, etc. As\u00ed que mientras el cliente nos da la imagen y el dibujo del cartucho de filtro ss, podemos personalizar-hacer el elemento de filtro ss exacta para usted.<\/p>\n<\/div>\n<\/div>\n<\/div>\n<\/div>\n<\/div>\n<div class=\"er-fangkuang1\">\n<p>Los cartuchos filtrantes de acero inoxidable sinterizado son la elecci\u00f3n perfecta para aplicaciones de alta temperatura, alta presi\u00f3n diferencial y alta viscosidad. Fabricado con 304, 316 o 316L material, hay principalmente 3 tipos de dise\u00f1os de cartucho de acero inoxidable son ampliamente utilizados en la industria.<\/p>\n<p>1. Cartucho filtrante de malla met\u00e1lica SS de dise\u00f1o cil\u00edndrico liso.<br \/>\n2. Dise\u00f1o de configuraci\u00f3n plisada SS cartucho de filtro de malla plegada.<br \/>\n3. Sinterizado SS316 polvo met\u00e1lico tipo SS cartucho de filtro.<\/p>\n<\/div>\n<div class=\"er-fangkuang1\">\n<p>\u00a0 Caracter\u00edsticas del producto<\/p>\n<div class=\"description\">\n<ul>\n<li><span class=\"font-color\">\u00a0<\/span>Excelente resistencia mec\u00e1nica.<\/li>\n<li>Gran capacidad de retenci\u00f3n de la suciedad.<\/li>\n<li><span class=\"font-color\">\u00a0<\/span>Alta resistencia a la presi\u00f3n, capacidad de aguante y baja ca\u00edda de presi\u00f3n.<\/li>\n<li>Temperaturas nominales de -73\u00b0C a 480\u00b0C.<\/li>\n<li>Varios micrajes disponibles desde 2um hasta 1000um nominal.<\/li>\n<li>Retrolavado y limpiable para una larga vida \u00fatil.<\/li>\n<li>Gran resistencia a la corrosi\u00f3n para una amplia compatibilidad qu\u00edmica.<\/li>\n<li>Alta permeabilidad, sin migraci\u00f3n de medios.<\/li>\n<li>Se admiten dimensiones personalizadas.<\/li>\n<\/ul>\n<\/div>\n<\/div>\n<div class=\"d-tem04-title text-left d-interval manS\" data-detail=\"wrap\">\n<h2 class=\"heading\">Par\u00e1metros del producto<\/h2>\n<\/div>\n<div class=\"table-responsive\">\n<table class=\"table table-bordered table-hover\">\n<tbody>\n<tr class=\"firstRow\">\n<td colspan=\"2\"><strong>Dimensiones del cartucho Fiter<\/strong><\/td>\n<\/tr>\n<tr>\n<td>Longitud<\/td>\n<td>5\u2019 (125 mm), 10\u2019 (250 mm), 20\u2019 (500 mm), 30\u2019 (750 mm), 40\u2019 (1000 mm)<\/td>\n<\/tr>\n<tr>\n<td>Di\u00e1metro<\/td>\n<td>\u00d825, 30, 50, 60, 65, 70mm<\/td>\n<\/tr>\n<tr>\n<td>Otras dimensiones<\/td>\n<td>Personalizado a petici\u00f3n del cliente.<\/td>\n<\/tr>\n<tr>\n<td colspan=\"2\"><strong>Material de construcci\u00f3n<\/strong><\/td>\n<\/tr>\n<tr>\n<td>Medio filtrante<\/td>\n<td>SUS304, 316\uff0c Acero inoxidable 316L<\/td>\n<\/tr>\n<tr>\n<td>Tipo de conector<\/td>\n<td>Plano, Tipo inserci\u00f3n, Tipo rosca, Aleta<\/td>\n<\/tr>\n<tr>\n<td>Tapas<\/td>\n<td>DOE, SOE, 215, 222, 226, M20, M30, M42, 1\u2019\u2019 NPT\/BSP o seg\u00fan pedido.<\/td>\n<\/tr>\n<tr>\n<td>Red de protecci\u00f3n exterior<\/td>\n<td>Opcional<\/td>\n<\/tr>\n<tr>\n<td>Material de sellado<\/td>\n<td>Silicona, NBR, EPDM, Buna, Tefl\u00f3n, etc.<\/td>\n<\/tr>\n<tr>\n<td colspan=\"2\"><strong>Rendimiento<\/strong><\/td>\n<\/tr>\n<tr>\n<td>Tasa de eliminaci\u00f3n<\/td>\n<td>1, 3, 5, 10,20, 30, 40, 50, 100um, etc.<\/td>\n<\/tr>\n<tr>\n<td>Superficie efectiva<\/td>\n<td>0,65 m\u00b2 por elemento de cartucho de 10\u2033.<\/td>\n<\/tr>\n<tr>\n<td>Temperatura de funcionamiento<\/td>\n<td>\u2266 480\u2103<\/td>\n<\/tr>\n<tr>\n<td>M\u00e9todo de limpieza<\/td>\n<td>retrolavado, ultrasonidos u otro tipo de limpieza no abrasiva<\/td>\n<\/tr>\n<tr>\n<td>Presi\u00f3n diferencial m\u00e1xima de funcionamiento<\/td>\n<td>4,0 bar<\/td>\n<\/tr>\n<\/tbody>\n<\/table>\n<\/div>\n<div class=\"d-tem04-title text-left d-interval manS\" data-detail=\"wrap\">\n<h2 class=\"heading\">Detalles del producto<\/h2>\n<\/div>\n<div class=\"d-tem05-technology mockup\" data-detail=\"wrap\">\n<div class=\"items\">\n<div class=\"item tab_row bg-color-before\">\n<div class=\"text_box\">\n<div class=\"txt font-color d-font-size-fix\">\n<div class=\"numbox\">parte.1<\/div>\n<div class=\"title\">5 capas de malla de acero inoxidable sinterizado para una gran capacidad de retenci\u00f3n de la suciedad, incluyendo capa protectora, capa filtrante, capa de dispersi\u00f3n, 1\u00aa capa de refuerzo y 2\u00aa capa de refuerzo.<\/div>\n<\/div>\n<\/div>\n<\/div>\n<div class=\"item tab_row bg-color-before\">\n<div class=\"img d-font-size-fix\"><img decoding=\"async\" title=\"\" src=\"https:\/\/img.yfisher.com\/m6076\/1725726657xnp\/jpg70-t3-scale100.webp\" alt=\"SS sinterizado cartucho de filtro de malla de metal Proveedores 6\" data-lazy=\"1\"><\/div>\n<div class=\"text_box\">\n<div class=\"txt font-color d-font-size-fix\">\n<div class=\"numbox\">parte.2<\/div>\n<div class=\"title\">La red inoxidable de protecci\u00f3n exterior es opcional para evitar abolladuras y da\u00f1os en la superficie plisada.<\/div>\n<\/div>\n<\/div>\n<\/div>\n<div class=\"item tab_row bg-color-before\">\n<div class=\"img d-font-size-fix\"><img decoding=\"async\" title=\"\" src=\"https:\/\/img.yfisher.com\/m6076\/1725726657v6o\/jpg70-t3-scale100.webp\" alt=\"SS sinterizado cartucho de filtro de malla met\u00e1lica Proveedores 7\" data-lazy=\"1\"><\/div>\n<div class=\"text_box\">\n<div class=\"txt font-color d-font-size-fix\">\n<div class=\"numbox\">parte.3<\/div>\n<div class=\"title\">Hay disponibles varias dimensiones y tapas finales.<\/div>\n<\/div>\n<\/div>\n<\/div>\n<\/div>\n<\/div>","protected":false},"excerpt":{"rendered":"<table>\n<thead>\n<tr>\n<th>Puerto de salida:<\/th>\n<th>Guangzhou<\/th>\n<\/tr>\n<\/thead>\n<tbody>\n<tr>\n<td>Capacidad de producci\u00f3n:<\/td>\n<td>400 unidades\/Mes<\/td>\n<\/tr>\n<tr>\n<td>Lugar de origen:<\/td>\n<td>Guangdong, China<\/td>\n<\/tr>\n<tr>\n<td>Pago:<\/td>\n<td>T\/T, Alibaba Trade Assurance, paypal<\/td>\n<\/tr>\n<tr>\n<td>MOQ:<\/td>\n<td>10 unidades<\/td>\n<\/tr>\n<tr>\n<td>Plazo de entrega:<\/td>\n<td>De 7 a 15 d\u00edas laborables<\/td>\n<\/tr>\n<tr>\n<td>Certificaci\u00f3n:<\/td>\n<td>SGS, ISO 9001<\/td>\n<\/tr>\n<tr>\n<td>Marca:<\/td>\n<td>OEM\/Lvyuan<\/td>\n<\/tr>\n<\/tbody>\n<\/table>","protected":false},"featured_media":646,"comment_status":"open","ping_status":"closed","template":"","meta":{"_gspb_post_css":""},"product_brand":[],"product_cat":[17,22],"product_tag":[261,266,260,265,259,269],"class_list":{"0":"post-643","1":"product","2":"type-product","3":"status-publish","4":"has-post-thumbnail","6":"product_cat-sediment-filter","7":"product_cat-sintered-filter-cartridge","8":"product_tag-guangdong-china","9":"product_tag-guangzhou","10":"product_tag-iso-9001","11":"product_tag-lvyuan","12":"product_tag-oem","13":"product_tag-sgs","15":"first","16":"instock","17":"shipping-taxable","18":"product-type-simple"},"_links":{"self":[{"href":"https:\/\/lyfilter.com\/es\/wp-json\/wp\/v2\/product\/643","targetHints":{"allow":["GET"]}}],"collection":[{"href":"https:\/\/lyfilter.com\/es\/wp-json\/wp\/v2\/product"}],"about":[{"href":"https:\/\/lyfilter.com\/es\/wp-json\/wp\/v2\/types\/product"}],"replies":[{"embeddable":true,"href":"https:\/\/lyfilter.com\/es\/wp-json\/wp\/v2\/comments?post=643"}],"wp:featuredmedia":[{"embeddable":true,"href":"https:\/\/lyfilter.com\/es\/wp-json\/wp\/v2\/media\/646"}],"wp:attachment":[{"href":"https:\/\/lyfilter.com\/es\/wp-json\/wp\/v2\/media?parent=643"}],"wp:term":[{"taxonomy":"product_brand","embeddable":true,"href":"https:\/\/lyfilter.com\/es\/wp-json\/wp\/v2\/product_brand?post=643"},{"taxonomy":"product_cat","embeddable":true,"href":"https:\/\/lyfilter.com\/es\/wp-json\/wp\/v2\/product_cat?post=643"},{"taxonomy":"product_tag","embeddable":true,"href":"https:\/\/lyfilter.com\/es\/wp-json\/wp\/v2\/product_tag?post=643"}],"curies":[{"name":"wp","href":"https:\/\/api.w.org\/{rel}","templated":true}]}}