{"id":633,"date":"2025-12-24T03:28:01","date_gmt":"2025-12-24T03:28:01","guid":{"rendered":"https:\/\/lyfilter.com\/?post_type=product&#038;p=633"},"modified":"2026-04-22T00:51:55","modified_gmt":"2026-04-22T00:51:55","slug":"sintered-activated-carbon-block-filter-cartridge-customized-specification-activated-carbon-water-filter","status":"publish","type":"product","link":"https:\/\/lyfilter.com\/es\/sintered-activated-carbon-block-filter-cartridge-customized-specification-activated-carbon-water-filter\/","title":{"rendered":"Carb\u00f3n activado sinterizado Cartucho de filtro de bloque Especificaci\u00f3n personalizada filtro de agua de carb\u00f3n activado"},"content":{"rendered":"<div class=\"d-tem11-graphic tem11-graphic mockup\" data-detail=\"wrap\">\n<div class=\"tab_row\">\n<div class=\"img\"><img decoding=\"async\" title=\"\" src=\"https:\/\/img.yfisher.com\/m6076\/1725726651oda\/jpg70-t3-scale100.webp\" alt=\"Cartucho filtrante de carb\u00f3n activo sinterizado 5\" data-lazy=\"2\"><\/div>\n<div class=\"text_box\">\n<div class=\"txt\">\n<div class=\"title\">El cartucho de filtro de bloque de carb\u00f3n sinterizado Lvyuan est\u00e1 hecho de materiales de carb\u00f3n activado de alta calidad y alto valor de yodo, como c\u00e1scara de coco, carb\u00f3n. Los filtros de bloque de carb\u00f3n sinterizado tipo CTO tienen una fuerte capacidad de adsorci\u00f3n y una buena estructura r\u00edgida. El cartucho de filtro de bloque de carb\u00f3n sinterizado tiene una alta eficiencia de filtraci\u00f3n. Puede eliminar cloro, mal sabor y olor, cloramina, sedimentos, productos qu\u00edmicos org\u00e1nicos y metales pesados, etc. Adem\u00e1s, los filtros de bloque de carb\u00f3n sinterizado son m\u00e1s estables y m\u00e1s fiables, con una vida \u00fatil m\u00e1s larga que los cartuchos de filtro de agua de carb\u00f3n CTO de tipo extruido normal.<\/div>\n<\/div>\n<\/div>\n<\/div>\n<\/div>\n<div class=\"er-fangkuang1\">\n<p>\u00a0 Caracter\u00edsticas del producto<\/p>\n<div class=\"description\">\n<ul>\n<li><span class=\"font-color\">\u25ea \u00a0\u00a0<\/span>Gran superficie de filtraci\u00f3n, gran capacidad de absorci\u00f3n, gran caudal.<\/li>\n<li><span class=\"font-color\">\u25ea\u00a0 \u00a0<\/span>Alta capacidad de retenci\u00f3n de suciedad, baja p\u00e9rdida de carga, alta eficacia de filtraci\u00f3n.<\/li>\n<li><span class=\"font-color\">\u25ea\u00a0 \u00a0<\/span>Se adapta a todas las carcasas de filtro est\u00e1ndar o botellas deportivas.<\/li>\n<li><span class=\"font-color\">\u25ea\u00a0 \u00a0<\/span>Materiales de carb\u00f3n activado con alto \u00edndice de yodo<\/li>\n<li><span class=\"font-color\">\u25ea\u00a0 \u00a0<\/span>Elimina eficazmente malos olores, colores, compuestos clorados, VOCS y THMS;<\/li>\n<li><span class=\"font-color\">\u25ea\u00a0 \u00a0<\/span>Larga vida \u00fatil<\/li>\n<\/ul>\n<\/div>\n<\/div>\n<div class=\"d-tem04-title text-left d-interval manS\" data-detail=\"wrap\">\n<h2 class=\"heading\">Par\u00e1metros del producto<\/h2>\n<\/div>\n<div class=\"table-responsive\">\n<table class=\"table table-bordered table-hover\">\n<tbody>\n<tr class=\"firstRow\">\n<td colspan=\"2\" align=\"left\" valign=\"top\"><strong>Dimensiones del cartucho Fiter<\/strong><\/td>\n<\/tr>\n<tr>\n<td>Di\u00e1metro exterior<\/td>\n<td>14, 16, 19, 25, 28, 30, 35, 38, 40, 45, 46, 50, 53, 55, 60, 63, 64, 67, 70, 76, 90, 96,5, 103, 105, 121 mm<\/td>\n<\/tr>\n<tr>\n<td>Di\u00e1metro interior<\/td>\n<td>6, 8, 10, 12, 14, 16, 18, 20, 22, 25, 28, 30, 32, 35, 38, 40, 45, 50 mm<\/td>\n<\/tr>\n<tr>\n<td>Longitud<\/td>\n<td>5\u2019 (125 mm), 10\u2019 (250 mm), 20\u2019 (500 mm), 30\u2019 (750 mm), 40\u2019 (1000 mm)<\/td>\n<\/tr>\n<tr>\n<td>Otras dimensiones<\/td>\n<td>Personalizado a petici\u00f3n del cliente.<\/td>\n<\/tr>\n<tr>\n<td colspan=\"2\" align=\"left\" valign=\"top\"><strong>Material de construcci\u00f3n<\/strong><\/td>\n<\/tr>\n<tr>\n<td>Medio filtrante<\/td>\n<td>Carb\u00f3n de c\u00e1scara de coco, carb\u00f3n de hulla<\/td>\n<\/tr>\n<tr>\n<td>Enc tapas<\/td>\n<td>Polipropileno<\/td>\n<\/tr>\n<tr>\n<td>Red<\/td>\n<td>Polipropileno<\/td>\n<\/tr>\n<tr>\n<td>Material de junta\/anclaje<\/td>\n<td>Silicona, EPDM, NBR, Viton<\/td>\n<\/tr>\n<tr>\n<td colspan=\"2\" align=\"left\" valign=\"top\"><strong>Rendimiento<\/strong><\/td>\n<\/tr>\n<tr>\n<td>Tasa de eliminaci\u00f3n<\/td>\n<td>5, 10, 25 um<\/td>\n<\/tr>\n<tr>\n<td>Temperatura m\u00e1xima de funcionamiento<\/td>\n<td>\u2266 80\u2103<\/td>\n<\/tr>\n<tr>\n<td>Presi\u00f3n m\u00e1xima de funcionamiento<\/td>\n<td>10 bar<\/td>\n<\/tr>\n<tr>\n<td>Presi\u00f3n diferencial m\u00e1xima<\/td>\n<td>7 bar a 25\u2103<\/td>\n<\/tr>\n<\/tbody>\n<\/table>\n<\/div>\n<div class=\"d-tem04-title text-left d-interval manS\" data-detail=\"wrap\">\n<h2 class=\"heading\">Detalles del producto<\/h2>\n<\/div>\n<div class=\"d-tem05-technology mockup\" data-detail=\"wrap\">\n<div class=\"items\">\n<div class=\"item tab_row bg-color-before\">\n<div class=\"img d-font-size-fix\"><img decoding=\"async\" title=\"\" src=\"https:\/\/img.yfisher.com\/m6076\/1725726651z3g\/jpg70-t3-scale100.webp\" alt=\"Cartucho filtrante de carb\u00f3n activo sinterizado 6\" data-lazy=\"2\"><\/div>\n<div class=\"text_box\">\n<div class=\"txt font-color d-font-size-fix\">\n<div class=\"numbox\">parte.1<\/div>\n<div class=\"title\">Varias dimensiones. Las dimensiones pueden personalizarse a petici\u00f3n del cliente.<\/div>\n<\/div>\n<\/div>\n<\/div>\n<div class=\"item tab_row bg-color-before\">\n<div class=\"img d-font-size-fix\"><img decoding=\"async\" title=\"\" src=\"https:\/\/img.yfisher.com\/m6076\/1725726651zjx\/jpg70-t3-scale100.webp\" alt=\"Cartucho filtrante de carb\u00f3n activado sinterizado 7\" data-lazy=\"2\"><\/div>\n<div class=\"text_box\">\n<div class=\"txt font-color d-font-size-fix\">\n<div class=\"numbox\">parte.2<\/div>\n<div class=\"title\">Combinaci\u00f3n de carb\u00f3n activo sinterizado con medios filtrantes de PP fundido soplado (opcional).<\/div>\n<\/div>\n<\/div>\n<\/div>\n<div class=\"item tab_row bg-color-before\">\n<div class=\"img d-font-size-fix\"><img decoding=\"async\" title=\"\" src=\"https:\/\/img.yfisher.com\/m6076\/1725726651ofi\/jpg70-t3-scale100.webp\" alt=\"Cartucho filtrante de carb\u00f3n activado sinterizado 8\" data-lazy=\"2\"><\/div>\n<div class=\"text_box\">\n<div class=\"txt font-color d-font-size-fix\">\n<div class=\"numbox\">parte.3<\/div>\n<div class=\"title\">La tecnolog\u00eda innovadora actualiza las funciones del filtro de carb\u00f3n sinterizado con antical, eliminaci\u00f3n de metales pesados, antibacterias, eliminaci\u00f3n de fl\u00faor y nitr\u00f3geno amoniacal, etc.<\/div>\n<\/div>\n<\/div>\n<\/div>\n<div class=\"d-tem04-title text-left d-interval manS\" data-detail=\"wrap\">\n<h2 class=\"heading\">Aplicaciones de los productos<\/h2>\n<\/div>\n<div class=\"d-tem15-graphic mockup\" data-detail=\"wrap\">\n<div class=\"clearfix d-clearfix\">\n<div class=\"col-sm-12 col-md-4 col-xs-6\">\n<div class=\"thumbnail\"><img decoding=\"async\" title=\"\" src=\"https:\/\/img.yfisher.com\/m6076\/172572665131t\/jpg70-t3-scale100.webp\" alt=\"Cartucho filtrante de carb\u00f3n activado sinterizado 9\" data-lazy=\"2\"><\/div>\n<div class=\"description\">Tratamiento del agua<\/div>\n<\/div>\n<div class=\"col-sm-12 col-md-4 col-xs-6\">\n<div class=\"thumbnail\"><img decoding=\"async\" title=\"\" src=\"https:\/\/img.yfisher.com\/m6076\/17257266517x1\/jpg70-t3-scale100.webp\" alt=\"Cartucho filtrante de carb\u00f3n activo sinterizado 10\" data-lazy=\"2\"><\/div>\n<div class=\"description\">Depuraci\u00f3n de aire y gases<\/div>\n<\/div>\n<div class=\"col-sm-12 col-md-4 col-xs-6\">\n<div class=\"thumbnail\"><img decoding=\"async\" title=\"\" src=\"https:\/\/img.yfisher.com\/m6076\/1725726651qv5\/jpg70-t3-scale100.webp\" alt=\"Cartucho filtrante de carb\u00f3n activado sinterizado 11\" data-lazy=\"2\"><\/div>\n<div class=\"description\">Productos farmac\u00e9uticos y m\u00e9dicos<\/div>\n<\/div>\n<\/div>\n<\/div>\n<div class=\"d-tem15-graphic mockup\" data-detail=\"wrap\">\n<div class=\"clearfix d-clearfix\">\n<div class=\"col-sm-12 col-md-4 col-xs-6\">\n<div class=\"thumbnail\"><img decoding=\"async\" title=\"\" src=\"https:\/\/img.yfisher.com\/m6076\/1725726651xzi\/jpg70-t3-scale100.webp\" alt=\"Cartucho filtrante de carb\u00f3n activado sinterizado 12\" data-lazy=\"2\"><\/div>\n<div class=\"description\">Procesado de alimentos y bebidas<\/div>\n<\/div>\n<div class=\"col-sm-12 col-md-4 col-xs-6\">\n<div class=\"thumbnail\"><img decoding=\"async\" title=\"\" src=\"https:\/\/img.yfisher.com\/m6076\/17257266517ey\/jpg70-t3-scale100.webp\" alt=\"Cartucho filtrante de carb\u00f3n activado sinterizado 13\" data-lazy=\"2\"><\/div>\n<div class=\"description\">Automoci\u00f3n<\/div>\n<\/div>\n<div class=\"col-sm-12 col-md-4 col-xs-6\">\n<div class=\"thumbnail\"><img decoding=\"async\" title=\"\" src=\"https:\/\/img.yfisher.com\/m6076\/1725726651ig2\/jpg70-t3-scale100.webp\" alt=\"Cartucho filtrante de carb\u00f3n activado sinterizado 14\" data-lazy=\"2\"><\/div>\n<div class=\"description\">Industria de la galvanoplastia<\/div>\n<\/div>\n<\/div>\n<\/div>\n<\/div>\n<\/div>","protected":false},"excerpt":{"rendered":"<table>\n<thead>\n<tr>\n<th>Puerto de salida:<\/th>\n<th>Guangzhou<\/th>\n<\/tr>\n<\/thead>\n<tbody>\n<tr>\n<td>Capacidad de producci\u00f3n:<\/td>\n<td>5000 unidades\/Mes<\/td>\n<\/tr>\n<tr>\n<td>Lugar de origen:<\/td>\n<td>Guangdong, China<\/td>\n<\/tr>\n<tr>\n<td>Pago:<\/td>\n<td>T\/T, Alibaba Trade Assurance, paypal<\/td>\n<\/tr>\n<tr>\n<td>MOQ:<\/td>\n<td>10 unidades<\/td>\n<\/tr>\n<tr>\n<td>Plazo de entrega:<\/td>\n<td>De 7 a 15 d\u00edas laborables<\/td>\n<\/tr>\n<tr>\n<td>Certificaci\u00f3n:<\/td>\n<td>SGS, ISO 9001<\/td>\n<\/tr>\n<tr>\n<td>Marca:<\/td>\n<td>LVYUAN<\/td>\n<\/tr>\n<\/tbody>\n<\/table>","protected":false},"featured_media":634,"comment_status":"open","ping_status":"closed","template":"","meta":{"_gspb_post_css":""},"product_brand":[],"product_cat":[17,22],"product_tag":[275,261,266,260,265,269],"class_list":{"0":"post-633","1":"product","2":"type-product","3":"status-publish","4":"has-post-thumbnail","6":"product_cat-sediment-filter","7":"product_cat-sintered-filter-cartridge","8":"product_tag-fast-shipping","9":"product_tag-guangdong-china","10":"product_tag-guangzhou","11":"product_tag-iso-9001","12":"product_tag-lvyuan","13":"product_tag-sgs","15":"first","16":"instock","17":"shipping-taxable","18":"product-type-simple"},"_links":{"self":[{"href":"https:\/\/lyfilter.com\/es\/wp-json\/wp\/v2\/product\/633","targetHints":{"allow":["GET"]}}],"collection":[{"href":"https:\/\/lyfilter.com\/es\/wp-json\/wp\/v2\/product"}],"about":[{"href":"https:\/\/lyfilter.com\/es\/wp-json\/wp\/v2\/types\/product"}],"replies":[{"embeddable":true,"href":"https:\/\/lyfilter.com\/es\/wp-json\/wp\/v2\/comments?post=633"}],"wp:featuredmedia":[{"embeddable":true,"href":"https:\/\/lyfilter.com\/es\/wp-json\/wp\/v2\/media\/634"}],"wp:attachment":[{"href":"https:\/\/lyfilter.com\/es\/wp-json\/wp\/v2\/media?parent=633"}],"wp:term":[{"taxonomy":"product_brand","embeddable":true,"href":"https:\/\/lyfilter.com\/es\/wp-json\/wp\/v2\/product_brand?post=633"},{"taxonomy":"product_cat","embeddable":true,"href":"https:\/\/lyfilter.com\/es\/wp-json\/wp\/v2\/product_cat?post=633"},{"taxonomy":"product_tag","embeddable":true,"href":"https:\/\/lyfilter.com\/es\/wp-json\/wp\/v2\/product_tag?post=633"}],"curies":[{"name":"wp","href":"https:\/\/api.w.org\/{rel}","templated":true}]}}