{"id":627,"date":"2025-12-24T03:24:18","date_gmt":"2025-12-24T03:24:18","guid":{"rendered":"https:\/\/lyfilter.com\/?post_type=product&#038;p=627"},"modified":"2025-12-24T06:49:44","modified_gmt":"2025-12-24T06:49:44","slug":"ptfe-membrane-pleated-water-filter-cartridge-with-internal-stainless-steel-reinforcing-ring","status":"publish","type":"product","link":"https:\/\/lyfilter.com\/es\/ptfe-membrane-pleated-water-filter-cartridge-with-internal-stainless-steel-reinforcing-ring\/","title":{"rendered":"Cartucho filtrante de agua plisado con membrana de PTFE y anillo de refuerzo interno de acero inoxidable"},"content":{"rendered":"<div class=\"d-tem11-graphic tem11-graphic mockup\" data-detail=\"wrap\">\n<div class=\"tab_row\">\n<div class=\"img\"><img decoding=\"async\" title=\"\" src=\"https:\/\/img.yfisher.com\/m6076\/17252869725dl\/jpg70-t3-scale100.webp\" alt=\"Cartucho filtrante de agua plisado con membrana de PTFE y anillo de refuerzo interno de acero inoxidable 6\" data-lazy=\"2\"><\/div>\n<div class=\"text_box\">\n<div class=\"txt\">\n<div class=\"title\">El filtro de cartucho de membrana de PTFE est\u00e1 fabricado con materiales naturales importados.<br \/>\nMembrana hidr\u00f3foba de PTFE (politetrafluoroetileno) y materiales de soporte no tejidos. Los adaptadores se sueldan t\u00e9rmicamente sin utilizar colas ni adhesivos para evitar cualquier posibilidad de contaminaci\u00f3n. Estos econ\u00f3micos filtros de cartucho con membrana de PTFE proporcionan una hidrofobicidad superior en comparaci\u00f3n con los filtros de polipropileno utilizados habitualmente en aplicaciones de aire comprimido, lo que los hace id\u00f3neos para aplicaciones de servicios p\u00fablicos, as\u00ed como de venteo de tanques, sin los costes m\u00e1s elevados del t\u00edpico filtro de PTFE.<\/div>\n<\/div>\n<\/div>\n<\/div>\n<\/div>\n<div class=\"er-fangkuang1\">\n<p>\u00a0 Caracter\u00edsticas del producto<\/p>\n<div class=\"description\">\n<ul>\n<li><span class=\"font-color\">\u25ea \u00a0\u00a0<\/span>Excelente rendimiento hidr\u00f3fobo, la erosi\u00f3n del agua es m\u00e1s resistente que la membrana de PVDF com\u00fan.<\/li>\n<li><span class=\"font-color\">\u25ea\u00a0 \u00a0<\/span>Soportan los golpes de agua, la contrapresi\u00f3n y la esterilizaci\u00f3n repetida a alta temperatura.<\/li>\n<li><span class=\"font-color\">\u25ea\u00a0 \u00a0<\/span>100% retenci\u00f3n bacteriana y filtraci\u00f3n eficaz hasta part\u00edculas de 0,2 \u03bcm.<\/li>\n<li><span class=\"font-color\">\u25ea\u00a0 \u00a0<\/span>100% integridad probada.<\/li>\n<li><span class=\"font-color\">\u25ea\u00a0 \u00a0<\/span>Est\u00e1 construido con 2 tipos de materiales de soldadura en caliente (PTFE y PP), sin adhesivos, limpio y estable, cumplir con los altos est\u00e1ndares de la industria farmac\u00e9utica.<\/li>\n<\/ul>\n<\/div>\n<\/div>\n<div class=\"d-tem04-title text-left d-interval manS\" data-detail=\"wrap\">\n<h2 class=\"heading\">Par\u00e1metros del producto<\/h2>\n<\/div>\n<div class=\"table-responsive\">\n<table class=\"table table-bordered table-hover\">\n<tbody>\n<tr class=\"firstRow\">\n<td>Nombre del producto<\/td>\n<td>Cartucho filtrante plisado con membrana de PTFE de 10 pulgadas con acero inoxidable 222<\/td>\n<\/tr>\n<tr>\n<td>Medio filtrante<\/td>\n<td>Membrana de PTFE<\/td>\n<\/tr>\n<tr>\n<td>Ayuda<\/td>\n<td>PP\/Polipropileno<\/td>\n<\/tr>\n<tr>\n<td>N\u00facleo\/Tapa final<\/td>\n<td>PP\/Polipropileno<\/td>\n<\/tr>\n<tr>\n<td>Material de la junta<\/td>\n<td>Silicona\/EPDM\/VITON\/PTFE\/NBR\/TEFLON<\/td>\n<\/tr>\n<tr>\n<td>Di\u00e1metro exterior<\/td>\n<td>2,7\u2018\u2019(69mm)<\/td>\n<\/tr>\n<tr>\n<td>Longitud<\/td>\n<td>9,75\u201d, 10\u201d, 20\u201d, 30\u201d, 40\u201d, Personalizado<\/td>\n<\/tr>\n<tr>\n<td>Tapa<\/td>\n<td>215\/222\/226\/FIN\/DOE\/SS<\/td>\n<\/tr>\n<tr>\n<td>\u00c1rea de filtraci\u00f3n<\/td>\n<td>\u22650.72m\u00b2<\/td>\n<\/tr>\n<tr>\n<td>Temperatura m\u00e1xima de funcionamiento<\/td>\n<td>80\u2103, 0,173Mpa<\/td>\n<\/tr>\n<tr>\n<td>Micras (\u03bcm)<\/td>\n<td>0.2, 0.45<\/td>\n<\/tr>\n<\/tbody>\n<\/table>\n<\/div>\n<div class=\"d-tem04-title text-left d-interval manS\" data-detail=\"wrap\">\n<h2 class=\"heading\">Detalles del producto<\/h2>\n<\/div>\n<div class=\"d-tem05-technology mockup\" data-detail=\"wrap\">\n<div class=\"items\">\n<div class=\"item tab_row bg-color-before\">\n<div class=\"img d-font-size-fix\"><img decoding=\"async\" title=\"\" src=\"https:\/\/img.yfisher.com\/m6076\/1725286972l2c\/jpg70-t3-scale100.webp\" alt=\"Cartucho filtrante de agua plisado con membrana de PTFE y anillo de refuerzo interno de acero inoxidable 7\" data-lazy=\"2\"><\/div>\n<div class=\"text_box\">\n<div class=\"txt font-color d-font-size-fix\">\n<div class=\"numbox\">parte.1<\/div>\n<div class=\"title\">Est\u00e1 fabricado con 2 tipos de materiales de soldadura en caliente (PTFE y PP), sin adhesivos, limpio y estable.<\/div>\n<\/div>\n<\/div>\n<\/div>\n<div class=\"item tab_row bg-color-before\">\n<div class=\"img d-font-size-fix\"><img decoding=\"async\" title=\"\" src=\"https:\/\/img.yfisher.com\/m6076\/1725286972qrm\/jpg70-t3-scale100.webp\" alt=\"Cartucho filtrante de agua plisado con membrana de PTFE y anillo de refuerzo interno de acero inoxidable 8\" data-lazy=\"2\"><\/div>\n<div class=\"text_box\">\n<div class=\"txt font-color d-font-size-fix\">\n<div class=\"numbox\">parte.2<\/div>\n<div class=\"title\">DOE filtro de membrana de PTFE de doble apertura con junta de PTFE. Es una buena opci\u00f3n para la industria farmac\u00e9utica y otras aplicaciones estrictas.<\/div>\n<\/div>\n<\/div>\n<\/div>\n<div class=\"item tab_row bg-color-before\">\n<div class=\"img d-font-size-fix\"><img decoding=\"async\" title=\"\" src=\"https:\/\/img.yfisher.com\/m6076\/1725286972wr5\/jpg70-t3-scale100.webp\" alt=\"Cartucho filtrante de agua plisado con membrana de PTFE y anillo de refuerzo interno de acero inoxidable 9\" data-lazy=\"2\"><\/div>\n<div class=\"text_box\">\n<div class=\"txt font-color d-font-size-fix\">\n<div class=\"numbox\">parte.3<\/div>\n<div class=\"title\">Los adaptadores se sueldan t\u00e9rmicamente sin utilizar colas ni adhesivos para evitar cualquier posibilidad de contaminaci\u00f3n.<\/div>\n<\/div>\n<\/div>\n<\/div>\n<div class=\"item tab_row bg-color-before\">\n<div class=\"img d-font-size-fix\"><img decoding=\"async\" title=\"\" src=\"https:\/\/img.yfisher.com\/m6076\/17252869724na\/jpg70-t3-scale100.webp\" alt=\"Cartucho filtrante de agua plisado con membrana de PTFE y anillo de refuerzo interno de acero inoxidable 10\" data-lazy=\"2\"><\/div>\n<div class=\"text_box\">\n<div class=\"txt font-color d-font-size-fix\">\n<div class=\"numbox\">parte.4<\/div>\n<div class=\"title\">Diferentes longitudes y variedad de tapas son opcionales.<\/div>\n<\/div>\n<\/div>\n<\/div>\n<div class=\"d-tem04-title text-left d-interval manS\" data-detail=\"wrap\">\n<h2 class=\"heading\">Aplicaciones de los productos<\/h2>\n<\/div>\n<div class=\"d-tem15-graphic mockup\" data-detail=\"wrap\">\n<div class=\"clearfix d-clearfix\">\n<div class=\"col-sm-12 col-md-4 col-xs-6\">\n<div class=\"thumbnail\"><img decoding=\"async\" title=\"\" src=\"https:\/\/img.yfisher.com\/m6076\/1725286972eol\/jpg70-t3-scale100.webp\" alt=\"Cartucho filtrante de agua plisado con membrana de PTFE y anillo de refuerzo interno de acero inoxidable 11\" data-lazy=\"2\"><\/div>\n<div class=\"description\">\n<p>Sistema de \u00f3smosis inversa para prefiltraci\u00f3n de agua<\/p>\n<\/div>\n<\/div>\n<div class=\"col-sm-12 col-md-4 col-xs-6\">\n<div class=\"thumbnail\"><img decoding=\"async\" title=\"\" src=\"https:\/\/img.yfisher.com\/m6076\/1725286972xbs\/jpg70-t3-scale100.webp\" alt=\"Cartucho filtrante de agua plisado con membrana de PTFE y anillo de refuerzo interno de acero inoxidable 12\" data-lazy=\"2\"><\/div>\n<div class=\"description\">Industria electr\u00f3nica<\/div>\n<\/div>\n<div class=\"col-sm-12 col-md-4 col-xs-6\">\n<div class=\"thumbnail\"><img decoding=\"async\" title=\"\" src=\"https:\/\/img.yfisher.com\/m6076\/1725286973s9v\/png70-t3-scale100.webp\" alt=\"Cartucho filtrante de agua plisado con membrana de PTFE y anillo de refuerzo interno de acero inoxidable 13\" data-lazy=\"2\"><\/div>\n<div class=\"description\">Filtraci\u00f3n de agua mineral<\/div>\n<\/div>\n<\/div>\n<\/div>\n<div class=\"d-tem15-graphic mockup\" data-detail=\"wrap\">\n<div class=\"clearfix d-clearfix\">\n<div class=\"col-sm-12 col-md-4 col-xs-6\">\n<div class=\"thumbnail\"><img decoding=\"async\" title=\"\" src=\"https:\/\/img.yfisher.com\/m6076\/1725286973jsc\/png70-t3-scale100.webp\" alt=\"Cartucho filtrante de agua plisado con membrana de PTFE y anillo de refuerzo interno de acero inoxidable 14\" data-lazy=\"2\"><\/div>\n<div class=\"description\">Filtraci\u00f3n de disolvente org\u00e1nico y tinta<\/div>\n<\/div>\n<div class=\"col-sm-12 col-md-4 col-xs-6\">\n<div class=\"thumbnail\"><img decoding=\"async\" title=\"\" src=\"https:\/\/img.yfisher.com\/m6076\/1725286973e46\/jpg70-t3-scale100.webp\" alt=\"Cartucho filtrante de agua plisado con membrana de PTFE y anillo de refuerzo interno de acero inoxidable 15\" data-lazy=\"2\"><\/div>\n<div class=\"description\">Filtraci\u00f3n de productos farmac\u00e9uticos<\/div>\n<\/div>\n<div class=\"col-sm-12 col-md-4 col-xs-6\">\n<div class=\"thumbnail\"><img decoding=\"async\" title=\"\" src=\"https:\/\/img.yfisher.com\/m6076\/172528697395f\/jpg70-t3-scale100.webp\" alt=\"Cartucho filtrante de agua plisado con membrana de PTFE y anillo de refuerzo interno de acero inoxidable 16\" data-lazy=\"2\"><\/div>\n<div class=\"description\">Filtraci\u00f3n de productos biol\u00f3gicos<\/div>\n<\/div>\n<\/div>\n<\/div>\n<\/div>\n<\/div>","protected":false},"excerpt":{"rendered":"<table>\n<thead>\n<tr>\n<th>Puerto de salida:<\/th>\n<th>Guangzhou<\/th>\n<\/tr>\n<\/thead>\n<tbody>\n<tr>\n<td>Capacidad de producci\u00f3n:<\/td>\n<td>500 unidades\/Mes<\/td>\n<\/tr>\n<tr>\n<td>Lugar de origen:<\/td>\n<td>Guangdong, China<\/td>\n<\/tr>\n<tr>\n<td>Pago:<\/td>\n<td>T\/T, Western Union, MoneyGram, Alibaba Trade Assurance, paypal<\/td>\n<\/tr>\n<tr>\n<td>MOQ:<\/td>\n<td>10 unidades<\/td>\n<\/tr>\n<tr>\n<td>Modelo:<\/td>\n<td>LY-PL-PTFE<\/td>\n<\/tr>\n<tr>\n<td>Plazo de entrega:<\/td>\n<td>En un plazo de 7 d\u00edas laborables<\/td>\n<\/tr>\n<tr>\n<td>Certificaci\u00f3n:<\/td>\n<td>SGS, ISO 9001<\/td>\n<\/tr>\n<tr>\n<td>Marca:<\/td>\n<td>LVYUAN<\/td>\n<\/tr>\n<\/tbody>\n<\/table>","protected":false},"featured_media":629,"comment_status":"open","ping_status":"closed","template":"","meta":{"_gspb_post_css":""},"product_brand":[],"product_cat":[17,21],"product_tag":[261,266,260,265,274,269],"class_list":{"0":"post-627","1":"product","2":"type-product","3":"status-publish","4":"has-post-thumbnail","6":"product_cat-sediment-filter","7":"product_cat-pleated-filter-cartridge","8":"product_tag-guangdong-china","9":"product_tag-guangzhou","10":"product_tag-iso-9001","11":"product_tag-lvyuan","12":"product_tag-ly-pl-ptfe","13":"product_tag-sgs","15":"first","16":"instock","17":"shipping-taxable","18":"product-type-simple"},"_links":{"self":[{"href":"https:\/\/lyfilter.com\/es\/wp-json\/wp\/v2\/product\/627","targetHints":{"allow":["GET"]}}],"collection":[{"href":"https:\/\/lyfilter.com\/es\/wp-json\/wp\/v2\/product"}],"about":[{"href":"https:\/\/lyfilter.com\/es\/wp-json\/wp\/v2\/types\/product"}],"replies":[{"embeddable":true,"href":"https:\/\/lyfilter.com\/es\/wp-json\/wp\/v2\/comments?post=627"}],"wp:featuredmedia":[{"embeddable":true,"href":"https:\/\/lyfilter.com\/es\/wp-json\/wp\/v2\/media\/629"}],"wp:attachment":[{"href":"https:\/\/lyfilter.com\/es\/wp-json\/wp\/v2\/media?parent=627"}],"wp:term":[{"taxonomy":"product_brand","embeddable":true,"href":"https:\/\/lyfilter.com\/es\/wp-json\/wp\/v2\/product_brand?post=627"},{"taxonomy":"product_cat","embeddable":true,"href":"https:\/\/lyfilter.com\/es\/wp-json\/wp\/v2\/product_cat?post=627"},{"taxonomy":"product_tag","embeddable":true,"href":"https:\/\/lyfilter.com\/es\/wp-json\/wp\/v2\/product_tag?post=627"}],"curies":[{"name":"wp","href":"https:\/\/api.w.org\/{rel}","templated":true}]}}