{"id":622,"date":"2025-12-24T03:22:19","date_gmt":"2025-12-24T03:22:19","guid":{"rendered":"https:\/\/lyfilter.com\/?post_type=product&#038;p=622"},"modified":"2025-12-24T06:44:10","modified_gmt":"2025-12-24T06:44:10","slug":"5-inch-10-inch-replacement-pp-pleated-water-filter-cartridge","status":"publish","type":"product","link":"https:\/\/lyfilter.com\/es\/5-inch-10-inch-replacement-pp-pleated-water-filter-cartridge\/","title":{"rendered":"Cartucho de filtro de agua plisado de PP de repuesto de 5 pulgadas y 10 pulgadas"},"content":{"rendered":"<div class=\"d-tem11-graphic tem11-graphic mockup\" data-detail=\"wrap\">\n<div class=\"tab_row\">\n<div class=\"img\"><img decoding=\"async\" title=\"\" src=\"https:\/\/img.yfisher.com\/m6076\/1725726646o9l\/jpg70-t3-scale100.webp\" alt=\"5 pulgadas 10 pulgadas Cartucho de filtro de agua plisado de PP de repuesto 5\" data-lazy=\"2\"><\/div>\n<div class=\"text_box\">\n<div class=\"txt\">\n<p>Los cartuchos filtrantes plisados de PP ofrecen una alta eficacia y una filtraci\u00f3n constante de fluidos en una amplia gama de aplicaciones cr\u00edticas.<\/p>\n<p>Est\u00e1n construidos de medios de filtro de membrana plisada que proporciona la eliminaci\u00f3n de part\u00edculas de 0,1 a 60um, el tama\u00f1o de poro no se ve afectada por la vibraci\u00f3n de la presi\u00f3n de alimentaci\u00f3n, debido a su baja presi\u00f3n diferencial \u00fanica, alto volumen de flujo, excelente micras de filtraci\u00f3n.<\/p>\n<p>La elevada superficie garantiza una larga vida \u00fatil y bajas ca\u00eddas de presi\u00f3n iniciales. Todos los componentes de hardware de los cartuchos est\u00e1n fabricados con materiales de polipropileno de alta pureza para su uso en aplicaciones de procesos cr\u00edticos. Todos los cartuchos se fabrican y ensamblan en un entorno de sala blanca para minimizar la posibilidad de contaminaci\u00f3n.<\/p>\n<p>Este tipo de cartuchos est\u00e1n disponibles en una amplia gama de configuraciones para adaptarse a la mayor\u00eda de las carcasas de filtros disponibles en el mercado.<\/p>\n<\/div>\n<\/div>\n<\/div>\n<\/div>\n<div class=\"er-fangkuang1\">\n<p>\u00a0 Caracter\u00edsticas del producto<\/p>\n<div class=\"description\">\n<ul>\n<li><span class=\"font-color\">\u25ea \u00a0 \u00a0<\/span>Excelente compatibilidad qu\u00edmica. Adecuado para filtrar disolventes org\u00e1nicos, bases \u00e1cidas.<\/li>\n<li><span class=\"font-color\">\u25ea\u00a0 \u00a0<\/span>La estructura multicapa de la membrana de PP permite un tama\u00f1o de poro de filtraci\u00f3n graduado y aumenta la capacidad de retenci\u00f3n de suciedad de los filtros de cartucho de agua plegado de PP.<\/li>\n<li><span class=\"font-color\">\u25ea\u00a0 \u00a0<\/span>Gran caudal, baja presi\u00f3n diferencial y larga vida \u00fatil.<\/li>\n<li><span class=\"font-color\">\u25ea\u00a0 \u00a0<\/span>Membrana hidr\u00f3fila de gran caudal.<\/li>\n<li><span class=\"font-color\">\u25ea\u00a0 \u00a0<\/span>El dise\u00f1o plisado aumenta el \u00e1rea de filtraci\u00f3n para una filtraci\u00f3n profunda.<\/li>\n<li><span class=\"font-color\">\u25ea\u00a0 \u00a0<\/span>Aplicaci\u00f3n de la t\u00e9cnica de uni\u00f3n t\u00e9rmica, resistente y no contaminante.<\/li>\n<li><span class=\"font-color\">\u25ea\u00a0 \u00a0<\/span>Rango completo de micras de eliminaci\u00f3n.<\/li>\n<li><span class=\"font-color\">\u25ea\u00a0 \u00a0<\/span>Densidad de poros graduada para una gran capacidad de retenci\u00f3n de la suciedad.<\/li>\n<li><span class=\"font-color\">\u25ea\u00a0 \u00a0<\/span>Uso com\u00fan en limpieza y esterilizaci\u00f3n con cabina y vapor a alta presi\u00f3n.<\/li>\n<\/ul>\n<\/div>\n<\/div>\n<div class=\"d-tem04-title text-left d-interval manS\" data-detail=\"wrap\">\n<h2 class=\"heading\">Par\u00e1metros del producto<\/h2>\n<\/div>\n<div class=\"table-responsive\">\n<table class=\"table table-bordered table-hover\">\n<tbody>\n<tr class=\"firstRow\">\n<td>Medio filtrante<\/td>\n<td>PP\/Polipropileno<\/td>\n<\/tr>\n<tr>\n<td>Ayuda<\/td>\n<td>PP\/Polipropileno<\/td>\n<\/tr>\n<tr>\n<td>N\u00facleo\/Tapa final<\/td>\n<td>PP\/Polipropileno<\/td>\n<\/tr>\n<tr>\n<td>Material de la junta<\/td>\n<td>Silicona\/EPDM\/NBR\/Vit\u00f3n\/Tefl\u00f3n<\/td>\n<\/tr>\n<tr>\n<td>Di\u00e1metro exterior<\/td>\n<td>2.7\u201d , personalizado<\/td>\n<\/tr>\n<tr>\n<td>Longitud<\/td>\n<td>9,75\u201d, 10\u201d, 20\u201d, 30\u201d, 40\u201d a medida<\/td>\n<\/tr>\n<tr>\n<td>Tapa<\/td>\n<td>DOE, 215, 222, 226, FIN, FLAT, Acero inoxidable o a medida.<\/td>\n<\/tr>\n<tr>\n<td>\u00c1rea de filtraci\u00f3n<\/td>\n<td>0.4-0.7m\u00b2 (10\u201d)<\/td>\n<\/tr>\n<tr>\n<td>Temperatura m\u00e1xima de funcionamiento<\/td>\n<td>88\u2103, 0,28Mpa. 60\u2103, 0,42Mpa.<\/td>\n<\/tr>\n<tr>\n<td>Micras (\u03bcm)<\/td>\n<td>0.1, 0.2, 0.45, 0.65, 1, 2, 3, 5, 10, 20, 25, 30, 50, 60<\/td>\n<\/tr>\n<\/tbody>\n<\/table>\n<\/div>\n<div class=\"d-tem04-title text-left d-interval manS\" data-detail=\"wrap\">\n<h2 class=\"heading\">Detalles del producto<\/h2>\n<\/div>\n<div class=\"d-tem05-technology mockup\" data-detail=\"wrap\">\n<div class=\"items\">\n<div class=\"item tab_row bg-color-before\">\n<div class=\"img d-font-size-fix\"><img decoding=\"async\" title=\"\" src=\"https:\/\/img.yfisher.com\/m6076\/1725726646zs0\/jpg70-t3-scale100.webp\" alt=\"5 pulgadas 10 pulgadas Recambio PP cartucho de filtro de agua plisado 6\" data-lazy=\"2\"><\/div>\n<div class=\"text_box\">\n<div class=\"txt font-color d-font-size-fix\">\n<div class=\"numbox\">parte.1<\/div>\n<div class=\"title\">Las tapas de polipropileno se unen t\u00e9rmicamente a los paquetes de medios, eliminando la necesidad de adhesivos que podr\u00edan reaccionar con fluidos de proceso cr\u00edticos o contaminarlos. Resistentes y no contaminantes.<\/div>\n<\/div>\n<\/div>\n<\/div>\n<div class=\"item tab_row bg-color-before\">\n<div class=\"img d-font-size-fix\"><img decoding=\"async\" title=\"\" src=\"https:\/\/img.yfisher.com\/m6076\/17257266461qh\/jpg70-t3-scale100.webp\" alt=\"5 pulgadas 10 pulgadas Cartucho de filtro de agua plisado de PP de repuesto 7\" data-lazy=\"2\"><\/div>\n<div class=\"text_box\">\n<div class=\"txt font-color d-font-size-fix\">\n<div class=\"numbox\">parte.2<\/div>\n<div class=\"title\">Alta eficiencia 100% todos los cartuchos de polipropileno con soporte de polipropileno duro n\u00facleo interno y n\u00facleo externo. Proporcionamos tama\u00f1os modificados para requisitos particulares para cumplir diversos clientes requeridos.<\/div>\n<\/div>\n<\/div>\n<\/div>\n<div class=\"item tab_row bg-color-before\">\n<div class=\"img d-font-size-fix\"><img decoding=\"async\" title=\"\" src=\"https:\/\/img.yfisher.com\/m6076\/1725726646n2s\/jpg70-t3-scale100.webp\" alt=\"5 pulgadas 10 pulgadas Recambio PP cartucho de filtro de agua plisado 8\" data-lazy=\"2\"><\/div>\n<div class=\"text_box\">\n<div class=\"txt font-color d-font-size-fix\">\n<div class=\"numbox\">parte.3<\/div>\n<div class=\"title\">Diferentes tapas finales para adaptarse a cualquier carcasa de filtro y la industria de filtraci\u00f3n, 100% todo el material plisado de polipropileno puro sin ning\u00fan aglutinante org\u00e1nico.<\/div>\n<\/div>\n<\/div>\n<\/div>\n<div class=\"item tab_row bg-color-before\">\n<div class=\"img d-font-size-fix\"><img decoding=\"async\" title=\"\" src=\"https:\/\/img.yfisher.com\/m6076\/1725726646s6k\/jpg70-t3-scale100.webp\" alt=\"5 pulgadas 10 pulgadas Cartucho de filtro de agua plisado de PP de repuesto 9\" data-lazy=\"2\"><\/div>\n<div class=\"text_box\">\n<div class=\"txt font-color d-font-size-fix\">\n<div class=\"numbox\">parte.4<\/div>\n<div class=\"title\">Cartucho filtrante plisado DOE de 20 pulgadas de material PP con junta de EPDM, multicapa de porosidad graduada.<\/div>\n<\/div>\n<\/div>\n<\/div>\n<div class=\"d-tem04-title text-left d-interval manS\" data-detail=\"wrap\">\n<h2 class=\"heading\">Aplicaciones de los productos<\/h2>\n<\/div>\n<div class=\"d-tem15-graphic mockup\" data-detail=\"wrap\">\n<div class=\"clearfix d-clearfix\">\n<div class=\"col-sm-12 col-md-4 col-xs-6\">\n<div class=\"thumbnail\"><img decoding=\"async\" title=\"\" src=\"https:\/\/img.yfisher.com\/m6076\/1725286972eol\/jpg70-t3-scale100.webp\" alt=\"Cartucho de filtro de agua plisado de PP de repuesto de 10 pulgadas y 5 pulgadas\" data-lazy=\"2\"><\/div>\n<div class=\"description\">\n<p>Sistema de \u00f3smosis inversa para prefiltraci\u00f3n de agua<\/p>\n<\/div>\n<\/div>\n<div class=\"col-sm-12 col-md-4 col-xs-6\">\n<div class=\"thumbnail\"><img decoding=\"async\" title=\"\" src=\"https:\/\/img.yfisher.com\/m6076\/1725726646jx2\/jpg70-t3-scale100.webp\" alt=\"5 pulgadas 10 pulgadas Recambio PP cartucho de filtro de agua plisado 11\" data-lazy=\"2\"><\/div>\n<div class=\"description\">Filtraci\u00f3n de bebidas<\/div>\n<\/div>\n<div class=\"col-sm-12 col-md-4 col-xs-6\">\n<div class=\"thumbnail\"><img decoding=\"async\" title=\"\" src=\"https:\/\/img.yfisher.com\/m6076\/1725286973s9v\/png70-t3-scale100.webp\" alt=\"5 pulgadas 10 pulgadas Recambio PP cartucho de filtro de agua plisado 12\" data-lazy=\"2\"><\/div>\n<div class=\"description\">Filtraci\u00f3n de agua mineral<\/div>\n<\/div>\n<\/div>\n<\/div>\n<div class=\"d-tem15-graphic mockup\" data-detail=\"wrap\">\n<div class=\"clearfix d-clearfix\">\n<div class=\"col-sm-12 col-md-4 col-xs-6\">\n<div class=\"thumbnail\"><img decoding=\"async\" title=\"\" src=\"https:\/\/img.yfisher.com\/m6076\/1725286973jsc\/png70-t3-scale100.webp\" alt=\"5 pulgadas 10 pulgadas Cartucho de filtro de agua plisado de PP de repuesto 13\" data-lazy=\"2\"><\/div>\n<div class=\"description\">Filtraci\u00f3n de disolvente org\u00e1nico y tinta<\/div>\n<\/div>\n<div class=\"col-sm-12 col-md-4 col-xs-6\">\n<div class=\"thumbnail\"><img decoding=\"async\" title=\"\" src=\"https:\/\/img.yfisher.com\/m6076\/1725286973e46\/jpg70-t3-scale100.webp\" alt=\"5 pulgadas 10 pulgadas Cartucho de filtro de agua plisado de PP de repuesto 14\" data-lazy=\"2\"><\/div>\n<div class=\"description\">Filtraci\u00f3n de productos farmac\u00e9uticos<\/div>\n<\/div>\n<div class=\"col-sm-12 col-md-4 col-xs-6\">\n<div class=\"thumbnail\"><img decoding=\"async\" title=\"\" src=\"https:\/\/img.yfisher.com\/m6076\/172528697395f\/jpg70-t3-scale100.webp\" alt=\"5 pulgadas 10 pulgadas Cartucho de filtro de agua plisado de PP de repuesto 15\" data-lazy=\"2\"><\/div>\n<div class=\"description\">Filtraci\u00f3n de productos biol\u00f3gicos<\/div>\n<\/div>\n<\/div>\n<\/div>\n<\/div>\n<\/div>","protected":false},"excerpt":{"rendered":"<table>\n<thead>\n<tr>\n<th>Puerto de salida:<\/th>\n<th>Guangzhou<\/th>\n<\/tr>\n<\/thead>\n<tbody>\n<tr>\n<td>Capacidad de producci\u00f3n:<\/td>\n<td>500 unidades\/Mes<\/td>\n<\/tr>\n<tr>\n<td>Lugar de origen:<\/td>\n<td>Guangdong, China<\/td>\n<\/tr>\n<tr>\n<td>Pago:<\/td>\n<td>T\/T, Alibaba Trade Assurance, paypal<\/td>\n<\/tr>\n<tr>\n<td>MOQ:<\/td>\n<td>10 unidades<\/td>\n<\/tr>\n<tr>\n<td>Modelo:<\/td>\n<td>LY-PL-PP<\/td>\n<\/tr>\n<tr>\n<td>Plazo de entrega:<\/td>\n<td>En un plazo de 7 d\u00edas laborables<\/td>\n<\/tr>\n<tr>\n<td>Certificaci\u00f3n:<\/td>\n<td>SGS, ISO 9001<\/td>\n<\/tr>\n<tr>\n<td>Marca:<\/td>\n<td>OEM\/Lvyuan<\/td>\n<\/tr>\n<\/tbody>\n<\/table>","protected":false},"featured_media":624,"comment_status":"open","ping_status":"closed","template":"","meta":{"_gspb_post_css":""},"product_brand":[],"product_cat":[21,17],"product_tag":[261,266,260,265,273,259],"class_list":{"0":"post-622","1":"product","2":"type-product","3":"status-publish","4":"has-post-thumbnail","6":"product_cat-pleated-filter-cartridge","7":"product_cat-sediment-filter","8":"product_tag-guangdong-china","9":"product_tag-guangzhou","10":"product_tag-iso-9001","11":"product_tag-lvyuan","12":"product_tag-ly-pl-pp","13":"product_tag-oem","15":"first","16":"instock","17":"shipping-taxable","18":"product-type-simple"},"_links":{"self":[{"href":"https:\/\/lyfilter.com\/es\/wp-json\/wp\/v2\/product\/622","targetHints":{"allow":["GET"]}}],"collection":[{"href":"https:\/\/lyfilter.com\/es\/wp-json\/wp\/v2\/product"}],"about":[{"href":"https:\/\/lyfilter.com\/es\/wp-json\/wp\/v2\/types\/product"}],"replies":[{"embeddable":true,"href":"https:\/\/lyfilter.com\/es\/wp-json\/wp\/v2\/comments?post=622"}],"wp:featuredmedia":[{"embeddable":true,"href":"https:\/\/lyfilter.com\/es\/wp-json\/wp\/v2\/media\/624"}],"wp:attachment":[{"href":"https:\/\/lyfilter.com\/es\/wp-json\/wp\/v2\/media?parent=622"}],"wp:term":[{"taxonomy":"product_brand","embeddable":true,"href":"https:\/\/lyfilter.com\/es\/wp-json\/wp\/v2\/product_brand?post=622"},{"taxonomy":"product_cat","embeddable":true,"href":"https:\/\/lyfilter.com\/es\/wp-json\/wp\/v2\/product_cat?post=622"},{"taxonomy":"product_tag","embeddable":true,"href":"https:\/\/lyfilter.com\/es\/wp-json\/wp\/v2\/product_tag?post=622"}],"curies":[{"name":"wp","href":"https:\/\/api.w.org\/{rel}","templated":true}]}}