{"id":617,"date":"2025-12-24T03:20:08","date_gmt":"2025-12-24T03:20:08","guid":{"rendered":"https:\/\/lyfilter.com\/?post_type=product&#038;p=617"},"modified":"2025-12-24T06:44:20","modified_gmt":"2025-12-24T06:44:20","slug":"0-2-%ce%bcm-5-inch-pes-membrane-pleated-cartridge-filters-manufacturer","status":"publish","type":"product","link":"https:\/\/lyfilter.com\/es\/0-2-%ce%bcm-5-inch-pes-membrane-pleated-cartridge-filters-manufacturer\/","title":{"rendered":"Fabricante de filtros de cartucho plisado de membrana PES de 0,2 \u03bcm y 5 pulgadas"},"content":{"rendered":"<div class=\"d-tem11-graphic tem11-graphic mockup\" data-detail=\"wrap\">\n<div class=\"tab_row\">\n<div class=\"img\"><img decoding=\"async\" title=\"\" src=\"https:\/\/img.yfisher.com\/m6076\/1725726643y2e\/png70-t3-scale100.webp\" alt=\"Filtros de cartucho plisado de membrana PES de 0,2 \u03bcm y 5 pulgadas fabricante 5\" data-lazy=\"2\"><\/div>\n<div class=\"text_box\">\n<div class=\"txt\">\n<p>El cartucho de filtro plisado PES se construye de polietersulfona importados (PES) los medios de comunicaci\u00f3n de membrana y materiales no tejidos de apoyo.el material de n\u00facleo de la jaula y tapas de los extremos es de polipropileno. Absoluta precisi\u00f3n de polietersulfona (PES) cartuchos de filtro de membrana, los adaptadores se sueldan t\u00e9rmicamente con los medios de comunicaci\u00f3n sin el uso de cualquier pegamento, no cualquier contaminaci\u00f3n.<\/p>\n<p>El cartucho filtrante PES es ideal para la prefiltraci\u00f3n cr\u00edtica para esterilizar aplicaciones y la filtraci\u00f3n final en una amplia gama de exigentes aplicaciones no est\u00e9riles. La membrana intr\u00ednsecamente hidr\u00f3fila no contiene tensioactivos ni agentes humectantes, lo que permite una filtraci\u00f3n y un caudal eficaces.<\/p>\n<p>Debido a su amplia gama de valores de PH y a su menor adsorci\u00f3n a las prote\u00ednas que la membrana de nailon, se ha convertido en el cartucho filtrante preferido para la filtraci\u00f3n final en las industrias farmac\u00e9utica, alimentaria y qu\u00edmica.<\/p>\n<\/div>\n<\/div>\n<\/div>\n<\/div>\n<div class=\"er-fangkuang1\">\n<p>\u00a0 Caracter\u00edsticas del producto<\/p>\n<div class=\"description\">\n<ul>\n<li><span class=\"font-color\">\u25ea \u00a0\u00a0<\/span>El producto ofrece una excelente eficacia de retenci\u00f3n y una vida \u00fatil prolongada, lo que lo convierte en un filtro ideal para la clarificaci\u00f3n de cerveza, vino y agua embotellada.<\/li>\n<\/ul>\n<ul>\n<li><span class=\"font-color\">\u25ea\u00a0 \u00a0<\/span>Excelente rendimiento de compatibilidad qu\u00edmica.<\/li>\n<li><span class=\"font-color\">\u25ea\u00a0 \u00a0<\/span>Resistencia a altas temperaturas, resistencia a \u00e1cidos y \u00e1lcalis.<\/li>\n<li><span class=\"font-color\">\u25ea\u00a0 \u00a0<\/span>Membrana hidr\u00f3fila de gran caudal.<\/li>\n<li><span class=\"font-color\">\u25ea\u00a0 \u00a0<\/span>No libera fibras y cumple los requisitos de la industria farmac\u00e9utica y alimentaria.<\/li>\n<li><span class=\"font-color\">\u25ea\u00a0 \u00a0<\/span>Los filtros de cartucho plisado PES se someten a pruebas de integridad durante la producci\u00f3n para garantizar su rendimiento y consistencia.<\/li>\n<\/ul>\n<\/div>\n<\/div>\n<div class=\"d-tem04-title text-left d-interval manS\" data-detail=\"wrap\">\n<h2 class=\"heading\">Par\u00e1metros del producto<\/h2>\n<\/div>\n<div class=\"table-responsive\">\n<table class=\"table table-bordered table-hover\">\n<tbody>\n<tr class=\"firstRow\">\n<td>Nombre del producto<\/td>\n<td>Filtro de cartucho plisado de membrana PES de 0,2 \u03bcm 5 pulgadas<\/td>\n<\/tr>\n<tr>\n<td>Medio filtrante<\/td>\n<td>PES (polietersulfona)<\/td>\n<\/tr>\n<tr>\n<td>Ayuda<\/td>\n<td>PP\/Polipropileno<\/td>\n<\/tr>\n<tr>\n<td>N\u00facleo\/Tapa final<\/td>\n<td>PP\/Polipropileno<\/td>\n<\/tr>\n<tr>\n<td>Material de la junta<\/td>\n<td>Silicona\/EPDM\/VITON\/PTFE\/NBR\/TEFLON<\/td>\n<\/tr>\n<tr>\n<td>Di\u00e1metro exterior<\/td>\n<td>2,7\u201d (69 mm)<\/td>\n<\/tr>\n<tr>\n<td>Longitud<\/td>\n<td>5\u201d, 9,75\u201d, 10\u201d, 20\u201d, 30\u201d, 40\u201d, Personalizado<\/td>\n<\/tr>\n<tr>\n<td>Tapa<\/td>\n<td>215\/222\/226\/FIN\/DOE\/SS<\/td>\n<\/tr>\n<tr>\n<td>\u00c1rea de filtraci\u00f3n<\/td>\n<td>\u22650.6m\u00b2<\/td>\n<\/tr>\n<tr>\n<td>Temperatura m\u00e1xima de funcionamiento<\/td>\n<td>\u2264140\u2103, 0,28Mpa<\/td>\n<\/tr>\n<tr>\n<td>Micras (\u03bcm)<\/td>\n<td>0.1, 0.2, 0.45, 0.65<\/td>\n<\/tr>\n<\/tbody>\n<\/table>\n<\/div>\n<div class=\"d-tem04-title text-left d-interval manS\" data-detail=\"wrap\">\n<h2 class=\"heading\">Detalles del producto<\/h2>\n<\/div>\n<div class=\"d-tem05-technology mockup\" data-detail=\"wrap\">\n<div class=\"items\">\n<div class=\"item tab_row bg-color-before\">\n<div class=\"img d-font-size-fix\"><img decoding=\"async\" title=\"\" src=\"https:\/\/img.yfisher.com\/m6076\/1725726643xgc\/png70-t3-scale100.webp\" alt=\"Filtros de cartucho plisado de membrana PES de 0,2 \u03bcm y 5 pulgadas fabricante 6\" data-lazy=\"2\"><\/div>\n<div class=\"text_box\">\n<div class=\"txt font-color d-font-size-fix\">\n<div class=\"numbox\">parte.1<\/div>\n<div class=\"title\">La integridad de la membrana monocapa y bicapa se comprueba durante la producci\u00f3n para garantizar su rendimiento y consistencia.<\/div>\n<\/div>\n<\/div>\n<\/div>\n<div class=\"item tab_row bg-color-before\">\n<div class=\"img d-font-size-fix\"><img decoding=\"async\" title=\"\" src=\"https:\/\/img.yfisher.com\/m6076\/1725726643w7c\/png70-t3-scale100.webp\" alt=\"Filtros de cartucho plisado de membrana PES de 0,2 \u03bcm y 5 pulgadas fabricante 7\" data-lazy=\"2\"><\/div>\n<div class=\"text_box\">\n<div class=\"txt font-color d-font-size-fix\">\n<div class=\"numbox\">parte.2<\/div>\n<div class=\"title\">Con una velocidad de 0,1 \u03bcm a 0,65 \u03bcm micras absolutas, la alta capacidad de caudal reduce la inversi\u00f3n en carcasas.<\/div>\n<\/div>\n<\/div>\n<\/div>\n<div class=\"item tab_row bg-color-before\">\n<div class=\"img d-font-size-fix\"><img decoding=\"async\" title=\"\" src=\"https:\/\/img.yfisher.com\/m6076\/1725726643ltg\/png70-t3-scale100.webp\" alt=\"Filtros de cartucho plisado de membrana PES de 0,2 \u03bcm y 5 pulgadas fabricante 8\" data-lazy=\"2\"><\/div>\n<div class=\"text_box\">\n<div class=\"txt font-color d-font-size-fix\">\n<div class=\"numbox\">parte.3<\/div>\n<div class=\"title\">Amplia compatibilidad qu\u00edmica y buena resistencia al calor, membrana de PES econ\u00f3mica e importada para su elecci\u00f3n.<\/div>\n<\/div>\n<\/div>\n<\/div>\n<div class=\"item tab_row bg-color-before\">\n<div class=\"img d-font-size-fix\"><img decoding=\"async\" title=\"\" src=\"https:\/\/img.yfisher.com\/m6076\/1725726643we2\/png70-t3-scale100.webp\" alt=\"Filtros de cartucho plisado de membrana PES de 0,2 \u03bcm y 5 pulgadas fabricante 9\" data-lazy=\"2\"><\/div>\n<div class=\"text_box\">\n<div class=\"txt font-color d-font-size-fix\">\n<div class=\"numbox\">parte.4<\/div>\n<div class=\"title\">Las diferentes tapas de los extremos del filtro de cartucho son opcionales. FIN\/215\/222\/FLAT\/226 y acero inoxidable.<\/div>\n<\/div>\n<\/div>\n<\/div>\n<div class=\"d-tem04-title text-left d-interval manS\" data-detail=\"wrap\">\n<h2 class=\"heading\">Aplicaciones de los productos<\/h2>\n<\/div>\n<div class=\"d-tem15-graphic mockup\" data-detail=\"wrap\">\n<div class=\"clearfix d-clearfix\">\n<div class=\"col-sm-12 col-md-4 col-xs-6\">\n<div class=\"thumbnail\"><img decoding=\"async\" title=\"\" src=\"https:\/\/img.yfisher.com\/m6076\/1725726643idj\/png70-t3-scale100.webp\" alt=\"Filtros de cartucho plisado de membrana PES de 0,2 \u03bcm y 5 pulgadas fabricante 10\" data-lazy=\"2\"><\/div>\n<div class=\"description\">\n<p>Medicina<\/p>\n<\/div>\n<\/div>\n<div class=\"col-sm-12 col-md-4 col-xs-6\">\n<div class=\"thumbnail\"><img decoding=\"async\" title=\"\" src=\"https:\/\/img.yfisher.com\/m6076\/1725726643og5\/png70-t3-scale100.webp\" alt=\"Filtros de cartucho plisado de membrana PES de 0,2 \u03bcm y 5 pulgadas fabricante 11\" data-lazy=\"2\"><\/div>\n<div class=\"description\">Biolog\u00eda Tecnolog\u00eda<\/div>\n<\/div>\n<div class=\"col-sm-12 col-md-4 col-xs-6\">\n<div class=\"thumbnail\"><img decoding=\"async\" title=\"\" src=\"https:\/\/img.yfisher.com\/m6076\/1725286973s9v\/png70-t3-scale100.webp\" alt=\"Filtros de cartucho plisado de membrana PES de 0,2 \u03bcm y 5 pulgadas fabricante 12\" data-lazy=\"2\"><\/div>\n<div class=\"description\">Agua ultrapura<\/div>\n<\/div>\n<\/div>\n<\/div>\n<div class=\"d-tem15-graphic mockup\" data-detail=\"wrap\">\n<div class=\"clearfix d-clearfix\">\n<div class=\"col-sm-12 col-md-4 col-xs-6\">\n<div class=\"thumbnail\"><img decoding=\"async\" title=\"\" src=\"https:\/\/img.yfisher.com\/m6076\/1725286973jsc\/png70-t3-scale100.webp\" alt=\"Filtros de cartucho plisado de membrana PES de 0,2 \u03bcm y 5 pulgadas fabricante 13\" data-lazy=\"2\"><\/div>\n<div class=\"description\">filtraci\u00f3n de materias primas qu\u00edmicas<\/div>\n<\/div>\n<div class=\"col-sm-12 col-md-4 col-xs-6\">\n<div class=\"thumbnail\"><img decoding=\"async\" title=\"\" src=\"https:\/\/img.yfisher.com\/m6076\/1725726643we2\/jpg70-t3-scale100.webp\" alt=\"Filtros de cartucho plisado de membrana PES de 0,2 \u03bcm y 5 pulgadas fabricante 14\" data-lazy=\"2\"><\/div>\n<div class=\"description\">Bebida<\/div>\n<\/div>\n<div class=\"col-sm-12 col-md-4 col-xs-6\">\n<div class=\"thumbnail\"><img decoding=\"async\" title=\"\" src=\"https:\/\/img.yfisher.com\/m6076\/1725726643yla\/png70-t3-scale100.webp\" alt=\"Filtros de cartucho plisado de membrana PES de 0,2 \u03bcm y 5 pulgadas fabricante 15\" data-lazy=\"2\"><\/div>\n<div class=\"description\">Cerveza<\/div>\n<\/div>\n<\/div>\n<\/div>\n<\/div>\n<\/div>","protected":false},"excerpt":{"rendered":"<table>\n<thead>\n<tr>\n<th>Puerto de salida:<\/th>\n<th>Guangzhou<\/th>\n<\/tr>\n<\/thead>\n<tbody>\n<tr>\n<td>Capacidad de producci\u00f3n:<\/td>\n<td>500 unidades\/Mes<\/td>\n<\/tr>\n<tr>\n<td>Lugar de origen:<\/td>\n<td>Guangdong, China<\/td>\n<\/tr>\n<tr>\n<td>Pago:<\/td>\n<td>T\/T, Western Union, MoneyGram, Alibaba Trade Assurance, paypal<\/td>\n<\/tr>\n<tr>\n<td>MOQ:<\/td>\n<td>10 unidades<\/td>\n<\/tr>\n<tr>\n<td>Modelo:<\/td>\n<td>LY-PL-PES<\/td>\n<\/tr>\n<tr>\n<td>Plazo de entrega:<\/td>\n<td>En un plazo de 7 d\u00edas laborables<\/td>\n<\/tr>\n<tr>\n<td>Certificaci\u00f3n:<\/td>\n<td>SGS<\/td>\n<\/tr>\n<tr>\n<td>Marca:<\/td>\n<td>OEM\/Lvyuan<\/td>\n<\/tr>\n<\/tbody>\n<\/table>","protected":false},"featured_media":618,"comment_status":"open","ping_status":"closed","template":"","meta":{"_gspb_post_css":""},"product_brand":[],"product_cat":[21,17],"product_tag":[261,266,265,272,259,269],"class_list":{"0":"post-617","1":"product","2":"type-product","3":"status-publish","4":"has-post-thumbnail","6":"product_cat-pleated-filter-cartridge","7":"product_cat-sediment-filter","8":"product_tag-guangdong-china","9":"product_tag-guangzhou","10":"product_tag-lvyuan","11":"product_tag-ly-pl-pes","12":"product_tag-oem","13":"product_tag-sgs","15":"first","16":"instock","17":"shipping-taxable","18":"product-type-simple"},"_links":{"self":[{"href":"https:\/\/lyfilter.com\/es\/wp-json\/wp\/v2\/product\/617","targetHints":{"allow":["GET"]}}],"collection":[{"href":"https:\/\/lyfilter.com\/es\/wp-json\/wp\/v2\/product"}],"about":[{"href":"https:\/\/lyfilter.com\/es\/wp-json\/wp\/v2\/types\/product"}],"replies":[{"embeddable":true,"href":"https:\/\/lyfilter.com\/es\/wp-json\/wp\/v2\/comments?post=617"}],"wp:featuredmedia":[{"embeddable":true,"href":"https:\/\/lyfilter.com\/es\/wp-json\/wp\/v2\/media\/618"}],"wp:attachment":[{"href":"https:\/\/lyfilter.com\/es\/wp-json\/wp\/v2\/media?parent=617"}],"wp:term":[{"taxonomy":"product_brand","embeddable":true,"href":"https:\/\/lyfilter.com\/es\/wp-json\/wp\/v2\/product_brand?post=617"},{"taxonomy":"product_cat","embeddable":true,"href":"https:\/\/lyfilter.com\/es\/wp-json\/wp\/v2\/product_cat?post=617"},{"taxonomy":"product_tag","embeddable":true,"href":"https:\/\/lyfilter.com\/es\/wp-json\/wp\/v2\/product_tag?post=617"}],"curies":[{"name":"wp","href":"https:\/\/api.w.org\/{rel}","templated":true}]}}