{"id":611,"date":"2025-12-24T03:18:18","date_gmt":"2025-12-24T03:18:18","guid":{"rendered":"https:\/\/lyfilter.com\/?post_type=product&#038;p=611"},"modified":"2025-12-24T06:48:13","modified_gmt":"2025-12-24T06:48:13","slug":"30-inch-nylon-n66-membrane-pleated-water-filter-cartridge-suppliers","status":"publish","type":"product","link":"https:\/\/lyfilter.com\/es\/30-inch-nylon-n66-membrane-pleated-water-filter-cartridge-suppliers\/","title":{"rendered":"30 pulgadas de Nylon N66 cartucho de filtro de agua de membrana plisada proveedores"},"content":{"rendered":"<div class=\"d-tem11-graphic tem11-graphic mockup\" data-detail=\"wrap\">\n<div class=\"tab_row\">\n<div class=\"img\"><img decoding=\"async\" title=\"\" src=\"https:\/\/img.yfisher.com\/m6076\/17257266419wj\/jpg70-t3-scale100.webp\" alt=\"30 pulgadas de Nylon N66 membrana plisada cartucho de filtro de agua proveedores 2\" data-lazy=\"2\"><\/div>\n<div class=\"text_box\">\n<div class=\"txt\">\n<div class=\"title\">El cartucho filtrante plisado N6 est\u00e1 fabricado con medios de Nylon 6 y materiales de soporte no tejidos. Los adaptadores se sueldan t\u00e9rmicamente con los medios de comunicaci\u00f3n sin utilizar ning\u00fan pegamento, no cualquier contaminaci\u00f3n y excrementos. Limpio y estable, cada cartucho de filtro ha pasado estrictas pruebas de integridad 100%. Estricto entorno de producci\u00f3n y mejor garantiza la seguridad de la filtraci\u00f3n. El cartucho de filtro plisado de nylon o filtro de cartucho plisado de membrana de nylon utiliza grado de alta pureza de las membranas de nylon 66 en los medios de comunicaci\u00f3n de material de poli\u00e9ster no tejido. Principalmente para aplicaciones de la etapa final de filtraci\u00f3n.<\/div>\n<\/div>\n<\/div>\n<\/div>\n<\/div>\n<div class=\"er-fangkuang1\">\n<p>\u00a0 Caracter\u00edsticas del producto<\/p>\n<div class=\"description\">\n<ul>\n<li><span class=\"font-color\">\u25ea \u00a0\u00a0<\/span>Gran capacidad de retenci\u00f3n de la suciedad y larga vida \u00fatil.<\/li>\n<li><span class=\"font-color\">\u25ea\u00a0\u00a0<\/span>\u00a0La membrana de nylon no necesita pre-humectaci\u00f3n debido a su hidrofilia.<\/li>\n<li><span class=\"font-color\">\u25ea\u00a0 \u00a0<\/span>El di\u00e1metro de poro de distribuido uniformemente, buen efecto de filtraci\u00f3n.<\/li>\n<li><span class=\"font-color\">\u25ea\u00a0 \u00a0<\/span>Excelente compatibilidad qu\u00edmica, compatible con la mayor\u00eda de los reactivos sanitarios, incluyendo hasta 50% de H2O2 y hasta 1,6% de lej\u00eda (800PPmNaClo).<\/li>\n<li><span class=\"font-color\">\u25ea\u00a0 \u00a0<\/span>Sin liberaci\u00f3n de fibras, totalmente conforme a las normas de la industria farmac\u00e9utica.<\/li>\n<\/ul>\n<\/div>\n<\/div>\n<div class=\"d-tem04-title text-left d-interval manS\" data-detail=\"wrap\">\n<h2 class=\"heading\">Par\u00e1metros del producto<\/h2>\n<\/div>\n<div class=\"table-responsive\">\n<table class=\"table table-bordered table-hover\">\n<tbody>\n<tr class=\"firstRow\">\n<td>Nombre del producto<\/td>\n<td>Elemento filtrante plisado de membrana de nailon N66 de 30 pulgadas con adaptador 226 (LY-PL-N66)<\/td>\n<\/tr>\n<tr>\n<td>Medio filtrante<\/td>\n<td>Nylon(N66 )<\/td>\n<\/tr>\n<tr>\n<td>Ayuda<\/td>\n<td>PP\/Polipropileno<\/td>\n<\/tr>\n<tr>\n<td>N\u00facleo\/Tapa final<\/td>\n<td>PP\/Polipropileno<\/td>\n<\/tr>\n<tr>\n<td>Material de la junta<\/td>\n<td>Silicona\/EPDM\/VITON\/PTFE\/NBR\/TEFLON<\/td>\n<\/tr>\n<tr>\n<td>Di\u00e1metro exterior<\/td>\n<td>2,7\u201d (69 mm)<\/td>\n<\/tr>\n<tr>\n<td>Longitud<\/td>\n<td>5\u201d, 9,75\u201d, 10\u201d, 20\u201d, 30\u201d, 40\u201d, Personalizado<\/td>\n<\/tr>\n<tr>\n<td>Tapa<\/td>\n<td>215\/222\/226\/FIN\/DOE\/SS<\/td>\n<\/tr>\n<tr>\n<td>\u00c1rea de filtraci\u00f3n<\/td>\n<td>\u22650.6m\u00b2<\/td>\n<\/tr>\n<tr>\n<td>Temperatura m\u00e1xima de funcionamiento<\/td>\n<td>\u2264 49\u2103<\/td>\n<\/tr>\n<tr>\n<td>Micras (\u03bcm)<\/td>\n<td>0.2, 0.45, 0.65, 1<\/td>\n<\/tr>\n<\/tbody>\n<\/table>\n<\/div>\n<div class=\"d-tem04-title text-left d-interval manS\" data-detail=\"wrap\">\n<h2 class=\"heading\">Detalles del producto<\/h2>\n<\/div>\n<div class=\"d-tem05-technology mockup\" data-detail=\"wrap\">\n<div class=\"items\">\n<div class=\"item tab_row bg-color-before\">\n<div class=\"img d-font-size-fix\"><img decoding=\"async\" title=\"\" src=\"https:\/\/img.yfisher.com\/m6076\/1725726641vkd\/jpg70-t3-scale100.webp\" alt=\"30 pulgadas de Nylon N66 cartucho de filtro de agua de membrana plisada proveedores 3\" data-lazy=\"2\"><\/div>\n<div class=\"text_box\">\n<div class=\"txt font-color d-font-size-fix\">\n<div class=\"numbox\">parte.1<\/div>\n<div class=\"title\">El micraje de la membrana es opcional. Las opciones para este sitio incluyen 0,03 a 0,45 micras en 10\u2033 a 40\u2033 de longitud con cualquiera de los dos.<\/div>\n<\/div>\n<\/div>\n<\/div>\n<div class=\"item tab_row bg-color-before\">\n<div class=\"img d-font-size-fix\"><img decoding=\"async\" title=\"\" src=\"https:\/\/img.yfisher.com\/m6076\/1725726641cip\/jpg70-t3-scale100.webp\" alt=\"30 pulgadas de Nylon N66 membrana plisada cartucho de filtro de agua proveedores 4\" data-lazy=\"2\"><\/div>\n<div class=\"text_box\">\n<div class=\"txt font-color d-font-size-fix\">\n<div class=\"numbox\">parte.2<\/div>\n<div class=\"title\">Configuraciones de extremo abierto doble (DOE), 222 o 226, todas vienen de serie con juntas de EPDM\/PTFE\/SILICONA\/TEFLON.<\/div>\n<\/div>\n<\/div>\n<\/div>\n<div class=\"item tab_row bg-color-before\">\n<div class=\"img d-font-size-fix\"><img decoding=\"async\" title=\"\" src=\"https:\/\/img.yfisher.com\/m6076\/172572664168b\/jpg70-t3-scale100.webp\" alt=\"30 pulgadas de Nylon N66 membrana plisada cartucho de filtro de agua proveedores 5\" data-lazy=\"2\"><\/div>\n<div class=\"text_box\">\n<div class=\"txt font-color d-font-size-fix\">\n<div class=\"numbox\">parte.3<\/div>\n<div class=\"title\">El material del n\u00facleo del filtro y de la junta t\u00f3rica, as\u00ed como el n\u00famero de capas de membrana, ofrecen m\u00e1s opciones a los usuarios<\/div>\n<\/div>\n<\/div>\n<\/div>\n<div class=\"item tab_row bg-color-before\">\n<div class=\"img d-font-size-fix\"><img decoding=\"async\" title=\"\" src=\"https:\/\/img.yfisher.com\/m6076\/1725726641jhy\/jpg70-t3-scale100.webp\" alt=\"30 pulgadas de Nylon N66 membrana plisada cartucho de filtro de agua proveedores 6\" data-lazy=\"2\"><\/div>\n<div class=\"text_box\">\n<div class=\"txt font-color d-font-size-fix\">\n<div class=\"numbox\">parte.4<\/div>\n<div class=\"title\">Todas las piezas de los cartuchos filtrantes son de alta calidad para cumplir los requisitos de farmacia.<\/div>\n<\/div>\n<\/div>\n<\/div>\n<div class=\"d-tem04-title text-left d-interval manS\" data-detail=\"wrap\">\n<h2 class=\"heading\">Aplicaciones de los productos<\/h2>\n<\/div>\n<div class=\"d-tem15-graphic mockup\" data-detail=\"wrap\">\n<div class=\"clearfix d-clearfix\">\n<div class=\"col-sm-12 col-md-4 col-xs-6\">\n<div class=\"thumbnail\"><img decoding=\"async\" title=\"\" src=\"https:\/\/img.yfisher.com\/m6076\/17252869702lg\/jpg70-t3-scale100.webp\" alt=\"30 pulgadas de Nylon N66 membrana plisada cartucho de filtro de agua proveedores 7\" data-lazy=\"2\"><\/div>\n<div class=\"description\">\n<p>Pretratamiento del agua del grifo con \u00f3smosis inversa<\/p>\n<\/div>\n<\/div>\n<div class=\"col-sm-12 col-md-4 col-xs-6\">\n<div class=\"thumbnail\"><img decoding=\"async\" title=\"\" src=\"https:\/\/img.yfisher.com\/m6076\/1725286970srn\/jpg70-t3-scale100.webp\" alt=\"30 pulgadas de Nylon N66 membrana plisada cartucho de filtro de agua proveedores 8\" data-lazy=\"2\"><\/div>\n<div class=\"description\">Agua industrial, filtraci\u00f3n de chapado<\/div>\n<\/div>\n<div class=\"col-sm-12 col-md-4 col-xs-6\">\n<div class=\"thumbnail\"><img decoding=\"async\" title=\"\" src=\"https:\/\/img.yfisher.com\/m6076\/1725286970f8t\/jpg70-t3-scale100.webp\" alt=\"30 pulgadas de Nylon N66 membrana plisada cartucho de filtro de agua proveedores 9\" data-lazy=\"2\"><\/div>\n<div class=\"description\">Alimentaci\u00f3n y bebidas<\/div>\n<\/div>\n<\/div>\n<\/div>\n<div class=\"d-tem15-graphic mockup\" data-detail=\"wrap\">\n<div class=\"clearfix d-clearfix\">\n<div class=\"col-sm-12 col-md-4 col-xs-6\">\n<div class=\"thumbnail\"><img decoding=\"async\" title=\"\" src=\"https:\/\/img.yfisher.com\/m6076\/1725286970bzw\/jpg70-t3-scale100.webp\" alt=\"30 pulgadas de Nylon N66 membrana plisada cartucho de filtro de agua proveedores 10\" data-lazy=\"2\"><\/div>\n<div class=\"description\">Prefiltraci\u00f3n de agua est\u00e9ril y agua ultrapura<\/div>\n<\/div>\n<div class=\"col-sm-12 col-md-4 col-xs-6\">\n<div class=\"thumbnail\"><img decoding=\"async\" title=\"\" src=\"https:\/\/img.yfisher.com\/m6076\/1725286970fd2\/jpg70-t3-scale100.webp\" alt=\"30 pulgadas de Nylon N66 cartucho de filtro de agua de membrana plisada proveedores 11\" data-lazy=\"2\"><\/div>\n<div class=\"description\">Agua qu\u00edmica y disolvente<\/div>\n<\/div>\n<div class=\"col-sm-12 col-md-4 col-xs-6\">\n<div class=\"thumbnail\"><img decoding=\"async\" title=\"\" src=\"https:\/\/img.yfisher.com\/m6076\/1725286970v45\/jpg70-t3-scale100.webp\" alt=\"30 pulgadas de Nylon N66 cartucho de filtro de agua de membrana plisada proveedores 12\" data-lazy=\"2\"><\/div>\n<div class=\"description\">Desalinizaci\u00f3n del agua de mar<\/div>\n<\/div>\n<\/div>\n<\/div>\n<\/div>\n<\/div>","protected":false},"excerpt":{"rendered":"<table>\n<thead>\n<tr>\n<th>Puerto de salida:<\/th>\n<th>Guangzhou<\/th>\n<\/tr>\n<\/thead>\n<tbody>\n<tr>\n<td>Capacidad de producci\u00f3n:<\/td>\n<td>500 unidades\/Mes<\/td>\n<\/tr>\n<tr>\n<td>Lugar de origen:<\/td>\n<td>Guanddong, China<\/td>\n<\/tr>\n<tr>\n<td>Pago:<\/td>\n<td>T\/T, Western Union, Alibaba Trade Assurance, paypal<\/td>\n<\/tr>\n<tr>\n<td>MOQ:<\/td>\n<td>10 unidades<\/td>\n<\/tr>\n<tr>\n<td>Modelo:<\/td>\n<td>LY-PL-N66<\/td>\n<\/tr>\n<tr>\n<td>Plazo de entrega:<\/td>\n<td>En un plazo de 7 d\u00edas tras el pago completo.<\/td>\n<\/tr>\n<tr>\n<td>Certificaci\u00f3n:<\/td>\n<td>SGS<\/td>\n<\/tr>\n<tr>\n<td>Marca:<\/td>\n<td>OEM\/Lvyuan<\/td>\n<\/tr>\n<\/tbody>\n<\/table>","protected":false},"featured_media":615,"comment_status":"open","ping_status":"closed","template":"","meta":{"_gspb_post_css":""},"product_brand":[],"product_cat":[17,21],"product_tag":[261,266,265,271,259,269],"class_list":{"0":"post-611","1":"product","2":"type-product","3":"status-publish","4":"has-post-thumbnail","6":"product_cat-sediment-filter","7":"product_cat-pleated-filter-cartridge","8":"product_tag-guangdong-china","9":"product_tag-guangzhou","10":"product_tag-lvyuan","11":"product_tag-ly-pl-n66","12":"product_tag-oem","13":"product_tag-sgs","15":"first","16":"instock","17":"shipping-taxable","18":"product-type-simple"},"_links":{"self":[{"href":"https:\/\/lyfilter.com\/es\/wp-json\/wp\/v2\/product\/611","targetHints":{"allow":["GET"]}}],"collection":[{"href":"https:\/\/lyfilter.com\/es\/wp-json\/wp\/v2\/product"}],"about":[{"href":"https:\/\/lyfilter.com\/es\/wp-json\/wp\/v2\/types\/product"}],"replies":[{"embeddable":true,"href":"https:\/\/lyfilter.com\/es\/wp-json\/wp\/v2\/comments?post=611"}],"wp:featuredmedia":[{"embeddable":true,"href":"https:\/\/lyfilter.com\/es\/wp-json\/wp\/v2\/media\/615"}],"wp:attachment":[{"href":"https:\/\/lyfilter.com\/es\/wp-json\/wp\/v2\/media?parent=611"}],"wp:term":[{"taxonomy":"product_brand","embeddable":true,"href":"https:\/\/lyfilter.com\/es\/wp-json\/wp\/v2\/product_brand?post=611"},{"taxonomy":"product_cat","embeddable":true,"href":"https:\/\/lyfilter.com\/es\/wp-json\/wp\/v2\/product_cat?post=611"},{"taxonomy":"product_tag","embeddable":true,"href":"https:\/\/lyfilter.com\/es\/wp-json\/wp\/v2\/product_tag?post=611"}],"curies":[{"name":"wp","href":"https:\/\/api.w.org\/{rel}","templated":true}]}}