{"id":604,"date":"2025-12-24T03:15:40","date_gmt":"2025-12-24T03:15:40","guid":{"rendered":"https:\/\/lyfilter.com\/?post_type=product&#038;p=604"},"modified":"2025-12-24T03:15:40","modified_gmt":"2025-12-24T03:15:40","slug":"customized-specification-polypropylene-pp-melt-blown-filter-cartridge","status":"publish","type":"product","link":"https:\/\/lyfilter.com\/es\/customized-specification-polypropylene-pp-melt-blown-filter-cartridge\/","title":{"rendered":"Especificaci\u00f3n personalizada Polipropileno PP Melt Blown Filtro Cartucho"},"content":{"rendered":"<div class=\"d-tem11-graphic tem11-graphic mockup\" data-detail=\"wrap\">\n<div class=\"tab_row\">\n<div class=\"img\"><img decoding=\"async\" title=\"\" src=\"https:\/\/img.yfisher.com\/m6076\/1725286970vgl\/jpg70-t3-scale100.webp\" alt=\"Especificaci\u00f3n personalizada Polipropileno PP Melt Blown Filtro Cartucho 6\" data-lazy=\"2\"><\/div>\n<div class=\"text_box\">\n<div class=\"txt\">\n<div class=\"title\">\n<p>Lvyuan pp fundido soplado serie de cartuchos de filtro es un tipo de cartucho de filtro est\u00e1ndar y simple para la purificaci\u00f3n del agua.<\/p>\n<p>Est\u00e1 fusionado y entrelazado de fibra de polipropileno sin ning\u00fan tipo de colas qu\u00edmicas. Se hace de 100% materia prima de polipropileno puro. Este cartucho de filtro es al azar para formar 3D micro poro que har\u00e1 que el cartucho de 3 capas con fibras finas en la superficie y la fibra gruesa y filtraci\u00f3n profunda.<\/p>\n<p>Como la fibra y la densidad de alto grado de filtraci\u00f3n y la capacidad de retenci\u00f3n de contaminantes en el di\u00e1metro del cartucho de filtro, baja ca\u00edda de presi\u00f3n, el cambio gradual de la estructura de filtraci\u00f3n profunda con suelta exterior y cerrar interior, fuerte capacidad de retenci\u00f3n de contaminantes, puede eliminar los contaminantes de manera efectiva, tales como sustancias en suspensi\u00f3n, part\u00edculas y \u00f3xido, proporcionando una filtraci\u00f3n eficiente y larga vida \u00fatil.<\/p>\n<\/div>\n<\/div>\n<\/div>\n<\/div>\n<\/div>\n<div class=\"er-fangkuang1\">\n<p>\u00a0 Caracter\u00edsticas del producto<\/p>\n<div class=\"description\">\n<ul>\n<li><span class=\"font-color\">\u25ea \u00a0\u00a0<\/span>Gran capacidad de retenci\u00f3n de la suciedad y larga vida \u00fatil.<\/li>\n<li><span class=\"font-color\">\u25ea\u00a0 \u00a0<\/span>Precinto de acero de tama\u00f1o y logotipo personalizados.<\/li>\n<li><span class=\"font-color\">\u25ea\u00a0 \u00a0<\/span>No causar\u00eda ninguna ca\u00edda de fibra.<\/li>\n<li><span class=\"font-color\">\u25ea\u00a0 \u00a0<\/span>Gran compatibilidad qu\u00edmica.<\/li>\n<li><span class=\"font-color\">\u25ea\u00a0 \u00a0<\/span>Sin colas ni aditivos.<\/li>\n<li><span class=\"font-color\">\u25ea\u00a0 \u00a0<\/span>Personalizaci\u00f3n del peso en gramos.<\/li>\n<\/ul>\n<\/div>\n<\/div>\n<div class=\"d-tem04-title text-left d-interval manS\" data-detail=\"wrap\">\n<h2 class=\"heading\">Par\u00e1metros del producto<\/h2>\n<\/div>\n<div class=\"table-responsive\">\n<table class=\"table table-bordered table-hover\">\n<tbody>\n<tr class=\"firstRow\">\n<td>Material del medio filtrante<\/td>\n<td>PP\uff08polipropileno\uff09<\/td>\n<\/tr>\n<tr>\n<td>N\u00facleo central<\/td>\n<td>PP\/Ninguna<\/td>\n<\/tr>\n<tr>\n<td>Tapas<\/td>\n<td>PP<\/td>\n<\/tr>\n<tr>\n<td>Material de la junta<\/td>\n<td>Silicona, EPDM, NBR, VITON, TEFLON, etc.<\/td>\n<\/tr>\n<tr>\n<td>C\u00f3digo<\/td>\n<td>DOE, SOE, a medida<\/td>\n<\/tr>\n<tr>\n<td>Superficie<\/td>\n<td>Brillante, estriado, gofrado con agujas, superficie de piel de naranja<\/td>\n<\/tr>\n<tr>\n<td>Di\u00e1metro interior<\/td>\n<td>20 mm, 28 mm, 30 mm, 200 mm, a medida<\/td>\n<\/tr>\n<tr>\n<td>Di\u00e1metro exterior<\/td>\n<td>60 mm, 63 mm , 65 mm, 110 mm, 115 mm, a medida<\/td>\n<\/tr>\n<tr>\n<td>Longitud<\/td>\n<td>10\/20\/30\/40 pulgadas o personalizado<\/td>\n<\/tr>\n<tr>\n<td>Presi\u00f3n diferencial m\u00e1xima<\/td>\n<td>3,5 bar a 20\u2103<\/td>\n<\/tr>\n<tr>\n<td>Temperatura m\u00e1xima de funcionamiento<\/td>\n<td>82\u2103<\/td>\n<\/tr>\n<tr>\n<td>Presi\u00f3n diferencial de sustituci\u00f3n<\/td>\n<td>1-1,5bar<\/td>\n<\/tr>\n<\/tbody>\n<\/table>\n<\/div>\n<div class=\"d-tem04-title text-left d-interval manS\" data-detail=\"wrap\">\n<h2 class=\"heading\">Detalles del producto<\/h2>\n<\/div>\n<p>\u2605 Con diez a\u00f1os de experiencia en el cartucho de filtro de sedimentos PP, podemos proporcionar variadas especificaciones como diferentes OD y longitud, multi-adpator, apariencia diferente, dos precisi\u00f3n, gramo personalizado.<\/p>\n<div class=\"d-tem05-technology mockup\" data-detail=\"wrap\">\n<div class=\"items\">\n<div class=\"item tab_row bg-color-before\">\n<div class=\"img d-font-size-fix\"><img decoding=\"async\" title=\"\" src=\"https:\/\/img.yfisher.com\/m6076\/17252869705cs\/jpg70-t3-scale100.webp\" alt=\"Especificaci\u00f3n personalizada Polipropileno PP Melt Blown Filtro Cartucho 7\" data-lazy=\"2\"><\/div>\n<div class=\"text_box\">\n<div class=\"txt font-color d-font-size-fix\">\n<div class=\"numbox\">parte.1<\/div>\n<div class=\"title\">Se aceptan tama\u00f1os y longitudes personalizados<\/div>\n<\/div>\n<\/div>\n<\/div>\n<div class=\"item tab_row bg-color-before\">\n<div class=\"img d-font-size-fix\"><img decoding=\"async\" title=\"\" src=\"https:\/\/img.yfisher.com\/m6076\/1725286970so1\/jpg70-t3-scale100.webp\" alt=\"Especificaci\u00f3n personalizada Polipropileno PP Melt Blown Filtro Cartucho 8\" data-lazy=\"2\"><\/div>\n<div class=\"text_box\">\n<div class=\"txt font-color d-font-size-fix\">\n<div class=\"numbox\">parte.2<\/div>\n<div class=\"title\">Acepta anuncios personalizados<\/div>\n<\/div>\n<\/div>\n<\/div>\n<div class=\"item tab_row bg-color-before\">\n<div class=\"img d-font-size-fix\"><img decoding=\"async\" title=\"\" src=\"https:\/\/img.yfisher.com\/m6076\/17252869708eg\/jpg70-t3-scale100.webp\" alt=\"Especificaci\u00f3n personalizada Polipropileno PP Melt Blown Filtro Cartucho 9\" data-lazy=\"2\"><\/div>\n<div class=\"text_box\">\n<div class=\"txt font-color d-font-size-fix\">\n<div class=\"numbox\">parte.3<\/div>\n<div class=\"title\">Aceptar personalizar la apariencia<\/div>\n<\/div>\n<\/div>\n<\/div>\n<div class=\"item tab_row bg-color-before\">\n<div class=\"img d-font-size-fix\"><img decoding=\"async\" title=\"\" src=\"https:\/\/img.yfisher.com\/m6076\/1725286970x78\/jpg70-t3-scale100.webp\" alt=\"Especificaci\u00f3n personalizada Polipropileno PP Melt Blown Filtro Cartucho 10\" data-lazy=\"2\"><\/div>\n<div class=\"text_box\">\n<div class=\"txt font-color d-font-size-fix\">\n<div class=\"numbox\">parte.4<\/div>\n<div class=\"title\">Aceptar dos precisiones<\/div>\n<\/div>\n<\/div>\n<\/div>\n<div class=\"item tab_row bg-color-before\">\n<div class=\"img d-font-size-fix\"><img decoding=\"async\" title=\"\" src=\"https:\/\/img.yfisher.com\/m6076\/1725286970i3a\/jpg70-t3-scale100.webp\" alt=\"Especificaci\u00f3n personalizada Polipropileno PP Melt Blown Filtro Cartucho 11\" data-lazy=\"2\"><\/div>\n<div class=\"text_box\">\n<div class=\"txt font-color d-font-size-fix\">\n<div class=\"numbox\">parte.5<\/div>\n<div class=\"title\">Acepta gramos personalizados<\/div>\n<\/div>\n<\/div>\n<\/div>\n<div class=\"d-tem04-title text-left d-interval manS\" data-detail=\"wrap\">\n<h2 class=\"heading\">Aplicaciones de los productos<\/h2>\n<\/div>\n<div class=\"d-tem15-graphic mockup\" data-detail=\"wrap\">\n<div class=\"clearfix d-clearfix\">\n<div class=\"col-sm-12 col-md-4 col-xs-6\">\n<div class=\"thumbnail\"><img decoding=\"async\" title=\"\" src=\"https:\/\/img.yfisher.com\/m6076\/17252869702lg\/jpg70-t3-scale100.webp\" alt=\"Especificaci\u00f3n personalizada Polipropileno PP Melt Blown Filtro Cartucho 12\" data-lazy=\"2\"><\/div>\n<div class=\"description\">\n<p>Pretratamiento del agua del grifo con \u00f3smosis inversa<\/p>\n<\/div>\n<\/div>\n<div class=\"col-sm-12 col-md-4 col-xs-6\">\n<div class=\"thumbnail\"><img decoding=\"async\" title=\"\" src=\"https:\/\/img.yfisher.com\/m6076\/1725286970srn\/jpg70-t3-scale100.webp\" alt=\"Especificaci\u00f3n personalizada Polipropileno PP Melt Blown Filtro Cartucho 13\" data-lazy=\"2\"><\/div>\n<div class=\"description\">Agua industrial, filtraci\u00f3n de chapado<\/div>\n<\/div>\n<div class=\"col-sm-12 col-md-4 col-xs-6\">\n<div class=\"thumbnail\"><img decoding=\"async\" title=\"\" src=\"https:\/\/img.yfisher.com\/m6076\/1725286970f8t\/jpg70-t3-scale100.webp\" alt=\"Especificaci\u00f3n personalizada Polipropileno PP Melt Blown Filtro Cartucho 14\" data-lazy=\"2\"><\/div>\n<div class=\"description\">Alimentaci\u00f3n y bebidas<\/div>\n<\/div>\n<\/div>\n<\/div>\n<div class=\"d-tem15-graphic mockup\" data-detail=\"wrap\">\n<div class=\"clearfix d-clearfix\">\n<div class=\"col-sm-12 col-md-4 col-xs-6\">\n<div class=\"thumbnail\"><img decoding=\"async\" title=\"\" src=\"https:\/\/img.yfisher.com\/m6076\/1725286970bzw\/jpg70-t3-scale100.webp\" alt=\"Especificaci\u00f3n personalizada Polipropileno PP Melt Blown Filtro Cartucho 15\" data-lazy=\"2\"><\/div>\n<div class=\"description\">Prefiltraci\u00f3n de agua est\u00e9ril y agua ultrapura<\/div>\n<\/div>\n<div class=\"col-sm-12 col-md-4 col-xs-6\">\n<div class=\"thumbnail\"><img decoding=\"async\" title=\"\" src=\"https:\/\/img.yfisher.com\/m6076\/1725286970fd2\/jpg70-t3-scale100.webp\" alt=\"Especificaci\u00f3n personalizada Polipropileno PP Melt Blown Filtro Cartucho 16\" data-lazy=\"2\"><\/div>\n<div class=\"description\">Agua qu\u00edmica y disolvente<\/div>\n<\/div>\n<div class=\"col-sm-12 col-md-4 col-xs-6\">\n<div class=\"thumbnail\"><img decoding=\"async\" title=\"\" src=\"https:\/\/img.yfisher.com\/m6076\/1725286970v45\/jpg70-t3-scale100.webp\" alt=\"Especificaci\u00f3n personalizada Polipropileno PP Melt Blown Filtro Cartucho 17\" data-lazy=\"2\"><\/div>\n<div class=\"description\">Desalinizaci\u00f3n del agua de mar<\/div>\n<\/div>\n<\/div>\n<\/div>\n<\/div>\n<\/div>","protected":false},"excerpt":{"rendered":"<table>\n<thead>\n<tr>\n<th>Puerto de salida:<\/th>\n<th>Guangzhou<\/th>\n<\/tr>\n<\/thead>\n<tbody>\n<tr>\n<td>Capacidad de producci\u00f3n:<\/td>\n<td>500 unidades\/Mes<\/td>\n<\/tr>\n<tr>\n<td>Lugar de origen:<\/td>\n<td>Guangdong, China<\/td>\n<\/tr>\n<tr>\n<td>Pago:<\/td>\n<td>D\/P, T\/T, Western Union, MoneyGram, Alibaba Trade Assurance, paypal<\/td>\n<\/tr>\n<tr>\n<td>MOQ:<\/td>\n<td>100 unidades<\/td>\n<\/tr>\n<tr>\n<td>Modelo:<\/td>\n<td>LY-PP<\/td>\n<\/tr>\n<tr>\n<td>Plazo de entrega:<\/td>\n<td>En un plazo de 7 d\u00edas laborables<\/td>\n<\/tr>\n<tr>\n<td>Certificaci\u00f3n:<\/td>\n<td>SGS<\/td>\n<\/tr>\n<tr>\n<td>Marca:<\/td>\n<td>OEM\/Lvyuan<\/td>\n<\/tr>\n<\/tbody>\n<\/table>","protected":false},"featured_media":610,"comment_status":"open","ping_status":"closed","template":"","meta":{"_gspb_post_css":""},"product_brand":[],"product_cat":[23,17],"product_tag":[261,266,265,270,259,269],"class_list":{"0":"post-604","1":"product","2":"type-product","3":"status-publish","4":"has-post-thumbnail","6":"product_cat-pp-filter-cartridge","7":"product_cat-sediment-filter","8":"product_tag-guangdong-china","9":"product_tag-guangzhou","10":"product_tag-lvyuan","11":"product_tag-ly-pp","12":"product_tag-oem","13":"product_tag-sgs","15":"first","16":"instock","17":"shipping-taxable","18":"product-type-simple"},"_links":{"self":[{"href":"https:\/\/lyfilter.com\/es\/wp-json\/wp\/v2\/product\/604","targetHints":{"allow":["GET"]}}],"collection":[{"href":"https:\/\/lyfilter.com\/es\/wp-json\/wp\/v2\/product"}],"about":[{"href":"https:\/\/lyfilter.com\/es\/wp-json\/wp\/v2\/types\/product"}],"replies":[{"embeddable":true,"href":"https:\/\/lyfilter.com\/es\/wp-json\/wp\/v2\/comments?post=604"}],"wp:featuredmedia":[{"embeddable":true,"href":"https:\/\/lyfilter.com\/es\/wp-json\/wp\/v2\/media\/610"}],"wp:attachment":[{"href":"https:\/\/lyfilter.com\/es\/wp-json\/wp\/v2\/media?parent=604"}],"wp:term":[{"taxonomy":"product_brand","embeddable":true,"href":"https:\/\/lyfilter.com\/es\/wp-json\/wp\/v2\/product_brand?post=604"},{"taxonomy":"product_cat","embeddable":true,"href":"https:\/\/lyfilter.com\/es\/wp-json\/wp\/v2\/product_cat?post=604"},{"taxonomy":"product_tag","embeddable":true,"href":"https:\/\/lyfilter.com\/es\/wp-json\/wp\/v2\/product_tag?post=604"}],"curies":[{"name":"wp","href":"https:\/\/api.w.org\/{rel}","templated":true}]}}