{"id":599,"date":"2025-12-24T03:12:25","date_gmt":"2025-12-24T03:12:25","guid":{"rendered":"https:\/\/lyfilter.com\/?post_type=product&#038;p=599"},"modified":"2025-12-24T06:47:29","modified_gmt":"2025-12-24T06:47:29","slug":"hf-series-5-10-micron-high-flow-filter-pleated-sediment-cartridge-for-water-filter-treatment","status":"publish","type":"product","link":"https:\/\/lyfilter.com\/es\/hf-series-5-10-micron-high-flow-filter-pleated-sediment-cartridge-for-water-filter-treatment\/","title":{"rendered":"HF Series 5\/10 Micron Filtro de alto flujo Cartucho de sedimento plisado Para el tratamiento de filtro de agua"},"content":{"rendered":"<div class=\"d-tem11-graphic tem11-graphic mockup\" data-detail=\"wrap\">\n<div class=\"tab_row\">\n<div class=\"img\"><img decoding=\"async\" title=\"\" src=\"https:\/\/img.yfisher.com\/m6076\/1725726639yas\/jpg70-t3-scale100.webp\" alt=\"HF Series 5\/10 Micron Filtro de alto flujo Cartucho de sedimento plisado Para el tratamiento de filtro de agua 5\" data-lazy=\"2\"><\/div>\n<div class=\"text_box\">\n<div class=\"txt\">\n<div class=\"title\">El cartucho filtrante LY-HFPL es un nuevo producto desarrollado por Lvyuan Water Purification Equipment Co.,Ltd., en Guangzhou, China. Ltd., en Guangzhou, China. Tiene un di\u00e1metro de 6 pulgadas\/152mm. Est\u00e1 hecho de 100% medios de polipropileno. La jaula dura y fuerte permite a los filtros de alto flujo de agua para llevar a cabo una mayor presi\u00f3n de operaci\u00f3n durante el proceso de filtraci\u00f3n. El gran di\u00e1metro con gran \u00e1rea de filtro asegura reducir el n\u00famero de cartuchos de filtro y la dimensi\u00f3n de la carcasa requerida. La larga vida \u00fatil y el alto caudal dan como resultado una baja inversi\u00f3n y menos mano de obra en muchas aplicaciones. Este tipo de producto LY-HFPL tiene varias aplicaciones en el tratamiento de aguas.<\/div>\n<\/div>\n<\/div>\n<\/div>\n<\/div>\n<div class=\"er-fangkuang1\">\n<p>\u00a0 Caracter\u00edsticas del producto<\/p>\n<div class=\"description\">\n<ul>\n<li><span class=\"font-color\">\u25ea \u00a0 \u00a0<\/span>Todos los contaminantes pueden eliminarse dentro de los cartuchos gracias a la direcci\u00f3n del flujo.<\/li>\n<li><span class=\"font-color\">\u25ea\u00a0 \u00a0<\/span>Caudal de hasta 110m\u00b3\/h por un cartucho filtrante para la filtraci\u00f3n de agua.<\/li>\n<li><span class=\"font-color\">\u25ea\u00a0 \u00a0<\/span>Max. 50% reducci\u00f3n del sistema de filtro.<\/li>\n<li><span class=\"font-color\">\u25ea\u00a0 \u00a0<\/span>M\u00faltiples capas de membrana para una mayor retenci\u00f3n de la suciedad en los elementos filtrantes de alto caudal.<\/li>\n<li><span class=\"font-color\">\u25ea\u00a0 \u00a0<\/span>Construcci\u00f3n termosoldada para una mayor resistencia a la presi\u00f3n.<\/li>\n<li><span class=\"font-color\">\u25ea\u00a0 \u00a0<\/span>Dise\u00f1o de asa de r\u00e1pida instalaci\u00f3n, seguridad y reducci\u00f3n de costes.<\/li>\n<\/ul>\n<\/div>\n<\/div>\n<div class=\"d-tem04-title text-left d-interval manS\" data-detail=\"wrap\">\n<h2 class=\"heading\">Par\u00e1metros del producto<\/h2>\n<\/div>\n<div class=\"table-responsive\">\n<table class=\"table table-bordered table-hover\">\n<tbody>\n<tr class=\"firstRow\">\n<td>Nombre del producto<\/td>\n<td>Repalcement Cartucho de filtro de agua de alto caudal de 60 pulgadas (LY-HFPL)<\/td>\n<\/tr>\n<tr>\n<td>Medio filtrante<\/td>\n<td>Membrana de PP\/polipropileno<\/td>\n<\/tr>\n<tr>\n<td>Ayuda<\/td>\n<td>PP\/Polipropileno<\/td>\n<\/tr>\n<tr>\n<td>N\u00facleo\/Tapa final<\/td>\n<td>PP\/Polipropileno<\/td>\n<\/tr>\n<tr>\n<td>Material de la junta<\/td>\n<td>Silicona\/EPDM\/VITON\/PTFE\/NBR<\/td>\n<\/tr>\n<tr>\n<td>Di\u00e1metro exterior<\/td>\n<td>6\u201d(152mm)<\/td>\n<\/tr>\n<tr>\n<td colspan=\"1\" rowspan=\"1\">Di\u00e1metro interior<\/td>\n<td colspan=\"1\" rowspan=\"1\">3,5 pulgadas (89 mm)<\/td>\n<\/tr>\n<tr>\n<td>Longitud<\/td>\n<td>20\u201d, 40\u201d, 60\u201d, Personalizado<\/td>\n<\/tr>\n<tr>\n<td>Temperatura m\u00e1xima de funcionamiento<\/td>\n<td>82\u2103<\/td>\n<\/tr>\n<tr>\n<td>Micras (\u03bcm)<\/td>\n<td>1, 4, 5, 10, 15, 20, 40, 70, 100<\/td>\n<\/tr>\n<\/tbody>\n<\/table>\n<\/div>\n<div class=\"d-tem04-title text-left d-interval manS\" data-detail=\"wrap\">\n<h2 class=\"heading\">Detalles del producto<\/h2>\n<\/div>\n<div class=\"d-tem05-technology mockup\" data-detail=\"wrap\">\n<div class=\"items\">\n<div class=\"item tab_row bg-color-before\">\n<div class=\"img d-font-size-fix\"><img decoding=\"async\" title=\"\" src=\"https:\/\/img.yfisher.com\/m6076\/1725726639rle\/jpg70-t3-scale100.webp\" alt=\"HF Series 5\/10 Micron Filtro de alto flujo Cartucho de sedimento plisado Para el tratamiento de filtro de agua 6\" data-lazy=\"2\"><\/div>\n<div class=\"text_box\">\n<div class=\"txt font-color d-font-size-fix\">\n<div class=\"numbox\">parte.1<\/div>\n<div class=\"description\">\n<p>\u2605 Poros de filtraci\u00f3n de tama\u00f1o graduado en un elemento de alto caudal.<\/p>\n<p>\u2605 Instalaci\u00f3n y sustituci\u00f3n m\u00e1s f\u00e1cil y c\u00f3moda.<\/p>\n<p>\u2605 Plisado con estructura de membrana optimizada, mejor filtraci\u00f3n y eficacia.<\/p>\n<p>\u2605 La ranura de sellado en forma de U garantiza una alta eficacia de filtraci\u00f3n.<\/p>\n<p>\u2605 De la filtraci\u00f3n interior a la filtraci\u00f3n exterior, todas las impurezas quedan atrapadas en el interior del filtro.<\/p>\n<\/div>\n<\/div>\n<\/div>\n<\/div>\n<div class=\"d-tem04-title text-left d-interval manS\" data-detail=\"wrap\">\n<h2 class=\"heading\">Aplicaciones de los productos<\/h2>\n<\/div>\n<div class=\"d-tem15-graphic mockup\" data-detail=\"wrap\">\n<div class=\"clearfix d-clearfix\">\n<div class=\"col-sm-12 col-md-4 col-xs-6\">\n<div class=\"thumbnail\"><img decoding=\"async\" title=\"\" src=\"https:\/\/img.yfisher.com\/m6076\/1725726634yem\/jpg70-t3-scale100.webp\" alt=\"HF Series 5\/10 Micron Filtro de alto flujo Cartucho de sedimento plisado Para el tratamiento de filtro de agua 7\" data-lazy=\"2\"><\/div>\n<div class=\"description\">\n<p>Agua del grifo municipal, Prefiltraci\u00f3n de OI, Pretratamiento de desalinizaci\u00f3n de agua de mar<\/p>\n<\/div>\n<\/div>\n<div class=\"col-sm-12 col-md-4 col-xs-6\">\n<div class=\"thumbnail\"><img decoding=\"async\" title=\"\" src=\"https:\/\/img.yfisher.com\/m6076\/1725726634jwi\/jpg70-t3-scale100.webp\" alt=\"HF Series 5\/10 Micron Filtro de alto flujo Cartucho de sedimento plisado Para el tratamiento de filtro de agua 8\" data-lazy=\"2\"><\/div>\n<div class=\"description\">Filtraci\u00f3n de agua condensada, recuperaci\u00f3n de agua caliente en la generaci\u00f3n de energ\u00eda<\/div>\n<\/div>\n<div class=\"col-sm-12 col-md-4 col-xs-6\">\n<div class=\"thumbnail\"><img decoding=\"async\" title=\"\" src=\"https:\/\/img.yfisher.com\/m6076\/1725726636iet\/jpg70-t3-scale100.webp\" alt=\"HF Series 5\/10 Micron Filtro de alto flujo Cartucho de sedimento plisado Para el tratamiento de filtro de agua 9\" data-lazy=\"2\"><\/div>\n<div class=\"description\">Filtraci\u00f3n de API, disolventes y agua en el mercado biofarmac\u00e9utico<\/div>\n<\/div>\n<\/div>\n<\/div>\n<div class=\"d-tem15-graphic mockup\" data-detail=\"wrap\">\n<div class=\"clearfix d-clearfix\">\n<div class=\"col-sm-12 col-md-4 col-xs-6\">\n<div class=\"thumbnail\"><img decoding=\"async\" title=\"\" src=\"https:\/\/img.yfisher.com\/m6076\/1725726636pxa\/jpg70-t3-scale100.webp\" alt=\"HF Series 5\/10 Micron Filtro de alto flujo Cartucho de sedimento plisado Para el tratamiento de filtro de agua 10\" data-lazy=\"2\"><\/div>\n<div class=\"description\">La filtraci\u00f3n de agua embotellada, alta fructosa, aceite comestible, refrescos y leche<\/div>\n<\/div>\n<div class=\"col-sm-12 col-md-4 col-xs-6\">\n<div class=\"thumbnail\"><img decoding=\"async\" title=\"\" src=\"https:\/\/img.yfisher.com\/m6076\/1725726636l6r\/jpg70-t3-scale100.webp\" alt=\"HF Series 5\/10 Micron Filtro de alto flujo Cartucho de sedimento plisado Para el tratamiento de filtro de agua 11\" data-lazy=\"2\"><\/div>\n<div class=\"description\">Pinturas y revestimientos, Petroqu\u00edmica, refiner\u00edas, CD\/DVD, soportes magn\u00e9ticos, Petroqu\u00edmica, Refiner\u00edas<\/div>\n<\/div>\n<div class=\"col-sm-12 col-md-4 col-xs-6\">\n<div class=\"thumbnail\"><img decoding=\"async\" title=\"\" src=\"https:\/\/img.yfisher.com\/m6076\/1725726636vx4\/jpg70-t3-scale100.webp\" alt=\"HF Series 5\/10 Micron Filtro de alto flujo Cartucho de sedimento plisado Para el tratamiento de filtro de agua 12\" data-lazy=\"2\"><\/div>\n<div class=\"description\">Microelectr\u00f3nica, pel\u00edcula, fibra y resina<\/div>\n<\/div>\n<\/div>\n<\/div>\n<\/div>\n<\/div>","protected":false},"excerpt":{"rendered":"<table>\n<thead>\n<tr>\n<th>Puerto de salida:<\/th>\n<th>Guangzhou<\/th>\n<\/tr>\n<\/thead>\n<tbody>\n<tr>\n<td>Capacidad de producci\u00f3n:<\/td>\n<td>10000 unidades\/Mes<\/td>\n<\/tr>\n<tr>\n<td>Lugar de origen:<\/td>\n<td>Guangdong, China<\/td>\n<\/tr>\n<tr>\n<td>Pago:<\/td>\n<td>L\/C, T\/T, Western Union, Alibaba Trade Assurance, paypal<\/td>\n<\/tr>\n<tr>\n<td>MOQ:<\/td>\n<td>1 unidad<\/td>\n<\/tr>\n<tr>\n<td>Modelo:<\/td>\n<td>LY-HFPL<\/td>\n<\/tr>\n<tr>\n<td>Plazo de entrega:<\/td>\n<td>En un plazo de 7 d\u00edas laborables<\/td>\n<\/tr>\n<tr>\n<td>Certificaci\u00f3n:<\/td>\n<td>SGS, ISO 9001<\/td>\n<\/tr>\n<tr>\n<td>Marca:<\/td>\n<td>OEM\/Lvyuan<\/td>\n<\/tr>\n<\/tbody>\n<\/table>","protected":false},"featured_media":602,"comment_status":"open","ping_status":"closed","template":"","meta":{"_gspb_post_css":""},"product_brand":[],"product_cat":[20,17],"product_tag":[261,266,265,268,259,269],"class_list":{"0":"post-599","1":"product","2":"type-product","3":"status-publish","4":"has-post-thumbnail","6":"product_cat-high-flow-filter-cartridge","7":"product_cat-sediment-filter","8":"product_tag-guangdong-china","9":"product_tag-guangzhou","10":"product_tag-lvyuan","11":"product_tag-ly-hfpl","12":"product_tag-oem","13":"product_tag-sgs","15":"first","16":"instock","17":"shipping-taxable","18":"product-type-simple"},"_links":{"self":[{"href":"https:\/\/lyfilter.com\/es\/wp-json\/wp\/v2\/product\/599","targetHints":{"allow":["GET"]}}],"collection":[{"href":"https:\/\/lyfilter.com\/es\/wp-json\/wp\/v2\/product"}],"about":[{"href":"https:\/\/lyfilter.com\/es\/wp-json\/wp\/v2\/types\/product"}],"replies":[{"embeddable":true,"href":"https:\/\/lyfilter.com\/es\/wp-json\/wp\/v2\/comments?post=599"}],"wp:featuredmedia":[{"embeddable":true,"href":"https:\/\/lyfilter.com\/es\/wp-json\/wp\/v2\/media\/602"}],"wp:attachment":[{"href":"https:\/\/lyfilter.com\/es\/wp-json\/wp\/v2\/media?parent=599"}],"wp:term":[{"taxonomy":"product_brand","embeddable":true,"href":"https:\/\/lyfilter.com\/es\/wp-json\/wp\/v2\/product_brand?post=599"},{"taxonomy":"product_cat","embeddable":true,"href":"https:\/\/lyfilter.com\/es\/wp-json\/wp\/v2\/product_cat?post=599"},{"taxonomy":"product_tag","embeddable":true,"href":"https:\/\/lyfilter.com\/es\/wp-json\/wp\/v2\/product_tag?post=599"}],"curies":[{"name":"wp","href":"https:\/\/api.w.org\/{rel}","templated":true}]}}