{"id":593,"date":"2025-12-24T03:09:58","date_gmt":"2025-12-24T03:09:58","guid":{"rendered":"https:\/\/lyfilter.com\/?post_type=product&#038;p=593"},"modified":"2025-12-24T06:47:10","modified_gmt":"2025-12-24T06:47:10","slug":"40-inch-high-flow-pleated-cartridge-filter-for-industrial-liquid-filtration","status":"publish","type":"product","link":"https:\/\/lyfilter.com\/es\/40-inch-high-flow-pleated-cartridge-filter-for-industrial-liquid-filtration\/","title":{"rendered":"40 pulgadas Filtro de cartucho plisado de alto caudal para filtraci\u00f3n de l\u00edquidos industriales"},"content":{"rendered":"<div class=\"d-tem11-graphic tem11-graphic mockup\" data-detail=\"wrap\">\n<div class=\"tab_row\">\n<div class=\"img\"><img decoding=\"async\" title=\"\" src=\"https:\/\/img.yfisher.com\/m6076\/1725726636j1b\/jpg70-t3-scale100.webp\" alt=\"40 pulgadas Filtro de cartucho plisado de alto caudal para filtraci\u00f3n de l\u00edquidos industriales 6\" data-lazy=\"2\"><\/div>\n<div class=\"text_box\">\n<div class=\"txt\">\n<div class=\"title\">\n<p>La serie de cartuchos filtrantes LY-HFPK es un cartucho de repuesto para la filtraci\u00f3n en profundidad y cartuchos de 2-1\/2\u201d de di\u00e1metro para las aplicaciones de gran caudal. Pre-filtraci\u00f3n para el sistema de \u00f3smosis inversa es un ejemplo. El filtro Lvyuan dise\u00f1o plisado con alta \u00e1rea de flujo y la capacidad de eliminaci\u00f3n de la contaminaci\u00f3n.<\/p>\n<p>Este dise\u00f1o ayuda al usuario final a reducir la inversi\u00f3n de capital, ahorrar espacio y facilitar el cambio, etc. Hasta 1300LPM de caudal por cartucho de filtro reduce el n\u00famero de cartuchos de filtro y la dimensi\u00f3n de la carcasa del filtro requerido. El volumen de tratamiento de agua por cartucho de filtro de flujo s\u00faper alto equivale a 10\u00d740\u201d de largo, 2-1\/2\u201d de di\u00e1metro de cartuchos de filtro. La junta t\u00f3rica interior asegura la ausencia de paso y el dise\u00f1o del asa facilita la instalaci\u00f3n.<\/p>\n<\/div>\n<\/div>\n<\/div>\n<\/div>\n<\/div>\n<div class=\"er-fangkuang1\">\n<p>\u00a0 Caracter\u00edsticas del producto<\/p>\n<div class=\"description\">\n<ul>\n<li><span class=\"font-color\">\u25ea \u00a0 \u00a0<\/span>Gran capacidad de retenci\u00f3n de la suciedad y larga vida \u00fatil.<\/li>\n<li><span class=\"font-color\">\u25ea\u00a0 \u00a0<\/span>Todos los contaminantes pueden eliminarse dentro de los cartuchos gracias a la direcci\u00f3n del flujo<\/li>\n<li><span class=\"font-color\">\u25ea\u00a0 \u00a0<\/span>Caudal de hasta 110 m\u00b3\/h por un cartucho filtrante para la filtraci\u00f3n de agua<\/li>\n<li><span class=\"font-color\">\u25ea\u00a0 \u00a0<\/span>Max. 50% reducci\u00f3n del sistema de filtrado<\/li>\n<li><span class=\"font-color\">\u25ea\u00a0 \u00a0<\/span>M\u00faltiples capas de membrana para una mayor retenci\u00f3n de la suciedad<\/li>\n<li><span class=\"font-color\">\u25ea\u00a0 \u00a0<\/span>El sellado de la junta t\u00f3rica asegura la integridad de la filtraci\u00f3n<\/li>\n<li><span class=\"font-color\">\u25ea\u00a0 \u00a0<\/span>Dise\u00f1o de asa de instalaci\u00f3n r\u00e1pida, segura y econ\u00f3mica<\/li>\n<\/ul>\n<\/div>\n<\/div>\n<div class=\"d-tem04-title text-left d-interval manS\" data-detail=\"wrap\">\n<h2 class=\"heading\">Par\u00e1metros del producto<\/h2>\n<\/div>\n<div class=\"table-responsive\">\n<table class=\"table table-bordered table-hover\">\n<tbody>\n<tr class=\"firstRow\">\n<td>Nombre del producto<\/td>\n<td>Filtro de cartucho plisado de alto caudal de la serie HFPK, elemento filtrante de repuesto (LY-HFPK)<\/td>\n<\/tr>\n<tr>\n<td>Medio filtrante<\/td>\n<td>Membrana de PP\/polipropileno<\/td>\n<\/tr>\n<tr>\n<td>Ayuda<\/td>\n<td>PP\/Polipropileno<\/td>\n<\/tr>\n<tr>\n<td>N\u00facleo\/Tapa final<\/td>\n<td>PP\/Polipropileno<\/td>\n<\/tr>\n<tr>\n<td>Material de la junta<\/td>\n<td>Silicona\/EPDM\/VITON\/PTFE\/NBR<\/td>\n<\/tr>\n<tr>\n<td>Di\u00e1metro exterior<\/td>\n<td>6\u201d(152mm)<\/td>\n<\/tr>\n<tr>\n<td>Longitud<\/td>\n<td>20\u201d, 40\u201d, 60\u201d, Personalizado<\/td>\n<\/tr>\n<tr>\n<td>Temperatura m\u00e1xima de funcionamiento<\/td>\n<td>82\u2103(PP plisado)<\/td>\n<\/tr>\n<tr>\n<td>Micras (\u03bcm)<\/td>\n<td>1, 4, 5, 10, 15, 20, 40, 70, 100<\/td>\n<\/tr>\n<\/tbody>\n<\/table>\n<\/div>\n<div class=\"d-tem04-title text-left d-interval manS\" data-detail=\"wrap\">\n<h2 class=\"heading\">Detalles del producto<\/h2>\n<\/div>\n<div class=\"d-tem05-technology mockup\" data-detail=\"wrap\">\n<div class=\"items\">\n<div class=\"item tab_row bg-color-before\">\n<div class=\"img d-font-size-fix\"><img decoding=\"async\" title=\"\" src=\"https:\/\/img.yfisher.com\/m6076\/17257266369n6\/jpg70-t3-scale100.webp\" alt=\"40 pulgadas Filtro de cartucho plisado de alto caudal para filtraci\u00f3n de l\u00edquidos industriales 7\" data-lazy=\"2\"><\/div>\n<div class=\"text_box\">\n<div class=\"txt font-color d-font-size-fix\">\n<div class=\"numbox\">parte.1<\/div>\n<div class=\"description\">\n<p>\u2605 100% polipropileno puro PP materiales para la compatibilidad qu\u00edmica amplia, reducir los elementos filtrantes cantidades a gran caudal de agua.<\/p>\n<\/div>\n<\/div>\n<\/div>\n<\/div>\n<div class=\"item tab_row bg-color-before\">\n<div class=\"img d-font-size-fix\"><img decoding=\"async\" title=\"\" src=\"https:\/\/img.yfisher.com\/m6076\/1725726636jdi\/jpg70-t3-scale100.webp\" alt=\"40 pulgadas Filtro de cartucho plisado de alto caudal para filtraci\u00f3n de l\u00edquidos industriales 8\" data-lazy=\"2\"><\/div>\n<div class=\"text_box\">\n<div class=\"txt font-color d-font-size-fix\">\n<div class=\"numbox\">parte.2<\/div>\n<div class=\"description\">\u2605 El polipropileno unido t\u00e9rmicamente y los medios de soporte evitan la fuga de part\u00edculas, el gran caudal de agua se encuentra en un elemento filtrante de alto flujo, super rentabilidad en el proceso de pretratamiento de la planta de agua de \u00f3smosis inversa.<\/div>\n<\/div>\n<\/div>\n<\/div>\n<\/div>\n<\/div>\n<div class=\"d-tem04-title text-left d-interval manS\" data-detail=\"wrap\">\n<h2 class=\"heading\">Aplicaciones de los productos<\/h2>\n<\/div>\n<div class=\"d-tem15-graphic mockup\" data-detail=\"wrap\">\n<div class=\"clearfix d-clearfix\">\n<div class=\"col-sm-12 col-md-4 col-xs-6\">\n<div class=\"thumbnail\"><img decoding=\"async\" title=\"\" src=\"https:\/\/img.yfisher.com\/m6076\/1725726634yem\/jpg70-t3-scale100.webp\" alt=\"40 pulgadas Filtro de cartucho plisado de alto caudal para filtraci\u00f3n de l\u00edquidos industriales 9\" data-lazy=\"2\"><\/div>\n<div class=\"description\">\n<p>Agua del grifo municipal, Prefiltraci\u00f3n de OI, Pretratamiento de desalinizaci\u00f3n de agua de mar<\/p>\n<\/div>\n<\/div>\n<div class=\"col-sm-12 col-md-4 col-xs-6\">\n<div class=\"thumbnail\"><img decoding=\"async\" title=\"\" src=\"https:\/\/img.yfisher.com\/m6076\/1725726634jwi\/jpg70-t3-scale100.webp\" alt=\"40 pulgadas Filtro de cartucho plisado de alto caudal para filtraci\u00f3n de l\u00edquidos industriales 10\" data-lazy=\"2\"><\/div>\n<div class=\"description\">Filtraci\u00f3n de agua condensada, recuperaci\u00f3n de agua caliente en la generaci\u00f3n de energ\u00eda<\/div>\n<\/div>\n<div class=\"col-sm-12 col-md-4 col-xs-6\">\n<div class=\"thumbnail\"><img decoding=\"async\" title=\"\" src=\"https:\/\/img.yfisher.com\/m6076\/1725726636iet\/jpg70-t3-scale100.webp\" alt=\"40 pulgadas Filtro de cartucho plisado de alto caudal para filtraci\u00f3n de l\u00edquidos industriales 11\" data-lazy=\"2\"><\/div>\n<div class=\"description\">Filtraci\u00f3n de API, disolventes y agua en el mercado biofarmac\u00e9utico<\/div>\n<\/div>\n<\/div>\n<\/div>\n<div class=\"d-tem15-graphic mockup\" data-detail=\"wrap\">\n<div class=\"clearfix d-clearfix\">\n<div class=\"col-sm-12 col-md-4 col-xs-6\">\n<div class=\"thumbnail\"><img decoding=\"async\" title=\"\" src=\"https:\/\/img.yfisher.com\/m6076\/1725726636pxa\/jpg70-t3-scale100.webp\" alt=\"40 pulgadas Filtro de cartucho plisado de alto caudal para filtraci\u00f3n de l\u00edquidos industriales 12\" data-lazy=\"2\"><\/div>\n<div class=\"description\">La filtraci\u00f3n de agua embotellada, alta fructosa, aceite comestible, refrescos y leche<\/div>\n<\/div>\n<div class=\"col-sm-12 col-md-4 col-xs-6\">\n<div class=\"thumbnail\"><img decoding=\"async\" title=\"\" src=\"https:\/\/img.yfisher.com\/m6076\/1725726636l6r\/jpg70-t3-scale100.webp\" alt=\"40 pulgadas Filtro de cartucho plisado de alto caudal para filtraci\u00f3n de l\u00edquidos industriales 13\" data-lazy=\"2\"><\/div>\n<div class=\"description\">Pinturas y revestimientos, Petroqu\u00edmica, refiner\u00edas, CD\/DVD, soportes magn\u00e9ticos, Petroqu\u00edmica, Refiner\u00edas<\/div>\n<\/div>\n<div class=\"col-sm-12 col-md-4 col-xs-6\">\n<div class=\"thumbnail\"><img decoding=\"async\" title=\"\" src=\"https:\/\/img.yfisher.com\/m6076\/1725726636vx4\/jpg70-t3-scale100.webp\" alt=\"40 pulgadas Filtro de cartucho plisado de alto caudal para filtraci\u00f3n de l\u00edquidos industriales 14\" data-lazy=\"2\"><\/div>\n<div class=\"description\">Microelectr\u00f3nica, pel\u00edcula, fibra y resina<\/div>\n<\/div>\n<\/div>\n<\/div>","protected":false},"excerpt":{"rendered":"<table>\n<thead>\n<tr>\n<th>Puerto de salida:<\/th>\n<th>Guangzhou<\/th>\n<\/tr>\n<\/thead>\n<tbody>\n<tr>\n<td>Capacidad de producci\u00f3n:<\/td>\n<td>500 unidades\/Mes<\/td>\n<\/tr>\n<tr>\n<td>Lugar de origen:<\/td>\n<td>Guangdong, China<\/td>\n<\/tr>\n<tr>\n<td>Pago:<\/td>\n<td>D\/P, T\/T, Alibaba Trade Assurance, paypal<\/td>\n<\/tr>\n<tr>\n<td>MOQ:<\/td>\n<td>4 piezas<\/td>\n<\/tr>\n<tr>\n<td>Modelo:<\/td>\n<td>LY-HFPK<\/td>\n<\/tr>\n<tr>\n<td>Plazo de entrega:<\/td>\n<td>En un plazo de 7 d\u00edas laborables<\/td>\n<\/tr>\n<tr>\n<td>Certificaci\u00f3n:<\/td>\n<td>ISO 9001<\/td>\n<\/tr>\n<tr>\n<td>Marca:<\/td>\n<td>OEM\/Lvyuan<\/td>\n<\/tr>\n<\/tbody>\n<\/table>","protected":false},"featured_media":597,"comment_status":"open","ping_status":"closed","template":"","meta":{"_gspb_post_css":""},"product_brand":[],"product_cat":[20,17],"product_tag":[261,266,260,265,267,259],"class_list":{"0":"post-593","1":"product","2":"type-product","3":"status-publish","4":"has-post-thumbnail","6":"product_cat-high-flow-filter-cartridge","7":"product_cat-sediment-filter","8":"product_tag-guangdong-china","9":"product_tag-guangzhou","10":"product_tag-iso-9001","11":"product_tag-lvyuan","12":"product_tag-ly-hfpk","13":"product_tag-oem","15":"first","16":"instock","17":"shipping-taxable","18":"product-type-simple"},"_links":{"self":[{"href":"https:\/\/lyfilter.com\/es\/wp-json\/wp\/v2\/product\/593","targetHints":{"allow":["GET"]}}],"collection":[{"href":"https:\/\/lyfilter.com\/es\/wp-json\/wp\/v2\/product"}],"about":[{"href":"https:\/\/lyfilter.com\/es\/wp-json\/wp\/v2\/types\/product"}],"replies":[{"embeddable":true,"href":"https:\/\/lyfilter.com\/es\/wp-json\/wp\/v2\/comments?post=593"}],"wp:featuredmedia":[{"embeddable":true,"href":"https:\/\/lyfilter.com\/es\/wp-json\/wp\/v2\/media\/597"}],"wp:attachment":[{"href":"https:\/\/lyfilter.com\/es\/wp-json\/wp\/v2\/media?parent=593"}],"wp:term":[{"taxonomy":"product_brand","embeddable":true,"href":"https:\/\/lyfilter.com\/es\/wp-json\/wp\/v2\/product_brand?post=593"},{"taxonomy":"product_cat","embeddable":true,"href":"https:\/\/lyfilter.com\/es\/wp-json\/wp\/v2\/product_cat?post=593"},{"taxonomy":"product_tag","embeddable":true,"href":"https:\/\/lyfilter.com\/es\/wp-json\/wp\/v2\/product_tag?post=593"}],"curies":[{"name":"wp","href":"https:\/\/api.w.org\/{rel}","templated":true}]}}