{"id":590,"date":"2025-12-24T03:05:57","date_gmt":"2025-12-24T03:05:57","guid":{"rendered":"https:\/\/lyfilter.com\/?post_type=product&#038;p=590"},"modified":"2025-12-24T03:05:57","modified_gmt":"2025-12-24T03:05:57","slug":"20-inch-replacement-high-flow-water-pleated-filter-cartridge","status":"publish","type":"product","link":"https:\/\/lyfilter.com\/es\/20-inch-replacement-high-flow-water-pleated-filter-cartridge\/","title":{"rendered":"Cartucho filtrante plisado de agua de alto caudal de repuesto de 20 pulgadas"},"content":{"rendered":"<div class=\"d-tem11-graphic tem11-graphic mockup\" data-detail=\"wrap\">\n<div class=\"tab_row\">\n<div class=\"img\"><img decoding=\"async\" class=\"\" title=\"\" src=\"https:\/\/img.yfisher.com\/m6076\/17257266346yr\/jpg70-t3-scale100.webp\" alt=\"Cartucho filtrante plisado de agua de alto caudal de repuesto de 20 pulgadas 3\" data-lazy=\"2\"><\/div>\n<div class=\"text_box\">\n<div class=\"txt\">\n<div class=\"title\">\n<p>El cartucho filtrante LY-HFMH adopta la tecnolog\u00eda de pliegues horizontales y utiliza equipos de maquinaria especializada para fabricar productos estandarizados de forma eficiente.<\/p>\n<p>Esto reduce el plazo de producci\u00f3n y hace que los productos tengan un precio competitivo.<\/p>\n<p>Esta serie de cartucho de filtro est\u00e1 dise\u00f1ado para ser utilizado en la carcasa del filtro diferente que contiene 1-37 cartuchos de filtro. Se puede utilizar para diferentes necesidades de caudal. El gran di\u00e1metro con gran \u00e1rea de filtro asegura para reducir el n\u00famero de cartuchos de filtro y la dimensi\u00f3n de la vivienda requerida. Este cartucho de filtro tiene varias aplicaciones en el sistema de tratamiento de agua.<\/p>\n<\/div>\n<\/div>\n<\/div>\n<\/div>\n<\/div>\n<div class=\"er-fangkuang1\">\n<p>\u00a0 Caracter\u00edsticas del producto<\/p>\n<div class=\"description\">\n<ul>\n<li><span class=\"font-color\">\u25ea \u00a0\u00a0<\/span>Gran capacidad de carga para una filtraci\u00f3n de larga duraci\u00f3n y menor coste.<\/li>\n<li><span class=\"font-color\">\u25ea\u00a0 \u00a0<\/span>Caudal de hasta 110m\u00b3\/h por un cartucho filtrante para la filtraci\u00f3n de agua.<\/li>\n<li><span class=\"font-color\">\u25ea\u00a0 \u00a0<\/span>Menos cartuchos para menos sustituciones y, por tanto, menos costes de mano de obra.<\/li>\n<li><span class=\"font-color\">\u25ea\u00a0 \u00a0<\/span>Amplia compatibilidad qu\u00edmica para diferentes aplicaciones.<\/li>\n<li><span class=\"font-color\">\u25ea\u00a0 \u00a0<\/span>Lugar de instalaci\u00f3n m\u00e1s peque\u00f1o y f\u00e1cil de cambiar.<\/li>\n<li><span class=\"font-color\">\u25ea\u00a0 \u00a0<\/span>Dise\u00f1o de asa de instalaci\u00f3n r\u00e1pida, segura y econ\u00f3mica.<\/li>\n<\/ul>\n<\/div>\n<\/div>\n<div class=\"d-tem04-title text-left d-interval manS\" data-detail=\"wrap\">\n<h2 class=\"heading\">Par\u00e1metros del producto<\/h2>\n<\/div>\n<div class=\"table-responsive\">\n<table class=\"table table-bordered table-hover\">\n<tbody>\n<tr class=\"firstRow\">\n<td>Nombre del producto<\/td>\n<td>filtro de cartucho plisado de agua de alto caudal de repuesto (LY-HFMH)<\/td>\n<\/tr>\n<tr>\n<td>Medio filtrante<\/td>\n<td>Membrana de polipropileno\/PP<\/td>\n<\/tr>\n<tr>\n<td>Ayuda<\/td>\n<td>PP\/Polipropileno<\/td>\n<\/tr>\n<tr>\n<td>N\u00facleo\/Tapa final<\/td>\n<td>PP\/Polipropileno<\/td>\n<\/tr>\n<tr>\n<td>Material de la junta<\/td>\n<td>Silicona\/EPDM\/VITON\/PTFE\/NBR<\/td>\n<\/tr>\n<tr>\n<td>Di\u00e1metro exterior<\/td>\n<td>6.5\u201d(165mm)<\/td>\n<\/tr>\n<tr>\n<td>Longitud<\/td>\n<td>20\u201d, 40\u201d, 60\u201d o personalizado<\/td>\n<\/tr>\n<tr>\n<td>Temperatura m\u00e1xima de funcionamiento<\/td>\n<td>82\u2103<\/td>\n<\/tr>\n<tr>\n<td>Micras (\u03bcm)<\/td>\n<td>1, 4, 5, 10, 15, 20, 40, 70, 100<\/td>\n<\/tr>\n<\/tbody>\n<\/table>\n<\/div>\n<div class=\"d-tem04-title text-left d-interval manS\" data-detail=\"wrap\">\n<h2 class=\"heading\">Detalles del producto<\/h2>\n<\/div>\n<div class=\"d-tem05-technology mockup\" data-detail=\"wrap\">\n<div class=\"items\">\n<div class=\"item tab_row bg-color-before\">\n<div class=\"img d-font-size-fix\"><img decoding=\"async\" title=\"\" src=\"https:\/\/img.yfisher.com\/m6076\/1725726634phq\/jpg70-t3-scale100.webp\" alt=\"20 pulgadas Cartucho filtrante plisado de agua de alto caudal de recambio 4\" data-lazy=\"2\"><\/div>\n<div class=\"text_box\">\n<div class=\"txt font-color d-font-size-fix\">\n<div class=\"numbox\">parte.1<\/div>\n<div class=\"description\">\n<p>\u2605 Dise\u00f1o de asa amigable y f\u00e1cil de cambiar por el operario.<\/p>\n<p>\u2605 Rendimiento altamente consistente y 100% construido por medios avanzados de polipropileno.<\/p>\n<\/div>\n<\/div>\n<\/div>\n<\/div>\n<div class=\"item tab_row bg-color-before\">\n<div class=\"img d-font-size-fix\"><img decoding=\"async\" title=\"\" src=\"https:\/\/img.yfisher.com\/m6076\/1725726634diy\/jpg70-t3-scale100.webp\" alt=\"20 pulgadas Cartucho filtrante plisado de recambio para agua de gran caudal 5\" data-lazy=\"2\"><\/div>\n<div class=\"text_box\">\n<div class=\"txt font-color d-font-size-fix\">\n<div class=\"numbox\">parte.2<\/div>\n<div class=\"description\">\u2605 Membrana de buena calidad y estructura dise\u00f1ada cient\u00edficamente hacen una opci\u00f3n muy competitiva en el mercado.<br \/>\n\u2605 100% construido por medios avanzados de polipropileno y ampliamente excelente capacidad qu\u00edmica.<\/div>\n<\/div>\n<\/div>\n<\/div>\n<\/div>\n<\/div>\n<div class=\"d-tem04-title text-left d-interval manS\" data-detail=\"wrap\">\n<h2 class=\"heading\">Aplicaciones de los productos<\/h2>\n<\/div>\n<div class=\"d-tem15-graphic mockup\" data-detail=\"wrap\">\n<div class=\"clearfix d-clearfix\">\n<div class=\"col-sm-12 col-md-4 col-xs-6\">\n<div class=\"thumbnail\"><img decoding=\"async\" title=\"\" src=\"https:\/\/img.yfisher.com\/m6076\/1725726634yem\/jpg70-t3-scale100.webp\" alt=\"20 pulgadas Cartucho filtrante plisado de recambio para agua de gran caudal 6\" data-lazy=\"2\"><\/div>\n<div class=\"description\">\n<p>Tratamiento del agua Ro<\/p>\n<\/div>\n<\/div>\n<div class=\"col-sm-12 col-md-4 col-xs-6\">\n<div class=\"thumbnail\"><img decoding=\"async\" title=\"\" src=\"https:\/\/img.yfisher.com\/m6076\/1725726634jwi\/jpg70-t3-scale100.webp\" alt=\"Cartucho filtrante plisado de agua de alto caudal de repuesto de 20 pulgadas 7\" data-lazy=\"2\"><\/div>\n<div class=\"description\">Agua industrial, filtraci\u00f3n de chapado<\/div>\n<\/div>\n<div class=\"col-sm-12 col-md-4 col-xs-6\">\n<div class=\"thumbnail\"><img decoding=\"async\" title=\"\" src=\"https:\/\/img.yfisher.com\/m6076\/1725726634rbx\/jpg70-t3-scale100.webp\" alt=\"20 pulgadas Cartucho filtrante plisado de recambio para agua de gran caudal 8\" data-lazy=\"2\"><\/div>\n<div class=\"description\">Alimentaci\u00f3n y bebidas<\/div>\n<\/div>\n<\/div>\n<\/div>\n<div class=\"d-tem15-graphic mockup\" data-detail=\"wrap\">\n<div class=\"clearfix d-clearfix\">\n<div class=\"col-sm-12 col-md-4 col-xs-6\">\n<div class=\"thumbnail\"><img decoding=\"async\" title=\"\" src=\"https:\/\/img.yfisher.com\/m6076\/17257266342s7\/jpg70-t3-scale100.webp\" alt=\"20 pulgadas Cartucho filtrante plisado de recambio para agua de gran caudal 9\" data-lazy=\"2\"><\/div>\n<div class=\"description\">Prefiltraci\u00f3n de agua est\u00e9ril y agua ultrapura<\/div>\n<\/div>\n<div class=\"col-sm-12 col-md-4 col-xs-6\">\n<div class=\"thumbnail\"><img decoding=\"async\" title=\"\" src=\"https:\/\/img.yfisher.com\/m6076\/1725726634k4w\/jpg70-t3-scale100.webp\" alt=\"20 pulgadas Cartucho filtrante plisado de recambio para agua de gran caudal 10\" data-lazy=\"2\"><\/div>\n<div class=\"description\">Agua qu\u00edmica y disolvente<\/div>\n<\/div>\n<div class=\"col-sm-12 col-md-4 col-xs-6\">\n<div class=\"thumbnail\"><img decoding=\"async\" title=\"\" src=\"https:\/\/img.yfisher.com\/m6076\/1725726634aep\/jpg70-t3-scale100.webp\" alt=\"20 pulgadas Cartucho filtrante plisado de recambio para agua de gran caudal 11\" data-lazy=\"2\"><\/div>\n<div class=\"description\">Desalinizaci\u00f3n del agua de mar<\/div>\n<\/div>\n<\/div>\n<\/div>","protected":false},"excerpt":{"rendered":"<table>\n<thead>\n<tr>\n<th>Puerto de salida:<\/th>\n<th>Guangzhou<\/th>\n<\/tr>\n<\/thead>\n<tbody>\n<tr>\n<td>Capacidad de producci\u00f3n:<\/td>\n<td>500 unidades\/Mes<\/td>\n<\/tr>\n<tr>\n<td>Lugar de origen:<\/td>\n<td>Guangdong, China<\/td>\n<\/tr>\n<tr>\n<td>Pago:<\/td>\n<td>T\/T, Western Union, Alibaba Trade Assurance, paypal<\/td>\n<\/tr>\n<tr>\n<td>MOQ:<\/td>\n<td>10 unidades<\/td>\n<\/tr>\n<tr>\n<td>Modelo:<\/td>\n<td>LY-HFMH<\/td>\n<\/tr>\n<tr>\n<td>Plazo de entrega:<\/td>\n<td>en un plazo de 7 d\u00edas laborables<\/td>\n<\/tr>\n<tr>\n<td>Marca:<\/td>\n<td>OEM\/Lvyuan<\/td>\n<\/tr>\n<\/tbody>\n<\/table>","protected":false},"featured_media":591,"comment_status":"open","ping_status":"closed","template":"","meta":{"_gspb_post_css":""},"product_brand":[],"product_cat":[20,17],"product_tag":[263,261,266,265,264,259],"class_list":{"0":"post-590","1":"product","2":"type-product","3":"status-publish","4":"has-post-thumbnail","6":"product_cat-high-flow-filter-cartridge","7":"product_cat-sediment-filter","8":"product_tag-fast-delivery","9":"product_tag-guangdong-china","10":"product_tag-guangzhou","11":"product_tag-lvyuan","12":"product_tag-ly-hfmh","13":"product_tag-oem","15":"first","16":"instock","17":"shipping-taxable","18":"product-type-simple"},"_links":{"self":[{"href":"https:\/\/lyfilter.com\/es\/wp-json\/wp\/v2\/product\/590","targetHints":{"allow":["GET"]}}],"collection":[{"href":"https:\/\/lyfilter.com\/es\/wp-json\/wp\/v2\/product"}],"about":[{"href":"https:\/\/lyfilter.com\/es\/wp-json\/wp\/v2\/types\/product"}],"replies":[{"embeddable":true,"href":"https:\/\/lyfilter.com\/es\/wp-json\/wp\/v2\/comments?post=590"}],"wp:featuredmedia":[{"embeddable":true,"href":"https:\/\/lyfilter.com\/es\/wp-json\/wp\/v2\/media\/591"}],"wp:attachment":[{"href":"https:\/\/lyfilter.com\/es\/wp-json\/wp\/v2\/media?parent=590"}],"wp:term":[{"taxonomy":"product_brand","embeddable":true,"href":"https:\/\/lyfilter.com\/es\/wp-json\/wp\/v2\/product_brand?post=590"},{"taxonomy":"product_cat","embeddable":true,"href":"https:\/\/lyfilter.com\/es\/wp-json\/wp\/v2\/product_cat?post=590"},{"taxonomy":"product_tag","embeddable":true,"href":"https:\/\/lyfilter.com\/es\/wp-json\/wp\/v2\/product_tag?post=590"}],"curies":[{"name":"wp","href":"https:\/\/api.w.org\/{rel}","templated":true}]}}