{"id":578,"date":"2025-12-24T02:46:37","date_gmt":"2025-12-24T02:46:37","guid":{"rendered":"https:\/\/lyfilter.com\/?post_type=product&#038;p=578"},"modified":"2025-12-24T02:57:31","modified_gmt":"2025-12-24T02:57:31","slug":"high-performance-sanitary-filter-housings-in-stainless-steel","status":"publish","type":"product","link":"https:\/\/lyfilter.com\/es\/high-performance-sanitary-filter-housings-in-stainless-steel\/","title":{"rendered":"Carcasas de acero inoxidable para filtros sanitarios de alto rendimiento"},"content":{"rendered":"<div class=\"unit-detail-html-tabs__content-attr\">\n<div class=\"unit-product-attrparam\">\n<div class=\"unit-product-attrparam__items row\">\n<div class=\"col-12 col-md-6\">\n<div class=\"unit-product-attrparam__item\">\n<table>\n<tbody>\n<tr data-start=\"335\" data-end=\"365\">\n<td data-start=\"335\" data-end=\"346\" data-col-size=\"sm\">Material<\/td>\n<td data-start=\"346\" data-end=\"365\" data-col-size=\"sm\">Acero inoxidable<\/td>\n<\/tr>\n<\/tbody>\n<\/table>\n<table>\n<tbody>\n<tr data-start=\"366\" data-end=\"392\" data-is-last-node=\"\">\n<td data-start=\"366\" data-end=\"381\" data-col-size=\"sm\">Disponibilidad<\/td>\n<td data-start=\"381\" data-end=\"392\" data-is-last-node=\"\" data-col-size=\"sm\">OEM\/ODM<\/td>\n<\/tr>\n<\/tbody>\n<\/table>\n<\/div>\n<\/div>\n<\/div>\n<\/div>\n<\/div>\n<div class=\"unit-detail-html-tabs__content-html\">\n<div id=\"module-74E4U0f4f3b0a\">\n<div class=\"ce-d-flex ce-flex-wrap\">\n<div class=\"ce-col-12\">\n<div id=\"unit-zzuNfqHeIMdKBT5\">\n<div class=\"ce-text_item\">\n<div class=\"ce-text\" data-qb-tmp-id=\"lt-270764\" data-gramm=\"false\">\n<div>\n<div class=\"ce-d-flex ce-flex-wrap\">\n<div class=\"ce-col-12\">\n<div id=\"unit-adi8SlZ2NA87g7x\">\n<div class=\"ce-text_item\">\n<div class=\"ce-text\">\n<p><strong>Carcasas de acero inoxidable para filtros sanitarios de alto rendimiento<\/strong><\/p>\n<p>&nbsp;<\/p>\n<p>Caracter\u00edsticas de las carcasas de filtros sanitarios de acero inoxidable<\/p>\n<ul>\n<li>Dise\u00f1o higi\u00e9nico: Nuestras carcasas de filtros sanitarios de acero inoxidable est\u00e1n fabricadas con un dise\u00f1o higi\u00e9nico que garantiza que el proceso de filtraci\u00f3n mantenga la pureza de sus productos.<\/li>\n<li>Resistencia a la corrosi\u00f3n: Construidas con acero inoxidable de alta calidad, estas carcasas ofrecen una excepcional resistencia a la corrosi\u00f3n, lo que las hace ideales para su uso en entornos dif\u00edciles.<\/li>\n<li>Facilidad de limpieza: Las superficies lisas y pulidas de nuestras carcasas de filtros sanitarios facilitan la limpieza, lo que permite un mantenimiento r\u00e1pido y eficaz.<\/li>\n<li>Material de calidad alimentaria: Fabricadas con acero inoxidable de calidad alimentaria, nuestras carcasas de filtro cumplen las normas del sector, por lo que son adecuadas para aplicaciones en el sector de la alimentaci\u00f3n y las bebidas.<\/li>\n<li>Opciones personalizables: Adapte estas carcasas de filtro a sus requisitos espec\u00edficos. Elija entre varios tama\u00f1os, configuraciones y tipos de conexi\u00f3n para adaptarse a sus necesidades de filtraci\u00f3n.<\/li>\n<li>Integridad del sellado: El dise\u00f1o de la carcasa garantiza un sellado seguro, evitando cualquier fuga o contaminaci\u00f3n durante el proceso de filtraci\u00f3n.<\/li>\n<li>Cumplimiento de las normas: Nuestras carcasas de filtros sanitarios cumplen las normas y reglamentos del sector, lo que le proporciona tranquilidad en cuanto a la seguridad y calidad del producto.<\/li>\n<li>Amplia gama de aplicaciones: Ya sea en el sector farmac\u00e9utico, cosm\u00e9tico, alimentario o en otras industrias, estas\u00a0<a href=\"https:\/\/lyfilter.com\/es\/stainless-steel-filter-housing.html\/\">carcasa del filtro de acero inoxidable<\/a>s ofrecen soluciones de filtraci\u00f3n vers\u00e1tiles y fiables.<\/li>\n<li>Construcci\u00f3n duradera: Con una construcci\u00f3n robusta y materiales duraderos, nuestras carcasas de filtros sanitarios est\u00e1n fabricadas para soportar los rigores del funcionamiento continuo en entornos exigentes.<\/li>\n<li>F\u00e1cil instalaci\u00f3n: Dise\u00f1adas para una instalaci\u00f3n sencilla, estas carcasas de filtro vienen con caracter\u00edsticas que simplifican el proceso de instalaci\u00f3n, garantizando un tiempo de inactividad m\u00ednimo para sus operaciones.<\/li>\n<\/ul>\n<p><img decoding=\"async\" class=\"imageye-selected\" src=\"https:\/\/img.yfisher.com\/m6076\/1725286997w65.jpg\" alt=\"Carcasas de filtro sanitario de alto rendimiento en acero inoxidable 7\" data-lazy=\"2\" title=\"\"><\/p>\n<p><img decoding=\"async\" class=\"imageye-selected\" src=\"https:\/\/img.yfisher.com\/m6076\/17252869974hs.jpg\" alt=\"Carcasas de filtro sanitario de alto rendimiento en acero inoxidable 8\" data-lazy=\"2\" title=\"\"><\/p>\n<p>&nbsp;<\/p>\n<p>&nbsp;<\/p>\n<p>&nbsp;<\/p>\n<p>&nbsp;<\/p>\n<p>&nbsp;<\/p>\n<p>&nbsp;<\/p>\n<p>&nbsp;<\/p>\n<p>&nbsp;<\/p>\n<p>&nbsp;<\/p>\n<p>&nbsp;<\/p>\n<p>&nbsp;<\/p>\n<p>&nbsp;<\/p>\n<p><strong>\u00bfC\u00f3mo personalizar carcasas de filtros sanitarios de acero inoxidable de lvyuan?<\/strong><\/p>\n<p>La personalizaci\u00f3n de carcasas de filtros sanitarios de acero inoxidable de Lvyuan es un proceso racionalizado adaptado para satisfacer sus necesidades de filtraci\u00f3n \u00fanicas. Comience por especificar sus requisitos, como capacidad, presi\u00f3n y caudal, y seleccione el tipo de acero inoxidable adecuado, ya sea 304, 316 o 316L. Determine la configuraci\u00f3n de la carcasa, las dimensiones, el acabado superficial, las opciones de sellado, el mecanismo de cierre y cualquier otra caracter\u00edstica adicional, como man\u00f3metros.<\/p>\n<p>Garantizar el cumplimiento de las normas y certificaciones del sector. Consulte con Lvyuan, proporcionando sus especificaciones y solicitando informaci\u00f3n sobre el dise\u00f1o. Despu\u00e9s de revisar y aprobar el dise\u00f1o propuesto, Lvyuan proceder\u00e1 a la producci\u00f3n de su carcasa de filtro personalizada, entregando una soluci\u00f3n de alta calidad adaptada a sus especificaciones exactas.<\/p>\n<p><img decoding=\"async\" class=\"imageye-selected\" src=\"https:\/\/img.yfisher.com\/m6076\/1725286997m49.jpg\" alt=\"Carcasas de filtro sanitario de alto rendimiento en acero inoxidable 9\" data-lazy=\"2\" title=\"\"><\/p>\n<p><img decoding=\"async\" class=\"imageye-selected\" src=\"https:\/\/img.yfisher.com\/m6076\/1725286997okv.jpg\" alt=\"Carcasas de filtro sanitario de alto rendimiento en acero inoxidable 10\" data-lazy=\"2\" title=\"\"><\/p>\n<p><strong>Ventajas de las carcasas de filtros sanitarios de acero inoxidable<\/strong><\/p>\n<ol>\n<li>Dise\u00f1o higi\u00e9nico: Nuestras carcasas de filtros sanitarios de acero inoxidable est\u00e1n fabricadas con un dise\u00f1o higi\u00e9nico que garantiza que el proceso de filtraci\u00f3n mantenga la pureza de sus productos.<\/li>\n<li>Resistencia a la corrosi\u00f3n: Construidas con acero inoxidable de alta calidad, estas carcasas ofrecen una excepcional resistencia a la corrosi\u00f3n, lo que las hace ideales para su uso en entornos dif\u00edciles.<\/li>\n<li>Facilidad de limpieza: Las superficies lisas y pulidas de nuestras carcasas de filtros sanitarios facilitan la limpieza, lo que permite un mantenimiento r\u00e1pido y eficaz.<\/li>\n<li>Material de calidad alimentaria: Fabricadas con acero inoxidable de calidad alimentaria, nuestras carcasas de filtro cumplen las normas del sector, por lo que son adecuadas para aplicaciones en el sector de la alimentaci\u00f3n y las bebidas.<\/li>\n<li>Opciones personalizables: Adapte estas carcasas de filtro a sus requisitos espec\u00edficos. Elija entre varios tama\u00f1os, configuraciones y tipos de conexi\u00f3n para adaptarse a sus necesidades de filtraci\u00f3n.<\/li>\n<li>Integridad del sellado: El dise\u00f1o de la carcasa garantiza un sellado seguro, evitando cualquier fuga o contaminaci\u00f3n durante el proceso de filtraci\u00f3n.<\/li>\n<li>Cumplimiento de las normas: Nuestras carcasas de filtros sanitarios cumplen las normas y reglamentos del sector, lo que le proporciona tranquilidad en cuanto a la seguridad y calidad del producto.<\/li>\n<li>Amplia gama de aplicaciones: Ya sea en la industria farmac\u00e9utica, cosm\u00e9tica, alimentaria u otras, estas carcasas de filtro de acero inoxidable ofrecen soluciones de filtraci\u00f3n vers\u00e1tiles y fiables.<\/li>\n<li>Construcci\u00f3n duradera: Con una construcci\u00f3n robusta y materiales duraderos, nuestras carcasas de filtros sanitarios est\u00e1n fabricadas para soportar los rigores del funcionamiento continuo en entornos exigentes.<\/li>\n<li>F\u00e1cil instalaci\u00f3n: Dise\u00f1adas para una instalaci\u00f3n sencilla, estas carcasas de filtro vienen con caracter\u00edsticas que simplifican el proceso de instalaci\u00f3n, garantizando un tiempo de inactividad m\u00ednimo para sus operaciones.<\/li>\n<\/ol>\n<p>&nbsp;<\/p>\n<p>&nbsp;<\/p>\n<p><strong><img decoding=\"async\" class=\"imageye-selected\" src=\"https:\/\/img.yfisher.com\/m6076\/1725286997e13.jpg\" alt=\"Carcasas de filtro sanitario de alto rendimiento en acero inoxidable 11\" data-lazy=\"2\" title=\"\"><\/strong><\/p>\n<\/div>\n<\/div>\n<\/div>\n<\/div>\n<\/div>\n<\/div>\n<\/div>\n<\/div>\n<\/div>\n<\/div>\n<\/div>\n<\/div>\n<\/div>","protected":false},"excerpt":{"rendered":"<table>\n<thead>\n<tr>\n<th>Campo<\/th>\n<th>Detalles<\/th>\n<\/tr>\n<\/thead>\n<tbody>\n<tr>\n<td>Puerto de inicio<\/td>\n<td>Guangzhou<\/td>\n<\/tr>\n<tr>\n<td>Capacidad de producci\u00f3n<\/td>\n<td>10000 unidades\/Mes<\/td>\n<\/tr>\n<tr>\n<td>Lugar de origen<\/td>\n<td>Guangdong, China<\/td>\n<\/tr>\n<tr>\n<td>Pago<\/td>\n<td>T\/T, Western Union, paypal<\/td>\n<\/tr>\n<tr>\n<td>MOQ<\/td>\n<td>1 unidad<\/td>\n<\/tr>\n<tr>\n<td>Modelo<\/td>\n<td>LY-FB<\/td>\n<\/tr>\n<tr>\n<td>Plazo de entrega<\/td>\n<td>En un plazo de 7 d\u00edas laborables<\/td>\n<\/tr>\n<tr>\n<td>Certificaci\u00f3n<\/td>\n<td>ISO 9001<\/td>\n<\/tr>\n<tr>\n<td>Marca<\/td>\n<td>OEM\/Lvyuan<\/td>\n<\/tr>\n<\/tbody>\n<\/table>","protected":false},"featured_media":580,"comment_status":"open","ping_status":"closed","template":"","meta":{"_gspb_post_css":""},"product_brand":[],"product_cat":[15],"product_tag":[263,261,262,260,258,259],"class_list":{"0":"post-578","1":"product","2":"type-product","3":"status-publish","4":"has-post-thumbnail","6":"product_cat-stainless-steel-filter-housing","7":"product_tag-fast-delivery","8":"product_tag-guangdong-china","9":"product_tag-guangzhou-port","10":"product_tag-iso-9001","11":"product_tag-ly-fb","12":"product_tag-oem","14":"first","15":"instock","16":"shipping-taxable","17":"product-type-simple"},"_links":{"self":[{"href":"https:\/\/lyfilter.com\/es\/wp-json\/wp\/v2\/product\/578","targetHints":{"allow":["GET"]}}],"collection":[{"href":"https:\/\/lyfilter.com\/es\/wp-json\/wp\/v2\/product"}],"about":[{"href":"https:\/\/lyfilter.com\/es\/wp-json\/wp\/v2\/types\/product"}],"replies":[{"embeddable":true,"href":"https:\/\/lyfilter.com\/es\/wp-json\/wp\/v2\/comments?post=578"}],"wp:featuredmedia":[{"embeddable":true,"href":"https:\/\/lyfilter.com\/es\/wp-json\/wp\/v2\/media\/580"}],"wp:attachment":[{"href":"https:\/\/lyfilter.com\/es\/wp-json\/wp\/v2\/media?parent=578"}],"wp:term":[{"taxonomy":"product_brand","embeddable":true,"href":"https:\/\/lyfilter.com\/es\/wp-json\/wp\/v2\/product_brand?post=578"},{"taxonomy":"product_cat","embeddable":true,"href":"https:\/\/lyfilter.com\/es\/wp-json\/wp\/v2\/product_cat?post=578"},{"taxonomy":"product_tag","embeddable":true,"href":"https:\/\/lyfilter.com\/es\/wp-json\/wp\/v2\/product_tag?post=578"}],"curies":[{"name":"wp","href":"https:\/\/api.w.org\/{rel}","templated":true}]}}