{"id":5029,"date":"2026-04-07T08:25:59","date_gmt":"2026-04-07T08:25:59","guid":{"rendered":"https:\/\/lyfilter.com\/"},"modified":"2026-05-08T01:15:34","modified_gmt":"2026-05-08T01:15:34","slug":"20-inch-ss304-ss316-stainless-steel-code-7-cartridge-filter-housing-sanitary-cartridge-filter","status":"publish","type":"product","link":"https:\/\/lyfilter.com\/es\/20-inch-ss304-ss316-stainless-steel-code-7-cartridge-filter-housing-sanitary-cartridge-filter\/","title":{"rendered":"20 pulgadas SS304 SS316 de acero inoxidable C\u00f3digo 7 cartucho de filtro de vivienda \/ filtro de cartucho sanitario"},"content":{"rendered":"<table>\n<thead>\n<tr>\n<th>Lugar de origen<\/th>\n<th>Guangdong, China<\/th>\n<\/tr>\n<\/thead>\n<tbody>\n<tr>\n<td>Marca<\/td>\n<td>Lvyuan,OEM,ODM<\/td>\n<\/tr>\n<tr>\n<td>Material<\/td>\n<td>acero inoxidable<\/td>\n<\/tr>\n<tr>\n<td>Peso<\/td>\n<td>personalizado<\/td>\n<\/tr>\n<tr>\n<td>Talla<\/td>\n<td>a medida, 10\u201d20\u201d30\u201d40\u201d<\/td>\n<\/tr>\n<tr>\n<td>Potencia<\/td>\n<td>0<\/td>\n<\/tr>\n<tr>\n<td>Garant\u00eda<\/td>\n<td>1 a\u00f1o<\/td>\n<\/tr>\n<tr>\n<td>Servicio posventa<\/td>\n<td>Asistencia en l\u00ednea<\/td>\n<\/tr>\n<tr>\n<td>Caracter\u00edstica<\/td>\n<td>purificar l\u00edquidos<\/td>\n<\/tr>\n<tr>\n<td>Certificaci\u00f3n<\/td>\n<td>SGS<\/td>\n<\/tr>\n<tr>\n<td>Forma<\/td>\n<td>cilindro<\/td>\n<\/tr>\n<tr>\n<td>tipo de conector<\/td>\n<td>abrazadera<\/td>\n<\/tr>\n<tr>\n<td>Aplicaci\u00f3n<\/td>\n<td>industria agua<\/td>\n<\/tr>\n<tr>\n<td>superficie<\/td>\n<td>pulido\/espejo<\/td>\n<\/tr>\n<tr>\n<td>Nombre<\/td>\n<td>carcasa del filtro sanitario<\/td>\n<\/tr>\n<tr>\n<td>Materia prima<\/td>\n<td>acero inoxidable<\/td>\n<\/tr>\n<tr>\n<td>Color<\/td>\n<td>Plata<\/td>\n<\/tr>\n<tr>\n<td>Capacidad de suministro<\/td>\n<td>5000 Piezas por semana<\/td>\n<\/tr>\n<\/tbody>\n<\/table>","protected":false},"excerpt":{"rendered":"<p>Fabricado para filtraci\u00f3n sanitaria, este alojamiento de cartucho filtrante C\u00f3digo 7 de acero inoxidable SS304 y SS316 admite un flujo de l\u00edquido limpio y un control fiable de las part\u00edculas. Ayuda a mantener un procesamiento estable y un uso constante en sistemas industriales.<\/p>","protected":false},"featured_media":5035,"comment_status":"open","ping_status":"closed","template":"","meta":{"_gspb_post_css":""},"product_brand":[],"product_cat":[15],"product_tag":[1957,42,1534,1958,1956,1660],"class_list":{"0":"post-5029","1":"product","2":"type-product","3":"status-publish","4":"has-post-thumbnail","6":"product_cat-stainless-steel-filter-housing","7":"product_tag-code-7-filter-housing","8":"product_tag-industrial-liquid-filtration","9":"product_tag-inversafilterpurification","10":"product_tag-sanitary-cartridge-filter","11":"product_tag-ss304-ss316-sanitary-filter","12":"product_tag-stainless-steel-cartridge-filter-housing","14":"first","15":"instock","16":"shipping-taxable","17":"product-type-simple"},"_links":{"self":[{"href":"https:\/\/lyfilter.com\/es\/wp-json\/wp\/v2\/product\/5029","targetHints":{"allow":["GET"]}}],"collection":[{"href":"https:\/\/lyfilter.com\/es\/wp-json\/wp\/v2\/product"}],"about":[{"href":"https:\/\/lyfilter.com\/es\/wp-json\/wp\/v2\/types\/product"}],"replies":[{"embeddable":true,"href":"https:\/\/lyfilter.com\/es\/wp-json\/wp\/v2\/comments?post=5029"}],"wp:featuredmedia":[{"embeddable":true,"href":"https:\/\/lyfilter.com\/es\/wp-json\/wp\/v2\/media\/5035"}],"wp:attachment":[{"href":"https:\/\/lyfilter.com\/es\/wp-json\/wp\/v2\/media?parent=5029"}],"wp:term":[{"taxonomy":"product_brand","embeddable":true,"href":"https:\/\/lyfilter.com\/es\/wp-json\/wp\/v2\/product_brand?post=5029"},{"taxonomy":"product_cat","embeddable":true,"href":"https:\/\/lyfilter.com\/es\/wp-json\/wp\/v2\/product_cat?post=5029"},{"taxonomy":"product_tag","embeddable":true,"href":"https:\/\/lyfilter.com\/es\/wp-json\/wp\/v2\/product_tag?post=5029"}],"curies":[{"name":"wp","href":"https:\/\/api.w.org\/{rel}","templated":true}]}}