{"id":5018,"date":"2026-04-07T07:50:24","date_gmt":"2026-04-07T07:50:24","guid":{"rendered":"https:\/\/lyfilter.com\/"},"modified":"2026-04-07T07:50:24","modified_gmt":"2026-04-07T07:50:24","slug":"lvyuan-filter-water-treatment-plant-manufacturers-high-safety-for-factory","status":"publish","type":"product","link":"https:\/\/lyfilter.com\/es\/lvyuan-filter-water-treatment-plant-manufacturers-high-safety-for-factory\/","title":{"rendered":"Lvyuan filtro de la planta de tratamiento de agua Fabricantes de alta seguridad para la f\u00e1brica"},"content":{"rendered":"<table>\n<thead>\n<tr>\n<th>Lugar de origen<\/th>\n<th>Guangdong, China<\/th>\n<\/tr>\n<\/thead>\n<tbody>\n<tr>\n<td>Marca<\/td>\n<td>Guangzhou Lvyuan<\/td>\n<\/tr>\n<tr>\n<td>N\u00famero de modelo<\/td>\n<td>LY-PV001<\/td>\n<\/tr>\n<tr>\n<td>Nombre<\/td>\n<td>Recipientes a presi\u00f3n con membrana de acero inoxidable 316<\/td>\n<\/tr>\n<tr>\n<td>material de la carcasa<\/td>\n<td>SS304, SS316<\/td>\n<\/tr>\n<tr>\n<td>tipo de vivienda<\/td>\n<td>sin costuras o con costuras<\/td>\n<\/tr>\n<tr>\n<td>material de la tapa<\/td>\n<td>ABS, acero inoxidable<\/td>\n<\/tr>\n<tr>\n<td>\u00edndice de presi\u00f3n<\/td>\n<td>300 psi, 400 psi, 1000 psi<\/td>\n<\/tr>\n<tr>\n<td>modo de entrada<\/td>\n<td>extremo o lado<\/td>\n<\/tr>\n<tr>\n<td>orificio de entrada<\/td>\n<td>3\/4\u2033 hembra o 1,5\u2033 hembra<\/td>\n<\/tr>\n<tr>\n<td>puerto de salida<\/td>\n<td>1\/2\u2033 hembra o 1\u2033 hembra<\/td>\n<\/tr>\n<tr>\n<td>Certificaci\u00f3n<\/td>\n<td>Certificado CE<\/td>\n<\/tr>\n<tr>\n<td>Aplicaci\u00f3n<\/td>\n<td>Recipiente a presi\u00f3n para \u00f3smosis inversa<\/td>\n<\/tr>\n<tr>\n<td>Capacidad de suministro<\/td>\n<td>10000 Piezas \/ Mes recipiente a presi\u00f3n de acero inoxidable<\/td>\n<\/tr>\n<\/tbody>\n<\/table>","protected":false},"excerpt":{"rendered":"<p>Ventajas de la empresa<br \/>\n1. Lvyuan Filter est\u00e1 fabricado con materias primas de la mejor calidad que garantizan a los clientes nuestra autenticidad. No contiene aglutinantes, agentes, disolventes, materiales antiest\u00e1ticos o agentes humectantes<br \/>\n2. Con estas caracter\u00edsticas se ha ganado el favor de los clientes de todo el mundo. La junta anular en forma de estrella hace que el elemento filtrante sea f\u00e1cil de desmontar y mantener<br \/>\n3. El producto es resistente a la temperatura. Su rigidez o resistencia a la fatiga no se modifican f\u00e1cilmente con las variaciones de temperatura. Puede proporcionar an\u00e1lisis y resultados precisos para cromatograf\u00eda i\u00f3nica sensible.<\/p>\n<p>Guangzhou Lvyuan ofrece una amplia gama de carcasas de acero inoxidable para membranas de \u00f3smosis inversa de 2,5\u201d, 4\u201d y 8\u201d. Las carcasas est\u00e1n dise\u00f1adas en cualquiera de los tipos de entrada final o lateral, colocando con varios tama\u00f1os de puertos de permeado y concentrado. Las diversas opciones ofrecen a los clientes una gran comodidad para satisfacer diferentes aplicaciones y ahorrar una costosa inversi\u00f3n en complicados colectores. Todas las carcasas de las membranas de \u00f3smosis inversa de acero inoxidable se someten a pruebas hidr\u00e1ulicas para garantizar una calidad constante en el punto de uso.<\/p>","protected":false},"featured_media":5019,"comment_status":"open","ping_status":"closed","template":"","meta":{"_gspb_post_css":""},"product_brand":[],"product_cat":[1202],"product_tag":[1942,1943,1717,1534,1941,1136],"class_list":{"0":"post-5018","1":"product","2":"type-product","3":"status-publish","4":"has-post-thumbnail","6":"product_cat-filter-cartridge","7":"product_tag-factory-water-filtration","8":"product_tag-high-safety-filtration-system","9":"product_tag-industrial-water-purification","10":"product_tag-inversafilterpurification","11":"product_tag-lvyuan-water-treatment-plant","12":"product_tag-water-filter-locks","14":"first","15":"instock","16":"shipping-taxable","17":"product-type-simple"},"_links":{"self":[{"href":"https:\/\/lyfilter.com\/es\/wp-json\/wp\/v2\/product\/5018","targetHints":{"allow":["GET"]}}],"collection":[{"href":"https:\/\/lyfilter.com\/es\/wp-json\/wp\/v2\/product"}],"about":[{"href":"https:\/\/lyfilter.com\/es\/wp-json\/wp\/v2\/types\/product"}],"replies":[{"embeddable":true,"href":"https:\/\/lyfilter.com\/es\/wp-json\/wp\/v2\/comments?post=5018"}],"wp:featuredmedia":[{"embeddable":true,"href":"https:\/\/lyfilter.com\/es\/wp-json\/wp\/v2\/media\/5019"}],"wp:attachment":[{"href":"https:\/\/lyfilter.com\/es\/wp-json\/wp\/v2\/media?parent=5018"}],"wp:term":[{"taxonomy":"product_brand","embeddable":true,"href":"https:\/\/lyfilter.com\/es\/wp-json\/wp\/v2\/product_brand?post=5018"},{"taxonomy":"product_cat","embeddable":true,"href":"https:\/\/lyfilter.com\/es\/wp-json\/wp\/v2\/product_cat?post=5018"},{"taxonomy":"product_tag","embeddable":true,"href":"https:\/\/lyfilter.com\/es\/wp-json\/wp\/v2\/product_tag?post=5018"}],"curies":[{"name":"wp","href":"https:\/\/api.w.org\/{rel}","templated":true}]}}