{"id":5005,"date":"2026-04-07T07:43:26","date_gmt":"2026-04-07T07:43:26","guid":{"rendered":"https:\/\/lyfilter.com\/"},"modified":"2026-04-07T07:43:26","modified_gmt":"2026-04-07T07:43:26","slug":"custom-sintered-wire-mesh-for-industry","status":"publish","type":"product","link":"https:\/\/lyfilter.com\/es\/custom-sintered-wire-mesh-for-industry\/","title":{"rendered":"Malla met\u00e1lica sinterizada a medida para la industria"},"content":{"rendered":"<table>\n<thead>\n<tr>\n<th>Servicio post garant\u00eda<\/th>\n<th>Asistencia en l\u00ednea<\/th>\n<\/tr>\n<\/thead>\n<tbody>\n<tr>\n<td>Ubicaci\u00f3n del servicio local<\/td>\n<td>ninguno<\/td>\n<\/tr>\n<tr>\n<td>Ubicaci\u00f3n de la sala de exposiciones<\/td>\n<td>ninguno<\/td>\n<\/tr>\n<tr>\n<td>V\u00eddeo de la inspecci\u00f3n de salida<\/td>\n<td>Proporcionado<\/td>\n<\/tr>\n<tr>\n<td>Informe de ensayo de maquinaria<\/td>\n<td>Proporcionado<\/td>\n<\/tr>\n<tr>\n<td>Tipo de comercializaci\u00f3n<\/td>\n<td>Producto ordinario<\/td>\n<\/tr>\n<tr>\n<td>Garant\u00eda de los componentes principales<\/td>\n<td>1 a\u00f1o<\/td>\n<\/tr>\n<tr>\n<td>Componentes b\u00e1sicos<\/td>\n<td>Recipiente a presi\u00f3n<\/td>\n<\/tr>\n<tr>\n<td>Lugar de origen<\/td>\n<td>Guangdong, China<\/td>\n<\/tr>\n<tr>\n<td>Marca<\/td>\n<td>Lvyuan\/OEM<\/td>\n<\/tr>\n<tr>\n<td>Garant\u00eda<\/td>\n<td>1 a\u00f1o<\/td>\n<\/tr>\n<tr>\n<td>Servicio posventa<\/td>\n<td>Asistencia en l\u00ednea<\/td>\n<\/tr>\n<tr>\n<td>Palabras clave<\/td>\n<td>polvo sinterizado sus316l filtro<\/td>\n<\/tr>\n<tr>\n<td>Di\u00e1metro<\/td>\n<td>Demanda del cliente<\/td>\n<\/tr>\n<tr>\n<td>Material<\/td>\n<td>acero inoxidable<\/td>\n<\/tr>\n<tr>\n<td>Forma<\/td>\n<td>cilindro<\/td>\n<\/tr>\n<tr>\n<td>Utilizaci\u00f3n<\/td>\n<td>tratamiento del agua<\/td>\n<\/tr>\n<tr>\n<td>Aplicaci\u00f3n<\/td>\n<td>industria<\/td>\n<\/tr>\n<tr>\n<td>Color<\/td>\n<td>astilla<\/td>\n<\/tr>\n<tr>\n<td>Embalaje<\/td>\n<td>caja de papel<\/td>\n<\/tr>\n<tr>\n<td>longitud<\/td>\n<td>10\/20\/30\/40 pulgadas<\/td>\n<\/tr>\n<tr>\n<td>Ventaja<\/td>\n<td>reutilizar<\/td>\n<\/tr>\n<tr>\n<td>Capacidad de suministro<\/td>\n<td>10000 Piezas\/Pieza por Mes<\/td>\n<\/tr>\n<\/tbody>\n<\/table>","protected":false},"excerpt":{"rendered":"<p><b>Ventajas de la empresa<\/b><\/p>\n<p>\u00b7\u00a0<a href=\"https:\/\/lyfilter.com\/es\/\">Filtro Lvyuan<\/a>\u00a0La malla de alambre sinterizado se fabrica mediante procesos de fabricaci\u00f3n superiores.<\/p>\n<p>- La gran calidad y durabilidad est\u00e1n garantizadas.<\/p>\n<p>- Con la f\u00e1brica grande y el personal bien entrenado, el equipo Co. de la purificaci\u00f3n del agua de Guangzhou Lvyuan, Ltd. puede garantizar plazo de expedici\u00f3n corto.<\/p>","protected":false},"featured_media":5008,"comment_status":"open","ping_status":"closed","template":"","meta":{"_gspb_post_css":""},"product_brand":[],"product_cat":[18],"product_tag":[1934,1935,1534,1937,1936,1136],"class_list":{"0":"post-5005","1":"product","2":"type-product","3":"status-publish","4":"has-post-thumbnail","6":"product_cat-sintered-metal-filters","7":"product_tag-custom-sintered-wire-mesh","8":"product_tag-industrial-wire-mesh-filter","9":"product_tag-inversafilterpurification","10":"product_tag-precision-particle-control","11":"product_tag-stainless-steel-filtration-mesh","12":"product_tag-water-filter-locks","14":"first","15":"instock","16":"shipping-taxable","17":"product-type-simple"},"_links":{"self":[{"href":"https:\/\/lyfilter.com\/es\/wp-json\/wp\/v2\/product\/5005","targetHints":{"allow":["GET"]}}],"collection":[{"href":"https:\/\/lyfilter.com\/es\/wp-json\/wp\/v2\/product"}],"about":[{"href":"https:\/\/lyfilter.com\/es\/wp-json\/wp\/v2\/types\/product"}],"replies":[{"embeddable":true,"href":"https:\/\/lyfilter.com\/es\/wp-json\/wp\/v2\/comments?post=5005"}],"wp:featuredmedia":[{"embeddable":true,"href":"https:\/\/lyfilter.com\/es\/wp-json\/wp\/v2\/media\/5008"}],"wp:attachment":[{"href":"https:\/\/lyfilter.com\/es\/wp-json\/wp\/v2\/media?parent=5005"}],"wp:term":[{"taxonomy":"product_brand","embeddable":true,"href":"https:\/\/lyfilter.com\/es\/wp-json\/wp\/v2\/product_brand?post=5005"},{"taxonomy":"product_cat","embeddable":true,"href":"https:\/\/lyfilter.com\/es\/wp-json\/wp\/v2\/product_cat?post=5005"},{"taxonomy":"product_tag","embeddable":true,"href":"https:\/\/lyfilter.com\/es\/wp-json\/wp\/v2\/product_tag?post=5005"}],"curies":[{"name":"wp","href":"https:\/\/api.w.org\/{rel}","templated":true}]}}