{"id":5001,"date":"2026-04-07T07:37:25","date_gmt":"2026-04-07T07:37:25","guid":{"rendered":"https:\/\/lyfilter.com\/"},"modified":"2026-04-07T07:37:25","modified_gmt":"2026-04-07T07:37:25","slug":"customized-device-sanitary-stainless-steel-liquid-filter-with-1-2-3-4-5-stages-cartridge-bag-purification","status":"publish","type":"product","link":"https:\/\/lyfilter.com\/es\/customized-device-sanitary-stainless-steel-liquid-filter-with-1-2-3-4-5-stages-cartridge-bag-purification\/","title":{"rendered":"Dispositivo personalizado de acero inoxidable sanitario Filtro de l\u00edquido con 1\/2\/3\/4\/5 etapas de cartucho \/ bolsa de purificaci\u00f3n"},"content":{"rendered":"<table>\n<thead>\n<tr>\n<th>Lugar de origen<\/th>\n<th>Guangdong, China<\/th>\n<\/tr>\n<\/thead>\n<tbody>\n<tr>\n<td>Marca<\/td>\n<td>Lvyuan \/ OEM<\/td>\n<\/tr>\n<tr>\n<td>Garant\u00eda<\/td>\n<td>No disponible<\/td>\n<\/tr>\n<tr>\n<td>Servicio posventa<\/td>\n<td>Asistencia en l\u00ednea<\/td>\n<\/tr>\n<tr>\n<td>Nombre del producto<\/td>\n<td>Filtro de l\u00edquidos de acero inoxidable<\/td>\n<\/tr>\n<tr>\n<td>material de la carcasa<\/td>\n<td>ss304, sus 316, ss316L<\/td>\n<\/tr>\n<tr>\n<td>filtros de bolsa cantidad<\/td>\n<td>Bolsas individuales o m\u00faltiples personalizadas<\/td>\n<\/tr>\n<tr>\n<td>Tama\u00f1o de la bolsa<\/td>\n<td>180<em>450 mm o 180<\/em>810 mm, otros<\/td>\n<\/tr>\n<tr>\n<td>Tipo de entrada y salida<\/td>\n<td>Conexi\u00f3n brida\/rosca<\/td>\n<\/tr>\n<tr>\n<td>Bolsa filtrante Material<\/td>\n<td>PP, PE, a medida<\/td>\n<\/tr>\n<tr>\n<td>Presi\u00f3n m\u00e1x. de trabajo<\/td>\n<td>100\/150\/300 Psi<\/td>\n<\/tr>\n<tr>\n<td>Utilizaci\u00f3n<\/td>\n<td>filtraci\u00f3n de l\u00edquidos<\/td>\n<\/tr>\n<tr>\n<td>N\u00famero de bolsa<\/td>\n<td>#1, 2, 3, 4, 5, OEM<\/td>\n<\/tr>\n<tr>\n<td>vivienda clousure by<\/td>\n<td>perno r\u00e1pido, abrazadera, brida<\/td>\n<\/tr>\n<tr>\n<td>Capacidad de suministro<\/td>\n<td>1500 Piezas \/ Mes Filtro de L\u00edquidos<\/td>\n<\/tr>\n<\/tbody>\n<\/table>","protected":false},"excerpt":{"rendered":"<p>Fabricado para una purificaci\u00f3n de l\u00edquidos fiable, este filtro sanitario personalizado de acero inoxidable admite de 1 a 5 etapas con opciones de cartucho o bolsa. Proporciona un flujo m\u00e1s limpio, un procesamiento m\u00e1s seguro y una filtraci\u00f3n flexible para muchas necesidades.<\/p>","protected":false},"featured_media":4641,"comment_status":"open","ping_status":"closed","template":"","meta":{"_gspb_post_css":""},"product_brand":[],"product_cat":[1135],"product_tag":[1930,1534,1929,1931,1928,1136],"class_list":{"0":"post-5001","1":"product","2":"type-product","3":"status-publish","4":"has-post-thumbnail","6":"product_cat-stainless-steel-bag-filter-housing","7":"product_tag-cartridge-bag-purification","8":"product_tag-inversafilterpurification","9":"product_tag-liquid-filter-system","10":"product_tag-multi-stage-filtration","11":"product_tag-sanitary-stainless-steel-filter","12":"product_tag-water-filter-locks","14":"first","15":"instock","16":"shipping-taxable","17":"product-type-simple"},"_links":{"self":[{"href":"https:\/\/lyfilter.com\/es\/wp-json\/wp\/v2\/product\/5001","targetHints":{"allow":["GET"]}}],"collection":[{"href":"https:\/\/lyfilter.com\/es\/wp-json\/wp\/v2\/product"}],"about":[{"href":"https:\/\/lyfilter.com\/es\/wp-json\/wp\/v2\/types\/product"}],"replies":[{"embeddable":true,"href":"https:\/\/lyfilter.com\/es\/wp-json\/wp\/v2\/comments?post=5001"}],"wp:featuredmedia":[{"embeddable":true,"href":"https:\/\/lyfilter.com\/es\/wp-json\/wp\/v2\/media\/4641"}],"wp:attachment":[{"href":"https:\/\/lyfilter.com\/es\/wp-json\/wp\/v2\/media?parent=5001"}],"wp:term":[{"taxonomy":"product_brand","embeddable":true,"href":"https:\/\/lyfilter.com\/es\/wp-json\/wp\/v2\/product_brand?post=5001"},{"taxonomy":"product_cat","embeddable":true,"href":"https:\/\/lyfilter.com\/es\/wp-json\/wp\/v2\/product_cat?post=5001"},{"taxonomy":"product_tag","embeddable":true,"href":"https:\/\/lyfilter.com\/es\/wp-json\/wp\/v2\/product_tag?post=5001"}],"curies":[{"name":"wp","href":"https:\/\/api.w.org\/{rel}","templated":true}]}}