{"id":4998,"date":"2026-04-07T07:27:47","date_gmt":"2026-04-07T07:27:47","guid":{"rendered":"https:\/\/lyfilter.com\/"},"modified":"2026-04-07T07:27:47","modified_gmt":"2026-04-07T07:27:47","slug":"affordable-activated-carbon-filter-element-replace-for-sea-water","status":"publish","type":"product","link":"https:\/\/lyfilter.com\/es\/affordable-activated-carbon-filter-element-replace-for-sea-water\/","title":{"rendered":"Reemplazo asequible del elemento filtrante de carb\u00f3n activado para el agua de mar"},"content":{"rendered":"<table>\n<thead>\n<tr>\n<th>Industrias aplicables<\/th>\n<th>F\u00e1brica de alimentos y bebidas, Tiendas de alimentos y bebidas<\/th>\n<\/tr>\n<\/thead>\n<tbody>\n<tr>\n<td>Servicio post garant\u00eda<\/td>\n<td>Asistencia en l\u00ednea<\/td>\n<\/tr>\n<tr>\n<td>Ubicaci\u00f3n del servicio local<\/td>\n<td>ninguno<\/td>\n<\/tr>\n<tr>\n<td>Ubicaci\u00f3n de la sala de exposiciones<\/td>\n<td>ninguno<\/td>\n<\/tr>\n<tr>\n<td>V\u00eddeo de la inspecci\u00f3n de salida<\/td>\n<td>Proporcionado<\/td>\n<\/tr>\n<tr>\n<td>Informe de ensayo de maquinaria<\/td>\n<td>Proporcionado<\/td>\n<\/tr>\n<tr>\n<td>Tipo de comercializaci\u00f3n<\/td>\n<td>Producto ordinario<\/td>\n<\/tr>\n<tr>\n<td>Garant\u00eda de los componentes principales<\/td>\n<td>1 a\u00f1o<\/td>\n<\/tr>\n<tr>\n<td>Componentes b\u00e1sicos<\/td>\n<td>Recipiente a presi\u00f3n<\/td>\n<\/tr>\n<tr>\n<td>Lugar de origen<\/td>\n<td>China<\/td>\n<\/tr>\n<tr>\n<td>Marca<\/td>\n<td>Lvyuan\/Oem<\/td>\n<\/tr>\n<tr>\n<td>Garant\u00eda<\/td>\n<td>1 a\u00f1o<\/td>\n<\/tr>\n<tr>\n<td>Servicio posventa<\/td>\n<td>Asistencia en l\u00ednea<\/td>\n<\/tr>\n<tr>\n<td>Nombre<\/td>\n<td>Filtro de cartucho de 02 micras<\/td>\n<\/tr>\n<tr>\n<td>Material de la membrana filtrante<\/td>\n<td>PP\/PVDF\/PTFE\/PES\/Nil\u00f3n<\/td>\n<\/tr>\n<tr>\n<td>Longitud<\/td>\n<td>5 \/ 10 \/ 20 \/ 30 \/ 40 \/ 50 \/ 60 pulgadas<\/td>\n<\/tr>\n<tr>\n<td>Conector<\/td>\n<td>Fin\/222\/226\/215\/DOE\/Thread<\/td>\n<\/tr>\n<tr>\n<td>Micron<\/td>\n<td>0.22\/0.5\/1\/3\/5\/10\/25\/50\/75\/100\/150<\/td>\n<\/tr>\n<tr>\n<td>M\u00e9todo de sellado<\/td>\n<td>Soldadura por fusi\u00f3n en caliente<\/td>\n<\/tr>\n<tr>\n<td>Di\u00e1metro<\/td>\n<td>70 mm\/OEM<\/td>\n<\/tr>\n<tr>\n<td>N\u00facleo interior<\/td>\n<td>PP\/SS\/OEM<\/td>\n<\/tr>\n<tr>\n<td>MOQ<\/td>\n<td>Actualmente no hay<\/td>\n<\/tr>\n<tr>\n<td>Capacidad de suministro<\/td>\n<td>5000 Piezas por semana<\/td>\n<\/tr>\n<\/tbody>\n<\/table>","protected":false},"excerpt":{"rendered":"<p><b>Ventajas de la empresa<\/b><br \/>\n<b>1.<\/b>\u00a0La combinaci\u00f3n de materiales, incluidos\u00a0<a href=\"https:\/\/lyfilter.com\/es\/sediment-filter.html\/\">filtro de sedimentos<\/a>\u00a0cartucho hace que el elemento filtrante de carb\u00f3n activado sea perfecto en calidad. Su construcci\u00f3n \u00fanica gradiente de densidad maximiza la eficiencia y minimiza la ca\u00edda de presi\u00f3n<br \/>\n<b>2.<\/b>\u00a0El buen servicio y la calidad superior son factores clave para el \u00e9xito del elemento filtrante de carb\u00f3n activado en el mercado de ultramar. Tiene una gran \u00e1rea efectiva de filtrado<br \/>\n<b>3.<\/b>\u00a0El producto es estable en calidad y superior en rendimiento. Hay diferente porosidad a trav\u00e9s de la profundidad de su medio filtrante<br \/>\n<b>4.<\/b>\u00a0Nuestro equipo t\u00e9cnico profesional optimiza enormemente el rendimiento de nuestros productos. Puede controlar eficazmente la precisi\u00f3n de filtraci\u00f3n<br \/>\n<b>5.<\/b>\u00a0Estamos comprometidos con la investigaci\u00f3n y el desarrollo de nuevas tecnolog\u00edas, para que la calidad y el rendimiento de nuestros productos est\u00e9n a la vanguardia del sector. El medio filtrante est\u00e1 unido t\u00e9rmicamente para evitar el desprendimiento de fibras mientras<\/p>","protected":false},"featured_media":4999,"comment_status":"open","ping_status":"closed","template":"","meta":{"_gspb_post_css":""},"product_brand":[],"product_cat":[1339],"product_tag":[1177,1577,1534,1546,1924,1136],"class_list":{"0":"post-4998","1":"product","2":"type-product","3":"status-publish","4":"has-post-thumbnail","6":"product_cat-carbon-filter","7":"product_tag-activated-carbon-filter-element","8":"product_tag-carbon-water-filter-cartridge","9":"product_tag-inversafilterpurification","10":"product_tag-sea-water-filter-replacement","11":"product_tag-sea-water-filtration-filter","12":"product_tag-water-filter-locks","14":"first","15":"instock","16":"shipping-taxable","17":"product-type-simple"},"_links":{"self":[{"href":"https:\/\/lyfilter.com\/es\/wp-json\/wp\/v2\/product\/4998","targetHints":{"allow":["GET"]}}],"collection":[{"href":"https:\/\/lyfilter.com\/es\/wp-json\/wp\/v2\/product"}],"about":[{"href":"https:\/\/lyfilter.com\/es\/wp-json\/wp\/v2\/types\/product"}],"replies":[{"embeddable":true,"href":"https:\/\/lyfilter.com\/es\/wp-json\/wp\/v2\/comments?post=4998"}],"wp:featuredmedia":[{"embeddable":true,"href":"https:\/\/lyfilter.com\/es\/wp-json\/wp\/v2\/media\/4999"}],"wp:attachment":[{"href":"https:\/\/lyfilter.com\/es\/wp-json\/wp\/v2\/media?parent=4998"}],"wp:term":[{"taxonomy":"product_brand","embeddable":true,"href":"https:\/\/lyfilter.com\/es\/wp-json\/wp\/v2\/product_brand?post=4998"},{"taxonomy":"product_cat","embeddable":true,"href":"https:\/\/lyfilter.com\/es\/wp-json\/wp\/v2\/product_cat?post=4998"},{"taxonomy":"product_tag","embeddable":true,"href":"https:\/\/lyfilter.com\/es\/wp-json\/wp\/v2\/product_tag?post=4998"}],"curies":[{"name":"wp","href":"https:\/\/api.w.org\/{rel}","templated":true}]}}