{"id":4974,"date":"2026-04-07T07:03:58","date_gmt":"2026-04-07T07:03:58","guid":{"rendered":"https:\/\/lyfilter.com\/"},"modified":"2026-04-07T07:03:58","modified_gmt":"2026-04-07T07:03:58","slug":"lvyuan-stainless-steel-cartridge-filter-housing-wholesaler-for-water-purifier","status":"publish","type":"product","link":"https:\/\/lyfilter.com\/es\/lvyuan-stainless-steel-cartridge-filter-housing-wholesaler-for-water-purifier\/","title":{"rendered":"Lvyuan Acero Inoxidable Cartucho Filtro Carcasa Mayorista Para Purificador De Agua"},"content":{"rendered":"<table>\n<thead>\n<tr>\n<th>Lugar de origen<\/th>\n<th>Guangdong, China<\/th>\n<\/tr>\n<\/thead>\n<tbody>\n<tr>\n<td>Marca<\/td>\n<td>Lvyuan \/ OEM<\/td>\n<\/tr>\n<tr>\n<td>Material<\/td>\n<td>acero inoxidable<\/td>\n<\/tr>\n<tr>\n<td>Peso<\/td>\n<td>depende<\/td>\n<\/tr>\n<tr>\n<td>Talla<\/td>\n<td>depende<\/td>\n<\/tr>\n<tr>\n<td>Potencia<\/td>\n<td>0<\/td>\n<\/tr>\n<tr>\n<td>Garant\u00eda<\/td>\n<td>1 a\u00f1o<\/td>\n<\/tr>\n<tr>\n<td>Servicio posventa<\/td>\n<td>Asistencia en l\u00ednea<\/td>\n<\/tr>\n<tr>\n<td>Nombre del producto<\/td>\n<td>carcasa del filtro de agua de acero inoxidable<\/td>\n<\/tr>\n<tr>\n<td>vivienda Materiales<\/td>\n<td>ss304, 316, 316L<\/td>\n<\/tr>\n<tr>\n<td>Cantidad de filtros de cartucho<\/td>\n<td>1 - 160PCS para la opci\u00f3n<\/td>\n<\/tr>\n<tr>\n<td>Longitud del cartucho filtrante<\/td>\n<td>5, 10, 20, 30, 40, 60 pulgadas, OEM<\/td>\n<\/tr>\n<tr>\n<td>Tratamiento de superficies<\/td>\n<td>Pulido y chorro de arena<\/td>\n<\/tr>\n<tr>\n<td>Tipo de tapa superior instalada<\/td>\n<td>Pernos de elevaci\u00f3n \/ Brida \/ Tipo de abrazadera<\/td>\n<\/tr>\n<tr>\n<td>Utilizaci\u00f3n<\/td>\n<td>planta de tratamiento de agua\/l\u00edquidos\/vino<\/td>\n<\/tr>\n<tr>\n<td>Paquete<\/td>\n<td>Caja de madera<\/td>\n<\/tr>\n<tr>\n<td>Tipo de conector<\/td>\n<td>c\u00f3digo 0 3 6 7 8 9<\/td>\n<\/tr>\n<tr>\n<td>Certificaci\u00f3n<\/td>\n<td>CE ISO SGS<\/td>\n<\/tr>\n<tr>\n<td>Capacidad de suministro<\/td>\n<td>500 Piezas\/Piezas por D\u00eda carcasa del filtro de cartucho de acero inoxidable<\/td>\n<\/tr>\n<\/tbody>\n<\/table>","protected":false},"excerpt":{"rendered":"<p>Hecho para sistemas purificadores de agua, esta carcasa de filtro de cartucho de acero inoxidable ofrece un cuerpo fuerte y un ajuste de bloqueo seguro para un uso constante. Lvyuan e InversaFilterPurification apoyan un flujo m\u00e1s limpio, una filtraci\u00f3n fiable y un rendimiento diario pr\u00e1ctico.<\/p>","protected":false},"featured_media":4975,"comment_status":"open","ping_status":"closed","template":"","meta":{"_gspb_post_css":""},"product_brand":[],"product_cat":[15],"product_tag":[1913,1534,1186,1660,1136,1912],"class_list":{"0":"post-4974","1":"product","2":"type-product","3":"status-publish","4":"has-post-thumbnail","6":"product_cat-stainless-steel-filter-housing","7":"product_tag-cartridge-filter-system","8":"product_tag-inversafilterpurification","9":"product_tag-lvyuan-filter-housing","10":"product_tag-stainless-steel-cartridge-filter-housing","11":"product_tag-water-filter-locks","12":"product_tag-water-purifier-filter-housing","14":"first","15":"instock","16":"shipping-taxable","17":"product-type-simple"},"_links":{"self":[{"href":"https:\/\/lyfilter.com\/es\/wp-json\/wp\/v2\/product\/4974","targetHints":{"allow":["GET"]}}],"collection":[{"href":"https:\/\/lyfilter.com\/es\/wp-json\/wp\/v2\/product"}],"about":[{"href":"https:\/\/lyfilter.com\/es\/wp-json\/wp\/v2\/types\/product"}],"replies":[{"embeddable":true,"href":"https:\/\/lyfilter.com\/es\/wp-json\/wp\/v2\/comments?post=4974"}],"wp:featuredmedia":[{"embeddable":true,"href":"https:\/\/lyfilter.com\/es\/wp-json\/wp\/v2\/media\/4975"}],"wp:attachment":[{"href":"https:\/\/lyfilter.com\/es\/wp-json\/wp\/v2\/media?parent=4974"}],"wp:term":[{"taxonomy":"product_brand","embeddable":true,"href":"https:\/\/lyfilter.com\/es\/wp-json\/wp\/v2\/product_brand?post=4974"},{"taxonomy":"product_cat","embeddable":true,"href":"https:\/\/lyfilter.com\/es\/wp-json\/wp\/v2\/product_cat?post=4974"},{"taxonomy":"product_tag","embeddable":true,"href":"https:\/\/lyfilter.com\/es\/wp-json\/wp\/v2\/product_tag?post=4974"}],"curies":[{"name":"wp","href":"https:\/\/api.w.org\/{rel}","templated":true}]}}