{"id":4959,"date":"2026-04-07T06:54:26","date_gmt":"2026-04-07T06:54:26","guid":{"rendered":"https:\/\/lyfilter.com\/"},"modified":"2026-04-07T06:54:26","modified_gmt":"2026-04-07T06:54:26","slug":"0-22-um-micron-pleated-membrane-ptfe-air-vent-filter-for-ss-gas-steam-cartridge-housing-215-222-226","status":"publish","type":"product","link":"https:\/\/lyfilter.com\/es\/0-22-um-micron-pleated-membrane-ptfe-air-vent-filter-for-ss-gas-steam-cartridge-housing-215-222-226\/","title":{"rendered":"0.22 Um Micron Membrana Plisada Ptfe Filtro De Ventilaci\u00f3n De Aire Para SS Gas Vapor Cartucho Carcasa 215 222 226"},"content":{"rendered":"<table>\n<thead>\n<tr>\n<th>Puerto de inicio<\/th>\n<th>Capacidad de producci\u00f3n<\/th>\n<th>Lugar de origen<\/th>\n<th>Pago<\/th>\n<th>MOQ<\/th>\n<th>Plazo de entrega<\/th>\n<\/tr>\n<\/thead>\n<tbody>\n<tr>\n<td>Huangpu\/Nansha<\/td>\n<td>10000pcs\/mes<\/td>\n<td>Guangzhou<\/td>\n<td>T\/T, Western Union, Alibaba Trade Assurance, paypal<\/td>\n<td>1 unidad<\/td>\n<td>10-15 d\u00edas<\/td>\n<\/tr>\n<\/tbody>\n<\/table>","protected":false},"excerpt":{"rendered":"<p>Filtros de cartucho de membrana plisada de Guangzhou\u00a0<a href=\"https:\/\/lyfilter.com\/es\/\">Filtro Lvyuan<\/a>\u00a0ofrecen lo \u00faltimo en seguridad y pureza del producto para una filtraci\u00f3n absoluta con tama\u00f1os de poro de 0,05 a 100 micras (seg\u00fan el medio). Disponibles en membranas de polipropileno, PTFE, polietersulfona (PES), nailon 66 y PVDF, fibra de vidrio y poli\u00e9ster para una compatibilidad qu\u00edmica m\u00e1xima. Suministramos una amplia selecci\u00f3n de tama\u00f1os de micras y configuraciones de tapas finales para elegir. Lvyuan cartucho de filtro de membrana plisada son ampliamente utilizados para aplicaciones de alta pureza, pre-filtraci\u00f3n y filtraci\u00f3n final.<\/p>","protected":false},"featured_media":4961,"comment_status":"open","ping_status":"closed","template":"","meta":{"_gspb_post_css":""},"product_brand":[],"product_cat":[21],"product_tag":[1906,1909,1534,1907,1908,1136],"class_list":{"0":"post-4959","1":"product","2":"type-product","3":"status-publish","4":"has-post-thumbnail","6":"product_cat-pleated-filter-cartridge","7":"product_tag-0-22-um-ptfe-filter","8":"product_tag-215-222-226-cartridge-housing","9":"product_tag-inversafilterpurification","10":"product_tag-pleated-membrane-air-vent-filter","11":"product_tag-ss-gas-steam-cartridge-filter","12":"product_tag-water-filter-locks","14":"first","15":"instock","16":"shipping-taxable","17":"product-type-simple"},"_links":{"self":[{"href":"https:\/\/lyfilter.com\/es\/wp-json\/wp\/v2\/product\/4959","targetHints":{"allow":["GET"]}}],"collection":[{"href":"https:\/\/lyfilter.com\/es\/wp-json\/wp\/v2\/product"}],"about":[{"href":"https:\/\/lyfilter.com\/es\/wp-json\/wp\/v2\/types\/product"}],"replies":[{"embeddable":true,"href":"https:\/\/lyfilter.com\/es\/wp-json\/wp\/v2\/comments?post=4959"}],"wp:featuredmedia":[{"embeddable":true,"href":"https:\/\/lyfilter.com\/es\/wp-json\/wp\/v2\/media\/4961"}],"wp:attachment":[{"href":"https:\/\/lyfilter.com\/es\/wp-json\/wp\/v2\/media?parent=4959"}],"wp:term":[{"taxonomy":"product_brand","embeddable":true,"href":"https:\/\/lyfilter.com\/es\/wp-json\/wp\/v2\/product_brand?post=4959"},{"taxonomy":"product_cat","embeddable":true,"href":"https:\/\/lyfilter.com\/es\/wp-json\/wp\/v2\/product_cat?post=4959"},{"taxonomy":"product_tag","embeddable":true,"href":"https:\/\/lyfilter.com\/es\/wp-json\/wp\/v2\/product_tag?post=4959"}],"curies":[{"name":"wp","href":"https:\/\/api.w.org\/{rel}","templated":true}]}}