{"id":4942,"date":"2026-04-07T06:41:36","date_gmt":"2026-04-07T06:41:36","guid":{"rendered":"https:\/\/lyfilter.com\/"},"modified":"2026-04-07T06:41:37","modified_gmt":"2026-04-07T06:41:37","slug":"high-quality-sintered-plastic-porous-filter-series-for-biopharmaceutical","status":"publish","type":"product","link":"https:\/\/lyfilter.com\/es\/high-quality-sintered-plastic-porous-filter-series-for-biopharmaceutical\/","title":{"rendered":"Serie de filtros porosos de pl\u00e1stico sinterizado de alta calidad para biofarmacia"},"content":{"rendered":"<table>\n<thead>\n<tr>\n<th>Descripci\u00f3n del producto<\/th>\n<th>Las ventajas destacadas del filtro poroso de pl\u00e1stico sinterizado son las siguientes.<\/th>\n<\/tr>\n<\/thead>\n<tbody>\n<tr>\n<td>Condici\u00f3n<\/td>\n<td>Nuevo<\/td>\n<\/tr>\n<tr>\n<td>Industrias aplicables<\/td>\n<td>Hoteles, tiendas de ropa, tiendas de materiales de construcci\u00f3n, plantas de fabricaci\u00f3n, talleres de reparaci\u00f3n de maquinaria, f\u00e1bricas de alimentos y bebidas, granjas, restaurantes, uso dom\u00e9stico, comercio minorista, tiendas de alimentaci\u00f3n, imprentas, obras de construcci\u00f3n, energ\u00eda y miner\u00eda, tiendas de alimentos y bebidas, empresas de publicidad<\/td>\n<\/tr>\n<tr>\n<td>Servicio post garant\u00eda<\/td>\n<td>Asistencia en l\u00ednea<\/td>\n<\/tr>\n<tr>\n<td>Ubicaci\u00f3n del servicio local<\/td>\n<td>ninguno<\/td>\n<\/tr>\n<tr>\n<td>Ubicaci\u00f3n de la sala de exposiciones<\/td>\n<td>ninguno<\/td>\n<\/tr>\n<tr>\n<td>V\u00eddeo de la inspecci\u00f3n de salida<\/td>\n<td>Proporcionado<\/td>\n<\/tr>\n<tr>\n<td>Informe de ensayo de maquinaria<\/td>\n<td>Proporcionado<\/td>\n<\/tr>\n<tr>\n<td>Tipo de comercializaci\u00f3n<\/td>\n<td>Producto ordinario<\/td>\n<\/tr>\n<tr>\n<td>Garant\u00eda de los componentes principales<\/td>\n<td>1 a\u00f1o<\/td>\n<\/tr>\n<tr>\n<td>Componentes b\u00e1sicos<\/td>\n<td>Recipiente a presi\u00f3n<\/td>\n<\/tr>\n<tr>\n<td>Lugar de origen<\/td>\n<td>Guangdong, China<\/td>\n<\/tr>\n<tr>\n<td>Marca<\/td>\n<td>Lvyuan\/OEM<\/td>\n<\/tr>\n<tr>\n<td>Garant\u00eda<\/td>\n<td>1 a\u00f1o<\/td>\n<\/tr>\n<tr>\n<td>Servicio posventa<\/td>\n<td>Asistencia en l\u00ednea<\/td>\n<\/tr>\n<tr>\n<td>Nombre<\/td>\n<td>SUS304 316L 50 100 micras de acero inoxidable filtro sinterizado cilindro<\/td>\n<\/tr>\n<tr>\n<td>Material<\/td>\n<td>SS304\/316L<\/td>\n<\/tr>\n<tr>\n<td>Longitud<\/td>\n<td>10\/20\/30\/40\/60 pulgadas<\/td>\n<\/tr>\n<tr>\n<td>Micron<\/td>\n<td>1 - 300um<\/td>\n<\/tr>\n<tr>\n<td>Capas<\/td>\n<td>5 capas<\/td>\n<\/tr>\n<tr>\n<td>Formulario de interfaz<\/td>\n<td>Interfaz de rosca 222, 226, 215, M36, M24, M22, M20<\/td>\n<\/tr>\n<tr>\n<td>Resistencia al calor<\/td>\n<td>-200 - 500 grados<\/td>\n<\/tr>\n<tr>\n<td>Presi\u00f3n de trabajo<\/td>\n<td>0,1 - 30Mpa<\/td>\n<\/tr>\n<tr>\n<td>Talla<\/td>\n<td>Personalizado<\/td>\n<\/tr>\n<\/tbody>\n<\/table>","protected":false},"excerpt":{"rendered":"<p>Fabricada para la filtraci\u00f3n biofarmac\u00e9utica, esta serie de filtros porosos de pl\u00e1stico sinterizado ofrece un control de flujo constante y durabilidad. El dise\u00f1o de bloqueo favorece un ajuste estable, mientras que InversaFilterPurification ayuda a mantener un procesamiento m\u00e1s limpio.<\/p>","protected":false},"featured_media":4947,"comment_status":"open","ping_status":"closed","template":"","meta":{"_gspb_post_css":""},"product_brand":[],"product_cat":[24],"product_tag":[1900,1534,1901,1810,1899,1136],"class_list":{"0":"post-4942","1":"product","2":"type-product","3":"status-publish","4":"has-post-thumbnail","6":"product_cat-sintered-porous-plastic","7":"product_tag-biopharmaceutical-filter-series","8":"product_tag-inversafilterpurification","9":"product_tag-pharmaceutical-filtration-filter","10":"product_tag-porous-plastic-filter","11":"product_tag-sintered-plastic-porous-filter","12":"product_tag-water-filter-locks","14":"first","15":"instock","16":"shipping-taxable","17":"product-type-simple"},"_links":{"self":[{"href":"https:\/\/lyfilter.com\/es\/wp-json\/wp\/v2\/product\/4942","targetHints":{"allow":["GET"]}}],"collection":[{"href":"https:\/\/lyfilter.com\/es\/wp-json\/wp\/v2\/product"}],"about":[{"href":"https:\/\/lyfilter.com\/es\/wp-json\/wp\/v2\/types\/product"}],"replies":[{"embeddable":true,"href":"https:\/\/lyfilter.com\/es\/wp-json\/wp\/v2\/comments?post=4942"}],"wp:featuredmedia":[{"embeddable":true,"href":"https:\/\/lyfilter.com\/es\/wp-json\/wp\/v2\/media\/4947"}],"wp:attachment":[{"href":"https:\/\/lyfilter.com\/es\/wp-json\/wp\/v2\/media?parent=4942"}],"wp:term":[{"taxonomy":"product_brand","embeddable":true,"href":"https:\/\/lyfilter.com\/es\/wp-json\/wp\/v2\/product_brand?post=4942"},{"taxonomy":"product_cat","embeddable":true,"href":"https:\/\/lyfilter.com\/es\/wp-json\/wp\/v2\/product_cat?post=4942"},{"taxonomy":"product_tag","embeddable":true,"href":"https:\/\/lyfilter.com\/es\/wp-json\/wp\/v2\/product_tag?post=4942"}],"curies":[{"name":"wp","href":"https:\/\/api.w.org\/{rel}","templated":true}]}}