{"id":4939,"date":"2026-04-07T06:38:45","date_gmt":"2026-04-07T06:38:45","guid":{"rendered":"https:\/\/lyfilter.com\/"},"modified":"2026-04-07T06:38:45","modified_gmt":"2026-04-07T06:38:45","slug":"pp-plastic-filter-housing","status":"publish","type":"product","link":"https:\/\/lyfilter.com\/es\/pp-plastic-filter-housing\/","title":{"rendered":"Carcasa de filtro de pl\u00e1stico PP"},"content":{"rendered":"<table>\n<thead>\n<tr>\n<th>Puerto de inicio<\/th>\n<th>Guangzhou<\/th>\n<\/tr>\n<\/thead>\n<tbody>\n<tr>\n<td>Capacidad de producci\u00f3n<\/td>\n<td>10000 unidades\/Mes<\/td>\n<\/tr>\n<tr>\n<td>Lugar de origen<\/td>\n<td>Guangdong, China<\/td>\n<\/tr>\n<tr>\n<td>Pago<\/td>\n<td>T\/T, Alibaba Trade Assurance, paypal<\/td>\n<\/tr>\n<tr>\n<td>MOQ<\/td>\n<td>1 unidad<\/td>\n<\/tr>\n<tr>\n<td>Modelo<\/td>\n<td>LY-HFPL-7<\/td>\n<\/tr>\n<tr>\n<td>Plazo de entrega<\/td>\n<td>En un plazo de 7 d\u00edas laborables<\/td>\n<\/tr>\n<tr>\n<td>Certificaci\u00f3n<\/td>\n<td>ISO 9001<\/td>\n<\/tr>\n<tr>\n<td>Marca<\/td>\n<td>OEM\/Lvyuan<\/td>\n<\/tr>\n<\/tbody>\n<\/table>","protected":false},"excerpt":{"rendered":"<p>CARCASA DEL FILTRO DE MANGAS DE PP<\/p>\n<ol>\n<li>Adopta una tecnolog\u00eda de dise\u00f1o de filtro \u00fanica. Resistencia a \u00e1cidos y \u00e1lcalis, resistencia a la corrosi\u00f3n.<\/li>\n<li>El caudal de procesamiento por unidad de superficie de filtraci\u00f3n es mayor. La resistencia a la filtraci\u00f3n es menor y la eficacia de filtraci\u00f3n es alta.<\/li>\n<li>Ampliamente utilizado en: aguas residuales,qu\u00edmica<\/li>\n<li>industria de l\u00edquidos, farmac\u00e9utica, qu\u00edmica, electr\u00f3nica PCB, tratamiento de aguas residuales, galvanoplastia, etc.<\/li>\n<li>El tiempo de instalaci\u00f3n y sustituci\u00f3n es 2 veces menor que el del filtro de n\u00facleo tradicional, y la eficacia del trabajo aumenta en 80%<\/li>\n<\/ol>\n<ul>\n<li>Adopta una tecnolog\u00eda de dise\u00f1o de filtro \u00fanica. Resistencia a \u00e1cidos y \u00e1lcalis, resistencia a la corrosi\u00f3n.<\/li>\n<li>El caudal de procesamiento por unidad de superficie de filtraci\u00f3n es mayor. La resistencia a la filtraci\u00f3n es menor y la eficacia de filtraci\u00f3n es alta.<\/li>\n<li>Ampliamente utilizado en: aguas residuales,qu\u00edmica<\/li>\n<li>industria de l\u00edquidos, farmac\u00e9utica, qu\u00edmica, electr\u00f3nica PCB, tratamiento de aguas residuales, galvanoplastia, etc.<\/li>\n<li>El tiempo de instalaci\u00f3n y sustituci\u00f3n es 2 veces menor que el del filtro de n\u00facleo tradicional, y la eficacia del trabajo aumenta en 80%<\/li>\n<\/ul>","protected":false},"featured_media":4941,"comment_status":"open","ping_status":"closed","template":"","meta":{"_gspb_post_css":""},"product_brand":[],"product_cat":[15],"product_tag":[1898,1534,1897,1896,1136,1800],"class_list":{"0":"post-4939","1":"product","2":"type-product","3":"status-publish","4":"has-post-thumbnail","6":"product_cat-stainless-steel-filter-housing","7":"product_tag-filter-housing-for-purification","8":"product_tag-inversafilterpurification","9":"product_tag-plastic-filter-housing","10":"product_tag-pp-plastic-filter-housing","11":"product_tag-water-filter-locks","12":"product_tag-water-treatment-housing","14":"first","15":"instock","16":"shipping-taxable","17":"product-type-simple"},"_links":{"self":[{"href":"https:\/\/lyfilter.com\/es\/wp-json\/wp\/v2\/product\/4939","targetHints":{"allow":["GET"]}}],"collection":[{"href":"https:\/\/lyfilter.com\/es\/wp-json\/wp\/v2\/product"}],"about":[{"href":"https:\/\/lyfilter.com\/es\/wp-json\/wp\/v2\/types\/product"}],"replies":[{"embeddable":true,"href":"https:\/\/lyfilter.com\/es\/wp-json\/wp\/v2\/comments?post=4939"}],"wp:featuredmedia":[{"embeddable":true,"href":"https:\/\/lyfilter.com\/es\/wp-json\/wp\/v2\/media\/4941"}],"wp:attachment":[{"href":"https:\/\/lyfilter.com\/es\/wp-json\/wp\/v2\/media?parent=4939"}],"wp:term":[{"taxonomy":"product_brand","embeddable":true,"href":"https:\/\/lyfilter.com\/es\/wp-json\/wp\/v2\/product_brand?post=4939"},{"taxonomy":"product_cat","embeddable":true,"href":"https:\/\/lyfilter.com\/es\/wp-json\/wp\/v2\/product_cat?post=4939"},{"taxonomy":"product_tag","embeddable":true,"href":"https:\/\/lyfilter.com\/es\/wp-json\/wp\/v2\/product_tag?post=4939"}],"curies":[{"name":"wp","href":"https:\/\/api.w.org\/{rel}","templated":true}]}}