{"id":4915,"date":"2026-04-07T06:17:28","date_gmt":"2026-04-07T06:17:28","guid":{"rendered":"https:\/\/lyfilter.com\/"},"modified":"2026-04-07T06:17:29","modified_gmt":"2026-04-07T06:17:29","slug":"carbon-filter-10-20-30-40-inch-filter-water-sintered-carbon-filter-cartridge-for-water-purifier","status":"publish","type":"product","link":"https:\/\/lyfilter.com\/es\/carbon-filter-10-20-30-40-inch-filter-water-sintered-carbon-filter-cartridge-for-water-purifier\/","title":{"rendered":"Filtro de carb\u00f3n de 10 20 30 40 pulgadas de filtro de agua sinterizado cartucho de filtro de carb\u00f3n para purificador de agua"},"content":{"rendered":"<table>\n<thead>\n<tr>\n<th>Lugar de origen<\/th>\n<th>Guangdong, China<\/th>\n<th>Marca<\/th>\n<th>Lvyuan u OEM\/ ODM<\/th>\n<th>Material<\/th>\n<th>carb\u00f3n de coco, carb\u00f3n de coco, carb\u00f3n de hulla<\/th>\n<\/tr>\n<\/thead>\n<tbody>\n<tr>\n<td>Peso<\/td>\n<td>personalizado<\/td>\n<td>Talla<\/td>\n<td>a medida, personalizado<\/td>\n<td>Potencia<\/td>\n<td>0<\/td>\n<\/tr>\n<tr>\n<td>Garant\u00eda<\/td>\n<td>No disponible<\/td>\n<td>Servicio posventa<\/td>\n<td>Asistencia en l\u00ednea, Asistencia en l\u00ednea<\/td>\n<td>Caracter\u00edstica<\/td>\n<td>eliminar olores,sedimentos,olores,etc<\/td>\n<\/tr>\n<tr>\n<td>Aplicaci\u00f3n<\/td>\n<td>Prefiltraci\u00f3n<\/td>\n<td>Color<\/td>\n<td>Negro\/gris<\/td>\n<td>Tipo<\/td>\n<td>Piezas de filtros de agua<\/td>\n<\/tr>\n<tr>\n<td>Di\u00e1metro<\/td>\n<td>personalizado<\/td>\n<td>Palabras clave<\/td>\n<td>series de carb\u00f3n activado<\/td>\n<td>tasa de micras<\/td>\n<td>5\/10\/25 micras<\/td>\n<\/tr>\n<tr>\n<td>Capacidad de suministro<\/td>\n<td>5000 Piezas por semana<\/td>\n<td><\/td>\n<td><\/td>\n<td><\/td>\n<td><\/td>\n<\/tr>\n<\/tbody>\n<\/table>","protected":false},"excerpt":{"rendered":"<p>Hecho para la purificaci\u00f3n diaria, este cartucho de filtro de carb\u00f3n sinterizado se adapta a los purificadores de agua de 10, 20, 30 y 40 pulgadas con un flujo constante y un sabor m\u00e1s limpio. InversaFilterPurification trae filtraci\u00f3n fiable y f\u00e1cil sustituci\u00f3n en casa.<\/p>","protected":false},"featured_media":4920,"comment_status":"open","ping_status":"closed","template":"","meta":{"_gspb_post_css":""},"product_brand":[],"product_cat":[22],"product_tag":[1888,1889,709,1534,1837,1887],"class_list":{"0":"post-4915","1":"product","2":"type-product","3":"status-publish","4":"has-post-thumbnail","6":"product_cat-sintered-filter-cartridge","7":"product_tag-10-inch-carbon-filter","8":"product_tag-20-inch-carbon-filter","9":"product_tag-40-inch-water-filter","10":"product_tag-inversafilterpurification","11":"product_tag-sintered-carbon-filter-cartridge","12":"product_tag-water-purifier-carbon-filter","14":"first","15":"instock","16":"shipping-taxable","17":"product-type-simple"},"_links":{"self":[{"href":"https:\/\/lyfilter.com\/es\/wp-json\/wp\/v2\/product\/4915","targetHints":{"allow":["GET"]}}],"collection":[{"href":"https:\/\/lyfilter.com\/es\/wp-json\/wp\/v2\/product"}],"about":[{"href":"https:\/\/lyfilter.com\/es\/wp-json\/wp\/v2\/types\/product"}],"replies":[{"embeddable":true,"href":"https:\/\/lyfilter.com\/es\/wp-json\/wp\/v2\/comments?post=4915"}],"wp:featuredmedia":[{"embeddable":true,"href":"https:\/\/lyfilter.com\/es\/wp-json\/wp\/v2\/media\/4920"}],"wp:attachment":[{"href":"https:\/\/lyfilter.com\/es\/wp-json\/wp\/v2\/media?parent=4915"}],"wp:term":[{"taxonomy":"product_brand","embeddable":true,"href":"https:\/\/lyfilter.com\/es\/wp-json\/wp\/v2\/product_brand?post=4915"},{"taxonomy":"product_cat","embeddable":true,"href":"https:\/\/lyfilter.com\/es\/wp-json\/wp\/v2\/product_cat?post=4915"},{"taxonomy":"product_tag","embeddable":true,"href":"https:\/\/lyfilter.com\/es\/wp-json\/wp\/v2\/product_tag?post=4915"}],"curies":[{"name":"wp","href":"https:\/\/api.w.org\/{rel}","templated":true}]}}