{"id":4913,"date":"2026-04-07T06:11:56","date_gmt":"2026-04-07T06:11:56","guid":{"rendered":"https:\/\/lyfilter.com\/"},"modified":"2026-04-07T06:11:56","modified_gmt":"2026-04-07T06:11:56","slug":"factory-direct-stainless-bag-filter-with-good-price-for-industry","status":"publish","type":"product","link":"https:\/\/lyfilter.com\/es\/factory-direct-stainless-bag-filter-with-good-price-for-industry\/","title":{"rendered":"Filtro de bolso inoxidable directo de la f\u00e1brica con el buen precio para la industria"},"content":{"rendered":"<table>\n<thead>\n<tr>\n<th>Lugar de origen<\/th>\n<th>Guangdong, China<\/th>\n<th>Marca<\/th>\n<th>Lvyuan \/ OEM<\/th>\n<th>Garant\u00eda<\/th>\n<th>No disponible<\/th>\n<\/tr>\n<\/thead>\n<tbody>\n<tr>\n<td>Servicio posventa<\/td>\n<td>Asistencia en l\u00ednea<\/td>\n<td>Nombre del producto<\/td>\n<td>bolsa filtrante de malla<\/td>\n<td>material de la carcasa<\/td>\n<td>ss304, sus 316, ss316L<\/td>\n<\/tr>\n<tr>\n<td>filtros de bolsa cantidad<\/td>\n<td>Bolsas individuales o m\u00faltiples personalizadas<\/td>\n<td>Tama\u00f1o de la bolsa<\/td>\n<td>180<em>450 mm o 180<\/em>810 mm, otros<\/td>\n<td>Tipo de entrada y salida<\/td>\n<td>Conexi\u00f3n brida\/rosca<\/td>\n<\/tr>\n<tr>\n<td>Bolsa filtrante Material<\/td>\n<td>PP, PE, a medida<\/td>\n<td>Presi\u00f3n m\u00e1x. de trabajo<\/td>\n<td>100\/150\/300 Psi<\/td>\n<td>Utilizaci\u00f3n<\/td>\n<td>filtraci\u00f3n de l\u00edquidos<\/td>\n<\/tr>\n<tr>\n<td>N\u00famero de bolsa<\/td>\n<td>#1, 2, 3, 4, 5, OEM<\/td>\n<td>vivienda clousure by<\/td>\n<td>perno r\u00e1pido, abrazadera, brida<\/td>\n<td>Capacidad de suministro<\/td>\n<td>1500 Piezas \/ Mes bolsa de malla de filtro<\/td>\n<\/tr>\n<\/tbody>\n<\/table>","protected":false},"excerpt":{"rendered":"<p><b>Ventajas de la empresa<\/b><br \/>\n<b>1.<\/b>\u00a0La prueba de\u00a0<a href=\"https:\/\/lyfilter.com\/es\/\">Filtro Lvyuan<\/a>\u00a0incluye varios aspectos. Se medir\u00e1n seriamente aspectos como las piezas en bruto, los componentes y las materias primas. Ofrece una filtraci\u00f3n excelente y una buena estabilidad t\u00e9rmica<br \/>\n<b>2.<\/b>\u00a0Al eliminar el error humano del proceso de producci\u00f3n, el producto ayuda a eliminar residuos innecesarios. Esto contribuir\u00e1 directamente a ahorrar costes de producci\u00f3n. Todos sus elementos est\u00e1n fabricados con material conforme a la FDA para el contacto con alimentos y bebidas<br \/>\n<b>3.<\/b>\u00a0El producto promete alta calidad y larga vida \u00fatil. Est\u00e1 dise\u00f1ado con poros graduados para ayudar a atrapar los contaminantes en toda la secci\u00f3n transversal para mejorar la eficiencia<\/p>\n<div class=\"pro_aliData\">\n<div class=\"detail-box\">\n<div class=\"scc-wrapper detail-module module-cspu\" data-module=\"cspu\"><\/div>\n<div class=\"scc-wrapper detail-module module-productPackagingAndQuickDetail\" data-spm=\"prilinga1e\">\n<div class=\"widget-detail-overview\">\n<div class=\"do-title\">Visi\u00f3n general<\/div>\n<div id=\"car-parts-model\"><\/div>\n<div class=\"do-content\">\n<div class=\"do-overview\">\n<div class=\"do-entry do-entry-separate\">\n<div class=\"do-entry-title\">Detalles r\u00e1pidos<\/div>\n<div class=\"do-entry-list\">\n<dl id=\"224439040\" class=\"do-entry-item\">\n<dt class=\"do-entry-item\"><span class=\"attr-name J-attr-name\" title=\"Industrias aplicables\">Industrias aplicables:<\/span><\/dt>\n<dd class=\"do-entry-item-val\">\n<div class=\"ellipsis\" title=\"Hoteles, tiendas de ropa, tiendas de materiales de construcci\u00f3n, plantas de fabricaci\u00f3n, talleres de reparaci\u00f3n de maquinaria, f\u00e1bricas de alimentos y bebidas, granjas, restaurantes, uso dom\u00e9stico, comercio minorista, tiendas de alimentaci\u00f3n, imprentas, obras de construcci\u00f3n, energ\u00eda y miner\u00eda, tiendas de alimentos y bebidas, empresas de publicidad.\">Hoteles, tiendas de ropa, tiendas de materiales de construcci\u00f3n, plantas de fabricaci\u00f3n, talleres de reparaci\u00f3n de maquinaria, f\u00e1bricas de alimentos y bebidas, granjas, restaurantes, uso dom\u00e9stico, comercio minorista, tiendas de alimentaci\u00f3n, imprentas, obras de construcci\u00f3n, energ\u00eda y miner\u00eda, tiendas de alimentos y bebidas, empresas de publicidad.<\/div>\n<\/dd>\n<\/dl>\n<\/div>\n<\/div>\n<\/div>\n<\/div>\n<\/div>\n<\/div>\n<\/div>\n<\/div>","protected":false},"featured_media":4914,"comment_status":"open","ping_status":"closed","template":"","meta":{"_gspb_post_css":""},"product_brand":[],"product_cat":[1054],"product_tag":[1426,1534,1886,1885,1320,1136],"class_list":{"0":"post-4913","1":"product","2":"type-product","3":"status-publish","4":"has-post-thumbnail","6":"product_cat-filter-bag","7":"product_tag-industrial-bag-filter","8":"product_tag-inversafilterpurification","9":"product_tag-liquid-filtration-filter","10":"product_tag-stainless-bag-filter","11":"product_tag-stainless-steel-bag-filter","12":"product_tag-water-filter-locks","14":"first","15":"instock","16":"shipping-taxable","17":"product-type-simple"},"_links":{"self":[{"href":"https:\/\/lyfilter.com\/es\/wp-json\/wp\/v2\/product\/4913","targetHints":{"allow":["GET"]}}],"collection":[{"href":"https:\/\/lyfilter.com\/es\/wp-json\/wp\/v2\/product"}],"about":[{"href":"https:\/\/lyfilter.com\/es\/wp-json\/wp\/v2\/types\/product"}],"replies":[{"embeddable":true,"href":"https:\/\/lyfilter.com\/es\/wp-json\/wp\/v2\/comments?post=4913"}],"wp:featuredmedia":[{"embeddable":true,"href":"https:\/\/lyfilter.com\/es\/wp-json\/wp\/v2\/media\/4914"}],"wp:attachment":[{"href":"https:\/\/lyfilter.com\/es\/wp-json\/wp\/v2\/media?parent=4913"}],"wp:term":[{"taxonomy":"product_brand","embeddable":true,"href":"https:\/\/lyfilter.com\/es\/wp-json\/wp\/v2\/product_brand?post=4913"},{"taxonomy":"product_cat","embeddable":true,"href":"https:\/\/lyfilter.com\/es\/wp-json\/wp\/v2\/product_cat?post=4913"},{"taxonomy":"product_tag","embeddable":true,"href":"https:\/\/lyfilter.com\/es\/wp-json\/wp\/v2\/product_tag?post=4913"}],"curies":[{"name":"wp","href":"https:\/\/api.w.org\/{rel}","templated":true}]}}